{"id":42997,"date":"2024-02-14T04:17:25","date_gmt":"2024-02-14T03:17:25","guid":{"rendered":"https:\/\/truusk.store\/product\/utomhussangsang-av-pe-rotting-med-kapell-inklusive-kuddar-vaderbestandig-235-cm-x-180-cm-x-210-cm-gra\/"},"modified":"2026-03-12T09:18:34","modified_gmt":"2026-03-12T08:18:34","slug":"truusk-utomhussang-av-pe-rotting-kapell-inkluderat-vaderbestandig-kuddar-235-cm-x-180-cm-x-210-cm-gra","status":"publish","type":"product","link":"https:\/\/truusk.store\/sv\/produkt\/truusk-utomhussang-av-pe-rotting-kapell-inkluderat-vaderbestandig-kuddar-235-cm-x-180-cm-x-210-cm-gra\/","title":{"rendered":"TRUUSK Utomhuss\u00e4ng av PE-rotting &#8211; Kapell inkluderat &#8211; V\u00e4derbest\u00e4ndig &#8211; Kuddar &#8211; 235 cm x 180 cm x 210 cm &#8211; Gr\u00e5"},"content":{"rendered":"<p>Koppla av med stil med detta loungeset. P\u00e5 denna utomhusgungb\u00e4dd kan du njuta av sommaren skyddad under kapellet. Staket och sidov\u00e4ggarna skyddar dig fr\u00e5n vind, regn och o\u00f6nskade blickar. Vid behov kan du dra tillbaka gardinerna och f\u00e4sta dem p\u00e5 ramen. Din familj kommer att \u00e4lska den avskilda loungen. Njut av en paus i det fria med detta loungeset.<\/p>\n<h3>Beskrivning:<\/h3>\n<ul>\n<li>3 i 1 design utomhus gungb\u00e4dd, kan anv\u00e4ndas som gungstol, dagb\u00e4dd eller lusthus<\/li>\n<li>Bekv\u00e4m att sitta, koppla av eller sova f\u00f6r tv\u00e5 personer<\/li>\n<li>Den \u00f6vre baldakinen och sidogardinerna f\u00e4sts enkelt p\u00e5 ramen, vilket ger skugga och avskildhet<\/li>\n<li>Stabil bas med halkfria golvmattor f\u00f6r ett stabilt stativ<\/li>\n<li>Montering kr\u00e4vs<\/li>\n<\/ul>\n<h3>Teknisk data:<\/h3>\n<ul>\n<li>F\u00e4rg: M\u00f6rkgr\u00e5<\/li>\n<li>Material: st\u00e5l, PE-rotting, meshtyg (30% PVC, 70% polyester), polyestertyg<\/li>\n<li>Pergola Gazebo Produktdata: 235L x 180W x 210Hcm<\/li>\n<li>Pergola Sule to Sule Storlek: 223L x 167Bcm<\/li>\n<li>Tv\u00e4rbalk till golvh\u00f6jd: 196cm<\/li>\n<li>Produktdata sving: 198W x 145D x 43Hcm<\/li>\n<li>Sits produktspecifikationer: 170W x 130Tcm<\/li>\n<li>Sitth\u00f6jd (utan dyna): 54cm<\/li>\n<li>Viktkapacitet: 250 kg.<\/li>\n<\/ul>\n<h3>Leveransens omfattning:<\/h3>\n<ul>\n<li>1 x Pergola Gazebo med gungb\u00e4dd<\/li>\n<li>1 x Sittdyna<\/li>\n<li>2 x kuddar<\/li>\n<li>1 x Instruktioner VIKTIGT: Vi levererar varan till trottoarkanten utan kostnad. Se till att du anger r\u00e4tt adress och telefonnummer.<\/li>\n<\/ul>\n","protected":false},"excerpt":{"rendered":"<p>Koppla av med stil med detta loungeset. P\u00e5 denna utomhusgungb\u00e4dd kan du njuta av sommaren skyddad under kapellet. Staket och&#8230;<\/p>\n","protected":false},"featured_media":42998,"template":"","meta":[],"product_brand":[],"product_cat":[453,435,450],"product_tag":[],"class_list":{"0":"post-42997","1":"product","2":"type-product","3":"status-publish","4":"has-post-thumbnail","6":"product_cat-hollywood-gungor","7":"product_cat-tradgard-och-terrass","8":"product_cat-tradgardsmobler","10":"first","11":"instock","12":"sale","13":"taxable","14":"shipping-taxable","15":"purchasable","16":"product-type-simple"},"yoast_head":"<!-- This site is optimized with the Yoast SEO plugin v25.4 - https:\/\/yoast.com\/wordpress\/plugins\/seo\/ -->\n<title>TRUUSK Utomhuss\u00e4ng av PE-rotting - Kapell inkluderat - V\u00e4derbest\u00e4ndig - Kuddar - 235 cm x 180 cm x 210 cm - Gr\u00e5 - TRUUSK - Hem, Tr\u00e4dg\u00e5rd &amp; Fritid<\/title>\n<meta name=\"robots\" content=\"index, follow, max-snippet:-1, max-image-preview:large, max-video-preview:-1\" \/>\n<link rel=\"canonical\" href=\"https:\/\/truusk.store\/sv\/produkt\/truusk-utomhussang-av-pe-rotting-kapell-inkluderat-vaderbestandig-kuddar-235-cm-x-180-cm-x-210-cm-gra\/\" \/>\n<meta property=\"og:locale\" content=\"sv_SE\" \/>\n<meta property=\"og:type\" content=\"article\" \/>\n<meta property=\"og:title\" content=\"TRUUSK Utomhuss\u00e4ng av PE-rotting - Kapell inkluderat - V\u00e4derbest\u00e4ndig - Kuddar - 235 cm x 180 cm x 210 cm - Gr\u00e5 - TRUUSK - Hem, Tr\u00e4dg\u00e5rd &amp; Fritid\" \/>\n<meta property=\"og:description\" content=\"Koppla av med stil med detta loungeset. P\u00e5 denna utomhusgungb\u00e4dd kan du njuta av sommaren skyddad under kapellet. Staket och...\" \/>\n<meta property=\"og:url\" content=\"https:\/\/truusk.store\/sv\/produkt\/truusk-utomhussang-av-pe-rotting-kapell-inkluderat-vaderbestandig-kuddar-235-cm-x-180-cm-x-210-cm-gra\/\" \/>\n<meta property=\"og:site_name\" content=\"TRUUSK - Hem, Tr\u00e4dg\u00e5rd &amp; Fritid\" \/>\n<meta property=\"article:modified_time\" content=\"2026-03-12T08:18:34+00:00\" \/>\n<meta property=\"og:image\" content=\"https:\/\/i0.wp.com\/truusk.se\/wp-content\/uploads\/2024\/02\/utomhussangsang-av-pe-rotting-med-kapell-inklusive-kuddar-vaderbestandig-235-cm-x-180-cm-x-210-cm-gra.webp?fit=800%2C800&ssl=1\" \/>\n\t<meta property=\"og:image:width\" content=\"800\" \/>\n\t<meta property=\"og:image:height\" content=\"800\" \/>\n\t<meta property=\"og:image:type\" content=\"image\/webp\" \/>\n<meta name=\"twitter:card\" content=\"summary_large_image\" \/>\n<meta name=\"twitter:label1\" content=\"Ber\u00e4knad l\u00e4stid\" \/>\n\t<meta name=\"twitter:data1\" content=\"1 minut\" \/>\n<!-- \/ Yoast SEO plugin. -->","yoast_head_json":{"title":"TRUUSK Utomhuss\u00e4ng av PE-rotting - Kapell inkluderat - V\u00e4derbest\u00e4ndig - Kuddar - 235 cm x 180 cm x 210 cm - Gr\u00e5 - TRUUSK - Hem, Tr\u00e4dg\u00e5rd &amp; Fritid","robots":{"index":"index","follow":"follow","max-snippet":"max-snippet:-1","max-image-preview":"max-image-preview:large","max-video-preview":"max-video-preview:-1"},"canonical":"https:\/\/truusk.store\/sv\/produkt\/truusk-utomhussang-av-pe-rotting-kapell-inkluderat-vaderbestandig-kuddar-235-cm-x-180-cm-x-210-cm-gra\/","og_locale":"sv_SE","og_type":"article","og_title":"TRUUSK Utomhuss\u00e4ng av PE-rotting - Kapell inkluderat - V\u00e4derbest\u00e4ndig - Kuddar - 235 cm x 180 cm x 210 cm - Gr\u00e5 - TRUUSK - Hem, Tr\u00e4dg\u00e5rd &amp; Fritid","og_description":"Koppla av med stil med detta loungeset. P\u00e5 denna utomhusgungb\u00e4dd kan du njuta av sommaren skyddad under kapellet. Staket och...","og_url":"https:\/\/truusk.store\/sv\/produkt\/truusk-utomhussang-av-pe-rotting-kapell-inkluderat-vaderbestandig-kuddar-235-cm-x-180-cm-x-210-cm-gra\/","og_site_name":"TRUUSK - Hem, Tr\u00e4dg\u00e5rd &amp; Fritid","article_modified_time":"2026-03-12T08:18:34+00:00","og_image":[{"width":800,"height":800,"url":"https:\/\/i0.wp.com\/truusk.se\/wp-content\/uploads\/2024\/02\/utomhussangsang-av-pe-rotting-med-kapell-inklusive-kuddar-vaderbestandig-235-cm-x-180-cm-x-210-cm-gra.webp?fit=800%2C800&ssl=1","type":"image\/webp"}],"twitter_card":"summary_large_image","twitter_misc":{"Ber\u00e4knad l\u00e4stid":"1 minut"},"schema":{"@context":"https:\/\/schema.org","@graph":[{"@type":"WebPage","@id":"https:\/\/truusk.store\/sv\/produkt\/truusk-utomhussang-av-pe-rotting-kapell-inkluderat-vaderbestandig-kuddar-235-cm-x-180-cm-x-210-cm-gra\/","url":"https:\/\/truusk.store\/sv\/produkt\/truusk-utomhussang-av-pe-rotting-kapell-inkluderat-vaderbestandig-kuddar-235-cm-x-180-cm-x-210-cm-gra\/","name":"TRUUSK Utomhuss\u00e4ng av PE-rotting - Kapell inkluderat - V\u00e4derbest\u00e4ndig - Kuddar - 235 cm x 180 cm x 210 cm - Gr\u00e5 - TRUUSK - Hem, Tr\u00e4dg\u00e5rd &amp; Fritid","isPartOf":{"@id":"https:\/\/truusk.store\/sv\/#website"},"primaryImageOfPage":{"@id":"https:\/\/truusk.store\/sv\/produkt\/truusk-utomhussang-av-pe-rotting-kapell-inkluderat-vaderbestandig-kuddar-235-cm-x-180-cm-x-210-cm-gra\/#primaryimage"},"image":{"@id":"https:\/\/truusk.store\/sv\/produkt\/truusk-utomhussang-av-pe-rotting-kapell-inkluderat-vaderbestandig-kuddar-235-cm-x-180-cm-x-210-cm-gra\/#primaryimage"},"thumbnailUrl":"https:\/\/i0.wp.com\/truusk.store\/wp-content\/uploads\/2024\/02\/utomhussangsang-av-pe-rotting-med-kapell-inklusive-kuddar-vaderbestandig-235-cm-x-180-cm-x-210-cm-gra.webp?fit=800%2C800&ssl=1","datePublished":"2024-02-14T03:17:25+00:00","dateModified":"2026-03-12T08:18:34+00:00","breadcrumb":{"@id":"https:\/\/truusk.store\/sv\/produkt\/truusk-utomhussang-av-pe-rotting-kapell-inkluderat-vaderbestandig-kuddar-235-cm-x-180-cm-x-210-cm-gra\/#breadcrumb"},"inLanguage":"sv-SE","potentialAction":[{"@type":"ReadAction","target":["https:\/\/truusk.store\/sv\/produkt\/truusk-utomhussang-av-pe-rotting-kapell-inkluderat-vaderbestandig-kuddar-235-cm-x-180-cm-x-210-cm-gra\/"]}]},{"@type":"ImageObject","inLanguage":"sv-SE","@id":"https:\/\/truusk.store\/sv\/produkt\/truusk-utomhussang-av-pe-rotting-kapell-inkluderat-vaderbestandig-kuddar-235-cm-x-180-cm-x-210-cm-gra\/#primaryimage","url":"https:\/\/i0.wp.com\/truusk.store\/wp-content\/uploads\/2024\/02\/utomhussangsang-av-pe-rotting-med-kapell-inklusive-kuddar-vaderbestandig-235-cm-x-180-cm-x-210-cm-gra.webp?fit=800%2C800&ssl=1","contentUrl":"https:\/\/i0.wp.com\/truusk.store\/wp-content\/uploads\/2024\/02\/utomhussangsang-av-pe-rotting-med-kapell-inklusive-kuddar-vaderbestandig-235-cm-x-180-cm-x-210-cm-gra.webp?fit=800%2C800&ssl=1","width":800,"height":800,"caption":"Utomhuss\u00e4ngs\u00e4ng Av PE-rotting Med Kapell, Inklusive Kuddar, V\u00e4derbest\u00e4ndig, 235 Cm X 180 Cm X 210 Cm, Gr\u00e5 1"},{"@type":"BreadcrumbList","@id":"https:\/\/truusk.store\/sv\/produkt\/truusk-utomhussang-av-pe-rotting-kapell-inkluderat-vaderbestandig-kuddar-235-cm-x-180-cm-x-210-cm-gra\/#breadcrumb","itemListElement":[{"@type":"ListItem","position":1,"name":"Home","item":"https:\/\/truusk.store\/sv\/"},{"@type":"ListItem","position":2,"name":"Shop","item":"https:\/\/truusk.store\/shop\/"},{"@type":"ListItem","position":3,"name":"TRUUSK Utomhuss\u00e4ng av PE-rotting &#8211; Kapell inkluderat &#8211; V\u00e4derbest\u00e4ndig &#8211; Kuddar &#8211; 235 cm x 180 cm x 210 cm &#8211; Gr\u00e5"}]},{"@type":"WebSite","@id":"https:\/\/truusk.store\/sv\/#website","url":"https:\/\/truusk.store\/sv\/","name":"TRUUSK - Hem, Tr\u00e4dg\u00e5rd & Fritid","description":"","publisher":{"@id":"https:\/\/truusk.store\/sv\/#organization"},"potentialAction":[{"@type":"SearchAction","target":{"@type":"EntryPoint","urlTemplate":"https:\/\/truusk.store\/sv\/?s={search_term_string}"},"query-input":{"@type":"PropertyValueSpecification","valueRequired":true,"valueName":"search_term_string"}}],"inLanguage":"sv-SE"},{"@type":"Organization","@id":"https:\/\/truusk.store\/sv\/#organization","name":"TRUUSK - Hem, Tr\u00e4dg\u00e5rd & Fritid","url":"https:\/\/truusk.store\/sv\/","logo":{"@type":"ImageObject","inLanguage":"sv-SE","@id":"https:\/\/truusk.store\/sv\/#\/schema\/logo\/image\/","url":"https:\/\/i0.wp.com\/truusk.store\/wp-content\/uploads\/2026\/03\/cropped-TRUUSK.png?fit=2032%2C917&ssl=1","contentUrl":"https:\/\/i0.wp.com\/truusk.store\/wp-content\/uploads\/2026\/03\/cropped-TRUUSK.png?fit=2032%2C917&ssl=1","width":2032,"height":917,"caption":"TRUUSK - Hem, Tr\u00e4dg\u00e5rd & Fritid"},"image":{"@id":"https:\/\/truusk.store\/sv\/#\/schema\/logo\/image\/"}}]}},"jetpack_sharing_enabled":true,"_links":{"self":[{"href":"https:\/\/truusk.store\/sv\/wp-json\/wp\/v2\/product\/42997","targetHints":{"allow":["GET"]}}],"collection":[{"href":"https:\/\/truusk.store\/sv\/wp-json\/wp\/v2\/product"}],"about":[{"href":"https:\/\/truusk.store\/sv\/wp-json\/wp\/v2\/types\/product"}],"wp:featuredmedia":[{"embeddable":true,"href":"https:\/\/truusk.store\/sv\/wp-json\/wp\/v2\/media\/42998"}],"wp:attachment":[{"href":"https:\/\/truusk.store\/sv\/wp-json\/wp\/v2\/media?parent=42997"}],"wp:term":[{"taxonomy":"product_brand","embeddable":true,"href":"https:\/\/truusk.store\/sv\/wp-json\/wp\/v2\/product_brand?post=42997"},{"taxonomy":"product_cat","embeddable":true,"href":"https:\/\/truusk.store\/sv\/wp-json\/wp\/v2\/product_cat?post=42997"},{"taxonomy":"product_tag","embeddable":true,"href":"https:\/\/truusk.store\/sv\/wp-json\/wp\/v2\/product_tag?post=42997"}],"curies":[{"name":"wp","href":"https:\/\/api.w.org\/{rel}","templated":true}]}}