{"id":43018,"date":"2024-02-14T04:18:09","date_gmt":"2024-02-14T03:18:09","guid":{"rendered":"https:\/\/truusk.store\/product\/fallbar-hundvagn-solskydd-mesh-fonster-forvaringskorg-bla-111-x-58-x-107-cm\/"},"modified":"2026-03-12T09:18:35","modified_gmt":"2026-03-12T08:18:35","slug":"truusk-fallbar-hundvagn-solskydd-mesh-fonster-forvaringskorg-bla-111-x-58-x-107-cm","status":"publish","type":"product","link":"https:\/\/truusk.store\/sv\/produkt\/truusk-fallbar-hundvagn-solskydd-mesh-fonster-forvaringskorg-bla-111-x-58-x-107-cm\/","title":{"rendered":"TRUUSK F\u00e4llbar Hundvagn &#8211; Solskydd &#8211; Mesh F\u00f6nster &#8211; F\u00f6rvaringskorg &#8211; Bl\u00e5 &#8211; 111 x 58 x 107 cm"},"content":{"rendered":"<p>Upplev en trevlig promenad med din fyrbenta v\u00e4n &#8211; \u00e4ven om din hund har begr\u00e4nsad r\u00f6rlighet, f\u00f6r med hundvagnen beh\u00f6ver din lilla inte avst\u00e5 fr\u00e5n komfort, s\u00e4kerhet och k\u00f6rkul. Kattvagnen erbjuder en mjuk och rymlig interi\u00f6r med n\u00e4tf\u00f6nster f\u00f6r en frisk bris. Den justerbara huvan skyddar mot solen och kan st\u00e4ngas vid behov. Vagnen kan \u00e4ven enkelt f\u00e4llas ihop n\u00e4r den inte anv\u00e4nds och f\u00f6rvaras f\u00f6r att spara utrymme.<\/p>\n<h3>Beskrivning:<\/h3>\n<ul>\n<li>3 stora, terr\u00e4ngg\u00e5ende gummihjul och ett l\u00e5sbart framhjul, l\u00e4mpligt f\u00f6r jogging<\/li>\n<li>Ett justerbart soltak p\u00e5 hundvagnen erbjuder en t\u00e4ckt viloplats<\/li>\n<li>En mjuk liggmatta av kattvagnen f\u00f6r mer komfort, mattan \u00e4r avtagbar och tv\u00e4ttbar<\/li>\n<li>S\u00e4kerhetsb\u00e4lten, reflexband och fotbromsar p\u00e5 hundvagnen f\u00f6r \u00f6kad s\u00e4kerhet<\/li>\n<li>Vikbar med ett klick<\/li>\n<li>Med f\u00f6rvaringsutrymme och f\u00f6rvaringskorg<\/li>\n<li>L\u00e4mplig f\u00f6r sm\u00e5 och medelstora hundar upp till 43 cm l\u00e5nga och v\u00e4ger upp till 20 kg<\/li>\n<li>Montering kr\u00e4vs<\/li>\n<\/ul>\n<h3>Teknisk data:<\/h3>\n<ul>\n<li>F\u00e4rg: Svart+Bl\u00e5<\/li>\n<li>Material: st\u00e5l, Oxford-tyg (100 % polyester)<\/li>\n<li>\u00d6vergripande m\u00e5tt: 111L x 58W x 107H cm<\/li>\n<li>Hyttm\u00e5tt: 67,5L x 35W x 57\/25H cm (med\/utan kapell). Markfrig\u00e5ng: 46 cm<\/li>\n<li>Ytterd\u00f6rrens m\u00e5tt: 27W x 20H cm<\/li>\n<li>F\u00f6rvaringsutrymmesm\u00e5tt: 16,5W x 15H cm<\/li>\n<li>Vikstorlek: 110L x 58W x 57cm. 103L x 40W x 35,5H cm (utan bakhjul)<\/li>\n<li>F\u00f6rvaringskorgens m\u00e5tt: 50L x 30W x 20H cm<\/li>\n<li>S\u00e4kerhetslinans l\u00e4ngd: 28-53,5 cm<\/li>\n<li>Platt matta: 65L x 33,5W cm<\/li>\n<li>Radma: 30 x 4,5W cm (fram). 40 x 4,5 W cm (bak)<\/li>\n<\/ul>\n<h3>Leveransens omfattning:<\/h3>\n<ul>\n<li>1 x hundvagn<\/li>\n<li>1 x Instruktioner<\/li>\n<\/ul>\n","protected":false},"excerpt":{"rendered":"<p>Upplev en trevlig promenad med din fyrbenta v\u00e4n &#8211; \u00e4ven om din hund har begr\u00e4nsad r\u00f6rlighet, f\u00f6r med hundvagnen beh\u00f6ver&#8230;<\/p>\n","protected":false},"featured_media":43019,"template":"","meta":[],"product_brand":[],"product_cat":[574,579,573],"product_tag":[],"class_list":{"0":"post-43018","1":"product","2":"type-product","3":"status-publish","4":"has-post-thumbnail","6":"product_cat-hundtillbehor","7":"product_cat-hundvagn","8":"product_cat-husdjursmaterial","10":"first","11":"instock","12":"sale","13":"taxable","14":"shipping-taxable","15":"purchasable","16":"product-type-simple"},"yoast_head":"<!-- This site is optimized with the Yoast SEO plugin v25.4 - https:\/\/yoast.com\/wordpress\/plugins\/seo\/ -->\n<title>TRUUSK F\u00e4llbar Hundvagn - Solskydd - Mesh F\u00f6nster - F\u00f6rvaringskorg - Bl\u00e5 - 111 x 58 x 107 cm - TRUUSK - Hem, Tr\u00e4dg\u00e5rd &amp; Fritid<\/title>\n<meta name=\"robots\" content=\"index, follow, max-snippet:-1, max-image-preview:large, max-video-preview:-1\" \/>\n<link rel=\"canonical\" href=\"https:\/\/truusk.store\/sv\/produkt\/truusk-fallbar-hundvagn-solskydd-mesh-fonster-forvaringskorg-bla-111-x-58-x-107-cm\/\" \/>\n<meta property=\"og:locale\" content=\"sv_SE\" \/>\n<meta property=\"og:type\" content=\"article\" \/>\n<meta property=\"og:title\" content=\"TRUUSK F\u00e4llbar Hundvagn - Solskydd - Mesh F\u00f6nster - F\u00f6rvaringskorg - Bl\u00e5 - 111 x 58 x 107 cm - TRUUSK - Hem, Tr\u00e4dg\u00e5rd &amp; Fritid\" \/>\n<meta property=\"og:description\" content=\"Upplev en trevlig promenad med din fyrbenta v\u00e4n &#8211; \u00e4ven om din hund har begr\u00e4nsad r\u00f6rlighet, f\u00f6r med hundvagnen beh\u00f6ver...\" \/>\n<meta property=\"og:url\" content=\"https:\/\/truusk.store\/sv\/produkt\/truusk-fallbar-hundvagn-solskydd-mesh-fonster-forvaringskorg-bla-111-x-58-x-107-cm\/\" \/>\n<meta property=\"og:site_name\" content=\"TRUUSK - Hem, Tr\u00e4dg\u00e5rd &amp; Fritid\" \/>\n<meta property=\"article:modified_time\" content=\"2026-03-12T08:18:35+00:00\" \/>\n<meta property=\"og:image\" content=\"https:\/\/i0.wp.com\/truusk.se\/wp-content\/uploads\/2024\/02\/fallbar-hundvagn-solskydd-mesh-fonster-forvaringskorg-bla-111-x-58-x-107-cm.webp?fit=800%2C800&ssl=1\" \/>\n\t<meta property=\"og:image:width\" content=\"800\" \/>\n\t<meta property=\"og:image:height\" content=\"800\" \/>\n\t<meta property=\"og:image:type\" content=\"image\/webp\" \/>\n<meta name=\"twitter:card\" content=\"summary_large_image\" \/>\n<meta name=\"twitter:label1\" content=\"Ber\u00e4knad l\u00e4stid\" \/>\n\t<meta name=\"twitter:data1\" content=\"1 minut\" \/>\n<!-- \/ Yoast SEO plugin. -->","yoast_head_json":{"title":"TRUUSK F\u00e4llbar Hundvagn - Solskydd - Mesh F\u00f6nster - F\u00f6rvaringskorg - Bl\u00e5 - 111 x 58 x 107 cm - TRUUSK - Hem, Tr\u00e4dg\u00e5rd &amp; Fritid","robots":{"index":"index","follow":"follow","max-snippet":"max-snippet:-1","max-image-preview":"max-image-preview:large","max-video-preview":"max-video-preview:-1"},"canonical":"https:\/\/truusk.store\/sv\/produkt\/truusk-fallbar-hundvagn-solskydd-mesh-fonster-forvaringskorg-bla-111-x-58-x-107-cm\/","og_locale":"sv_SE","og_type":"article","og_title":"TRUUSK F\u00e4llbar Hundvagn - Solskydd - Mesh F\u00f6nster - F\u00f6rvaringskorg - Bl\u00e5 - 111 x 58 x 107 cm - TRUUSK - Hem, Tr\u00e4dg\u00e5rd &amp; Fritid","og_description":"Upplev en trevlig promenad med din fyrbenta v\u00e4n &#8211; \u00e4ven om din hund har begr\u00e4nsad r\u00f6rlighet, f\u00f6r med hundvagnen beh\u00f6ver...","og_url":"https:\/\/truusk.store\/sv\/produkt\/truusk-fallbar-hundvagn-solskydd-mesh-fonster-forvaringskorg-bla-111-x-58-x-107-cm\/","og_site_name":"TRUUSK - Hem, Tr\u00e4dg\u00e5rd &amp; Fritid","article_modified_time":"2026-03-12T08:18:35+00:00","og_image":[{"width":800,"height":800,"url":"https:\/\/i0.wp.com\/truusk.se\/wp-content\/uploads\/2024\/02\/fallbar-hundvagn-solskydd-mesh-fonster-forvaringskorg-bla-111-x-58-x-107-cm.webp?fit=800%2C800&ssl=1","type":"image\/webp"}],"twitter_card":"summary_large_image","twitter_misc":{"Ber\u00e4knad l\u00e4stid":"1 minut"},"schema":{"@context":"https:\/\/schema.org","@graph":[{"@type":"WebPage","@id":"https:\/\/truusk.store\/sv\/produkt\/truusk-fallbar-hundvagn-solskydd-mesh-fonster-forvaringskorg-bla-111-x-58-x-107-cm\/","url":"https:\/\/truusk.store\/sv\/produkt\/truusk-fallbar-hundvagn-solskydd-mesh-fonster-forvaringskorg-bla-111-x-58-x-107-cm\/","name":"TRUUSK F\u00e4llbar Hundvagn - Solskydd - Mesh F\u00f6nster - F\u00f6rvaringskorg - Bl\u00e5 - 111 x 58 x 107 cm - TRUUSK - Hem, Tr\u00e4dg\u00e5rd &amp; Fritid","isPartOf":{"@id":"https:\/\/truusk.store\/sv\/#website"},"primaryImageOfPage":{"@id":"https:\/\/truusk.store\/sv\/produkt\/truusk-fallbar-hundvagn-solskydd-mesh-fonster-forvaringskorg-bla-111-x-58-x-107-cm\/#primaryimage"},"image":{"@id":"https:\/\/truusk.store\/sv\/produkt\/truusk-fallbar-hundvagn-solskydd-mesh-fonster-forvaringskorg-bla-111-x-58-x-107-cm\/#primaryimage"},"thumbnailUrl":"https:\/\/i0.wp.com\/truusk.store\/wp-content\/uploads\/2024\/02\/fallbar-hundvagn-solskydd-mesh-fonster-forvaringskorg-bla-111-x-58-x-107-cm.webp?fit=800%2C800&ssl=1","datePublished":"2024-02-14T03:18:09+00:00","dateModified":"2026-03-12T08:18:35+00:00","breadcrumb":{"@id":"https:\/\/truusk.store\/sv\/produkt\/truusk-fallbar-hundvagn-solskydd-mesh-fonster-forvaringskorg-bla-111-x-58-x-107-cm\/#breadcrumb"},"inLanguage":"sv-SE","potentialAction":[{"@type":"ReadAction","target":["https:\/\/truusk.store\/sv\/produkt\/truusk-fallbar-hundvagn-solskydd-mesh-fonster-forvaringskorg-bla-111-x-58-x-107-cm\/"]}]},{"@type":"ImageObject","inLanguage":"sv-SE","@id":"https:\/\/truusk.store\/sv\/produkt\/truusk-fallbar-hundvagn-solskydd-mesh-fonster-forvaringskorg-bla-111-x-58-x-107-cm\/#primaryimage","url":"https:\/\/i0.wp.com\/truusk.store\/wp-content\/uploads\/2024\/02\/fallbar-hundvagn-solskydd-mesh-fonster-forvaringskorg-bla-111-x-58-x-107-cm.webp?fit=800%2C800&ssl=1","contentUrl":"https:\/\/i0.wp.com\/truusk.store\/wp-content\/uploads\/2024\/02\/fallbar-hundvagn-solskydd-mesh-fonster-forvaringskorg-bla-111-x-58-x-107-cm.webp?fit=800%2C800&ssl=1","width":800,"height":800,"caption":"F\u00e4llbar Hundvagn Solskydd Mesh F\u00f6nster F\u00f6rvaringskorg Bl\u00e5 111 X 58 X 107 Cm 1"},{"@type":"BreadcrumbList","@id":"https:\/\/truusk.store\/sv\/produkt\/truusk-fallbar-hundvagn-solskydd-mesh-fonster-forvaringskorg-bla-111-x-58-x-107-cm\/#breadcrumb","itemListElement":[{"@type":"ListItem","position":1,"name":"Home","item":"https:\/\/truusk.store\/sv\/"},{"@type":"ListItem","position":2,"name":"Shop","item":"https:\/\/truusk.store\/shop\/"},{"@type":"ListItem","position":3,"name":"TRUUSK F\u00e4llbar Hundvagn &#8211; Solskydd &#8211; Mesh F\u00f6nster &#8211; F\u00f6rvaringskorg &#8211; Bl\u00e5 &#8211; 111 x 58 x 107 cm"}]},{"@type":"WebSite","@id":"https:\/\/truusk.store\/sv\/#website","url":"https:\/\/truusk.store\/sv\/","name":"TRUUSK - Hem, Tr\u00e4dg\u00e5rd & Fritid","description":"","publisher":{"@id":"https:\/\/truusk.store\/sv\/#organization"},"potentialAction":[{"@type":"SearchAction","target":{"@type":"EntryPoint","urlTemplate":"https:\/\/truusk.store\/sv\/?s={search_term_string}"},"query-input":{"@type":"PropertyValueSpecification","valueRequired":true,"valueName":"search_term_string"}}],"inLanguage":"sv-SE"},{"@type":"Organization","@id":"https:\/\/truusk.store\/sv\/#organization","name":"TRUUSK - Hem, Tr\u00e4dg\u00e5rd & Fritid","url":"https:\/\/truusk.store\/sv\/","logo":{"@type":"ImageObject","inLanguage":"sv-SE","@id":"https:\/\/truusk.store\/sv\/#\/schema\/logo\/image\/","url":"https:\/\/i0.wp.com\/truusk.store\/wp-content\/uploads\/2026\/03\/cropped-TRUUSK.png?fit=2032%2C917&ssl=1","contentUrl":"https:\/\/i0.wp.com\/truusk.store\/wp-content\/uploads\/2026\/03\/cropped-TRUUSK.png?fit=2032%2C917&ssl=1","width":2032,"height":917,"caption":"TRUUSK - Hem, Tr\u00e4dg\u00e5rd & Fritid"},"image":{"@id":"https:\/\/truusk.store\/sv\/#\/schema\/logo\/image\/"}}]}},"jetpack_sharing_enabled":true,"_links":{"self":[{"href":"https:\/\/truusk.store\/sv\/wp-json\/wp\/v2\/product\/43018","targetHints":{"allow":["GET"]}}],"collection":[{"href":"https:\/\/truusk.store\/sv\/wp-json\/wp\/v2\/product"}],"about":[{"href":"https:\/\/truusk.store\/sv\/wp-json\/wp\/v2\/types\/product"}],"wp:featuredmedia":[{"embeddable":true,"href":"https:\/\/truusk.store\/sv\/wp-json\/wp\/v2\/media\/43019"}],"wp:attachment":[{"href":"https:\/\/truusk.store\/sv\/wp-json\/wp\/v2\/media?parent=43018"}],"wp:term":[{"taxonomy":"product_brand","embeddable":true,"href":"https:\/\/truusk.store\/sv\/wp-json\/wp\/v2\/product_brand?post=43018"},{"taxonomy":"product_cat","embeddable":true,"href":"https:\/\/truusk.store\/sv\/wp-json\/wp\/v2\/product_cat?post=43018"},{"taxonomy":"product_tag","embeddable":true,"href":"https:\/\/truusk.store\/sv\/wp-json\/wp\/v2\/product_tag?post=43018"}],"curies":[{"name":"wp","href":"https:\/\/api.w.org\/{rel}","templated":true}]}}