{"id":43060,"date":"2024-02-14T04:19:29","date_gmt":"2024-02-14T03:19:29","guid":{"rendered":"https:\/\/truusk.store\/product\/hundvagn-inklusive-dyna-3-sidfickor-hopfallbar-hundvagn-102-cm-x-62-cm-x-105-cm-gra\/"},"modified":"2026-03-12T09:18:39","modified_gmt":"2026-03-12T08:18:39","slug":"truusk-hundvagn-med-dyna-3-sidfickor-hopfallbar-102-cm-x-62-cm-x-105-cm-gra","status":"publish","type":"product","link":"https:\/\/truusk.store\/sv\/produkt\/truusk-hundvagn-med-dyna-3-sidfickor-hopfallbar-102-cm-x-62-cm-x-105-cm-gra\/","title":{"rendered":"TRUUSK Hundvagn med Dyna &#8211; 3 Sidfickor &#8211; Hopf\u00e4llbar &#8211; 102 cm x 62 cm x 105 cm &#8211; Gr\u00e5"},"content":{"rendered":"<p>Med hundvagnen kan du s\u00e4kert ta ditt husdjur ut. Den f\u00e4lls ihop med ett klick och \u00e4r l\u00e4tt att transportera. Fyra hjul och ett handtag g\u00f6r det l\u00e4ttare att f\u00f6rflytta sig p\u00e5 v\u00e4gen. Hundvagnen \u00e4r rymlig, s\u00e5 din lurviga v\u00e4n har gott om plats inuti, n\u00e4tf\u00f6nster och d\u00f6rrar till\u00e5ter tillr\u00e4ckligt med luft in och ut. Tyg\u00f6verdraget kan rullas ihop f\u00f6r b\u00e4ttre ventilation.<\/p>\n<h3>Beskrivning:<\/h3>\n<ul>\n<li>Solid konstruktion av st\u00e5l och 600D Oxford-tyg<\/li>\n<li>N\u00e4tf\u00f6nster och d\u00f6rrar s\u00e4kerst\u00e4ller god ventilation<\/li>\n<li>Design med praktisk dragkedja<\/li>\n<li>Roll-up tyg\u00f6verdrag p\u00e5 framsidan f\u00f6r god ventilation:<\/li>\n<li>Tv\u00e5 s\u00e4kerhetskoppel h\u00e5ller husdjuret s\u00e4kert fastsp\u00e4nt<\/li>\n<li>Fr\u00e4mre EVA universalhjul och bakre EVA hjul med bromsar<\/li>\n<li>Utrustad med tre fickor f\u00f6r f\u00f6rvaring av tillbeh\u00f6r<\/li>\n<li>Inkluderar en mjuk kudde som kan tas av och tv\u00e4ttas<\/li>\n<li>Vikbar, l\u00e4tt att b\u00e4ra, montering kr\u00e4vs<\/li>\n<\/ul>\n<h3>Teknisk data:<\/h3>\n<ul>\n<li>F\u00e4rg gr\u00e5<\/li>\n<li>Material: Oxfordtyg (100% polyester), st\u00e5l<\/li>\n<li>\u00d6vergripande m\u00e5tt: 102L x 62W x 105H cm<\/li>\n<li>Innerm\u00e5tt: 75L x 40W x 44H cm<\/li>\n<li>Vikt storlek: 121L x 53W x 18H cm<\/li>\n<li>Tr storlek: 28W x 35H cm (fram), 43W x 42H cm (bak)<\/li>\n<li>Mesh f\u00f6nsterstorlek: 38W x 37H cm (sida), 23W x 41H cm (\u00f6verst)<\/li>\n<li>Kuddstorlek: 74,5L x 43W cm<\/li>\n<li>Storlek p\u00e5 framhjulen: 20,5 cm<\/li>\n<li>Bakhjulsstorlek: 25,5 cm<\/li>\n<li>Viktkapacitet: 20 kg<\/li>\n<\/ul>\n<h3>Leveransens omfattning:<\/h3>\n<ul>\n<li>1 x Hundvagn<\/li>\n<li>1 x manuell<\/li>\n<\/ul>\n","protected":false},"excerpt":{"rendered":"<p>Med hundvagnen kan du s\u00e4kert ta ditt husdjur ut. Den f\u00e4lls ihop med ett klick och \u00e4r l\u00e4tt att transportera&#8230;.<\/p>\n","protected":false},"featured_media":43061,"template":"","meta":[],"product_brand":[],"product_cat":[574,579,573],"product_tag":[],"class_list":{"0":"post-43060","1":"product","2":"type-product","3":"status-publish","4":"has-post-thumbnail","6":"product_cat-hundtillbehor","7":"product_cat-hundvagn","8":"product_cat-husdjursmaterial","10":"first","11":"instock","12":"sale","13":"taxable","14":"shipping-taxable","15":"purchasable","16":"product-type-simple"},"yoast_head":"<!-- This site is optimized with the Yoast SEO plugin v25.4 - https:\/\/yoast.com\/wordpress\/plugins\/seo\/ -->\n<title>TRUUSK Hundvagn med Dyna - 3 Sidfickor - Hopf\u00e4llbar - 102 cm x 62 cm x 105 cm - Gr\u00e5 - TRUUSK - Hem, Tr\u00e4dg\u00e5rd &amp; Fritid<\/title>\n<meta name=\"robots\" content=\"index, follow, max-snippet:-1, max-image-preview:large, max-video-preview:-1\" \/>\n<link rel=\"canonical\" href=\"https:\/\/truusk.store\/sv\/produkt\/truusk-hundvagn-med-dyna-3-sidfickor-hopfallbar-102-cm-x-62-cm-x-105-cm-gra\/\" \/>\n<meta property=\"og:locale\" content=\"sv_SE\" \/>\n<meta property=\"og:type\" content=\"article\" \/>\n<meta property=\"og:title\" content=\"TRUUSK Hundvagn med Dyna - 3 Sidfickor - Hopf\u00e4llbar - 102 cm x 62 cm x 105 cm - Gr\u00e5 - TRUUSK - Hem, Tr\u00e4dg\u00e5rd &amp; Fritid\" \/>\n<meta property=\"og:description\" content=\"Med hundvagnen kan du s\u00e4kert ta ditt husdjur ut. Den f\u00e4lls ihop med ett klick och \u00e4r l\u00e4tt att transportera....\" \/>\n<meta property=\"og:url\" content=\"https:\/\/truusk.store\/sv\/produkt\/truusk-hundvagn-med-dyna-3-sidfickor-hopfallbar-102-cm-x-62-cm-x-105-cm-gra\/\" \/>\n<meta property=\"og:site_name\" content=\"TRUUSK - Hem, Tr\u00e4dg\u00e5rd &amp; Fritid\" \/>\n<meta property=\"article:modified_time\" content=\"2026-03-12T08:18:39+00:00\" \/>\n<meta property=\"og:image\" content=\"https:\/\/i0.wp.com\/truusk.se\/wp-content\/uploads\/2024\/02\/hundvagn-inklusive-dyna-3-sidfickor-hopfallbar-hundvagn-102-cm-x-62-cm-x-105-cm-gra.webp?fit=800%2C800&ssl=1\" \/>\n\t<meta property=\"og:image:width\" content=\"800\" \/>\n\t<meta property=\"og:image:height\" content=\"800\" \/>\n\t<meta property=\"og:image:type\" content=\"image\/webp\" \/>\n<meta name=\"twitter:card\" content=\"summary_large_image\" \/>\n<meta name=\"twitter:label1\" content=\"Ber\u00e4knad l\u00e4stid\" \/>\n\t<meta name=\"twitter:data1\" content=\"1 minut\" \/>\n<!-- \/ Yoast SEO plugin. -->","yoast_head_json":{"title":"TRUUSK Hundvagn med Dyna - 3 Sidfickor - Hopf\u00e4llbar - 102 cm x 62 cm x 105 cm - Gr\u00e5 - TRUUSK - Hem, Tr\u00e4dg\u00e5rd &amp; Fritid","robots":{"index":"index","follow":"follow","max-snippet":"max-snippet:-1","max-image-preview":"max-image-preview:large","max-video-preview":"max-video-preview:-1"},"canonical":"https:\/\/truusk.store\/sv\/produkt\/truusk-hundvagn-med-dyna-3-sidfickor-hopfallbar-102-cm-x-62-cm-x-105-cm-gra\/","og_locale":"sv_SE","og_type":"article","og_title":"TRUUSK Hundvagn med Dyna - 3 Sidfickor - Hopf\u00e4llbar - 102 cm x 62 cm x 105 cm - Gr\u00e5 - TRUUSK - Hem, Tr\u00e4dg\u00e5rd &amp; Fritid","og_description":"Med hundvagnen kan du s\u00e4kert ta ditt husdjur ut. Den f\u00e4lls ihop med ett klick och \u00e4r l\u00e4tt att transportera....","og_url":"https:\/\/truusk.store\/sv\/produkt\/truusk-hundvagn-med-dyna-3-sidfickor-hopfallbar-102-cm-x-62-cm-x-105-cm-gra\/","og_site_name":"TRUUSK - Hem, Tr\u00e4dg\u00e5rd &amp; Fritid","article_modified_time":"2026-03-12T08:18:39+00:00","og_image":[{"width":800,"height":800,"url":"https:\/\/i0.wp.com\/truusk.se\/wp-content\/uploads\/2024\/02\/hundvagn-inklusive-dyna-3-sidfickor-hopfallbar-hundvagn-102-cm-x-62-cm-x-105-cm-gra.webp?fit=800%2C800&ssl=1","type":"image\/webp"}],"twitter_card":"summary_large_image","twitter_misc":{"Ber\u00e4knad l\u00e4stid":"1 minut"},"schema":{"@context":"https:\/\/schema.org","@graph":[{"@type":"WebPage","@id":"https:\/\/truusk.store\/sv\/produkt\/truusk-hundvagn-med-dyna-3-sidfickor-hopfallbar-102-cm-x-62-cm-x-105-cm-gra\/","url":"https:\/\/truusk.store\/sv\/produkt\/truusk-hundvagn-med-dyna-3-sidfickor-hopfallbar-102-cm-x-62-cm-x-105-cm-gra\/","name":"TRUUSK Hundvagn med Dyna - 3 Sidfickor - Hopf\u00e4llbar - 102 cm x 62 cm x 105 cm - Gr\u00e5 - TRUUSK - Hem, Tr\u00e4dg\u00e5rd &amp; Fritid","isPartOf":{"@id":"https:\/\/truusk.store\/sv\/#website"},"primaryImageOfPage":{"@id":"https:\/\/truusk.store\/sv\/produkt\/truusk-hundvagn-med-dyna-3-sidfickor-hopfallbar-102-cm-x-62-cm-x-105-cm-gra\/#primaryimage"},"image":{"@id":"https:\/\/truusk.store\/sv\/produkt\/truusk-hundvagn-med-dyna-3-sidfickor-hopfallbar-102-cm-x-62-cm-x-105-cm-gra\/#primaryimage"},"thumbnailUrl":"https:\/\/i0.wp.com\/truusk.store\/wp-content\/uploads\/2024\/02\/hundvagn-inklusive-dyna-3-sidfickor-hopfallbar-hundvagn-102-cm-x-62-cm-x-105-cm-gra.webp?fit=800%2C800&ssl=1","datePublished":"2024-02-14T03:19:29+00:00","dateModified":"2026-03-12T08:18:39+00:00","breadcrumb":{"@id":"https:\/\/truusk.store\/sv\/produkt\/truusk-hundvagn-med-dyna-3-sidfickor-hopfallbar-102-cm-x-62-cm-x-105-cm-gra\/#breadcrumb"},"inLanguage":"sv-SE","potentialAction":[{"@type":"ReadAction","target":["https:\/\/truusk.store\/sv\/produkt\/truusk-hundvagn-med-dyna-3-sidfickor-hopfallbar-102-cm-x-62-cm-x-105-cm-gra\/"]}]},{"@type":"ImageObject","inLanguage":"sv-SE","@id":"https:\/\/truusk.store\/sv\/produkt\/truusk-hundvagn-med-dyna-3-sidfickor-hopfallbar-102-cm-x-62-cm-x-105-cm-gra\/#primaryimage","url":"https:\/\/i0.wp.com\/truusk.store\/wp-content\/uploads\/2024\/02\/hundvagn-inklusive-dyna-3-sidfickor-hopfallbar-hundvagn-102-cm-x-62-cm-x-105-cm-gra.webp?fit=800%2C800&ssl=1","contentUrl":"https:\/\/i0.wp.com\/truusk.store\/wp-content\/uploads\/2024\/02\/hundvagn-inklusive-dyna-3-sidfickor-hopfallbar-hundvagn-102-cm-x-62-cm-x-105-cm-gra.webp?fit=800%2C800&ssl=1","width":800,"height":800,"caption":"Hundvagn Inklusive Dyna, 3 Sidfickor, Hopf\u00e4llbar, Hundvagn, 102 Cm X 62 Cm X 105 Cm, Gr\u00e5 1"},{"@type":"BreadcrumbList","@id":"https:\/\/truusk.store\/sv\/produkt\/truusk-hundvagn-med-dyna-3-sidfickor-hopfallbar-102-cm-x-62-cm-x-105-cm-gra\/#breadcrumb","itemListElement":[{"@type":"ListItem","position":1,"name":"Home","item":"https:\/\/truusk.store\/sv\/"},{"@type":"ListItem","position":2,"name":"Shop","item":"https:\/\/truusk.store\/shop\/"},{"@type":"ListItem","position":3,"name":"TRUUSK Hundvagn med Dyna &#8211; 3 Sidfickor &#8211; Hopf\u00e4llbar &#8211; 102 cm x 62 cm x 105 cm &#8211; Gr\u00e5"}]},{"@type":"WebSite","@id":"https:\/\/truusk.store\/sv\/#website","url":"https:\/\/truusk.store\/sv\/","name":"TRUUSK - Hem, Tr\u00e4dg\u00e5rd & Fritid","description":"","publisher":{"@id":"https:\/\/truusk.store\/sv\/#organization"},"potentialAction":[{"@type":"SearchAction","target":{"@type":"EntryPoint","urlTemplate":"https:\/\/truusk.store\/sv\/?s={search_term_string}"},"query-input":{"@type":"PropertyValueSpecification","valueRequired":true,"valueName":"search_term_string"}}],"inLanguage":"sv-SE"},{"@type":"Organization","@id":"https:\/\/truusk.store\/sv\/#organization","name":"TRUUSK - Hem, Tr\u00e4dg\u00e5rd & Fritid","url":"https:\/\/truusk.store\/sv\/","logo":{"@type":"ImageObject","inLanguage":"sv-SE","@id":"https:\/\/truusk.store\/sv\/#\/schema\/logo\/image\/","url":"https:\/\/i0.wp.com\/truusk.store\/wp-content\/uploads\/2026\/03\/cropped-TRUUSK.png?fit=2032%2C917&ssl=1","contentUrl":"https:\/\/i0.wp.com\/truusk.store\/wp-content\/uploads\/2026\/03\/cropped-TRUUSK.png?fit=2032%2C917&ssl=1","width":2032,"height":917,"caption":"TRUUSK - Hem, Tr\u00e4dg\u00e5rd & Fritid"},"image":{"@id":"https:\/\/truusk.store\/sv\/#\/schema\/logo\/image\/"}}]}},"jetpack_sharing_enabled":true,"_links":{"self":[{"href":"https:\/\/truusk.store\/sv\/wp-json\/wp\/v2\/product\/43060","targetHints":{"allow":["GET"]}}],"collection":[{"href":"https:\/\/truusk.store\/sv\/wp-json\/wp\/v2\/product"}],"about":[{"href":"https:\/\/truusk.store\/sv\/wp-json\/wp\/v2\/types\/product"}],"wp:featuredmedia":[{"embeddable":true,"href":"https:\/\/truusk.store\/sv\/wp-json\/wp\/v2\/media\/43061"}],"wp:attachment":[{"href":"https:\/\/truusk.store\/sv\/wp-json\/wp\/v2\/media?parent=43060"}],"wp:term":[{"taxonomy":"product_brand","embeddable":true,"href":"https:\/\/truusk.store\/sv\/wp-json\/wp\/v2\/product_brand?post=43060"},{"taxonomy":"product_cat","embeddable":true,"href":"https:\/\/truusk.store\/sv\/wp-json\/wp\/v2\/product_cat?post=43060"},{"taxonomy":"product_tag","embeddable":true,"href":"https:\/\/truusk.store\/sv\/wp-json\/wp\/v2\/product_tag?post=43060"}],"curies":[{"name":"wp","href":"https:\/\/api.w.org\/{rel}","templated":true}]}}