{"id":43087,"date":"2024-02-14T04:20:47","date_gmt":"2024-02-14T03:20:47","guid":{"rendered":"https:\/\/truusk.store\/product\/fribarande-paraply-med-myggnat-inklusive-handvev-ventilationsoppning-296-cm-x-296-cm-x-272-cm-vit-svart\/"},"modified":"2026-03-12T09:18:40","modified_gmt":"2026-03-12T08:18:40","slug":"truusk-fribarande-paraply-med-myggnat-inklusive-handvev-ventilationsoppning-296-cm-x-296-cm-x-272-cm-vit-svart","status":"publish","type":"product","link":"https:\/\/truusk.store\/sv\/produkt\/truusk-fribarande-paraply-med-myggnat-inklusive-handvev-ventilationsoppning-296-cm-x-296-cm-x-272-cm-vit-svart\/","title":{"rendered":"TRUUSK Frib\u00e4rande Paraply med Myggn\u00e4t &#8211; Inklusive Handvev &#8211; Ventilations\u00f6ppning &#8211; 296 cm x 296 cm x 272 cm &#8211; Vit + Svart"},"content":{"rendered":"<p>Beh\u00f6ver du ett modernt och funktionellt uteplatsparasoll till din tr\u00e4dg\u00e5rd? Detta parasoll har en justerbar takvinkel, ett myggn\u00e4t som andas, viktskivor och en vev. Uteplatsparasollet erbjuder ett stort skuggaomr\u00e5de och l\u00e4mpar sig f\u00f6r en matgrupp med sex eller \u00e5tta stolar. Med sin klassiska design, enkla f\u00e4rg och eleganta linjer \u00e4r detta parasoll designat f\u00f6r att se bra ut i alla tr\u00e4dg\u00e5rdar.<\/p>\n<h3>Beskrivning:<\/h3>\n<ul>\n<li>UV-best\u00e4ndigt polyestertak l\u00e4mpligt f\u00f6r m\u00e5nga \u00e5rs anv\u00e4ndning<\/li>\n<li>Vinkeln p\u00e5 paraplyet kan enkelt justeras med hj\u00e4lp av handtaget f\u00f6r att ge ett komplett solskydd<\/li>\n<li>Det fyrkantiga parasollet erbjuder en stor skuggayta<\/li>\n<li>Paraplyet kan \u00f6ppnas och st\u00e4ngas snabbt och enkelt med hj\u00e4lp av veven p\u00e5 sidan<\/li>\n<li>En ventilations\u00f6ppning s\u00e4kerst\u00e4ller god ventilation under paraplyet<\/li>\n<li>Till\u00e4ggsvikten v\u00e4ger 35,5 kg n\u00e4r den \u00e4r fylld med vatten, 21 kg med sand<\/li>\n<li>Paraplyn\u00e4t f\u00f6r att h\u00e5lla &#8221;o\u00f6nskade bes\u00f6kare&#8221; borta<\/li>\n<li>L\u00e4mplig f\u00f6r park, tr\u00e4dg\u00e5rd, uteplats, bakg\u00e5rd, strand, pool<\/li>\n<li>Montering kr\u00e4vs<\/li>\n<\/ul>\n<h3>Teknisk data:<\/h3>\n<ul>\n<li>F\u00e4rg: Beige (tyg), Gr\u00e5 (ram)<\/li>\n<li>Material: st\u00e5l, polyester, HDPE<\/li>\n<li>\u00d6vergripande m\u00e5tt: 296L x 296W x 272H cm<\/li>\n<li>Produktdata f\u00f6r de viktade panelerna: 100L x 100W x 10H cm<\/li>\n<li>Paraplystativ storlek: 4,8 cm<\/li>\n<li>Korsfotsstorlek: 100L x 100W x 5H cm<\/li>\n<\/ul>\n<h3>Leveransens omfattning:<\/h3>\n<ul>\n<li>1 x frib\u00e4rande paraply<\/li>\n<li>1 x Cross Base<\/li>\n<li>4 x paraplyvikt<\/li>\n<li>1 x n\u00e4t<\/li>\n<li>1 x Instruktioner<\/li>\n<li>VIKTIGT: Vi levererar varan till trottoarkanten utan kostnad. Se till att du anger r\u00e4tt adress och telefonnummer.<\/li>\n<\/ul>\n","protected":false},"excerpt":{"rendered":"<p>Beh\u00f6ver du ett modernt och funktionellt uteplatsparasoll till din tr\u00e4dg\u00e5rd? Detta parasoll har en justerbar takvinkel, ett myggn\u00e4t som andas,&#8230;<\/p>\n","protected":false},"featured_media":43088,"template":"","meta":[],"product_brand":[],"product_cat":[472,471,435],"product_tag":[],"class_list":{"0":"post-43087","1":"product","2":"type-product","3":"status-publish","4":"has-post-thumbnail","6":"product_cat-parasoller","7":"product_cat-solskydd-integritetsskydd","8":"product_cat-tradgard-och-terrass","10":"first","11":"instock","12":"sale","13":"taxable","14":"shipping-taxable","15":"purchasable","16":"product-type-simple"},"yoast_head":"<!-- This site is optimized with the Yoast SEO plugin v25.4 - https:\/\/yoast.com\/wordpress\/plugins\/seo\/ -->\n<title>TRUUSK Frib\u00e4rande Paraply med Myggn\u00e4t - Inklusive Handvev - Ventilations\u00f6ppning - 296 cm x 296 cm x 272 cm - Vit + Svart - TRUUSK - Hem, Tr\u00e4dg\u00e5rd &amp; Fritid<\/title>\n<meta name=\"robots\" content=\"index, follow, max-snippet:-1, max-image-preview:large, max-video-preview:-1\" \/>\n<link rel=\"canonical\" href=\"https:\/\/truusk.store\/sv\/produkt\/truusk-fribarande-paraply-med-myggnat-inklusive-handvev-ventilationsoppning-296-cm-x-296-cm-x-272-cm-vit-svart\/\" \/>\n<meta property=\"og:locale\" content=\"sv_SE\" \/>\n<meta property=\"og:type\" content=\"article\" \/>\n<meta property=\"og:title\" content=\"TRUUSK Frib\u00e4rande Paraply med Myggn\u00e4t - Inklusive Handvev - Ventilations\u00f6ppning - 296 cm x 296 cm x 272 cm - Vit + Svart - TRUUSK - Hem, Tr\u00e4dg\u00e5rd &amp; Fritid\" \/>\n<meta property=\"og:description\" content=\"Beh\u00f6ver du ett modernt och funktionellt uteplatsparasoll till din tr\u00e4dg\u00e5rd? Detta parasoll har en justerbar takvinkel, ett myggn\u00e4t som andas,...\" \/>\n<meta property=\"og:url\" content=\"https:\/\/truusk.store\/sv\/produkt\/truusk-fribarande-paraply-med-myggnat-inklusive-handvev-ventilationsoppning-296-cm-x-296-cm-x-272-cm-vit-svart\/\" \/>\n<meta property=\"og:site_name\" content=\"TRUUSK - Hem, Tr\u00e4dg\u00e5rd &amp; Fritid\" \/>\n<meta property=\"article:modified_time\" content=\"2026-03-12T08:18:40+00:00\" \/>\n<meta property=\"og:image\" content=\"https:\/\/i0.wp.com\/truusk.se\/wp-content\/uploads\/2024\/02\/fribarande-paraply-med-myggnat-inklusive-handvev-ventilationsoppning-296-cm-x-296-cm-x-272-cm-vit-svart.webp?fit=800%2C800&ssl=1\" \/>\n\t<meta property=\"og:image:width\" content=\"800\" \/>\n\t<meta property=\"og:image:height\" content=\"800\" \/>\n\t<meta property=\"og:image:type\" content=\"image\/webp\" \/>\n<meta name=\"twitter:card\" content=\"summary_large_image\" \/>\n<meta name=\"twitter:label1\" content=\"Ber\u00e4knad l\u00e4stid\" \/>\n\t<meta name=\"twitter:data1\" content=\"1 minut\" \/>\n<!-- \/ Yoast SEO plugin. -->","yoast_head_json":{"title":"TRUUSK Frib\u00e4rande Paraply med Myggn\u00e4t - Inklusive Handvev - Ventilations\u00f6ppning - 296 cm x 296 cm x 272 cm - Vit + Svart - TRUUSK - Hem, Tr\u00e4dg\u00e5rd &amp; Fritid","robots":{"index":"index","follow":"follow","max-snippet":"max-snippet:-1","max-image-preview":"max-image-preview:large","max-video-preview":"max-video-preview:-1"},"canonical":"https:\/\/truusk.store\/sv\/produkt\/truusk-fribarande-paraply-med-myggnat-inklusive-handvev-ventilationsoppning-296-cm-x-296-cm-x-272-cm-vit-svart\/","og_locale":"sv_SE","og_type":"article","og_title":"TRUUSK Frib\u00e4rande Paraply med Myggn\u00e4t - Inklusive Handvev - Ventilations\u00f6ppning - 296 cm x 296 cm x 272 cm - Vit + Svart - TRUUSK - Hem, Tr\u00e4dg\u00e5rd &amp; Fritid","og_description":"Beh\u00f6ver du ett modernt och funktionellt uteplatsparasoll till din tr\u00e4dg\u00e5rd? Detta parasoll har en justerbar takvinkel, ett myggn\u00e4t som andas,...","og_url":"https:\/\/truusk.store\/sv\/produkt\/truusk-fribarande-paraply-med-myggnat-inklusive-handvev-ventilationsoppning-296-cm-x-296-cm-x-272-cm-vit-svart\/","og_site_name":"TRUUSK - Hem, Tr\u00e4dg\u00e5rd &amp; Fritid","article_modified_time":"2026-03-12T08:18:40+00:00","og_image":[{"width":800,"height":800,"url":"https:\/\/i0.wp.com\/truusk.se\/wp-content\/uploads\/2024\/02\/fribarande-paraply-med-myggnat-inklusive-handvev-ventilationsoppning-296-cm-x-296-cm-x-272-cm-vit-svart.webp?fit=800%2C800&ssl=1","type":"image\/webp"}],"twitter_card":"summary_large_image","twitter_misc":{"Ber\u00e4knad l\u00e4stid":"1 minut"},"schema":{"@context":"https:\/\/schema.org","@graph":[{"@type":"WebPage","@id":"https:\/\/truusk.store\/sv\/produkt\/truusk-fribarande-paraply-med-myggnat-inklusive-handvev-ventilationsoppning-296-cm-x-296-cm-x-272-cm-vit-svart\/","url":"https:\/\/truusk.store\/sv\/produkt\/truusk-fribarande-paraply-med-myggnat-inklusive-handvev-ventilationsoppning-296-cm-x-296-cm-x-272-cm-vit-svart\/","name":"TRUUSK Frib\u00e4rande Paraply med Myggn\u00e4t - Inklusive Handvev - Ventilations\u00f6ppning - 296 cm x 296 cm x 272 cm - Vit + Svart - TRUUSK - Hem, Tr\u00e4dg\u00e5rd &amp; Fritid","isPartOf":{"@id":"https:\/\/truusk.store\/sv\/#website"},"primaryImageOfPage":{"@id":"https:\/\/truusk.store\/sv\/produkt\/truusk-fribarande-paraply-med-myggnat-inklusive-handvev-ventilationsoppning-296-cm-x-296-cm-x-272-cm-vit-svart\/#primaryimage"},"image":{"@id":"https:\/\/truusk.store\/sv\/produkt\/truusk-fribarande-paraply-med-myggnat-inklusive-handvev-ventilationsoppning-296-cm-x-296-cm-x-272-cm-vit-svart\/#primaryimage"},"thumbnailUrl":"https:\/\/i0.wp.com\/truusk.store\/wp-content\/uploads\/2024\/02\/fribarande-paraply-med-myggnat-inklusive-handvev-ventilationsoppning-296-cm-x-296-cm-x-272-cm-vit-svart.webp?fit=800%2C800&ssl=1","datePublished":"2024-02-14T03:20:47+00:00","dateModified":"2026-03-12T08:18:40+00:00","breadcrumb":{"@id":"https:\/\/truusk.store\/sv\/produkt\/truusk-fribarande-paraply-med-myggnat-inklusive-handvev-ventilationsoppning-296-cm-x-296-cm-x-272-cm-vit-svart\/#breadcrumb"},"inLanguage":"sv-SE","potentialAction":[{"@type":"ReadAction","target":["https:\/\/truusk.store\/sv\/produkt\/truusk-fribarande-paraply-med-myggnat-inklusive-handvev-ventilationsoppning-296-cm-x-296-cm-x-272-cm-vit-svart\/"]}]},{"@type":"ImageObject","inLanguage":"sv-SE","@id":"https:\/\/truusk.store\/sv\/produkt\/truusk-fribarande-paraply-med-myggnat-inklusive-handvev-ventilationsoppning-296-cm-x-296-cm-x-272-cm-vit-svart\/#primaryimage","url":"https:\/\/i0.wp.com\/truusk.store\/wp-content\/uploads\/2024\/02\/fribarande-paraply-med-myggnat-inklusive-handvev-ventilationsoppning-296-cm-x-296-cm-x-272-cm-vit-svart.webp?fit=800%2C800&ssl=1","contentUrl":"https:\/\/i0.wp.com\/truusk.store\/wp-content\/uploads\/2024\/02\/fribarande-paraply-med-myggnat-inklusive-handvev-ventilationsoppning-296-cm-x-296-cm-x-272-cm-vit-svart.webp?fit=800%2C800&ssl=1","width":800,"height":800,"caption":"Frib\u00e4rande Paraply Med Myggn\u00e4t, Inklusive Handvev, Ventilations\u00f6ppning, 296 Cm X 296 Cm X 272 Cm, Vit + Svart 1"},{"@type":"BreadcrumbList","@id":"https:\/\/truusk.store\/sv\/produkt\/truusk-fribarande-paraply-med-myggnat-inklusive-handvev-ventilationsoppning-296-cm-x-296-cm-x-272-cm-vit-svart\/#breadcrumb","itemListElement":[{"@type":"ListItem","position":1,"name":"Home","item":"https:\/\/truusk.store\/sv\/"},{"@type":"ListItem","position":2,"name":"Shop","item":"https:\/\/truusk.store\/shop\/"},{"@type":"ListItem","position":3,"name":"TRUUSK Frib\u00e4rande Paraply med Myggn\u00e4t &#8211; Inklusive Handvev &#8211; Ventilations\u00f6ppning &#8211; 296 cm x 296 cm x 272 cm &#8211; Vit + Svart"}]},{"@type":"WebSite","@id":"https:\/\/truusk.store\/sv\/#website","url":"https:\/\/truusk.store\/sv\/","name":"TRUUSK - Hem, Tr\u00e4dg\u00e5rd & Fritid","description":"","publisher":{"@id":"https:\/\/truusk.store\/sv\/#organization"},"potentialAction":[{"@type":"SearchAction","target":{"@type":"EntryPoint","urlTemplate":"https:\/\/truusk.store\/sv\/?s={search_term_string}"},"query-input":{"@type":"PropertyValueSpecification","valueRequired":true,"valueName":"search_term_string"}}],"inLanguage":"sv-SE"},{"@type":"Organization","@id":"https:\/\/truusk.store\/sv\/#organization","name":"TRUUSK - Hem, Tr\u00e4dg\u00e5rd & Fritid","url":"https:\/\/truusk.store\/sv\/","logo":{"@type":"ImageObject","inLanguage":"sv-SE","@id":"https:\/\/truusk.store\/sv\/#\/schema\/logo\/image\/","url":"https:\/\/i0.wp.com\/truusk.store\/wp-content\/uploads\/2026\/03\/cropped-TRUUSK.png?fit=2032%2C917&ssl=1","contentUrl":"https:\/\/i0.wp.com\/truusk.store\/wp-content\/uploads\/2026\/03\/cropped-TRUUSK.png?fit=2032%2C917&ssl=1","width":2032,"height":917,"caption":"TRUUSK - Hem, Tr\u00e4dg\u00e5rd & Fritid"},"image":{"@id":"https:\/\/truusk.store\/sv\/#\/schema\/logo\/image\/"}}]}},"jetpack_sharing_enabled":true,"_links":{"self":[{"href":"https:\/\/truusk.store\/sv\/wp-json\/wp\/v2\/product\/43087","targetHints":{"allow":["GET"]}}],"collection":[{"href":"https:\/\/truusk.store\/sv\/wp-json\/wp\/v2\/product"}],"about":[{"href":"https:\/\/truusk.store\/sv\/wp-json\/wp\/v2\/types\/product"}],"wp:featuredmedia":[{"embeddable":true,"href":"https:\/\/truusk.store\/sv\/wp-json\/wp\/v2\/media\/43088"}],"wp:attachment":[{"href":"https:\/\/truusk.store\/sv\/wp-json\/wp\/v2\/media?parent=43087"}],"wp:term":[{"taxonomy":"product_brand","embeddable":true,"href":"https:\/\/truusk.store\/sv\/wp-json\/wp\/v2\/product_brand?post=43087"},{"taxonomy":"product_cat","embeddable":true,"href":"https:\/\/truusk.store\/sv\/wp-json\/wp\/v2\/product_cat?post=43087"},{"taxonomy":"product_tag","embeddable":true,"href":"https:\/\/truusk.store\/sv\/wp-json\/wp\/v2\/product_tag?post=43087"}],"curies":[{"name":"wp","href":"https:\/\/api.w.org\/{rel}","templated":true}]}}