{"id":43117,"date":"2024-02-14T04:21:45","date_gmt":"2024-02-14T03:21:45","guid":{"rendered":"https:\/\/truusk.store\/product\/bordtennisbord-i-originalstorlek-hopfallbart-8-hjul-inklusive-racketar-och-bollar-gront-274-x-152-x-076-m\/"},"modified":"2026-03-12T09:18:40","modified_gmt":"2026-03-12T08:18:40","slug":"truusk-bordtennisbord-originalstorlek-hopfallbart-8-hjul-inklusive-racketar-och-bollar-gront-274-x-152-x-076-m","status":"publish","type":"product","link":"https:\/\/truusk.store\/sv\/produkt\/truusk-bordtennisbord-originalstorlek-hopfallbart-8-hjul-inklusive-racketar-och-bollar-gront-274-x-152-x-076-m\/","title":{"rendered":"TRUUSK Bordtennisbord &#8211; Originalstorlek &#8211; Hopf\u00e4llbart &#8211; 8 Hjul &#8211; Inklusive Racketar Och Bollar &#8211; Gr\u00f6nt &#8211; 2,74 x 1,52 x 0,76 M"},"content":{"rendered":"<p>Bordtennisbordet i full storlek \u00e4r idealiskt f\u00f6r bordtennisproffs och amat\u00f6rer. Tack vare den multifunktionella designen kan den \u00e4ven anv\u00e4ndas f\u00f6r middagar, br\u00e4dspel, pyssel och mycket mer. Tack vare den f\u00e4llbara funktionen kan den stuvas undan f\u00f6r att spara utrymme n\u00e4r den inte anv\u00e4nds. Med de \u00e5tta mjukt l\u00f6pande hjulen kan den enkelt flyttas till \u00f6nskat l\u00e4ge. En fantastisk leksak som ger timmar av n\u00f6je.<\/p>\n<h3>Beskrivning:<\/h3>\n<ul>\n<li>Bordtennisbord i originalstorlek, l\u00e4mpligt f\u00f6r proffs och amat\u00f6rer<\/li>\n<li>Best\u00e5r av tv\u00e5 halvor som kan anv\u00e4ndas separat<\/li>\n<li>Kan vikas ihop till en kompakt storlek<\/li>\n<li>Med \u00e5tta hjul som rullar ihopf\u00e4llda eller halv\u00f6ppna<\/li>\n<li>Platt spelplan och pulverlackerad st\u00e5lram f\u00f6r robusthet, h\u00e5llbarhet och utomhusbruk<\/li>\n<li>Perfekt f\u00f6r lekrum, gym, kontor, etc.<\/li>\n<li>Levereras med ett speln\u00e4t, tv\u00e5 racketar och tre bollar<\/li>\n<\/ul>\n<h3>Teknisk data:<\/h3>\n<ul>\n<li>F\u00e4rg: gr\u00f6n<\/li>\n<li>Material: MDF, st\u00e5l<\/li>\n<li>\u00d6vergripande m\u00e5tt: 274L x 152,5W x 76H cm<\/li>\n<li>Vikstorlek: 152,5L x 50W x 155H cm<\/li>\n<li>Nettoh\u00f6jd: 14 cm<\/li>\n<li>Bordsskivans tjocklek: 12 mm<\/li>\n<li>Hjulm\u00e5tt: 75 mm, 50 mm<\/li>\n<\/ul>\n<h3>Leveransens omfattning:<\/h3>\n<ul>\n<li>1 x bordtennisbord<\/li>\n<li>1 x n\u00e4t<\/li>\n<li>2 x racketar<\/li>\n<li>3 x bollar<\/li>\n<li>1 x manuell<\/li>\n<\/ul>\n","protected":false},"excerpt":{"rendered":"<p>Bordtennisbordet i full storlek \u00e4r idealiskt f\u00f6r bordtennisproffs och amat\u00f6rer. Tack vare den multifunktionella designen kan den \u00e4ven anv\u00e4ndas f\u00f6r&#8230;<\/p>\n","protected":false},"featured_media":43118,"template":"","meta":[],"product_brand":[],"product_cat":[656,508,647],"product_tag":[],"class_list":{"0":"post-43117","1":"product","2":"type-product","3":"status-publish","4":"has-post-thumbnail","6":"product_cat-spel-hobby","7":"product_cat-spelbord","8":"product_cat-sport-fritid","10":"first","11":"instock","12":"sale","13":"taxable","14":"shipping-taxable","15":"purchasable","16":"product-type-simple"},"yoast_head":"<!-- This site is optimized with the Yoast SEO plugin v25.4 - https:\/\/yoast.com\/wordpress\/plugins\/seo\/ -->\n<title>TRUUSK Bordtennisbord - Originalstorlek - Hopf\u00e4llbart - 8 Hjul - Inklusive Racketar Och Bollar - Gr\u00f6nt - 2,74 x 1,52 x 0,76 M - TRUUSK - Hem, Tr\u00e4dg\u00e5rd &amp; Fritid<\/title>\n<meta name=\"robots\" content=\"index, follow, max-snippet:-1, max-image-preview:large, max-video-preview:-1\" \/>\n<link rel=\"canonical\" href=\"https:\/\/truusk.store\/sv\/produkt\/truusk-bordtennisbord-originalstorlek-hopfallbart-8-hjul-inklusive-racketar-och-bollar-gront-274-x-152-x-076-m\/\" \/>\n<meta property=\"og:locale\" content=\"sv_SE\" \/>\n<meta property=\"og:type\" content=\"article\" \/>\n<meta property=\"og:title\" content=\"TRUUSK Bordtennisbord - Originalstorlek - Hopf\u00e4llbart - 8 Hjul - Inklusive Racketar Och Bollar - Gr\u00f6nt - 2,74 x 1,52 x 0,76 M - TRUUSK - Hem, Tr\u00e4dg\u00e5rd &amp; Fritid\" \/>\n<meta property=\"og:description\" content=\"Bordtennisbordet i full storlek \u00e4r idealiskt f\u00f6r bordtennisproffs och amat\u00f6rer. Tack vare den multifunktionella designen kan den \u00e4ven anv\u00e4ndas f\u00f6r...\" \/>\n<meta property=\"og:url\" content=\"https:\/\/truusk.store\/sv\/produkt\/truusk-bordtennisbord-originalstorlek-hopfallbart-8-hjul-inklusive-racketar-och-bollar-gront-274-x-152-x-076-m\/\" \/>\n<meta property=\"og:site_name\" content=\"TRUUSK - Hem, Tr\u00e4dg\u00e5rd &amp; Fritid\" \/>\n<meta property=\"article:modified_time\" content=\"2026-03-12T08:18:40+00:00\" \/>\n<meta property=\"og:image\" content=\"https:\/\/i0.wp.com\/truusk.se\/wp-content\/uploads\/2024\/02\/bordtennisbord-i-originalstorlek-hopfallbart-8-hjul-inklusive-racketar-och-bollar-gront-274-x-152-x-076-m.webp?fit=800%2C800&ssl=1\" \/>\n\t<meta property=\"og:image:width\" content=\"800\" \/>\n\t<meta property=\"og:image:height\" content=\"800\" \/>\n\t<meta property=\"og:image:type\" content=\"image\/webp\" \/>\n<meta name=\"twitter:card\" content=\"summary_large_image\" \/>\n<meta name=\"twitter:label1\" content=\"Ber\u00e4knad l\u00e4stid\" \/>\n\t<meta name=\"twitter:data1\" content=\"1 minut\" \/>\n<!-- \/ Yoast SEO plugin. -->","yoast_head_json":{"title":"TRUUSK Bordtennisbord - Originalstorlek - Hopf\u00e4llbart - 8 Hjul - Inklusive Racketar Och Bollar - Gr\u00f6nt - 2,74 x 1,52 x 0,76 M - TRUUSK - Hem, Tr\u00e4dg\u00e5rd &amp; Fritid","robots":{"index":"index","follow":"follow","max-snippet":"max-snippet:-1","max-image-preview":"max-image-preview:large","max-video-preview":"max-video-preview:-1"},"canonical":"https:\/\/truusk.store\/sv\/produkt\/truusk-bordtennisbord-originalstorlek-hopfallbart-8-hjul-inklusive-racketar-och-bollar-gront-274-x-152-x-076-m\/","og_locale":"sv_SE","og_type":"article","og_title":"TRUUSK Bordtennisbord - Originalstorlek - Hopf\u00e4llbart - 8 Hjul - Inklusive Racketar Och Bollar - Gr\u00f6nt - 2,74 x 1,52 x 0,76 M - TRUUSK - Hem, Tr\u00e4dg\u00e5rd &amp; Fritid","og_description":"Bordtennisbordet i full storlek \u00e4r idealiskt f\u00f6r bordtennisproffs och amat\u00f6rer. Tack vare den multifunktionella designen kan den \u00e4ven anv\u00e4ndas f\u00f6r...","og_url":"https:\/\/truusk.store\/sv\/produkt\/truusk-bordtennisbord-originalstorlek-hopfallbart-8-hjul-inklusive-racketar-och-bollar-gront-274-x-152-x-076-m\/","og_site_name":"TRUUSK - Hem, Tr\u00e4dg\u00e5rd &amp; Fritid","article_modified_time":"2026-03-12T08:18:40+00:00","og_image":[{"width":800,"height":800,"url":"https:\/\/i0.wp.com\/truusk.se\/wp-content\/uploads\/2024\/02\/bordtennisbord-i-originalstorlek-hopfallbart-8-hjul-inklusive-racketar-och-bollar-gront-274-x-152-x-076-m.webp?fit=800%2C800&ssl=1","type":"image\/webp"}],"twitter_card":"summary_large_image","twitter_misc":{"Ber\u00e4knad l\u00e4stid":"1 minut"},"schema":{"@context":"https:\/\/schema.org","@graph":[{"@type":"WebPage","@id":"https:\/\/truusk.store\/sv\/produkt\/truusk-bordtennisbord-originalstorlek-hopfallbart-8-hjul-inklusive-racketar-och-bollar-gront-274-x-152-x-076-m\/","url":"https:\/\/truusk.store\/sv\/produkt\/truusk-bordtennisbord-originalstorlek-hopfallbart-8-hjul-inklusive-racketar-och-bollar-gront-274-x-152-x-076-m\/","name":"TRUUSK Bordtennisbord - Originalstorlek - Hopf\u00e4llbart - 8 Hjul - Inklusive Racketar Och Bollar - Gr\u00f6nt - 2,74 x 1,52 x 0,76 M - TRUUSK - Hem, Tr\u00e4dg\u00e5rd &amp; Fritid","isPartOf":{"@id":"https:\/\/truusk.store\/sv\/#website"},"primaryImageOfPage":{"@id":"https:\/\/truusk.store\/sv\/produkt\/truusk-bordtennisbord-originalstorlek-hopfallbart-8-hjul-inklusive-racketar-och-bollar-gront-274-x-152-x-076-m\/#primaryimage"},"image":{"@id":"https:\/\/truusk.store\/sv\/produkt\/truusk-bordtennisbord-originalstorlek-hopfallbart-8-hjul-inklusive-racketar-och-bollar-gront-274-x-152-x-076-m\/#primaryimage"},"thumbnailUrl":"https:\/\/i0.wp.com\/truusk.store\/wp-content\/uploads\/2024\/02\/bordtennisbord-i-originalstorlek-hopfallbart-8-hjul-inklusive-racketar-och-bollar-gront-274-x-152-x-076-m.webp?fit=800%2C800&ssl=1","datePublished":"2024-02-14T03:21:45+00:00","dateModified":"2026-03-12T08:18:40+00:00","breadcrumb":{"@id":"https:\/\/truusk.store\/sv\/produkt\/truusk-bordtennisbord-originalstorlek-hopfallbart-8-hjul-inklusive-racketar-och-bollar-gront-274-x-152-x-076-m\/#breadcrumb"},"inLanguage":"sv-SE","potentialAction":[{"@type":"ReadAction","target":["https:\/\/truusk.store\/sv\/produkt\/truusk-bordtennisbord-originalstorlek-hopfallbart-8-hjul-inklusive-racketar-och-bollar-gront-274-x-152-x-076-m\/"]}]},{"@type":"ImageObject","inLanguage":"sv-SE","@id":"https:\/\/truusk.store\/sv\/produkt\/truusk-bordtennisbord-originalstorlek-hopfallbart-8-hjul-inklusive-racketar-och-bollar-gront-274-x-152-x-076-m\/#primaryimage","url":"https:\/\/i0.wp.com\/truusk.store\/wp-content\/uploads\/2024\/02\/bordtennisbord-i-originalstorlek-hopfallbart-8-hjul-inklusive-racketar-och-bollar-gront-274-x-152-x-076-m.webp?fit=800%2C800&ssl=1","contentUrl":"https:\/\/i0.wp.com\/truusk.store\/wp-content\/uploads\/2024\/02\/bordtennisbord-i-originalstorlek-hopfallbart-8-hjul-inklusive-racketar-och-bollar-gront-274-x-152-x-076-m.webp?fit=800%2C800&ssl=1","width":800,"height":800,"caption":"Bordtennisbord, I Originalstorlek, Hopf\u00e4llbart, 8 Hjul, Inklusive Racketar Och Bollar, Gr\u00f6nt, 2,74 X 1,52 X 0,76 M 1"},{"@type":"BreadcrumbList","@id":"https:\/\/truusk.store\/sv\/produkt\/truusk-bordtennisbord-originalstorlek-hopfallbart-8-hjul-inklusive-racketar-och-bollar-gront-274-x-152-x-076-m\/#breadcrumb","itemListElement":[{"@type":"ListItem","position":1,"name":"Home","item":"https:\/\/truusk.store\/sv\/"},{"@type":"ListItem","position":2,"name":"Shop","item":"https:\/\/truusk.store\/shop\/"},{"@type":"ListItem","position":3,"name":"TRUUSK Bordtennisbord &#8211; Originalstorlek &#8211; Hopf\u00e4llbart &#8211; 8 Hjul &#8211; Inklusive Racketar Och Bollar &#8211; Gr\u00f6nt &#8211; 2,74 x 1,52 x 0,76 M"}]},{"@type":"WebSite","@id":"https:\/\/truusk.store\/sv\/#website","url":"https:\/\/truusk.store\/sv\/","name":"TRUUSK - Hem, Tr\u00e4dg\u00e5rd & Fritid","description":"","publisher":{"@id":"https:\/\/truusk.store\/sv\/#organization"},"potentialAction":[{"@type":"SearchAction","target":{"@type":"EntryPoint","urlTemplate":"https:\/\/truusk.store\/sv\/?s={search_term_string}"},"query-input":{"@type":"PropertyValueSpecification","valueRequired":true,"valueName":"search_term_string"}}],"inLanguage":"sv-SE"},{"@type":"Organization","@id":"https:\/\/truusk.store\/sv\/#organization","name":"TRUUSK - Hem, Tr\u00e4dg\u00e5rd & Fritid","url":"https:\/\/truusk.store\/sv\/","logo":{"@type":"ImageObject","inLanguage":"sv-SE","@id":"https:\/\/truusk.store\/sv\/#\/schema\/logo\/image\/","url":"https:\/\/i0.wp.com\/truusk.store\/wp-content\/uploads\/2026\/03\/cropped-TRUUSK.png?fit=2032%2C917&ssl=1","contentUrl":"https:\/\/i0.wp.com\/truusk.store\/wp-content\/uploads\/2026\/03\/cropped-TRUUSK.png?fit=2032%2C917&ssl=1","width":2032,"height":917,"caption":"TRUUSK - Hem, Tr\u00e4dg\u00e5rd & Fritid"},"image":{"@id":"https:\/\/truusk.store\/sv\/#\/schema\/logo\/image\/"}}]}},"jetpack_sharing_enabled":true,"_links":{"self":[{"href":"https:\/\/truusk.store\/sv\/wp-json\/wp\/v2\/product\/43117","targetHints":{"allow":["GET"]}}],"collection":[{"href":"https:\/\/truusk.store\/sv\/wp-json\/wp\/v2\/product"}],"about":[{"href":"https:\/\/truusk.store\/sv\/wp-json\/wp\/v2\/types\/product"}],"wp:featuredmedia":[{"embeddable":true,"href":"https:\/\/truusk.store\/sv\/wp-json\/wp\/v2\/media\/43118"}],"wp:attachment":[{"href":"https:\/\/truusk.store\/sv\/wp-json\/wp\/v2\/media?parent=43117"}],"wp:term":[{"taxonomy":"product_brand","embeddable":true,"href":"https:\/\/truusk.store\/sv\/wp-json\/wp\/v2\/product_brand?post=43117"},{"taxonomy":"product_cat","embeddable":true,"href":"https:\/\/truusk.store\/sv\/wp-json\/wp\/v2\/product_cat?post=43117"},{"taxonomy":"product_tag","embeddable":true,"href":"https:\/\/truusk.store\/sv\/wp-json\/wp\/v2\/product_tag?post=43117"}],"curies":[{"name":"wp","href":"https:\/\/api.w.org\/{rel}","templated":true}]}}