{"id":43159,"date":"2024-02-14T04:23:16","date_gmt":"2024-02-14T03:23:16","guid":{"rendered":"https:\/\/truusk.store\/product\/hogtryckstvatt-5-st-tillbehor-justerbart-sprutmunstycke-150-bar-tryck-1800-w-max-510-l-h-2-hjul-35x27x78cm\/"},"modified":"2026-03-12T09:18:42","modified_gmt":"2026-03-12T08:18:42","slug":"truusk-hogtryckstvatt-5-st-tillbehor-justerbart-sprutmunstycke-150-bar-tryck-1800-w-max-510-l-h-2-hjul-35x27x78cm","status":"publish","type":"product","link":"https:\/\/truusk.store\/sv\/produkt\/truusk-hogtryckstvatt-5-st-tillbehor-justerbart-sprutmunstycke-150-bar-tryck-1800-w-max-510-l-h-2-hjul-35x27x78cm\/","title":{"rendered":"TRUUSK H\u00f6gtryckstv\u00e4tt &#8211; 5 St. Tillbeh\u00f6r &#8211; Justerbart Sprutmunstycke &#8211; 150 Bar Tryck &#8211; 1800 W &#8211; Max 510 L\/h &#8211; 2 Hjul &#8211; 35x27x78cm"},"content":{"rendered":"<p>Ser huset gammalt ut fr\u00e5n utsidan? Bilarna \u00e4r fulla av lera och insekter? Ta d\u00e5 en titt p\u00e5 denna b\u00e4rbara h\u00f6gtryckstv\u00e4tt. St\u00e4daren klarar m\u00e5nga uppgifter med h\u00f6g prestanda: Med en 1800 watts motor, ett h\u00f6gt tryck p\u00e5 150 bar och ett fl\u00f6de p\u00e5 510 liter i timmen \u00e4r det l\u00e4tt att ta bort \u00e4ven envisa fl\u00e4ckar. Slangen \u00e4r 6 meter l\u00e5ng, str\u00f6mkabeln \u00e4r 5 meter. Tack vare hjulen kan enheten enkelt flyttas runt i tr\u00e4dg\u00e5rden.<\/p>\n<h3>Beskrivning:<\/h3>\n<ul>\n<li>Munstycksvinkel justerbar fr\u00e5n 0 till 75<\/li>\n<li>Automatiskt start-stopp n\u00e4r du drar och sl\u00e4pper avtryckaren<\/li>\n<li>H\u00e5llare f\u00f6r sprutmunstycke, slang och str\u00f6mkabel s\u00e4kerst\u00e4ller ordning och reda<\/li>\n<li>Handtaget har l\u00e4mplig h\u00f6jd och \u00e4r anpassat efter handens form<\/li>\n<li>Handtaget och h\u00e5llaren f\u00f6r sprutpistolen \u00e4r avtagbara f\u00f6r att f\u00e5 en mer kompakt form<\/li>\n<li>L\u00e4mplig f\u00f6r fordon, ytterv\u00e4ggar, altangolv, tr\u00e4dg\u00e5rdsm\u00f6bler, tr\u00e4dg\u00e5rdsstaket och mycket mer<\/li>\n<li>Enkel montering kr\u00e4vs<\/li>\n<\/ul>\n<h3>Teknisk data:<\/h3>\n<ul>\n<li>F\u00e4rg: Bl\u00e5+svart<\/li>\n<li>Material: PP, koppar, aluminium<\/li>\n<li>\u00d6vergripande m\u00e5tt: 35L x 27W x 78H cm<\/li>\n<li>Slangl\u00e4ngd: 6 m<\/li>\n<li>N\u00e4tsladdl\u00e4ngd: 5 m<\/li>\n<li>M\u00e4rksp\u00e4nning: 220-240V<\/li>\n<li>M\u00e4rkfrekvens: 50\/60 Hz<\/li>\n<li>M\u00e4rkeffekt: 1800W<\/li>\n<li>Nominellt tryck: 100 bar<\/li>\n<li>Max tryck: 150 bar<\/li>\n<li>Skydd mot intr\u00e5ng: IPX5<\/li>\n<li>Nominellt fl\u00f6de: 360 L\/h<\/li>\n<li>Maxfl\u00f6de: 510 L\/h<\/li>\n<\/ul>\n<h3>Leveransens omfattning:<\/h3>\n<ul>\n<li>1 x h\u00f6gtryckstv\u00e4tt<\/li>\n<li>1 x sprutpistol<\/li>\n<li>1 x r\u00f6r<\/li>\n<li>1 x slang<\/li>\n<li>1 x Anslutningsadapter<\/li>\n<li>1 x skumflaska<\/li>\n<li>1 x munstycke<\/li>\n<li>1 x munstycksreng\u00f6rare<\/li>\n<li>1 x Instruktioner<\/li>\n<\/ul>\n","protected":false},"excerpt":{"rendered":"<p>Ser huset gammalt ut fr\u00e5n utsidan? Bilarna \u00e4r fulla av lera och insekter? Ta d\u00e5 en titt p\u00e5 denna b\u00e4rbara&#8230;<\/p>\n","protected":false},"featured_media":43160,"template":"","meta":[],"product_brand":[],"product_cat":[671,685,687],"product_tag":[],"class_list":{"0":"post-43159","1":"product","2":"type-product","3":"status-publish","4":"has-post-thumbnail","6":"product_cat-jarnaffar","7":"product_cat-stadning-bestallning","8":"product_cat-stadutrustning","10":"first","11":"instock","12":"sale","13":"taxable","14":"shipping-taxable","15":"purchasable","16":"product-type-simple"},"yoast_head":"<!-- This site is optimized with the Yoast SEO plugin v25.4 - https:\/\/yoast.com\/wordpress\/plugins\/seo\/ -->\n<title>TRUUSK H\u00f6gtryckstv\u00e4tt - 5 St. Tillbeh\u00f6r - Justerbart Sprutmunstycke - 150 Bar Tryck - 1800 W - Max 510 L\/h - 2 Hjul - 35x27x78cm - TRUUSK - Hem, Tr\u00e4dg\u00e5rd &amp; Fritid<\/title>\n<meta name=\"robots\" content=\"index, follow, max-snippet:-1, max-image-preview:large, max-video-preview:-1\" \/>\n<link rel=\"canonical\" href=\"https:\/\/truusk.store\/sv\/produkt\/truusk-hogtryckstvatt-5-st-tillbehor-justerbart-sprutmunstycke-150-bar-tryck-1800-w-max-510-l-h-2-hjul-35x27x78cm\/\" \/>\n<meta property=\"og:locale\" content=\"sv_SE\" \/>\n<meta property=\"og:type\" content=\"article\" \/>\n<meta property=\"og:title\" content=\"TRUUSK H\u00f6gtryckstv\u00e4tt - 5 St. Tillbeh\u00f6r - Justerbart Sprutmunstycke - 150 Bar Tryck - 1800 W - Max 510 L\/h - 2 Hjul - 35x27x78cm - TRUUSK - Hem, Tr\u00e4dg\u00e5rd &amp; Fritid\" \/>\n<meta property=\"og:description\" content=\"Ser huset gammalt ut fr\u00e5n utsidan? Bilarna \u00e4r fulla av lera och insekter? Ta d\u00e5 en titt p\u00e5 denna b\u00e4rbara...\" \/>\n<meta property=\"og:url\" content=\"https:\/\/truusk.store\/sv\/produkt\/truusk-hogtryckstvatt-5-st-tillbehor-justerbart-sprutmunstycke-150-bar-tryck-1800-w-max-510-l-h-2-hjul-35x27x78cm\/\" \/>\n<meta property=\"og:site_name\" content=\"TRUUSK - Hem, Tr\u00e4dg\u00e5rd &amp; Fritid\" \/>\n<meta property=\"article:modified_time\" content=\"2026-03-12T08:18:42+00:00\" \/>\n<meta property=\"og:image\" content=\"https:\/\/i0.wp.com\/truusk.se\/wp-content\/uploads\/2024\/02\/hogtryckstvatt-5-st-tillbehor-justerbart-sprutmunstycke-150-bar-tryck-1800-w-max-510-l-h-2-hjul-35x27x78cm.webp?fit=800%2C800&ssl=1\" \/>\n\t<meta property=\"og:image:width\" content=\"800\" \/>\n\t<meta property=\"og:image:height\" content=\"800\" \/>\n\t<meta property=\"og:image:type\" content=\"image\/webp\" \/>\n<meta name=\"twitter:card\" content=\"summary_large_image\" \/>\n<meta name=\"twitter:label1\" content=\"Ber\u00e4knad l\u00e4stid\" \/>\n\t<meta name=\"twitter:data1\" content=\"1 minut\" \/>\n<!-- \/ Yoast SEO plugin. -->","yoast_head_json":{"title":"TRUUSK H\u00f6gtryckstv\u00e4tt - 5 St. Tillbeh\u00f6r - Justerbart Sprutmunstycke - 150 Bar Tryck - 1800 W - Max 510 L\/h - 2 Hjul - 35x27x78cm - TRUUSK - Hem, Tr\u00e4dg\u00e5rd &amp; Fritid","robots":{"index":"index","follow":"follow","max-snippet":"max-snippet:-1","max-image-preview":"max-image-preview:large","max-video-preview":"max-video-preview:-1"},"canonical":"https:\/\/truusk.store\/sv\/produkt\/truusk-hogtryckstvatt-5-st-tillbehor-justerbart-sprutmunstycke-150-bar-tryck-1800-w-max-510-l-h-2-hjul-35x27x78cm\/","og_locale":"sv_SE","og_type":"article","og_title":"TRUUSK H\u00f6gtryckstv\u00e4tt - 5 St. Tillbeh\u00f6r - Justerbart Sprutmunstycke - 150 Bar Tryck - 1800 W - Max 510 L\/h - 2 Hjul - 35x27x78cm - TRUUSK - Hem, Tr\u00e4dg\u00e5rd &amp; Fritid","og_description":"Ser huset gammalt ut fr\u00e5n utsidan? Bilarna \u00e4r fulla av lera och insekter? Ta d\u00e5 en titt p\u00e5 denna b\u00e4rbara...","og_url":"https:\/\/truusk.store\/sv\/produkt\/truusk-hogtryckstvatt-5-st-tillbehor-justerbart-sprutmunstycke-150-bar-tryck-1800-w-max-510-l-h-2-hjul-35x27x78cm\/","og_site_name":"TRUUSK - Hem, Tr\u00e4dg\u00e5rd &amp; Fritid","article_modified_time":"2026-03-12T08:18:42+00:00","og_image":[{"width":800,"height":800,"url":"https:\/\/i0.wp.com\/truusk.se\/wp-content\/uploads\/2024\/02\/hogtryckstvatt-5-st-tillbehor-justerbart-sprutmunstycke-150-bar-tryck-1800-w-max-510-l-h-2-hjul-35x27x78cm.webp?fit=800%2C800&ssl=1","type":"image\/webp"}],"twitter_card":"summary_large_image","twitter_misc":{"Ber\u00e4knad l\u00e4stid":"1 minut"},"schema":{"@context":"https:\/\/schema.org","@graph":[{"@type":"WebPage","@id":"https:\/\/truusk.store\/sv\/produkt\/truusk-hogtryckstvatt-5-st-tillbehor-justerbart-sprutmunstycke-150-bar-tryck-1800-w-max-510-l-h-2-hjul-35x27x78cm\/","url":"https:\/\/truusk.store\/sv\/produkt\/truusk-hogtryckstvatt-5-st-tillbehor-justerbart-sprutmunstycke-150-bar-tryck-1800-w-max-510-l-h-2-hjul-35x27x78cm\/","name":"TRUUSK H\u00f6gtryckstv\u00e4tt - 5 St. Tillbeh\u00f6r - Justerbart Sprutmunstycke - 150 Bar Tryck - 1800 W - Max 510 L\/h - 2 Hjul - 35x27x78cm - TRUUSK - Hem, Tr\u00e4dg\u00e5rd &amp; Fritid","isPartOf":{"@id":"https:\/\/truusk.store\/sv\/#website"},"primaryImageOfPage":{"@id":"https:\/\/truusk.store\/sv\/produkt\/truusk-hogtryckstvatt-5-st-tillbehor-justerbart-sprutmunstycke-150-bar-tryck-1800-w-max-510-l-h-2-hjul-35x27x78cm\/#primaryimage"},"image":{"@id":"https:\/\/truusk.store\/sv\/produkt\/truusk-hogtryckstvatt-5-st-tillbehor-justerbart-sprutmunstycke-150-bar-tryck-1800-w-max-510-l-h-2-hjul-35x27x78cm\/#primaryimage"},"thumbnailUrl":"https:\/\/i0.wp.com\/truusk.store\/wp-content\/uploads\/2024\/02\/hogtryckstvatt-5-st-tillbehor-justerbart-sprutmunstycke-150-bar-tryck-1800-w-max-510-l-h-2-hjul-35x27x78cm.webp?fit=800%2C800&ssl=1","datePublished":"2024-02-14T03:23:16+00:00","dateModified":"2026-03-12T08:18:42+00:00","breadcrumb":{"@id":"https:\/\/truusk.store\/sv\/produkt\/truusk-hogtryckstvatt-5-st-tillbehor-justerbart-sprutmunstycke-150-bar-tryck-1800-w-max-510-l-h-2-hjul-35x27x78cm\/#breadcrumb"},"inLanguage":"sv-SE","potentialAction":[{"@type":"ReadAction","target":["https:\/\/truusk.store\/sv\/produkt\/truusk-hogtryckstvatt-5-st-tillbehor-justerbart-sprutmunstycke-150-bar-tryck-1800-w-max-510-l-h-2-hjul-35x27x78cm\/"]}]},{"@type":"ImageObject","inLanguage":"sv-SE","@id":"https:\/\/truusk.store\/sv\/produkt\/truusk-hogtryckstvatt-5-st-tillbehor-justerbart-sprutmunstycke-150-bar-tryck-1800-w-max-510-l-h-2-hjul-35x27x78cm\/#primaryimage","url":"https:\/\/i0.wp.com\/truusk.store\/wp-content\/uploads\/2024\/02\/hogtryckstvatt-5-st-tillbehor-justerbart-sprutmunstycke-150-bar-tryck-1800-w-max-510-l-h-2-hjul-35x27x78cm.webp?fit=800%2C800&ssl=1","contentUrl":"https:\/\/i0.wp.com\/truusk.store\/wp-content\/uploads\/2024\/02\/hogtryckstvatt-5-st-tillbehor-justerbart-sprutmunstycke-150-bar-tryck-1800-w-max-510-l-h-2-hjul-35x27x78cm.webp?fit=800%2C800&ssl=1","width":800,"height":800,"caption":"H\u00f6gtryckstv\u00e4tt, 5 St. Tillbeh\u00f6r, Justerbart Sprutmunstycke, 150 Bar Tryck, 1800 W, Max 510 L\/h, 2 Hjul, 35x27x78cm 1"},{"@type":"BreadcrumbList","@id":"https:\/\/truusk.store\/sv\/produkt\/truusk-hogtryckstvatt-5-st-tillbehor-justerbart-sprutmunstycke-150-bar-tryck-1800-w-max-510-l-h-2-hjul-35x27x78cm\/#breadcrumb","itemListElement":[{"@type":"ListItem","position":1,"name":"Home","item":"https:\/\/truusk.store\/sv\/"},{"@type":"ListItem","position":2,"name":"Shop","item":"https:\/\/truusk.store\/shop\/"},{"@type":"ListItem","position":3,"name":"TRUUSK H\u00f6gtryckstv\u00e4tt &#8211; 5 St. Tillbeh\u00f6r &#8211; Justerbart Sprutmunstycke &#8211; 150 Bar Tryck &#8211; 1800 W &#8211; Max 510 L\/h &#8211; 2 Hjul &#8211; 35x27x78cm"}]},{"@type":"WebSite","@id":"https:\/\/truusk.store\/sv\/#website","url":"https:\/\/truusk.store\/sv\/","name":"TRUUSK - Hem, Tr\u00e4dg\u00e5rd & Fritid","description":"","publisher":{"@id":"https:\/\/truusk.store\/sv\/#organization"},"potentialAction":[{"@type":"SearchAction","target":{"@type":"EntryPoint","urlTemplate":"https:\/\/truusk.store\/sv\/?s={search_term_string}"},"query-input":{"@type":"PropertyValueSpecification","valueRequired":true,"valueName":"search_term_string"}}],"inLanguage":"sv-SE"},{"@type":"Organization","@id":"https:\/\/truusk.store\/sv\/#organization","name":"TRUUSK - Hem, Tr\u00e4dg\u00e5rd & Fritid","url":"https:\/\/truusk.store\/sv\/","logo":{"@type":"ImageObject","inLanguage":"sv-SE","@id":"https:\/\/truusk.store\/sv\/#\/schema\/logo\/image\/","url":"https:\/\/i0.wp.com\/truusk.store\/wp-content\/uploads\/2026\/03\/cropped-TRUUSK.png?fit=2032%2C917&ssl=1","contentUrl":"https:\/\/i0.wp.com\/truusk.store\/wp-content\/uploads\/2026\/03\/cropped-TRUUSK.png?fit=2032%2C917&ssl=1","width":2032,"height":917,"caption":"TRUUSK - Hem, Tr\u00e4dg\u00e5rd & Fritid"},"image":{"@id":"https:\/\/truusk.store\/sv\/#\/schema\/logo\/image\/"}}]}},"jetpack_sharing_enabled":true,"_links":{"self":[{"href":"https:\/\/truusk.store\/sv\/wp-json\/wp\/v2\/product\/43159","targetHints":{"allow":["GET"]}}],"collection":[{"href":"https:\/\/truusk.store\/sv\/wp-json\/wp\/v2\/product"}],"about":[{"href":"https:\/\/truusk.store\/sv\/wp-json\/wp\/v2\/types\/product"}],"wp:featuredmedia":[{"embeddable":true,"href":"https:\/\/truusk.store\/sv\/wp-json\/wp\/v2\/media\/43160"}],"wp:attachment":[{"href":"https:\/\/truusk.store\/sv\/wp-json\/wp\/v2\/media?parent=43159"}],"wp:term":[{"taxonomy":"product_brand","embeddable":true,"href":"https:\/\/truusk.store\/sv\/wp-json\/wp\/v2\/product_brand?post=43159"},{"taxonomy":"product_cat","embeddable":true,"href":"https:\/\/truusk.store\/sv\/wp-json\/wp\/v2\/product_cat?post=43159"},{"taxonomy":"product_tag","embeddable":true,"href":"https:\/\/truusk.store\/sv\/wp-json\/wp\/v2\/product_tag?post=43159"}],"curies":[{"name":"wp","href":"https:\/\/api.w.org\/{rel}","templated":true}]}}