{"id":43169,"date":"2024-02-14T04:23:40","date_gmt":"2024-02-14T03:23:40","guid":{"rendered":"https:\/\/truusk.store\/product\/barn-gokart-med-pedaler-justerbar-sits-inomhus-och-utomhus-fran-5-ar-bla-svart-121-x-58-x-61-cm\/"},"modified":"2026-03-12T09:18:42","modified_gmt":"2026-03-12T08:18:42","slug":"truusk-pedalbil-for-barn-justerbar-sits-inomhus-och-utomhus-fran-5-ar-bla-svart-121-x-58-x-61-cm","status":"publish","type":"product","link":"https:\/\/truusk.store\/sv\/produkt\/truusk-pedalbil-for-barn-justerbar-sits-inomhus-och-utomhus-fran-5-ar-bla-svart-121-x-58-x-61-cm\/","title":{"rendered":"TRUUSK Pedalbil f\u00f6r barn &#8211; Justerbar sits &#8211; Inomhus och utomhus &#8211; Fr\u00e5n 5 \u00e5r &#8211; Bl\u00e5 + Svart &#8211; 121 x 58 x 61 cm"},"content":{"rendered":"<p>Barn som \u00e5ker den fantastiska gokarten vill aldrig komma ut! De unga f\u00f6rarna kontrollerar hastigheten genom att trampa och kommer att bli f\u00f6rv\u00e5nade \u00f6ver den snabba responsen och den exakta kontrollen. Den ergonomiska sitsen \u00e4r justerbar, vilket s\u00e4kerst\u00e4ller en bekv\u00e4m och s\u00e4ker sittst\u00e4llning. Trampbilen kan anv\u00e4ndas b\u00e5de inomhus och utomhus och hj\u00e4lper till att f\u00f6rb\u00e4ttra koordination och styrka.<\/p>\n<h3>Beskrivning:<\/h3>\n<ul>\n<li>Gokart uppbl\u00e5sbara gummihjul med fj\u00e4dringssystem<\/li>\n<li>3-v\u00e4gs justerbart s\u00e4tesskal p\u00e5 barnfordonet<\/li>\n<li>Metallram och robust plasth\u00f6lje<\/li>\n<li>Praktisk handbroms och backning med pedalerna<\/li>\n<li>L\u00e4mplig f\u00f6r olika underlag inklusive cement, kullersten och asfaltv\u00e4gar<\/li>\n<li>Drivs av pedalkraft, inget batteri<\/li>\n<li>Montering kr\u00e4vs<\/li>\n<\/ul>\n<h3>Teknisk data:<\/h3>\n<ul>\n<li>F\u00e4rg: Gr\u00f6n+svart<\/li>\n<li>Material: plast, metall<\/li>\n<li>\u00d6vergripande m\u00e5tt: 121L x 58W x 61H cm<\/li>\n<li>Sitsm\u00e5tt: 35W x 28D x 35H cm<\/li>\n<li>Ryggst\u00f6dsm\u00e5tt: 33W x 30H cm<\/li>\n<li>Radma: 28 cm<\/li>\n<li>Lastkapacitet: 50 kg<\/li>\n<li>Certifierad \u00e5lder f\u00f6r anv\u00e4ndare: fr\u00e5n 5 \u00e5r<\/li>\n<li>rekommenderad \u00e5lder: 5-12 \u00e5r<\/li>\n<li>OBS: L\u00e4mna aldrig dina barn utan uppsikt n\u00e4r du k\u00f6r<\/li>\n<\/ul>\n<h3>Leveransens omfattning:<\/h3>\n<ul>\n<li>1 x barn gokart<\/li>\n<li>1 x manuell<\/li>\n<\/ul>\n","protected":false},"excerpt":{"rendered":"<p>Barn som \u00e5ker den fantastiska gokarten vill aldrig komma ut! De unga f\u00f6rarna kontrollerar hastigheten genom att trampa och kommer&#8230;<\/p>\n","protected":false},"featured_media":43170,"template":"","meta":[],"product_brand":[],"product_cat":[609,610,614],"product_tag":[],"class_list":{"0":"post-43169","1":"product","2":"type-product","3":"status-publish","4":"has-post-thumbnail","6":"product_cat-baby-barn","7":"product_cat-barnfordon","8":"product_cat-gokart-och-trampfordon","10":"first","11":"instock","12":"sale","13":"taxable","14":"shipping-taxable","15":"purchasable","16":"product-type-simple"},"yoast_head":"<!-- This site is optimized with the Yoast SEO plugin v25.4 - https:\/\/yoast.com\/wordpress\/plugins\/seo\/ -->\n<title>TRUUSK Pedalbil f\u00f6r barn - Justerbar sits - Inomhus och utomhus - Fr\u00e5n 5 \u00e5r - Bl\u00e5 + Svart - 121 x 58 x 61 cm - TRUUSK - Hem, Tr\u00e4dg\u00e5rd &amp; Fritid<\/title>\n<meta name=\"robots\" content=\"index, follow, max-snippet:-1, max-image-preview:large, max-video-preview:-1\" \/>\n<link rel=\"canonical\" href=\"https:\/\/truusk.store\/sv\/produkt\/truusk-pedalbil-for-barn-justerbar-sits-inomhus-och-utomhus-fran-5-ar-bla-svart-121-x-58-x-61-cm\/\" \/>\n<meta property=\"og:locale\" content=\"sv_SE\" \/>\n<meta property=\"og:type\" content=\"article\" \/>\n<meta property=\"og:title\" content=\"TRUUSK Pedalbil f\u00f6r barn - Justerbar sits - Inomhus och utomhus - Fr\u00e5n 5 \u00e5r - Bl\u00e5 + Svart - 121 x 58 x 61 cm - TRUUSK - Hem, Tr\u00e4dg\u00e5rd &amp; Fritid\" \/>\n<meta property=\"og:description\" content=\"Barn som \u00e5ker den fantastiska gokarten vill aldrig komma ut! De unga f\u00f6rarna kontrollerar hastigheten genom att trampa och kommer...\" \/>\n<meta property=\"og:url\" content=\"https:\/\/truusk.store\/sv\/produkt\/truusk-pedalbil-for-barn-justerbar-sits-inomhus-och-utomhus-fran-5-ar-bla-svart-121-x-58-x-61-cm\/\" \/>\n<meta property=\"og:site_name\" content=\"TRUUSK - Hem, Tr\u00e4dg\u00e5rd &amp; Fritid\" \/>\n<meta property=\"article:modified_time\" content=\"2026-03-12T08:18:42+00:00\" \/>\n<meta property=\"og:image\" content=\"https:\/\/i0.wp.com\/truusk.se\/wp-content\/uploads\/2024\/02\/barn-gokart-med-pedaler-justerbar-sits-inomhus-och-utomhus-fran-5-ar-bla-svart-121-x-58-x-61-cm.webp?fit=800%2C800&ssl=1\" \/>\n\t<meta property=\"og:image:width\" content=\"800\" \/>\n\t<meta property=\"og:image:height\" content=\"800\" \/>\n\t<meta property=\"og:image:type\" content=\"image\/webp\" \/>\n<meta name=\"twitter:card\" content=\"summary_large_image\" \/>\n<meta name=\"twitter:label1\" content=\"Ber\u00e4knad l\u00e4stid\" \/>\n\t<meta name=\"twitter:data1\" content=\"1 minut\" \/>\n<!-- \/ Yoast SEO plugin. -->","yoast_head_json":{"title":"TRUUSK Pedalbil f\u00f6r barn - Justerbar sits - Inomhus och utomhus - Fr\u00e5n 5 \u00e5r - Bl\u00e5 + Svart - 121 x 58 x 61 cm - TRUUSK - Hem, Tr\u00e4dg\u00e5rd &amp; Fritid","robots":{"index":"index","follow":"follow","max-snippet":"max-snippet:-1","max-image-preview":"max-image-preview:large","max-video-preview":"max-video-preview:-1"},"canonical":"https:\/\/truusk.store\/sv\/produkt\/truusk-pedalbil-for-barn-justerbar-sits-inomhus-och-utomhus-fran-5-ar-bla-svart-121-x-58-x-61-cm\/","og_locale":"sv_SE","og_type":"article","og_title":"TRUUSK Pedalbil f\u00f6r barn - Justerbar sits - Inomhus och utomhus - Fr\u00e5n 5 \u00e5r - Bl\u00e5 + Svart - 121 x 58 x 61 cm - TRUUSK - Hem, Tr\u00e4dg\u00e5rd &amp; Fritid","og_description":"Barn som \u00e5ker den fantastiska gokarten vill aldrig komma ut! De unga f\u00f6rarna kontrollerar hastigheten genom att trampa och kommer...","og_url":"https:\/\/truusk.store\/sv\/produkt\/truusk-pedalbil-for-barn-justerbar-sits-inomhus-och-utomhus-fran-5-ar-bla-svart-121-x-58-x-61-cm\/","og_site_name":"TRUUSK - Hem, Tr\u00e4dg\u00e5rd &amp; Fritid","article_modified_time":"2026-03-12T08:18:42+00:00","og_image":[{"width":800,"height":800,"url":"https:\/\/i0.wp.com\/truusk.se\/wp-content\/uploads\/2024\/02\/barn-gokart-med-pedaler-justerbar-sits-inomhus-och-utomhus-fran-5-ar-bla-svart-121-x-58-x-61-cm.webp?fit=800%2C800&ssl=1","type":"image\/webp"}],"twitter_card":"summary_large_image","twitter_misc":{"Ber\u00e4knad l\u00e4stid":"1 minut"},"schema":{"@context":"https:\/\/schema.org","@graph":[{"@type":"WebPage","@id":"https:\/\/truusk.store\/sv\/produkt\/truusk-pedalbil-for-barn-justerbar-sits-inomhus-och-utomhus-fran-5-ar-bla-svart-121-x-58-x-61-cm\/","url":"https:\/\/truusk.store\/sv\/produkt\/truusk-pedalbil-for-barn-justerbar-sits-inomhus-och-utomhus-fran-5-ar-bla-svart-121-x-58-x-61-cm\/","name":"TRUUSK Pedalbil f\u00f6r barn - Justerbar sits - Inomhus och utomhus - Fr\u00e5n 5 \u00e5r - Bl\u00e5 + Svart - 121 x 58 x 61 cm - TRUUSK - Hem, Tr\u00e4dg\u00e5rd &amp; Fritid","isPartOf":{"@id":"https:\/\/truusk.store\/sv\/#website"},"primaryImageOfPage":{"@id":"https:\/\/truusk.store\/sv\/produkt\/truusk-pedalbil-for-barn-justerbar-sits-inomhus-och-utomhus-fran-5-ar-bla-svart-121-x-58-x-61-cm\/#primaryimage"},"image":{"@id":"https:\/\/truusk.store\/sv\/produkt\/truusk-pedalbil-for-barn-justerbar-sits-inomhus-och-utomhus-fran-5-ar-bla-svart-121-x-58-x-61-cm\/#primaryimage"},"thumbnailUrl":"https:\/\/i0.wp.com\/truusk.store\/wp-content\/uploads\/2024\/02\/barn-gokart-med-pedaler-justerbar-sits-inomhus-och-utomhus-fran-5-ar-bla-svart-121-x-58-x-61-cm.webp?fit=800%2C800&ssl=1","datePublished":"2024-02-14T03:23:40+00:00","dateModified":"2026-03-12T08:18:42+00:00","breadcrumb":{"@id":"https:\/\/truusk.store\/sv\/produkt\/truusk-pedalbil-for-barn-justerbar-sits-inomhus-och-utomhus-fran-5-ar-bla-svart-121-x-58-x-61-cm\/#breadcrumb"},"inLanguage":"sv-SE","potentialAction":[{"@type":"ReadAction","target":["https:\/\/truusk.store\/sv\/produkt\/truusk-pedalbil-for-barn-justerbar-sits-inomhus-och-utomhus-fran-5-ar-bla-svart-121-x-58-x-61-cm\/"]}]},{"@type":"ImageObject","inLanguage":"sv-SE","@id":"https:\/\/truusk.store\/sv\/produkt\/truusk-pedalbil-for-barn-justerbar-sits-inomhus-och-utomhus-fran-5-ar-bla-svart-121-x-58-x-61-cm\/#primaryimage","url":"https:\/\/i0.wp.com\/truusk.store\/wp-content\/uploads\/2024\/02\/barn-gokart-med-pedaler-justerbar-sits-inomhus-och-utomhus-fran-5-ar-bla-svart-121-x-58-x-61-cm.webp?fit=800%2C800&ssl=1","contentUrl":"https:\/\/i0.wp.com\/truusk.store\/wp-content\/uploads\/2024\/02\/barn-gokart-med-pedaler-justerbar-sits-inomhus-och-utomhus-fran-5-ar-bla-svart-121-x-58-x-61-cm.webp?fit=800%2C800&ssl=1","width":800,"height":800,"caption":"Barn Gokart, Med Pedaler, Justerbar Sits, Inomhus Och Utomhus, Fr\u00e5n 5 \u00e5r, Bl\u00e5 + Svart, 121 X 58 X 61 Cm 1"},{"@type":"BreadcrumbList","@id":"https:\/\/truusk.store\/sv\/produkt\/truusk-pedalbil-for-barn-justerbar-sits-inomhus-och-utomhus-fran-5-ar-bla-svart-121-x-58-x-61-cm\/#breadcrumb","itemListElement":[{"@type":"ListItem","position":1,"name":"Home","item":"https:\/\/truusk.store\/sv\/"},{"@type":"ListItem","position":2,"name":"Shop","item":"https:\/\/truusk.store\/shop\/"},{"@type":"ListItem","position":3,"name":"TRUUSK Pedalbil f\u00f6r barn &#8211; Justerbar sits &#8211; Inomhus och utomhus &#8211; Fr\u00e5n 5 \u00e5r &#8211; Bl\u00e5 + Svart &#8211; 121 x 58 x 61 cm"}]},{"@type":"WebSite","@id":"https:\/\/truusk.store\/sv\/#website","url":"https:\/\/truusk.store\/sv\/","name":"TRUUSK - Hem, Tr\u00e4dg\u00e5rd & Fritid","description":"","publisher":{"@id":"https:\/\/truusk.store\/sv\/#organization"},"potentialAction":[{"@type":"SearchAction","target":{"@type":"EntryPoint","urlTemplate":"https:\/\/truusk.store\/sv\/?s={search_term_string}"},"query-input":{"@type":"PropertyValueSpecification","valueRequired":true,"valueName":"search_term_string"}}],"inLanguage":"sv-SE"},{"@type":"Organization","@id":"https:\/\/truusk.store\/sv\/#organization","name":"TRUUSK - Hem, Tr\u00e4dg\u00e5rd & Fritid","url":"https:\/\/truusk.store\/sv\/","logo":{"@type":"ImageObject","inLanguage":"sv-SE","@id":"https:\/\/truusk.store\/sv\/#\/schema\/logo\/image\/","url":"https:\/\/i0.wp.com\/truusk.store\/wp-content\/uploads\/2026\/03\/cropped-TRUUSK.png?fit=2032%2C917&ssl=1","contentUrl":"https:\/\/i0.wp.com\/truusk.store\/wp-content\/uploads\/2026\/03\/cropped-TRUUSK.png?fit=2032%2C917&ssl=1","width":2032,"height":917,"caption":"TRUUSK - Hem, Tr\u00e4dg\u00e5rd & Fritid"},"image":{"@id":"https:\/\/truusk.store\/sv\/#\/schema\/logo\/image\/"}}]}},"jetpack_sharing_enabled":true,"_links":{"self":[{"href":"https:\/\/truusk.store\/sv\/wp-json\/wp\/v2\/product\/43169","targetHints":{"allow":["GET"]}}],"collection":[{"href":"https:\/\/truusk.store\/sv\/wp-json\/wp\/v2\/product"}],"about":[{"href":"https:\/\/truusk.store\/sv\/wp-json\/wp\/v2\/types\/product"}],"wp:featuredmedia":[{"embeddable":true,"href":"https:\/\/truusk.store\/sv\/wp-json\/wp\/v2\/media\/43170"}],"wp:attachment":[{"href":"https:\/\/truusk.store\/sv\/wp-json\/wp\/v2\/media?parent=43169"}],"wp:term":[{"taxonomy":"product_brand","embeddable":true,"href":"https:\/\/truusk.store\/sv\/wp-json\/wp\/v2\/product_brand?post=43169"},{"taxonomy":"product_cat","embeddable":true,"href":"https:\/\/truusk.store\/sv\/wp-json\/wp\/v2\/product_cat?post=43169"},{"taxonomy":"product_tag","embeddable":true,"href":"https:\/\/truusk.store\/sv\/wp-json\/wp\/v2\/product_tag?post=43169"}],"curies":[{"name":"wp","href":"https:\/\/api.w.org\/{rel}","templated":true}]}}