{"id":43180,"date":"2024-02-14T04:24:04","date_gmt":"2024-02-14T03:24:04","guid":{"rendered":"https:\/\/truusk.store\/product\/hundkoja-med-veranda-gangjarnstak-fonster-justerbara-fotter-naturligt-tra-orange-855-x-62-x-60-cm\/"},"modified":"2026-03-12T09:18:43","modified_gmt":"2026-03-12T08:18:43","slug":"truusk-hundkoja-med-veranda-gangjarnstak-fonster-justerbara-fotter-naturligt-tra-orange-855-x-62-x-60-cm","status":"publish","type":"product","link":"https:\/\/truusk.store\/sv\/produkt\/truusk-hundkoja-med-veranda-gangjarnstak-fonster-justerbara-fotter-naturligt-tra-orange-855-x-62-x-60-cm\/","title":{"rendered":"TRUUSK Hundkoja med Veranda &#8211; G\u00e5ngj\u00e4rnstak &#8211; F\u00f6nster &#8211; Justerbara F\u00f6tter &#8211; Naturligt Tr\u00e4 &#8211; Orange &#8211; 85,5 x 62 x 60 cm"},"content":{"rendered":"<p>Hundhuset \u00e4r ett sant paradis f\u00f6r hundar. Den har en solig veranda och en skuggig interi\u00f6r. Du kan klappa din lilla och ge dem godsaker genom det \u00f6ppna taket. Din lurviga v\u00e4n kommer alltid att vara varm och torr, eftersom det v\u00e4derbest\u00e4ndiga h\u00f6ljet och det praktiska avst\u00e5ndet fr\u00e5n golvet skyddar dem fr\u00e5n kyla och regn. Hundhuset \u00e4r tillverkat av s\u00e4kra och s\u00e4rskilt djurv\u00e4nliga material.<\/p>\n<h3>Beskrivning:<\/h3>\n<ul>\n<li>Robust hundhus med t\u00e4ckt veranda<\/li>\n<li>V\u00e4derbest\u00e4ndig tack vare asfalttak och vattenavvisande f\u00e4rg<\/li>\n<li>G\u00e5ngj\u00e4rnstak f\u00f6r enkel reng\u00f6ring<\/li>\n<li>Markfrig\u00e5ng f\u00f6rhindrar fukt. Justerbara f\u00f6tter f\u00f6r ett s\u00e4kert stativ<\/li>\n<li>F\u00f6nster f\u00f6r utsikt utanf\u00f6r<\/li>\n<li>Ett attraktivt tillskott till tr\u00e4dg\u00e5rden, uteplatsen eller andra utomhusomr\u00e5den<\/li>\n<li>L\u00e4mplig f\u00f6r sm\u00e5 hundar upp till 8 kg<\/li>\n<li>Montering kr\u00e4vs<\/li>\n<\/ul>\n<h3>Teknisk data:<\/h3>\n<ul>\n<li>F\u00e4rg: Orange+Vit+Gr\u00f6n<\/li>\n<li>Material: gran<\/li>\n<li>\u00d6vergripande m\u00e5tt: 85,5L x 62W x 60H cm<\/li>\n<li>Husets inv\u00e4ndiga m\u00e5tt: 42L x 52W x 46H cm<\/li>\n<li>M\u00e5tt p\u00e5 veranda: 33L x 52W cm<\/li>\n<li>M\u00e5tt: 23W x 31H cm.<\/li>\n<li>F\u00f6nsterstorlek: 22W x 16H cm<\/li>\n<\/ul>\n<h3>Leveransens omfattning:<\/h3>\n<ul>\n<li>1 x hundhus<\/li>\n<li>1 x manuell<\/li>\n<\/ul>\n","protected":false},"excerpt":{"rendered":"<p>Hundhuset \u00e4r ett sant paradis f\u00f6r hundar. Den har en solig veranda och en skuggig interi\u00f6r. Du kan klappa din&#8230;<\/p>\n","protected":false},"featured_media":43181,"template":"","meta":[],"product_brand":[],"product_cat":[584,574,573],"product_tag":[],"class_list":{"0":"post-43180","1":"product","2":"type-product","3":"status-publish","4":"has-post-thumbnail","6":"product_cat-hundkojor","7":"product_cat-hundtillbehor","8":"product_cat-husdjursmaterial","10":"first","11":"instock","12":"sale","13":"taxable","14":"shipping-taxable","15":"purchasable","16":"product-type-simple"},"yoast_head":"<!-- This site is optimized with the Yoast SEO plugin v25.4 - https:\/\/yoast.com\/wordpress\/plugins\/seo\/ -->\n<title>TRUUSK Hundkoja med Veranda - G\u00e5ngj\u00e4rnstak - F\u00f6nster - Justerbara F\u00f6tter - Naturligt Tr\u00e4 - Orange - 85,5 x 62 x 60 cm - TRUUSK - Hem, Tr\u00e4dg\u00e5rd &amp; Fritid<\/title>\n<meta name=\"robots\" content=\"index, follow, max-snippet:-1, max-image-preview:large, max-video-preview:-1\" \/>\n<link rel=\"canonical\" href=\"https:\/\/truusk.store\/sv\/produkt\/truusk-hundkoja-med-veranda-gangjarnstak-fonster-justerbara-fotter-naturligt-tra-orange-855-x-62-x-60-cm\/\" \/>\n<meta property=\"og:locale\" content=\"sv_SE\" \/>\n<meta property=\"og:type\" content=\"article\" \/>\n<meta property=\"og:title\" content=\"TRUUSK Hundkoja med Veranda - G\u00e5ngj\u00e4rnstak - F\u00f6nster - Justerbara F\u00f6tter - Naturligt Tr\u00e4 - Orange - 85,5 x 62 x 60 cm - TRUUSK - Hem, Tr\u00e4dg\u00e5rd &amp; Fritid\" \/>\n<meta property=\"og:description\" content=\"Hundhuset \u00e4r ett sant paradis f\u00f6r hundar. Den har en solig veranda och en skuggig interi\u00f6r. Du kan klappa din...\" \/>\n<meta property=\"og:url\" content=\"https:\/\/truusk.store\/sv\/produkt\/truusk-hundkoja-med-veranda-gangjarnstak-fonster-justerbara-fotter-naturligt-tra-orange-855-x-62-x-60-cm\/\" \/>\n<meta property=\"og:site_name\" content=\"TRUUSK - Hem, Tr\u00e4dg\u00e5rd &amp; Fritid\" \/>\n<meta property=\"article:modified_time\" content=\"2026-03-12T08:18:43+00:00\" \/>\n<meta property=\"og:image\" content=\"https:\/\/i0.wp.com\/truusk.se\/wp-content\/uploads\/2024\/02\/hundkoja-med-veranda-gangjarnstak-fonster-justerbara-fotter-naturligt-tra-orange-855-x-62-x-60-cm.webp?fit=800%2C800&ssl=1\" \/>\n\t<meta property=\"og:image:width\" content=\"800\" \/>\n\t<meta property=\"og:image:height\" content=\"800\" \/>\n\t<meta property=\"og:image:type\" content=\"image\/webp\" \/>\n<meta name=\"twitter:card\" content=\"summary_large_image\" \/>\n<meta name=\"twitter:label1\" content=\"Ber\u00e4knad l\u00e4stid\" \/>\n\t<meta name=\"twitter:data1\" content=\"1 minut\" \/>\n<!-- \/ Yoast SEO plugin. -->","yoast_head_json":{"title":"TRUUSK Hundkoja med Veranda - G\u00e5ngj\u00e4rnstak - F\u00f6nster - Justerbara F\u00f6tter - Naturligt Tr\u00e4 - Orange - 85,5 x 62 x 60 cm - TRUUSK - Hem, Tr\u00e4dg\u00e5rd &amp; Fritid","robots":{"index":"index","follow":"follow","max-snippet":"max-snippet:-1","max-image-preview":"max-image-preview:large","max-video-preview":"max-video-preview:-1"},"canonical":"https:\/\/truusk.store\/sv\/produkt\/truusk-hundkoja-med-veranda-gangjarnstak-fonster-justerbara-fotter-naturligt-tra-orange-855-x-62-x-60-cm\/","og_locale":"sv_SE","og_type":"article","og_title":"TRUUSK Hundkoja med Veranda - G\u00e5ngj\u00e4rnstak - F\u00f6nster - Justerbara F\u00f6tter - Naturligt Tr\u00e4 - Orange - 85,5 x 62 x 60 cm - TRUUSK - Hem, Tr\u00e4dg\u00e5rd &amp; Fritid","og_description":"Hundhuset \u00e4r ett sant paradis f\u00f6r hundar. Den har en solig veranda och en skuggig interi\u00f6r. Du kan klappa din...","og_url":"https:\/\/truusk.store\/sv\/produkt\/truusk-hundkoja-med-veranda-gangjarnstak-fonster-justerbara-fotter-naturligt-tra-orange-855-x-62-x-60-cm\/","og_site_name":"TRUUSK - Hem, Tr\u00e4dg\u00e5rd &amp; Fritid","article_modified_time":"2026-03-12T08:18:43+00:00","og_image":[{"width":800,"height":800,"url":"https:\/\/i0.wp.com\/truusk.se\/wp-content\/uploads\/2024\/02\/hundkoja-med-veranda-gangjarnstak-fonster-justerbara-fotter-naturligt-tra-orange-855-x-62-x-60-cm.webp?fit=800%2C800&ssl=1","type":"image\/webp"}],"twitter_card":"summary_large_image","twitter_misc":{"Ber\u00e4knad l\u00e4stid":"1 minut"},"schema":{"@context":"https:\/\/schema.org","@graph":[{"@type":"WebPage","@id":"https:\/\/truusk.store\/sv\/produkt\/truusk-hundkoja-med-veranda-gangjarnstak-fonster-justerbara-fotter-naturligt-tra-orange-855-x-62-x-60-cm\/","url":"https:\/\/truusk.store\/sv\/produkt\/truusk-hundkoja-med-veranda-gangjarnstak-fonster-justerbara-fotter-naturligt-tra-orange-855-x-62-x-60-cm\/","name":"TRUUSK Hundkoja med Veranda - G\u00e5ngj\u00e4rnstak - F\u00f6nster - Justerbara F\u00f6tter - Naturligt Tr\u00e4 - Orange - 85,5 x 62 x 60 cm - TRUUSK - Hem, Tr\u00e4dg\u00e5rd &amp; Fritid","isPartOf":{"@id":"https:\/\/truusk.store\/sv\/#website"},"primaryImageOfPage":{"@id":"https:\/\/truusk.store\/sv\/produkt\/truusk-hundkoja-med-veranda-gangjarnstak-fonster-justerbara-fotter-naturligt-tra-orange-855-x-62-x-60-cm\/#primaryimage"},"image":{"@id":"https:\/\/truusk.store\/sv\/produkt\/truusk-hundkoja-med-veranda-gangjarnstak-fonster-justerbara-fotter-naturligt-tra-orange-855-x-62-x-60-cm\/#primaryimage"},"thumbnailUrl":"https:\/\/i0.wp.com\/truusk.store\/wp-content\/uploads\/2024\/02\/hundkoja-med-veranda-gangjarnstak-fonster-justerbara-fotter-naturligt-tra-orange-855-x-62-x-60-cm.webp?fit=800%2C800&ssl=1","datePublished":"2024-02-14T03:24:04+00:00","dateModified":"2026-03-12T08:18:43+00:00","breadcrumb":{"@id":"https:\/\/truusk.store\/sv\/produkt\/truusk-hundkoja-med-veranda-gangjarnstak-fonster-justerbara-fotter-naturligt-tra-orange-855-x-62-x-60-cm\/#breadcrumb"},"inLanguage":"sv-SE","potentialAction":[{"@type":"ReadAction","target":["https:\/\/truusk.store\/sv\/produkt\/truusk-hundkoja-med-veranda-gangjarnstak-fonster-justerbara-fotter-naturligt-tra-orange-855-x-62-x-60-cm\/"]}]},{"@type":"ImageObject","inLanguage":"sv-SE","@id":"https:\/\/truusk.store\/sv\/produkt\/truusk-hundkoja-med-veranda-gangjarnstak-fonster-justerbara-fotter-naturligt-tra-orange-855-x-62-x-60-cm\/#primaryimage","url":"https:\/\/i0.wp.com\/truusk.store\/wp-content\/uploads\/2024\/02\/hundkoja-med-veranda-gangjarnstak-fonster-justerbara-fotter-naturligt-tra-orange-855-x-62-x-60-cm.webp?fit=800%2C800&ssl=1","contentUrl":"https:\/\/i0.wp.com\/truusk.store\/wp-content\/uploads\/2024\/02\/hundkoja-med-veranda-gangjarnstak-fonster-justerbara-fotter-naturligt-tra-orange-855-x-62-x-60-cm.webp?fit=800%2C800&ssl=1","width":800,"height":800,"caption":"Hundkoja Med Veranda, G\u00e5ngj\u00e4rnstak, F\u00f6nster, Justerbara F\u00f6tter, Naturligt Tr\u00e4, Orange, 85,5 X 62 X 60 Cm 1"},{"@type":"BreadcrumbList","@id":"https:\/\/truusk.store\/sv\/produkt\/truusk-hundkoja-med-veranda-gangjarnstak-fonster-justerbara-fotter-naturligt-tra-orange-855-x-62-x-60-cm\/#breadcrumb","itemListElement":[{"@type":"ListItem","position":1,"name":"Home","item":"https:\/\/truusk.store\/sv\/"},{"@type":"ListItem","position":2,"name":"Shop","item":"https:\/\/truusk.store\/shop\/"},{"@type":"ListItem","position":3,"name":"TRUUSK Hundkoja med Veranda &#8211; G\u00e5ngj\u00e4rnstak &#8211; F\u00f6nster &#8211; Justerbara F\u00f6tter &#8211; Naturligt Tr\u00e4 &#8211; Orange &#8211; 85,5 x 62 x 60 cm"}]},{"@type":"WebSite","@id":"https:\/\/truusk.store\/sv\/#website","url":"https:\/\/truusk.store\/sv\/","name":"TRUUSK - Hem, Tr\u00e4dg\u00e5rd & Fritid","description":"","publisher":{"@id":"https:\/\/truusk.store\/sv\/#organization"},"potentialAction":[{"@type":"SearchAction","target":{"@type":"EntryPoint","urlTemplate":"https:\/\/truusk.store\/sv\/?s={search_term_string}"},"query-input":{"@type":"PropertyValueSpecification","valueRequired":true,"valueName":"search_term_string"}}],"inLanguage":"sv-SE"},{"@type":"Organization","@id":"https:\/\/truusk.store\/sv\/#organization","name":"TRUUSK - Hem, Tr\u00e4dg\u00e5rd & Fritid","url":"https:\/\/truusk.store\/sv\/","logo":{"@type":"ImageObject","inLanguage":"sv-SE","@id":"https:\/\/truusk.store\/sv\/#\/schema\/logo\/image\/","url":"https:\/\/i0.wp.com\/truusk.store\/wp-content\/uploads\/2026\/03\/cropped-TRUUSK.png?fit=2032%2C917&ssl=1","contentUrl":"https:\/\/i0.wp.com\/truusk.store\/wp-content\/uploads\/2026\/03\/cropped-TRUUSK.png?fit=2032%2C917&ssl=1","width":2032,"height":917,"caption":"TRUUSK - Hem, Tr\u00e4dg\u00e5rd & Fritid"},"image":{"@id":"https:\/\/truusk.store\/sv\/#\/schema\/logo\/image\/"}}]}},"jetpack_sharing_enabled":true,"_links":{"self":[{"href":"https:\/\/truusk.store\/sv\/wp-json\/wp\/v2\/product\/43180","targetHints":{"allow":["GET"]}}],"collection":[{"href":"https:\/\/truusk.store\/sv\/wp-json\/wp\/v2\/product"}],"about":[{"href":"https:\/\/truusk.store\/sv\/wp-json\/wp\/v2\/types\/product"}],"wp:featuredmedia":[{"embeddable":true,"href":"https:\/\/truusk.store\/sv\/wp-json\/wp\/v2\/media\/43181"}],"wp:attachment":[{"href":"https:\/\/truusk.store\/sv\/wp-json\/wp\/v2\/media?parent=43180"}],"wp:term":[{"taxonomy":"product_brand","embeddable":true,"href":"https:\/\/truusk.store\/sv\/wp-json\/wp\/v2\/product_brand?post=43180"},{"taxonomy":"product_cat","embeddable":true,"href":"https:\/\/truusk.store\/sv\/wp-json\/wp\/v2\/product_cat?post=43180"},{"taxonomy":"product_tag","embeddable":true,"href":"https:\/\/truusk.store\/sv\/wp-json\/wp\/v2\/product_tag?post=43180"}],"curies":[{"name":"wp","href":"https:\/\/api.w.org\/{rel}","templated":true}]}}