{"id":43298,"date":"2024-02-14T04:28:19","date_gmt":"2024-02-14T03:28:19","guid":{"rendered":"https:\/\/truusk.store\/product\/badrumsskap-badrumshylla-bambu-1-hylla-1-skap-33-cm-x365-cm-x67-cm-natur\/"},"modified":"2026-03-12T09:18:45","modified_gmt":"2026-03-12T08:18:45","slug":"truusk-badrumsskap-och-hylla-i-bambu-1-hylla-1-skap-33-cm-x-365-cm-x-67-cm-natur-organisera-ditt-badrum-nu","status":"publish","type":"product","link":"https:\/\/truusk.store\/sv\/produkt\/truusk-badrumsskap-och-hylla-i-bambu-1-hylla-1-skap-33-cm-x-365-cm-x-67-cm-natur-organisera-ditt-badrum-nu\/","title":{"rendered":"TRUUSK Badrumssk\u00e5p och Hylla i Bambu &#8211; 1 Hylla, 1 Sk\u00e5p &#8211; 33 cm x 36,5 cm x 67 cm &#8211; Natur &#8211; Organisera ditt Badrum Nu!"},"content":{"rendered":"<p>Beh\u00f6ver du mer f\u00f6rvaringsutrymme i ditt badrum? Badrumssk\u00e5pet \u00e4r l\u00f6sningen p\u00e5 dina utrymmesproblem. Detta sk\u00e5p erbjuder extra f\u00f6rvaringsutrymme utan att du beh\u00f6ver oroa dig f\u00f6r var du ska placera den. Tack vare sin kompakta storlek passar den perfekt i tr\u00e5nga h\u00f6rn som annars skulle f\u00f6rbli oanv\u00e4nda. F\u00f6rvara dina dagliga hygienprodukter, schampon eller handdukar i detta praktiska bambusk\u00e5p och ha alltid allt du beh\u00f6ver n\u00e4ra till hands.<\/p>\n<h3>Beskrivning:<\/h3>\n<ul>\n<li>Med sin moderna design och naturliga bambuf\u00e4rg passar den l\u00e4tt in i alla milj\u00f6er<\/li>\n<li>Har en hylla, hylla och sk\u00e5psfack, perfekt f\u00f6r att organisera handdukar och andra badrumsartiklar<\/li>\n<li>Tillverkad av naturlig bambu med m\u00e5lad yta, vattent\u00e4t och l\u00e4tt att reng\u00f6ra<\/li>\n<li>Lamelldesignen underl\u00e4ttar luftcirkulationen<\/li>\n<li>Utrustad med ett tippskyddssystem f\u00f6r s\u00e4kerhet och stabilitet<\/li>\n<li>Upph\u00f6jt golv f\u00f6rhindrar att dina f\u00f6rem\u00e5l blir bl\u00f6ta n\u00e4r det finns vatten p\u00e5 golvet och skyddar dem fr\u00e5n fukt<\/li>\n<li>Montering kr\u00e4vs<\/li>\n<\/ul>\n<h3>Teknisk data:<\/h3>\n<ul>\n<li>F\u00e4rg: naturligt tr\u00e4<\/li>\n<li>Material: Bambu<\/li>\n<li>Totala m\u00e5tt: 33L x 36,5W x 67H cm<\/li>\n<li>M\u00e5tt p\u00e5 \u00f6ppen hylla: 33L x 36,5W x 17,5H cm<\/li>\n<li>Innerm\u00e5tt p\u00e5 sk\u00e5pet: 28L x 33W x 36H cm<\/li>\n<li>Max belastning: 20 kg (totalt), 10 kg (sk\u00e5p) och 5 kg (hylla)<\/li>\n<\/ul>\n<h3>Leveransens omfattning:<\/h3>\n<ul>\n<li>1 x Badrumssk\u00e5p<\/li>\n<li>1 x bruksanvisning<\/li>\n<\/ul>\n","protected":false},"excerpt":{"rendered":"<p>Beh\u00f6ver du mer f\u00f6rvaringsutrymme i ditt badrum? Badrumssk\u00e5pet \u00e4r l\u00f6sningen p\u00e5 dina utrymmesproblem. Detta sk\u00e5p erbjuder extra f\u00f6rvaringsutrymme utan att&#8230;<\/p>\n","protected":false},"featured_media":43299,"template":"","meta":[],"product_brand":[],"product_cat":[549,485,547],"product_tag":[],"class_list":{"0":"post-43298","1":"product","2":"type-product","3":"status-publish","4":"has-post-thumbnail","6":"product_cat-badrumshyllor","7":"product_cat-hus-bo","8":"product_cat-hyllor","10":"first","11":"instock","12":"sale","13":"taxable","14":"shipping-taxable","15":"purchasable","16":"product-type-simple"},"yoast_head":"<!-- This site is optimized with the Yoast SEO plugin v25.4 - https:\/\/yoast.com\/wordpress\/plugins\/seo\/ -->\n<title>TRUUSK Badrumssk\u00e5p och Hylla i Bambu - 1 Hylla, 1 Sk\u00e5p - 33 cm x 36,5 cm x 67 cm - Natur - Organisera ditt Badrum Nu! - TRUUSK - Hem, Tr\u00e4dg\u00e5rd &amp; Fritid<\/title>\n<meta name=\"robots\" content=\"index, follow, max-snippet:-1, max-image-preview:large, max-video-preview:-1\" \/>\n<link rel=\"canonical\" href=\"https:\/\/truusk.store\/sv\/produkt\/truusk-badrumsskap-och-hylla-i-bambu-1-hylla-1-skap-33-cm-x-365-cm-x-67-cm-natur-organisera-ditt-badrum-nu\/\" \/>\n<meta property=\"og:locale\" content=\"sv_SE\" \/>\n<meta property=\"og:type\" content=\"article\" \/>\n<meta property=\"og:title\" content=\"TRUUSK Badrumssk\u00e5p och Hylla i Bambu - 1 Hylla, 1 Sk\u00e5p - 33 cm x 36,5 cm x 67 cm - Natur - Organisera ditt Badrum Nu! - TRUUSK - Hem, Tr\u00e4dg\u00e5rd &amp; Fritid\" \/>\n<meta property=\"og:description\" content=\"Beh\u00f6ver du mer f\u00f6rvaringsutrymme i ditt badrum? Badrumssk\u00e5pet \u00e4r l\u00f6sningen p\u00e5 dina utrymmesproblem. Detta sk\u00e5p erbjuder extra f\u00f6rvaringsutrymme utan att...\" \/>\n<meta property=\"og:url\" content=\"https:\/\/truusk.store\/sv\/produkt\/truusk-badrumsskap-och-hylla-i-bambu-1-hylla-1-skap-33-cm-x-365-cm-x-67-cm-natur-organisera-ditt-badrum-nu\/\" \/>\n<meta property=\"og:site_name\" content=\"TRUUSK - Hem, Tr\u00e4dg\u00e5rd &amp; Fritid\" \/>\n<meta property=\"article:modified_time\" content=\"2026-03-12T08:18:45+00:00\" \/>\n<meta property=\"og:image\" content=\"https:\/\/i0.wp.com\/truusk.se\/wp-content\/uploads\/2024\/02\/badrumsskap-badrumshylla-bambu-1-hylla-1-skap-33-cm-x365-cm-x67-cm-natur.webp?fit=800%2C800&ssl=1\" \/>\n\t<meta property=\"og:image:width\" content=\"800\" \/>\n\t<meta property=\"og:image:height\" content=\"800\" \/>\n\t<meta property=\"og:image:type\" content=\"image\/webp\" \/>\n<meta name=\"twitter:card\" content=\"summary_large_image\" \/>\n<meta name=\"twitter:label1\" content=\"Ber\u00e4knad l\u00e4stid\" \/>\n\t<meta name=\"twitter:data1\" content=\"1 minut\" \/>\n<!-- \/ Yoast SEO plugin. -->","yoast_head_json":{"title":"TRUUSK Badrumssk\u00e5p och Hylla i Bambu - 1 Hylla, 1 Sk\u00e5p - 33 cm x 36,5 cm x 67 cm - Natur - Organisera ditt Badrum Nu! - TRUUSK - Hem, Tr\u00e4dg\u00e5rd &amp; Fritid","robots":{"index":"index","follow":"follow","max-snippet":"max-snippet:-1","max-image-preview":"max-image-preview:large","max-video-preview":"max-video-preview:-1"},"canonical":"https:\/\/truusk.store\/sv\/produkt\/truusk-badrumsskap-och-hylla-i-bambu-1-hylla-1-skap-33-cm-x-365-cm-x-67-cm-natur-organisera-ditt-badrum-nu\/","og_locale":"sv_SE","og_type":"article","og_title":"TRUUSK Badrumssk\u00e5p och Hylla i Bambu - 1 Hylla, 1 Sk\u00e5p - 33 cm x 36,5 cm x 67 cm - Natur - Organisera ditt Badrum Nu! - TRUUSK - Hem, Tr\u00e4dg\u00e5rd &amp; Fritid","og_description":"Beh\u00f6ver du mer f\u00f6rvaringsutrymme i ditt badrum? Badrumssk\u00e5pet \u00e4r l\u00f6sningen p\u00e5 dina utrymmesproblem. Detta sk\u00e5p erbjuder extra f\u00f6rvaringsutrymme utan att...","og_url":"https:\/\/truusk.store\/sv\/produkt\/truusk-badrumsskap-och-hylla-i-bambu-1-hylla-1-skap-33-cm-x-365-cm-x-67-cm-natur-organisera-ditt-badrum-nu\/","og_site_name":"TRUUSK - Hem, Tr\u00e4dg\u00e5rd &amp; Fritid","article_modified_time":"2026-03-12T08:18:45+00:00","og_image":[{"width":800,"height":800,"url":"https:\/\/i0.wp.com\/truusk.se\/wp-content\/uploads\/2024\/02\/badrumsskap-badrumshylla-bambu-1-hylla-1-skap-33-cm-x365-cm-x67-cm-natur.webp?fit=800%2C800&ssl=1","type":"image\/webp"}],"twitter_card":"summary_large_image","twitter_misc":{"Ber\u00e4knad l\u00e4stid":"1 minut"},"schema":{"@context":"https:\/\/schema.org","@graph":[{"@type":"WebPage","@id":"https:\/\/truusk.store\/sv\/produkt\/truusk-badrumsskap-och-hylla-i-bambu-1-hylla-1-skap-33-cm-x-365-cm-x-67-cm-natur-organisera-ditt-badrum-nu\/","url":"https:\/\/truusk.store\/sv\/produkt\/truusk-badrumsskap-och-hylla-i-bambu-1-hylla-1-skap-33-cm-x-365-cm-x-67-cm-natur-organisera-ditt-badrum-nu\/","name":"TRUUSK Badrumssk\u00e5p och Hylla i Bambu - 1 Hylla, 1 Sk\u00e5p - 33 cm x 36,5 cm x 67 cm - Natur - Organisera ditt Badrum Nu! - TRUUSK - Hem, Tr\u00e4dg\u00e5rd &amp; Fritid","isPartOf":{"@id":"https:\/\/truusk.store\/sv\/#website"},"primaryImageOfPage":{"@id":"https:\/\/truusk.store\/sv\/produkt\/truusk-badrumsskap-och-hylla-i-bambu-1-hylla-1-skap-33-cm-x-365-cm-x-67-cm-natur-organisera-ditt-badrum-nu\/#primaryimage"},"image":{"@id":"https:\/\/truusk.store\/sv\/produkt\/truusk-badrumsskap-och-hylla-i-bambu-1-hylla-1-skap-33-cm-x-365-cm-x-67-cm-natur-organisera-ditt-badrum-nu\/#primaryimage"},"thumbnailUrl":"https:\/\/i0.wp.com\/truusk.store\/wp-content\/uploads\/2024\/02\/badrumsskap-badrumshylla-bambu-1-hylla-1-skap-33-cm-x365-cm-x67-cm-natur.webp?fit=800%2C800&ssl=1","datePublished":"2024-02-14T03:28:19+00:00","dateModified":"2026-03-12T08:18:45+00:00","breadcrumb":{"@id":"https:\/\/truusk.store\/sv\/produkt\/truusk-badrumsskap-och-hylla-i-bambu-1-hylla-1-skap-33-cm-x-365-cm-x-67-cm-natur-organisera-ditt-badrum-nu\/#breadcrumb"},"inLanguage":"sv-SE","potentialAction":[{"@type":"ReadAction","target":["https:\/\/truusk.store\/sv\/produkt\/truusk-badrumsskap-och-hylla-i-bambu-1-hylla-1-skap-33-cm-x-365-cm-x-67-cm-natur-organisera-ditt-badrum-nu\/"]}]},{"@type":"ImageObject","inLanguage":"sv-SE","@id":"https:\/\/truusk.store\/sv\/produkt\/truusk-badrumsskap-och-hylla-i-bambu-1-hylla-1-skap-33-cm-x-365-cm-x-67-cm-natur-organisera-ditt-badrum-nu\/#primaryimage","url":"https:\/\/i0.wp.com\/truusk.store\/wp-content\/uploads\/2024\/02\/badrumsskap-badrumshylla-bambu-1-hylla-1-skap-33-cm-x365-cm-x67-cm-natur.webp?fit=800%2C800&ssl=1","contentUrl":"https:\/\/i0.wp.com\/truusk.store\/wp-content\/uploads\/2024\/02\/badrumsskap-badrumshylla-bambu-1-hylla-1-skap-33-cm-x365-cm-x67-cm-natur.webp?fit=800%2C800&ssl=1","width":800,"height":800,"caption":"Badrumssk\u00e5p Badrumshylla, Bambu, 1 Hylla, 1 Sk\u00e5p, 33 Cm X36,5 Cm X67 Cm, Natur 1"},{"@type":"BreadcrumbList","@id":"https:\/\/truusk.store\/sv\/produkt\/truusk-badrumsskap-och-hylla-i-bambu-1-hylla-1-skap-33-cm-x-365-cm-x-67-cm-natur-organisera-ditt-badrum-nu\/#breadcrumb","itemListElement":[{"@type":"ListItem","position":1,"name":"Home","item":"https:\/\/truusk.store\/sv\/"},{"@type":"ListItem","position":2,"name":"Shop","item":"https:\/\/truusk.store\/shop\/"},{"@type":"ListItem","position":3,"name":"TRUUSK Badrumssk\u00e5p och Hylla i Bambu &#8211; 1 Hylla, 1 Sk\u00e5p &#8211; 33 cm x 36,5 cm x 67 cm &#8211; Natur &#8211; Organisera ditt Badrum Nu!"}]},{"@type":"WebSite","@id":"https:\/\/truusk.store\/sv\/#website","url":"https:\/\/truusk.store\/sv\/","name":"TRUUSK - Hem, Tr\u00e4dg\u00e5rd & Fritid","description":"","publisher":{"@id":"https:\/\/truusk.store\/sv\/#organization"},"potentialAction":[{"@type":"SearchAction","target":{"@type":"EntryPoint","urlTemplate":"https:\/\/truusk.store\/sv\/?s={search_term_string}"},"query-input":{"@type":"PropertyValueSpecification","valueRequired":true,"valueName":"search_term_string"}}],"inLanguage":"sv-SE"},{"@type":"Organization","@id":"https:\/\/truusk.store\/sv\/#organization","name":"TRUUSK - Hem, Tr\u00e4dg\u00e5rd & Fritid","url":"https:\/\/truusk.store\/sv\/","logo":{"@type":"ImageObject","inLanguage":"sv-SE","@id":"https:\/\/truusk.store\/sv\/#\/schema\/logo\/image\/","url":"https:\/\/i0.wp.com\/truusk.store\/wp-content\/uploads\/2026\/03\/cropped-TRUUSK.png?fit=2032%2C917&ssl=1","contentUrl":"https:\/\/i0.wp.com\/truusk.store\/wp-content\/uploads\/2026\/03\/cropped-TRUUSK.png?fit=2032%2C917&ssl=1","width":2032,"height":917,"caption":"TRUUSK - Hem, Tr\u00e4dg\u00e5rd & Fritid"},"image":{"@id":"https:\/\/truusk.store\/sv\/#\/schema\/logo\/image\/"}}]}},"jetpack_sharing_enabled":true,"_links":{"self":[{"href":"https:\/\/truusk.store\/sv\/wp-json\/wp\/v2\/product\/43298","targetHints":{"allow":["GET"]}}],"collection":[{"href":"https:\/\/truusk.store\/sv\/wp-json\/wp\/v2\/product"}],"about":[{"href":"https:\/\/truusk.store\/sv\/wp-json\/wp\/v2\/types\/product"}],"wp:featuredmedia":[{"embeddable":true,"href":"https:\/\/truusk.store\/sv\/wp-json\/wp\/v2\/media\/43299"}],"wp:attachment":[{"href":"https:\/\/truusk.store\/sv\/wp-json\/wp\/v2\/media?parent=43298"}],"wp:term":[{"taxonomy":"product_brand","embeddable":true,"href":"https:\/\/truusk.store\/sv\/wp-json\/wp\/v2\/product_brand?post=43298"},{"taxonomy":"product_cat","embeddable":true,"href":"https:\/\/truusk.store\/sv\/wp-json\/wp\/v2\/product_cat?post=43298"},{"taxonomy":"product_tag","embeddable":true,"href":"https:\/\/truusk.store\/sv\/wp-json\/wp\/v2\/product_tag?post=43298"}],"curies":[{"name":"wp","href":"https:\/\/api.w.org\/{rel}","templated":true}]}}