{"id":43336,"date":"2024-02-14T04:29:40","date_gmt":"2024-02-14T03:29:40","guid":{"rendered":"https:\/\/truusk.store\/product\/viktskivor-for-parasollfot-fyllbara-vaderbestandiga-104-cm-x-104-cm-x-75-h-cm-svart\/"},"modified":"2026-03-12T09:19:07","modified_gmt":"2026-03-12T08:19:07","slug":"truusk-viktskivor-for-parasollfot-fyllbara-vaderbestandiga-104x104x75-cm-svart","status":"publish","type":"product","link":"https:\/\/truusk.store\/sv\/produkt\/truusk-viktskivor-for-parasollfot-fyllbara-vaderbestandiga-104x104x75-cm-svart\/","title":{"rendered":"TRUUSK Viktskivor f\u00f6r Parasollfot &#8211; Fyllbara &#8211; V\u00e4derbest\u00e4ndiga &#8211; 104x104x7,5 cm &#8211; Svart"},"content":{"rendered":"<p>Med dessa viktskivor f\u00f6r solstolar f\u00e5r dina parasollst\u00e4ll ett stabilt stativ Varje del \u00e4r tillverkad av HDPE-plast, t\u00e5lig, robust och v\u00e4l l\u00e4mpad f\u00f6r utomhusbruk. Varje bit har en p\u00e5fyllnings\u00f6ppning och ett skruvlock f\u00f6r fyllning med 15 kg vatten eller 19,5 kg sand. N\u00e4r de \u00e4r tomma \u00e4r dessa parasollst\u00e4ll l\u00e4tta att b\u00e4ra. Skapa en s\u00e4ker bas f\u00f6r dina parasoll med v\u00e5r hj\u00e4lp.<\/p>\n<h3>Beskrivning:<\/h3>\n<ul>\n<li>Fyrdelad konstruktion f\u00f6r att f\u00e4sta frist\u00e5ende parasoll<\/li>\n<li>Robust HDPE-plast med skyddande bel\u00e4ggning, l\u00e4mplig f\u00f6r utomhusbruk<\/li>\n<li>Hela setet v\u00e4ger 60 kg n\u00e4r det \u00e4r fyllt med vatten eller 78 kg n\u00e4r det \u00e4r fyllt med sand<\/li>\n<li>P\u00e5fyllnings\u00f6ppning med skruvlock f\u00f6r p\u00e5fyllning och t\u00f6mning<\/li>\n<li>Fyra anslutningsstift f\u00f6r att h\u00e5lla ihop panelerna s\u00e4kert<\/li>\n<li>Montering kr\u00e4vs<\/li>\n<li>Korsfot ing\u00e5r ej<\/li>\n<\/ul>\n<h3>Teknisk data:<\/h3>\n<ul>\n<li>Svart f\u00e4rg<\/li>\n<li>Material: HDPE<\/li>\n<li>\u00d6vergripande m\u00e5tt: 104L x 104W x 7,5H cm<\/li>\n<li>Produktdata f\u00f6r varje platta: 50L x 50W x 7,5Hcm<\/li>\n<li>Vikt av varje tallrik n\u00e4r den \u00e4r helt fylld: 15 kg (vatten), 19,5 kg (sand)<\/li>\n<li>Nettovikt: 8 kg (totalt)<\/li>\n<li>L\u00e4mplig f\u00f6r tv\u00e4rbasst\u00e5ngens bredd: mindre \u00e4n 3,5 cm<\/li>\n<\/ul>\n<h3>Leveransens omfattning:<\/h3>\n<ul>\n<li>4 x Viktskylt<\/li>\n<li>4 x anslutningskrokar<\/li>\n<li>1 x Instruktioner<\/li>\n<\/ul>\n","protected":false},"excerpt":{"rendered":"<p>Med dessa viktskivor f\u00f6r solstolar f\u00e5r dina parasollst\u00e4ll ett stabilt stativ Varje del \u00e4r tillverkad av HDPE-plast, t\u00e5lig, robust och&#8230;<\/p>\n","protected":false},"featured_media":43337,"template":"","meta":[],"product_brand":[],"product_cat":[723,472,471,435],"product_tag":[],"class_list":{"0":"post-43336","1":"product","2":"type-product","3":"status-publish","4":"has-post-thumbnail","6":"product_cat-paraplystall","7":"product_cat-parasoller","8":"product_cat-solskydd-integritetsskydd","9":"product_cat-tradgard-och-terrass","11":"first","12":"instock","13":"sale","14":"taxable","15":"shipping-taxable","16":"purchasable","17":"product-type-simple"},"yoast_head":"<!-- This site is optimized with the Yoast SEO plugin v25.4 - https:\/\/yoast.com\/wordpress\/plugins\/seo\/ -->\n<title>TRUUSK Viktskivor f\u00f6r Parasollfot - Fyllbara - V\u00e4derbest\u00e4ndiga - 104x104x7,5 cm - Svart - TRUUSK - Hem, Tr\u00e4dg\u00e5rd &amp; Fritid<\/title>\n<meta name=\"robots\" content=\"index, follow, max-snippet:-1, max-image-preview:large, max-video-preview:-1\" \/>\n<link rel=\"canonical\" href=\"https:\/\/truusk.store\/sv\/produkt\/truusk-viktskivor-for-parasollfot-fyllbara-vaderbestandiga-104x104x75-cm-svart\/\" \/>\n<meta property=\"og:locale\" content=\"sv_SE\" \/>\n<meta property=\"og:type\" content=\"article\" \/>\n<meta property=\"og:title\" content=\"TRUUSK Viktskivor f\u00f6r Parasollfot - Fyllbara - V\u00e4derbest\u00e4ndiga - 104x104x7,5 cm - Svart - TRUUSK - Hem, Tr\u00e4dg\u00e5rd &amp; Fritid\" \/>\n<meta property=\"og:description\" content=\"Med dessa viktskivor f\u00f6r solstolar f\u00e5r dina parasollst\u00e4ll ett stabilt stativ Varje del \u00e4r tillverkad av HDPE-plast, t\u00e5lig, robust och...\" \/>\n<meta property=\"og:url\" content=\"https:\/\/truusk.store\/sv\/produkt\/truusk-viktskivor-for-parasollfot-fyllbara-vaderbestandiga-104x104x75-cm-svart\/\" \/>\n<meta property=\"og:site_name\" content=\"TRUUSK - Hem, Tr\u00e4dg\u00e5rd &amp; Fritid\" \/>\n<meta property=\"article:modified_time\" content=\"2026-03-12T08:19:07+00:00\" \/>\n<meta property=\"og:image\" content=\"https:\/\/i0.wp.com\/truusk.se\/wp-content\/uploads\/2024\/02\/viktskivor-for-parasollfot-fyllbara-vaderbestandiga-104-cm-x-104-cm-x-75-h-cm-svart.webp?fit=800%2C800&ssl=1\" \/>\n\t<meta property=\"og:image:width\" content=\"800\" \/>\n\t<meta property=\"og:image:height\" content=\"800\" \/>\n\t<meta property=\"og:image:type\" content=\"image\/webp\" \/>\n<meta name=\"twitter:card\" content=\"summary_large_image\" \/>\n<meta name=\"twitter:label1\" content=\"Ber\u00e4knad l\u00e4stid\" \/>\n\t<meta name=\"twitter:data1\" content=\"1 minut\" \/>\n<!-- \/ Yoast SEO plugin. -->","yoast_head_json":{"title":"TRUUSK Viktskivor f\u00f6r Parasollfot - Fyllbara - V\u00e4derbest\u00e4ndiga - 104x104x7,5 cm - Svart - TRUUSK - Hem, Tr\u00e4dg\u00e5rd &amp; Fritid","robots":{"index":"index","follow":"follow","max-snippet":"max-snippet:-1","max-image-preview":"max-image-preview:large","max-video-preview":"max-video-preview:-1"},"canonical":"https:\/\/truusk.store\/sv\/produkt\/truusk-viktskivor-for-parasollfot-fyllbara-vaderbestandiga-104x104x75-cm-svart\/","og_locale":"sv_SE","og_type":"article","og_title":"TRUUSK Viktskivor f\u00f6r Parasollfot - Fyllbara - V\u00e4derbest\u00e4ndiga - 104x104x7,5 cm - Svart - TRUUSK - Hem, Tr\u00e4dg\u00e5rd &amp; Fritid","og_description":"Med dessa viktskivor f\u00f6r solstolar f\u00e5r dina parasollst\u00e4ll ett stabilt stativ Varje del \u00e4r tillverkad av HDPE-plast, t\u00e5lig, robust och...","og_url":"https:\/\/truusk.store\/sv\/produkt\/truusk-viktskivor-for-parasollfot-fyllbara-vaderbestandiga-104x104x75-cm-svart\/","og_site_name":"TRUUSK - Hem, Tr\u00e4dg\u00e5rd &amp; Fritid","article_modified_time":"2026-03-12T08:19:07+00:00","og_image":[{"width":800,"height":800,"url":"https:\/\/i0.wp.com\/truusk.se\/wp-content\/uploads\/2024\/02\/viktskivor-for-parasollfot-fyllbara-vaderbestandiga-104-cm-x-104-cm-x-75-h-cm-svart.webp?fit=800%2C800&ssl=1","type":"image\/webp"}],"twitter_card":"summary_large_image","twitter_misc":{"Ber\u00e4knad l\u00e4stid":"1 minut"},"schema":{"@context":"https:\/\/schema.org","@graph":[{"@type":"WebPage","@id":"https:\/\/truusk.store\/sv\/produkt\/truusk-viktskivor-for-parasollfot-fyllbara-vaderbestandiga-104x104x75-cm-svart\/","url":"https:\/\/truusk.store\/sv\/produkt\/truusk-viktskivor-for-parasollfot-fyllbara-vaderbestandiga-104x104x75-cm-svart\/","name":"TRUUSK Viktskivor f\u00f6r Parasollfot - Fyllbara - V\u00e4derbest\u00e4ndiga - 104x104x7,5 cm - Svart - TRUUSK - Hem, Tr\u00e4dg\u00e5rd &amp; Fritid","isPartOf":{"@id":"https:\/\/truusk.store\/sv\/#website"},"primaryImageOfPage":{"@id":"https:\/\/truusk.store\/sv\/produkt\/truusk-viktskivor-for-parasollfot-fyllbara-vaderbestandiga-104x104x75-cm-svart\/#primaryimage"},"image":{"@id":"https:\/\/truusk.store\/sv\/produkt\/truusk-viktskivor-for-parasollfot-fyllbara-vaderbestandiga-104x104x75-cm-svart\/#primaryimage"},"thumbnailUrl":"https:\/\/i0.wp.com\/truusk.store\/wp-content\/uploads\/2024\/02\/viktskivor-for-parasollfot-fyllbara-vaderbestandiga-104-cm-x-104-cm-x-75-h-cm-svart.webp?fit=800%2C800&ssl=1","datePublished":"2024-02-14T03:29:40+00:00","dateModified":"2026-03-12T08:19:07+00:00","breadcrumb":{"@id":"https:\/\/truusk.store\/sv\/produkt\/truusk-viktskivor-for-parasollfot-fyllbara-vaderbestandiga-104x104x75-cm-svart\/#breadcrumb"},"inLanguage":"sv-SE","potentialAction":[{"@type":"ReadAction","target":["https:\/\/truusk.store\/sv\/produkt\/truusk-viktskivor-for-parasollfot-fyllbara-vaderbestandiga-104x104x75-cm-svart\/"]}]},{"@type":"ImageObject","inLanguage":"sv-SE","@id":"https:\/\/truusk.store\/sv\/produkt\/truusk-viktskivor-for-parasollfot-fyllbara-vaderbestandiga-104x104x75-cm-svart\/#primaryimage","url":"https:\/\/i0.wp.com\/truusk.store\/wp-content\/uploads\/2024\/02\/viktskivor-for-parasollfot-fyllbara-vaderbestandiga-104-cm-x-104-cm-x-75-h-cm-svart.webp?fit=800%2C800&ssl=1","contentUrl":"https:\/\/i0.wp.com\/truusk.store\/wp-content\/uploads\/2024\/02\/viktskivor-for-parasollfot-fyllbara-vaderbestandiga-104-cm-x-104-cm-x-75-h-cm-svart.webp?fit=800%2C800&ssl=1","width":800,"height":800,"caption":"Viktskivor F\u00f6r Parasollfot, Fyllbara, V\u00e4derbest\u00e4ndiga, 104 Cm X 104 Cm X 7,5 H Cm, Svart 1"},{"@type":"BreadcrumbList","@id":"https:\/\/truusk.store\/sv\/produkt\/truusk-viktskivor-for-parasollfot-fyllbara-vaderbestandiga-104x104x75-cm-svart\/#breadcrumb","itemListElement":[{"@type":"ListItem","position":1,"name":"Home","item":"https:\/\/truusk.store\/sv\/"},{"@type":"ListItem","position":2,"name":"Shop","item":"https:\/\/truusk.store\/shop\/"},{"@type":"ListItem","position":3,"name":"TRUUSK Viktskivor f\u00f6r Parasollfot &#8211; Fyllbara &#8211; V\u00e4derbest\u00e4ndiga &#8211; 104x104x7,5 cm &#8211; Svart"}]},{"@type":"WebSite","@id":"https:\/\/truusk.store\/sv\/#website","url":"https:\/\/truusk.store\/sv\/","name":"TRUUSK - Hem, Tr\u00e4dg\u00e5rd & Fritid","description":"","publisher":{"@id":"https:\/\/truusk.store\/sv\/#organization"},"potentialAction":[{"@type":"SearchAction","target":{"@type":"EntryPoint","urlTemplate":"https:\/\/truusk.store\/sv\/?s={search_term_string}"},"query-input":{"@type":"PropertyValueSpecification","valueRequired":true,"valueName":"search_term_string"}}],"inLanguage":"sv-SE"},{"@type":"Organization","@id":"https:\/\/truusk.store\/sv\/#organization","name":"TRUUSK - Hem, Tr\u00e4dg\u00e5rd & Fritid","url":"https:\/\/truusk.store\/sv\/","logo":{"@type":"ImageObject","inLanguage":"sv-SE","@id":"https:\/\/truusk.store\/sv\/#\/schema\/logo\/image\/","url":"https:\/\/i0.wp.com\/truusk.store\/wp-content\/uploads\/2026\/03\/cropped-TRUUSK.png?fit=2032%2C917&ssl=1","contentUrl":"https:\/\/i0.wp.com\/truusk.store\/wp-content\/uploads\/2026\/03\/cropped-TRUUSK.png?fit=2032%2C917&ssl=1","width":2032,"height":917,"caption":"TRUUSK - Hem, Tr\u00e4dg\u00e5rd & Fritid"},"image":{"@id":"https:\/\/truusk.store\/sv\/#\/schema\/logo\/image\/"}}]}},"jetpack_sharing_enabled":true,"_links":{"self":[{"href":"https:\/\/truusk.store\/sv\/wp-json\/wp\/v2\/product\/43336","targetHints":{"allow":["GET"]}}],"collection":[{"href":"https:\/\/truusk.store\/sv\/wp-json\/wp\/v2\/product"}],"about":[{"href":"https:\/\/truusk.store\/sv\/wp-json\/wp\/v2\/types\/product"}],"wp:featuredmedia":[{"embeddable":true,"href":"https:\/\/truusk.store\/sv\/wp-json\/wp\/v2\/media\/43337"}],"wp:attachment":[{"href":"https:\/\/truusk.store\/sv\/wp-json\/wp\/v2\/media?parent=43336"}],"wp:term":[{"taxonomy":"product_brand","embeddable":true,"href":"https:\/\/truusk.store\/sv\/wp-json\/wp\/v2\/product_brand?post=43336"},{"taxonomy":"product_cat","embeddable":true,"href":"https:\/\/truusk.store\/sv\/wp-json\/wp\/v2\/product_cat?post=43336"},{"taxonomy":"product_tag","embeddable":true,"href":"https:\/\/truusk.store\/sv\/wp-json\/wp\/v2\/product_tag?post=43336"}],"curies":[{"name":"wp","href":"https:\/\/api.w.org\/{rel}","templated":true}]}}