{"id":43402,"date":"2024-02-14T04:32:06","date_gmt":"2024-02-14T03:32:06","guid":{"rendered":"https:\/\/truusk.store\/product\/5-st-industriell-design-barbordsset-1-barbord-4-barstolar-sittgrupp-koksbank-svart-brun\/"},"modified":"2026-03-12T09:19:14","modified_gmt":"2026-03-12T08:19:14","slug":"truusk-5-delat-industriellt-design-barbordsset-1-barbord-4-barstolar-svart-brun-sittgrupp-for-koket","status":"publish","type":"product","link":"https:\/\/truusk.store\/sv\/produkt\/truusk-5-delat-industriellt-design-barbordsset-1-barbord-4-barstolar-svart-brun-sittgrupp-for-koket\/","title":{"rendered":"TRUUSK 5-delat Industriellt Design Barbordsset &#8211; 1 Barbord, 4 Barstolar &#8211; Svart + Brun &#8211; Sittgrupp f\u00f6r K\u00f6ket"},"content":{"rendered":"<p>F\u00f6rvandla ett litet utrymme till en inbjudande matsal med detta 5-delade barbordsset i industridesign. Skapa ett mysigt utrymme f\u00f6r att dela dagliga m\u00e5ltider med din familj eller v\u00e4nner. Detta enkla-industriella barbord med pallar fungerar bra i kompakta utrymmen d\u00e4r ytterligare sittplatser beh\u00f6vs. Oavsett om du vill \u00e4ta, leka eller underh\u00e5lla g\u00e4ster \u00e4r detta barbordsset den idealiska platsen f\u00f6r sociala sammankomster.<\/p>\n<h3>Beskrivning:<\/h3>\n<ul>\n<li>Klassisk och enkel look passar bra in i olika inredningsstilar.<\/li>\n<li>Ett barbord och fyra barstolar<\/li>\n<li>Skjut pallarna under bordet f\u00f6r att spara utrymme<\/li>\n<li>MDF-skivan \u00e4r l\u00e4tt att reng\u00f6ra, medan metallramen s\u00e4kerst\u00e4ller stabilitet<\/li>\n<li>Skyddar golvet fr\u00e5n repor med justerbara fotst\u00f6d som ger extra stabilitet<\/li>\n<li>Montering kr\u00e4vs<\/li>\n<\/ul>\n<h3>Teknisk data:<\/h3>\n<ul>\n<li>F\u00e4rg: Rustik brun<\/li>\n<li>Material: MDF, j\u00e4rn<\/li>\n<li>\u00d6vergripande m\u00e5tt: Bord: 110L x 50W x 89,5H cm. Pall: 30 x 60,5H cm<\/li>\n<li>H\u00f6jd p\u00e5 fotst\u00f6den: Bord: 22H cm. Pall: 17H cm<\/li>\n<li>Viktkapacitet: 50 kg (bord), 120 kg (pall)<\/li>\n<\/ul>\n<h3>Leveransens omfattning:<\/h3>\n<ul>\n<li>1 x bord<\/li>\n<li>4 x pallar<\/li>\n<li>1 x Instruktioner<\/li>\n<\/ul>\n","protected":false},"excerpt":{"rendered":"<p>F\u00f6rvandla ett litet utrymme till en inbjudande matsal med detta 5-delade barbordsset i industridesign. Skapa ett mysigt utrymme f\u00f6r att&#8230;<\/p>\n","protected":false},"featured_media":43403,"template":"","meta":[],"product_brand":[],"product_cat":[731,485,501],"product_tag":[],"class_list":{"0":"post-43402","1":"product","2":"type-product","3":"status-publish","4":"has-post-thumbnail","6":"product_cat-barbordsset","7":"product_cat-hus-bo","8":"product_cat-tabeller","10":"first","11":"instock","12":"sale","13":"taxable","14":"shipping-taxable","15":"purchasable","16":"product-type-simple"},"yoast_head":"<!-- This site is optimized with the Yoast SEO plugin v25.4 - https:\/\/yoast.com\/wordpress\/plugins\/seo\/ -->\n<title>TRUUSK 5-delat Industriellt Design Barbordsset - 1 Barbord, 4 Barstolar - Svart + Brun - Sittgrupp f\u00f6r K\u00f6ket - TRUUSK - Hem, Tr\u00e4dg\u00e5rd &amp; Fritid<\/title>\n<meta name=\"robots\" content=\"index, follow, max-snippet:-1, max-image-preview:large, max-video-preview:-1\" \/>\n<link rel=\"canonical\" href=\"https:\/\/truusk.store\/sv\/produkt\/truusk-5-delat-industriellt-design-barbordsset-1-barbord-4-barstolar-svart-brun-sittgrupp-for-koket\/\" \/>\n<meta property=\"og:locale\" content=\"sv_SE\" \/>\n<meta property=\"og:type\" content=\"article\" \/>\n<meta property=\"og:title\" content=\"TRUUSK 5-delat Industriellt Design Barbordsset - 1 Barbord, 4 Barstolar - Svart + Brun - Sittgrupp f\u00f6r K\u00f6ket - TRUUSK - Hem, Tr\u00e4dg\u00e5rd &amp; Fritid\" \/>\n<meta property=\"og:description\" content=\"F\u00f6rvandla ett litet utrymme till en inbjudande matsal med detta 5-delade barbordsset i industridesign. Skapa ett mysigt utrymme f\u00f6r att...\" \/>\n<meta property=\"og:url\" content=\"https:\/\/truusk.store\/sv\/produkt\/truusk-5-delat-industriellt-design-barbordsset-1-barbord-4-barstolar-svart-brun-sittgrupp-for-koket\/\" \/>\n<meta property=\"og:site_name\" content=\"TRUUSK - Hem, Tr\u00e4dg\u00e5rd &amp; Fritid\" \/>\n<meta property=\"article:modified_time\" content=\"2026-03-12T08:19:14+00:00\" \/>\n<meta property=\"og:image\" content=\"https:\/\/i0.wp.com\/truusk.se\/wp-content\/uploads\/2024\/02\/5-st-industriell-design-barbordsset-1-barbord-4-barstolar-sittgrupp-koksbank-svart-brun.webp?fit=800%2C800&ssl=1\" \/>\n\t<meta property=\"og:image:width\" content=\"800\" \/>\n\t<meta property=\"og:image:height\" content=\"800\" \/>\n\t<meta property=\"og:image:type\" content=\"image\/webp\" \/>\n<meta name=\"twitter:card\" content=\"summary_large_image\" \/>\n<meta name=\"twitter:label1\" content=\"Ber\u00e4knad l\u00e4stid\" \/>\n\t<meta name=\"twitter:data1\" content=\"1 minut\" \/>\n<!-- \/ Yoast SEO plugin. -->","yoast_head_json":{"title":"TRUUSK 5-delat Industriellt Design Barbordsset - 1 Barbord, 4 Barstolar - Svart + Brun - Sittgrupp f\u00f6r K\u00f6ket - TRUUSK - Hem, Tr\u00e4dg\u00e5rd &amp; Fritid","robots":{"index":"index","follow":"follow","max-snippet":"max-snippet:-1","max-image-preview":"max-image-preview:large","max-video-preview":"max-video-preview:-1"},"canonical":"https:\/\/truusk.store\/sv\/produkt\/truusk-5-delat-industriellt-design-barbordsset-1-barbord-4-barstolar-svart-brun-sittgrupp-for-koket\/","og_locale":"sv_SE","og_type":"article","og_title":"TRUUSK 5-delat Industriellt Design Barbordsset - 1 Barbord, 4 Barstolar - Svart + Brun - Sittgrupp f\u00f6r K\u00f6ket - TRUUSK - Hem, Tr\u00e4dg\u00e5rd &amp; Fritid","og_description":"F\u00f6rvandla ett litet utrymme till en inbjudande matsal med detta 5-delade barbordsset i industridesign. Skapa ett mysigt utrymme f\u00f6r att...","og_url":"https:\/\/truusk.store\/sv\/produkt\/truusk-5-delat-industriellt-design-barbordsset-1-barbord-4-barstolar-svart-brun-sittgrupp-for-koket\/","og_site_name":"TRUUSK - Hem, Tr\u00e4dg\u00e5rd &amp; Fritid","article_modified_time":"2026-03-12T08:19:14+00:00","og_image":[{"width":800,"height":800,"url":"https:\/\/i0.wp.com\/truusk.se\/wp-content\/uploads\/2024\/02\/5-st-industriell-design-barbordsset-1-barbord-4-barstolar-sittgrupp-koksbank-svart-brun.webp?fit=800%2C800&ssl=1","type":"image\/webp"}],"twitter_card":"summary_large_image","twitter_misc":{"Ber\u00e4knad l\u00e4stid":"1 minut"},"schema":{"@context":"https:\/\/schema.org","@graph":[{"@type":"WebPage","@id":"https:\/\/truusk.store\/sv\/produkt\/truusk-5-delat-industriellt-design-barbordsset-1-barbord-4-barstolar-svart-brun-sittgrupp-for-koket\/","url":"https:\/\/truusk.store\/sv\/produkt\/truusk-5-delat-industriellt-design-barbordsset-1-barbord-4-barstolar-svart-brun-sittgrupp-for-koket\/","name":"TRUUSK 5-delat Industriellt Design Barbordsset - 1 Barbord, 4 Barstolar - Svart + Brun - Sittgrupp f\u00f6r K\u00f6ket - TRUUSK - Hem, Tr\u00e4dg\u00e5rd &amp; Fritid","isPartOf":{"@id":"https:\/\/truusk.store\/sv\/#website"},"primaryImageOfPage":{"@id":"https:\/\/truusk.store\/sv\/produkt\/truusk-5-delat-industriellt-design-barbordsset-1-barbord-4-barstolar-svart-brun-sittgrupp-for-koket\/#primaryimage"},"image":{"@id":"https:\/\/truusk.store\/sv\/produkt\/truusk-5-delat-industriellt-design-barbordsset-1-barbord-4-barstolar-svart-brun-sittgrupp-for-koket\/#primaryimage"},"thumbnailUrl":"https:\/\/i0.wp.com\/truusk.store\/wp-content\/uploads\/2024\/02\/5-st-industriell-design-barbordsset-1-barbord-4-barstolar-sittgrupp-koksbank-svart-brun.webp?fit=800%2C800&ssl=1","datePublished":"2024-02-14T03:32:06+00:00","dateModified":"2026-03-12T08:19:14+00:00","breadcrumb":{"@id":"https:\/\/truusk.store\/sv\/produkt\/truusk-5-delat-industriellt-design-barbordsset-1-barbord-4-barstolar-svart-brun-sittgrupp-for-koket\/#breadcrumb"},"inLanguage":"sv-SE","potentialAction":[{"@type":"ReadAction","target":["https:\/\/truusk.store\/sv\/produkt\/truusk-5-delat-industriellt-design-barbordsset-1-barbord-4-barstolar-svart-brun-sittgrupp-for-koket\/"]}]},{"@type":"ImageObject","inLanguage":"sv-SE","@id":"https:\/\/truusk.store\/sv\/produkt\/truusk-5-delat-industriellt-design-barbordsset-1-barbord-4-barstolar-svart-brun-sittgrupp-for-koket\/#primaryimage","url":"https:\/\/i0.wp.com\/truusk.store\/wp-content\/uploads\/2024\/02\/5-st-industriell-design-barbordsset-1-barbord-4-barstolar-sittgrupp-koksbank-svart-brun.webp?fit=800%2C800&ssl=1","contentUrl":"https:\/\/i0.wp.com\/truusk.store\/wp-content\/uploads\/2024\/02\/5-st-industriell-design-barbordsset-1-barbord-4-barstolar-sittgrupp-koksbank-svart-brun.webp?fit=800%2C800&ssl=1","width":800,"height":800,"caption":"5 St. Industriell Design Barbordsset, 1 Barbord, 4 Barstolar, Sittgrupp, K\u00f6ksb\u00e4nk, Svart + Brun 1"},{"@type":"BreadcrumbList","@id":"https:\/\/truusk.store\/sv\/produkt\/truusk-5-delat-industriellt-design-barbordsset-1-barbord-4-barstolar-svart-brun-sittgrupp-for-koket\/#breadcrumb","itemListElement":[{"@type":"ListItem","position":1,"name":"Home","item":"https:\/\/truusk.store\/sv\/"},{"@type":"ListItem","position":2,"name":"Shop","item":"https:\/\/truusk.store\/shop\/"},{"@type":"ListItem","position":3,"name":"TRUUSK 5-delat Industriellt Design Barbordsset &#8211; 1 Barbord, 4 Barstolar &#8211; Svart + Brun &#8211; Sittgrupp f\u00f6r K\u00f6ket"}]},{"@type":"WebSite","@id":"https:\/\/truusk.store\/sv\/#website","url":"https:\/\/truusk.store\/sv\/","name":"TRUUSK - Hem, Tr\u00e4dg\u00e5rd & Fritid","description":"","publisher":{"@id":"https:\/\/truusk.store\/sv\/#organization"},"potentialAction":[{"@type":"SearchAction","target":{"@type":"EntryPoint","urlTemplate":"https:\/\/truusk.store\/sv\/?s={search_term_string}"},"query-input":{"@type":"PropertyValueSpecification","valueRequired":true,"valueName":"search_term_string"}}],"inLanguage":"sv-SE"},{"@type":"Organization","@id":"https:\/\/truusk.store\/sv\/#organization","name":"TRUUSK - Hem, Tr\u00e4dg\u00e5rd & Fritid","url":"https:\/\/truusk.store\/sv\/","logo":{"@type":"ImageObject","inLanguage":"sv-SE","@id":"https:\/\/truusk.store\/sv\/#\/schema\/logo\/image\/","url":"https:\/\/i0.wp.com\/truusk.store\/wp-content\/uploads\/2026\/03\/cropped-TRUUSK.png?fit=2032%2C917&ssl=1","contentUrl":"https:\/\/i0.wp.com\/truusk.store\/wp-content\/uploads\/2026\/03\/cropped-TRUUSK.png?fit=2032%2C917&ssl=1","width":2032,"height":917,"caption":"TRUUSK - Hem, Tr\u00e4dg\u00e5rd & Fritid"},"image":{"@id":"https:\/\/truusk.store\/sv\/#\/schema\/logo\/image\/"}}]}},"jetpack_sharing_enabled":true,"_links":{"self":[{"href":"https:\/\/truusk.store\/sv\/wp-json\/wp\/v2\/product\/43402","targetHints":{"allow":["GET"]}}],"collection":[{"href":"https:\/\/truusk.store\/sv\/wp-json\/wp\/v2\/product"}],"about":[{"href":"https:\/\/truusk.store\/sv\/wp-json\/wp\/v2\/types\/product"}],"wp:featuredmedia":[{"embeddable":true,"href":"https:\/\/truusk.store\/sv\/wp-json\/wp\/v2\/media\/43403"}],"wp:attachment":[{"href":"https:\/\/truusk.store\/sv\/wp-json\/wp\/v2\/media?parent=43402"}],"wp:term":[{"taxonomy":"product_brand","embeddable":true,"href":"https:\/\/truusk.store\/sv\/wp-json\/wp\/v2\/product_brand?post=43402"},{"taxonomy":"product_cat","embeddable":true,"href":"https:\/\/truusk.store\/sv\/wp-json\/wp\/v2\/product_cat?post=43402"},{"taxonomy":"product_tag","embeddable":true,"href":"https:\/\/truusk.store\/sv\/wp-json\/wp\/v2\/product_tag?post=43402"}],"curies":[{"name":"wp","href":"https:\/\/api.w.org\/{rel}","templated":true}]}}