{"id":43457,"date":"2024-02-14T04:34:07","date_gmt":"2024-02-14T03:34:07","guid":{"rendered":"https:\/\/truusk.store\/product\/dubbelt-paraply-uteplats-paraply-fallbart-med-solpanel-35-lysdioder-stalram-beige-295-x-150-x-219-m\/"},"modified":"2026-03-12T09:19:16","modified_gmt":"2026-03-12T08:19:16","slug":"truusk-dubbel-parasoll-uteplats-parasoll-solpanel-35-led-lampor-stalram-beige-295-x-150-x-219-m","status":"publish","type":"product","link":"https:\/\/truusk.store\/sv\/produkt\/truusk-dubbel-parasoll-uteplats-parasoll-solpanel-35-led-lampor-stalram-beige-295-x-150-x-219-m\/","title":{"rendered":"TRUUSK Dubbel Parasoll &#8211; Uteplats Parasoll &#8211; Solpanel &#8211; 35 LED-lampor &#8211; St\u00e5lram &#8211; Beige &#8211; 2,95 x 1,50 x 2,19 m"},"content":{"rendered":"<p>Gillar du att l\u00e4sa utomhus eller njuta av en picknick i sommarbrisen? Detta stora parasoll skyddar inte bara dina g\u00e4ster och tr\u00e4dg\u00e5rdsm\u00f6bler fr\u00e5n solen genom att l\u00e5ta det lutas och justeras efter solens l\u00e4ge vid behov. Solcellsmodulen laddar och levererar mycket str\u00f6m till de inbyggda lysdioderna, s\u00e5 att din tr\u00e4dg\u00e5rdsfest kan forts\u00e4tta oavbrutet \u00e4ven efter att solen g\u00e5tt ner. Sommaren kan komma!<\/p>\n<h3>Beskrivning:<\/h3>\n<ul>\n<li>Paraplytak som kan lutas 40 f\u00f6r att skydda mot l\u00e5g sol<\/li>\n<li>35 LED-lampor p\u00e5 st\u00f6ttorna ger behaglig belysning p\u00e5 natten<\/li>\n<li>Tillverkad av slitstarkt 180gsm polyestertyg och en robust st\u00e5lram<\/li>\n<li>Tv\u00e5 vindhuvar och 12 fj\u00e4derben f\u00f6r mer stabilitet i bl\u00e5siga f\u00f6rh\u00e5llanden<\/li>\n<li>Vev f\u00f6r snabb \u00f6ppning och st\u00e4ngning<\/li>\n<li>Tv\u00e5delad ram f\u00f6r enkel transport<\/li>\n<li>Montering kr\u00e4vs<\/li>\n<\/ul>\n<h3>Teknisk data:<\/h3>\n<ul>\n<li>F\u00e4rg beige<\/li>\n<li>Material: polyester, st\u00e5l<\/li>\n<li>\u00d6vergripande m\u00e5tt: 295L x 150W x 219H cm<\/li>\n<li>H\u00f6jd till takkant: 185 cm<\/li>\n<li>M\u00e5tt p\u00e5 solcellsmodul: 12L x 12W cm<\/li>\n<li>M\u00e5tt p\u00e5 st\u00e5lmast: 38 x 0,8 T mm<\/li>\n<li>Effekt per LED: 0,3 W<\/li>\n<li>Solpanel: 1,6W, 3,7V<\/li>\n<li>Anteckning:<\/li>\n<li>1. Anv\u00e4nd inte paraplyet i extrema v\u00e4derf\u00f6rh\u00e5llanden (stark vind, kraftigt regn, sn\u00f6)<\/li>\n<li>2. Erforderlig paraplybasvikt 60 kg (ing\u00e5r ej)<\/li>\n<\/ul>\n<h3>Leveransens omfattning:<\/h3>\n<ul>\n<li>1 x dubbelt paraply<\/li>\n<li>2 x batteri<\/li>\n<li>1 x Instruktioner<\/li>\n<\/ul>\n","protected":false},"excerpt":{"rendered":"<p>Gillar du att l\u00e4sa utomhus eller njuta av en picknick i sommarbrisen? Detta stora parasoll skyddar inte bara dina g\u00e4ster&#8230;<\/p>\n","protected":false},"featured_media":43458,"template":"","meta":[],"product_brand":[],"product_cat":[472,471,435],"product_tag":[],"class_list":{"0":"post-43457","1":"product","2":"type-product","3":"status-publish","4":"has-post-thumbnail","6":"product_cat-parasoller","7":"product_cat-solskydd-integritetsskydd","8":"product_cat-tradgard-och-terrass","10":"first","11":"instock","12":"sale","13":"taxable","14":"shipping-taxable","15":"purchasable","16":"product-type-simple"},"yoast_head":"<!-- This site is optimized with the Yoast SEO plugin v25.4 - https:\/\/yoast.com\/wordpress\/plugins\/seo\/ -->\n<title>TRUUSK Dubbel Parasoll - Uteplats Parasoll - Solpanel - 35 LED-lampor - St\u00e5lram - Beige - 2,95 x 1,50 x 2,19 m - TRUUSK - Hem, Tr\u00e4dg\u00e5rd &amp; Fritid<\/title>\n<meta name=\"robots\" content=\"index, follow, max-snippet:-1, max-image-preview:large, max-video-preview:-1\" \/>\n<link rel=\"canonical\" href=\"https:\/\/truusk.store\/sv\/produkt\/truusk-dubbel-parasoll-uteplats-parasoll-solpanel-35-led-lampor-stalram-beige-295-x-150-x-219-m\/\" \/>\n<meta property=\"og:locale\" content=\"sv_SE\" \/>\n<meta property=\"og:type\" content=\"article\" \/>\n<meta property=\"og:title\" content=\"TRUUSK Dubbel Parasoll - Uteplats Parasoll - Solpanel - 35 LED-lampor - St\u00e5lram - Beige - 2,95 x 1,50 x 2,19 m - TRUUSK - Hem, Tr\u00e4dg\u00e5rd &amp; Fritid\" \/>\n<meta property=\"og:description\" content=\"Gillar du att l\u00e4sa utomhus eller njuta av en picknick i sommarbrisen? Detta stora parasoll skyddar inte bara dina g\u00e4ster...\" \/>\n<meta property=\"og:url\" content=\"https:\/\/truusk.store\/sv\/produkt\/truusk-dubbel-parasoll-uteplats-parasoll-solpanel-35-led-lampor-stalram-beige-295-x-150-x-219-m\/\" \/>\n<meta property=\"og:site_name\" content=\"TRUUSK - Hem, Tr\u00e4dg\u00e5rd &amp; Fritid\" \/>\n<meta property=\"article:modified_time\" content=\"2026-03-12T08:19:16+00:00\" \/>\n<meta property=\"og:image\" content=\"https:\/\/i0.wp.com\/truusk.se\/wp-content\/uploads\/2024\/02\/dubbelt-paraply-uteplats-paraply-fallbart-med-solpanel-35-lysdioder-stalram-beige-295-x-150-x-219-m.webp?fit=800%2C800&ssl=1\" \/>\n\t<meta property=\"og:image:width\" content=\"800\" \/>\n\t<meta property=\"og:image:height\" content=\"800\" \/>\n\t<meta property=\"og:image:type\" content=\"image\/webp\" \/>\n<meta name=\"twitter:card\" content=\"summary_large_image\" \/>\n<meta name=\"twitter:label1\" content=\"Ber\u00e4knad l\u00e4stid\" \/>\n\t<meta name=\"twitter:data1\" content=\"1 minut\" \/>\n<!-- \/ Yoast SEO plugin. -->","yoast_head_json":{"title":"TRUUSK Dubbel Parasoll - Uteplats Parasoll - Solpanel - 35 LED-lampor - St\u00e5lram - Beige - 2,95 x 1,50 x 2,19 m - TRUUSK - Hem, Tr\u00e4dg\u00e5rd &amp; Fritid","robots":{"index":"index","follow":"follow","max-snippet":"max-snippet:-1","max-image-preview":"max-image-preview:large","max-video-preview":"max-video-preview:-1"},"canonical":"https:\/\/truusk.store\/sv\/produkt\/truusk-dubbel-parasoll-uteplats-parasoll-solpanel-35-led-lampor-stalram-beige-295-x-150-x-219-m\/","og_locale":"sv_SE","og_type":"article","og_title":"TRUUSK Dubbel Parasoll - Uteplats Parasoll - Solpanel - 35 LED-lampor - St\u00e5lram - Beige - 2,95 x 1,50 x 2,19 m - TRUUSK - Hem, Tr\u00e4dg\u00e5rd &amp; Fritid","og_description":"Gillar du att l\u00e4sa utomhus eller njuta av en picknick i sommarbrisen? Detta stora parasoll skyddar inte bara dina g\u00e4ster...","og_url":"https:\/\/truusk.store\/sv\/produkt\/truusk-dubbel-parasoll-uteplats-parasoll-solpanel-35-led-lampor-stalram-beige-295-x-150-x-219-m\/","og_site_name":"TRUUSK - Hem, Tr\u00e4dg\u00e5rd &amp; Fritid","article_modified_time":"2026-03-12T08:19:16+00:00","og_image":[{"width":800,"height":800,"url":"https:\/\/i0.wp.com\/truusk.se\/wp-content\/uploads\/2024\/02\/dubbelt-paraply-uteplats-paraply-fallbart-med-solpanel-35-lysdioder-stalram-beige-295-x-150-x-219-m.webp?fit=800%2C800&ssl=1","type":"image\/webp"}],"twitter_card":"summary_large_image","twitter_misc":{"Ber\u00e4knad l\u00e4stid":"1 minut"},"schema":{"@context":"https:\/\/schema.org","@graph":[{"@type":"WebPage","@id":"https:\/\/truusk.store\/sv\/produkt\/truusk-dubbel-parasoll-uteplats-parasoll-solpanel-35-led-lampor-stalram-beige-295-x-150-x-219-m\/","url":"https:\/\/truusk.store\/sv\/produkt\/truusk-dubbel-parasoll-uteplats-parasoll-solpanel-35-led-lampor-stalram-beige-295-x-150-x-219-m\/","name":"TRUUSK Dubbel Parasoll - Uteplats Parasoll - Solpanel - 35 LED-lampor - St\u00e5lram - Beige - 2,95 x 1,50 x 2,19 m - TRUUSK - Hem, Tr\u00e4dg\u00e5rd &amp; Fritid","isPartOf":{"@id":"https:\/\/truusk.store\/sv\/#website"},"primaryImageOfPage":{"@id":"https:\/\/truusk.store\/sv\/produkt\/truusk-dubbel-parasoll-uteplats-parasoll-solpanel-35-led-lampor-stalram-beige-295-x-150-x-219-m\/#primaryimage"},"image":{"@id":"https:\/\/truusk.store\/sv\/produkt\/truusk-dubbel-parasoll-uteplats-parasoll-solpanel-35-led-lampor-stalram-beige-295-x-150-x-219-m\/#primaryimage"},"thumbnailUrl":"https:\/\/i0.wp.com\/truusk.store\/wp-content\/uploads\/2024\/02\/dubbelt-paraply-uteplats-paraply-fallbart-med-solpanel-35-lysdioder-stalram-beige-295-x-150-x-219-m.webp?fit=800%2C800&ssl=1","datePublished":"2024-02-14T03:34:07+00:00","dateModified":"2026-03-12T08:19:16+00:00","breadcrumb":{"@id":"https:\/\/truusk.store\/sv\/produkt\/truusk-dubbel-parasoll-uteplats-parasoll-solpanel-35-led-lampor-stalram-beige-295-x-150-x-219-m\/#breadcrumb"},"inLanguage":"sv-SE","potentialAction":[{"@type":"ReadAction","target":["https:\/\/truusk.store\/sv\/produkt\/truusk-dubbel-parasoll-uteplats-parasoll-solpanel-35-led-lampor-stalram-beige-295-x-150-x-219-m\/"]}]},{"@type":"ImageObject","inLanguage":"sv-SE","@id":"https:\/\/truusk.store\/sv\/produkt\/truusk-dubbel-parasoll-uteplats-parasoll-solpanel-35-led-lampor-stalram-beige-295-x-150-x-219-m\/#primaryimage","url":"https:\/\/i0.wp.com\/truusk.store\/wp-content\/uploads\/2024\/02\/dubbelt-paraply-uteplats-paraply-fallbart-med-solpanel-35-lysdioder-stalram-beige-295-x-150-x-219-m.webp?fit=800%2C800&ssl=1","contentUrl":"https:\/\/i0.wp.com\/truusk.store\/wp-content\/uploads\/2024\/02\/dubbelt-paraply-uteplats-paraply-fallbart-med-solpanel-35-lysdioder-stalram-beige-295-x-150-x-219-m.webp?fit=800%2C800&ssl=1","width":800,"height":800,"caption":"Dubbelt Paraply, Uteplats Paraply, F\u00e4llbart, Med Solpanel, 35 Lysdioder, St\u00e5lram, Beige, 2,95 X 1,50 X 2,19 M 1"},{"@type":"BreadcrumbList","@id":"https:\/\/truusk.store\/sv\/produkt\/truusk-dubbel-parasoll-uteplats-parasoll-solpanel-35-led-lampor-stalram-beige-295-x-150-x-219-m\/#breadcrumb","itemListElement":[{"@type":"ListItem","position":1,"name":"Home","item":"https:\/\/truusk.store\/sv\/"},{"@type":"ListItem","position":2,"name":"Shop","item":"https:\/\/truusk.store\/shop\/"},{"@type":"ListItem","position":3,"name":"TRUUSK Dubbel Parasoll &#8211; Uteplats Parasoll &#8211; Solpanel &#8211; 35 LED-lampor &#8211; St\u00e5lram &#8211; Beige &#8211; 2,95 x 1,50 x 2,19 m"}]},{"@type":"WebSite","@id":"https:\/\/truusk.store\/sv\/#website","url":"https:\/\/truusk.store\/sv\/","name":"TRUUSK - Hem, Tr\u00e4dg\u00e5rd & Fritid","description":"","publisher":{"@id":"https:\/\/truusk.store\/sv\/#organization"},"potentialAction":[{"@type":"SearchAction","target":{"@type":"EntryPoint","urlTemplate":"https:\/\/truusk.store\/sv\/?s={search_term_string}"},"query-input":{"@type":"PropertyValueSpecification","valueRequired":true,"valueName":"search_term_string"}}],"inLanguage":"sv-SE"},{"@type":"Organization","@id":"https:\/\/truusk.store\/sv\/#organization","name":"TRUUSK - Hem, Tr\u00e4dg\u00e5rd & Fritid","url":"https:\/\/truusk.store\/sv\/","logo":{"@type":"ImageObject","inLanguage":"sv-SE","@id":"https:\/\/truusk.store\/sv\/#\/schema\/logo\/image\/","url":"https:\/\/i0.wp.com\/truusk.store\/wp-content\/uploads\/2026\/03\/cropped-TRUUSK.png?fit=2032%2C917&ssl=1","contentUrl":"https:\/\/i0.wp.com\/truusk.store\/wp-content\/uploads\/2026\/03\/cropped-TRUUSK.png?fit=2032%2C917&ssl=1","width":2032,"height":917,"caption":"TRUUSK - Hem, Tr\u00e4dg\u00e5rd & Fritid"},"image":{"@id":"https:\/\/truusk.store\/sv\/#\/schema\/logo\/image\/"}}]}},"jetpack_sharing_enabled":true,"_links":{"self":[{"href":"https:\/\/truusk.store\/sv\/wp-json\/wp\/v2\/product\/43457","targetHints":{"allow":["GET"]}}],"collection":[{"href":"https:\/\/truusk.store\/sv\/wp-json\/wp\/v2\/product"}],"about":[{"href":"https:\/\/truusk.store\/sv\/wp-json\/wp\/v2\/types\/product"}],"wp:featuredmedia":[{"embeddable":true,"href":"https:\/\/truusk.store\/sv\/wp-json\/wp\/v2\/media\/43458"}],"wp:attachment":[{"href":"https:\/\/truusk.store\/sv\/wp-json\/wp\/v2\/media?parent=43457"}],"wp:term":[{"taxonomy":"product_brand","embeddable":true,"href":"https:\/\/truusk.store\/sv\/wp-json\/wp\/v2\/product_brand?post=43457"},{"taxonomy":"product_cat","embeddable":true,"href":"https:\/\/truusk.store\/sv\/wp-json\/wp\/v2\/product_cat?post=43457"},{"taxonomy":"product_tag","embeddable":true,"href":"https:\/\/truusk.store\/sv\/wp-json\/wp\/v2\/product_tag?post=43457"}],"curies":[{"name":"wp","href":"https:\/\/api.w.org\/{rel}","templated":true}]}}