{"id":43477,"date":"2024-02-14T04:35:03","date_gmt":"2024-02-14T03:35:03","guid":{"rendered":"https:\/\/truusk.store\/product\/el-quad-for-barn-max-4-km-h-fran-3-ar-led-stralkastare-musikanslutning-svartgron-88-x-45-x-50-cm\/"},"modified":"2026-03-12T09:19:18","modified_gmt":"2026-03-12T08:19:18","slug":"truusk-el-quad-for-barn-max-4-km-h-fran-3-ar-led-stralkastare-musikanslutning-svartgron-88-x-45-x-50-cm","status":"publish","type":"product","link":"https:\/\/truusk.store\/sv\/produkt\/truusk-el-quad-for-barn-max-4-km-h-fran-3-ar-led-stralkastare-musikanslutning-svartgron-88-x-45-x-50-cm\/","title":{"rendered":"TRUUSK El-quad F\u00f6r Barn &#8211; Max 4 Km\/h &#8211; Fr\u00e5n 3 \u00e5r &#8211; LED-str\u00e5lkastare &#8211; Musikanslutning &#8211; Svart+gr\u00f6n &#8211; 88 X 45 X 50 Cm"},"content":{"rendered":"<p>L\u00e5t dina sm\u00e5 uppleva riktig terr\u00e4ngaction med v\u00e5r elektriska fyrhjuling f\u00f6r barn! Med en maxhastighet p\u00e5 4 km\/h och ljusstarka LED-str\u00e5lkastare kommer ditt barn att f\u00f6rdjupa sig i of\u00f6rgl\u00f6mlig k\u00f6rgl\u00e4dje. Robusta material och en elegant racingdesign ser inte bara chic ut, utan garanterar ocks\u00e5 en s\u00e4rskilt s\u00e4ker k\u00f6rning. Fyrhjulingen f\u00f6rb\u00e4ttrar ocks\u00e5 ditt barns finmotorik och koordination. G\u00f6r din lilla f\u00f6rare glad med denna oslagbara present!<\/p>\n<h3>Beskrivning:<\/h3>\n<ul>\n<li>Med tre LED-str\u00e5lkastare och musik f\u00f6r en realistisk k\u00f6rupplevelse<\/li>\n<li>Hjul med profil f\u00f6r b\u00e4ttre grepp<\/li>\n<li>Du kan ansluta en enhet via MP3-porten och USB-porten<\/li>\n<li>En full batteriladdning r\u00e4cker f\u00f6r 50 minuters k\u00f6rtid<\/li>\n<li>Tv\u00e5 hastighetsinst\u00e4llningar, 2-4 km\/h<\/li>\n<li>Bekv\u00e4m sits och handtag att h\u00e5lla i<\/li>\n<li>Mycket enkel montering och tydliga instruktioner<\/li>\n<\/ul>\n<h3>Teknisk data:<\/h3>\n<ul>\n<li>F\u00e4rg: Svart+Gr\u00f6n<\/li>\n<li>Material: plast, st\u00e5l<\/li>\n<li>Totala m\u00e5tt: 88L x 45W x 50H cm<\/li>\n<li>Sitsstorlek: 36W x 17D x 34H cm (h\u00f6jd fr\u00e5n golv)<\/li>\n<li>Hjulm\u00e5tt: 24 cm<\/li>\n<li>Laddningstid: F\u00f6rsta laddning: 8 timmar, vanlig laddning: 8-12 timmar<\/li>\n<li>Anv\u00e4ndningstid: 50 minuter (beroende p\u00e5 anv\u00e4ndningsintensitet)<\/li>\n<li>Batteri: 12V 4,5AH Motor: 12V x 2<\/li>\n<li>Hastighet: 2-4km\/h<\/li>\n<li>Rekommenderad \u00e5lder: 3-5 \u00e5r. Certifierad \u00e5lder: 3-6 \u00e5r<\/li>\n<li>Lastkapacitet: 25 kg<\/li>\n<\/ul>\n<h3>Leveransens omfattning:<\/h3>\n<ul>\n<li>1 x Elektrisk Quad f\u00f6r barn<\/li>\n<li>1 x Anv\u00e4ndarmanual<\/li>\n<\/ul>\n","protected":false},"excerpt":{"rendered":"<p>L\u00e5t dina sm\u00e5 uppleva riktig terr\u00e4ngaction med v\u00e5r elektriska fyrhjuling f\u00f6r barn! Med en maxhastighet p\u00e5 4 km\/h och ljusstarka&#8230;<\/p>\n","protected":false},"featured_media":43478,"template":"","meta":[],"product_brand":[],"product_cat":[609,610,612],"product_tag":[],"class_list":{"0":"post-43477","1":"product","2":"type-product","3":"status-publish","4":"has-post-thumbnail","6":"product_cat-baby-barn","7":"product_cat-barnfordon","8":"product_cat-elektriska-fordon","10":"first","11":"instock","12":"sale","13":"taxable","14":"shipping-taxable","15":"purchasable","16":"product-type-simple"},"yoast_head":"<!-- This site is optimized with the Yoast SEO plugin v25.4 - https:\/\/yoast.com\/wordpress\/plugins\/seo\/ -->\n<title>TRUUSK El-quad F\u00f6r Barn - Max 4 Km\/h - Fr\u00e5n 3 \u00e5r - LED-str\u00e5lkastare - Musikanslutning - Svart+gr\u00f6n - 88 X 45 X 50 Cm - TRUUSK - Hem, Tr\u00e4dg\u00e5rd &amp; Fritid<\/title>\n<meta name=\"robots\" content=\"index, follow, max-snippet:-1, max-image-preview:large, max-video-preview:-1\" \/>\n<link rel=\"canonical\" href=\"https:\/\/truusk.store\/sv\/produkt\/truusk-el-quad-for-barn-max-4-km-h-fran-3-ar-led-stralkastare-musikanslutning-svartgron-88-x-45-x-50-cm\/\" \/>\n<meta property=\"og:locale\" content=\"sv_SE\" \/>\n<meta property=\"og:type\" content=\"article\" \/>\n<meta property=\"og:title\" content=\"TRUUSK El-quad F\u00f6r Barn - Max 4 Km\/h - Fr\u00e5n 3 \u00e5r - LED-str\u00e5lkastare - Musikanslutning - Svart+gr\u00f6n - 88 X 45 X 50 Cm - TRUUSK - Hem, Tr\u00e4dg\u00e5rd &amp; Fritid\" \/>\n<meta property=\"og:description\" content=\"L\u00e5t dina sm\u00e5 uppleva riktig terr\u00e4ngaction med v\u00e5r elektriska fyrhjuling f\u00f6r barn! Med en maxhastighet p\u00e5 4 km\/h och ljusstarka...\" \/>\n<meta property=\"og:url\" content=\"https:\/\/truusk.store\/sv\/produkt\/truusk-el-quad-for-barn-max-4-km-h-fran-3-ar-led-stralkastare-musikanslutning-svartgron-88-x-45-x-50-cm\/\" \/>\n<meta property=\"og:site_name\" content=\"TRUUSK - Hem, Tr\u00e4dg\u00e5rd &amp; Fritid\" \/>\n<meta property=\"article:modified_time\" content=\"2026-03-12T08:19:18+00:00\" \/>\n<meta property=\"og:image\" content=\"https:\/\/i0.wp.com\/truusk.se\/wp-content\/uploads\/2024\/02\/el-quad-for-barn-max-4-km-h-fran-3-ar-led-stralkastare-musikanslutning-svartgron-88-x-45-x-50-cm.webp?fit=800%2C800&ssl=1\" \/>\n\t<meta property=\"og:image:width\" content=\"800\" \/>\n\t<meta property=\"og:image:height\" content=\"800\" \/>\n\t<meta property=\"og:image:type\" content=\"image\/webp\" \/>\n<meta name=\"twitter:card\" content=\"summary_large_image\" \/>\n<meta name=\"twitter:label1\" content=\"Ber\u00e4knad l\u00e4stid\" \/>\n\t<meta name=\"twitter:data1\" content=\"1 minut\" \/>\n<!-- \/ Yoast SEO plugin. -->","yoast_head_json":{"title":"TRUUSK El-quad F\u00f6r Barn - Max 4 Km\/h - Fr\u00e5n 3 \u00e5r - LED-str\u00e5lkastare - Musikanslutning - Svart+gr\u00f6n - 88 X 45 X 50 Cm - TRUUSK - Hem, Tr\u00e4dg\u00e5rd &amp; Fritid","robots":{"index":"index","follow":"follow","max-snippet":"max-snippet:-1","max-image-preview":"max-image-preview:large","max-video-preview":"max-video-preview:-1"},"canonical":"https:\/\/truusk.store\/sv\/produkt\/truusk-el-quad-for-barn-max-4-km-h-fran-3-ar-led-stralkastare-musikanslutning-svartgron-88-x-45-x-50-cm\/","og_locale":"sv_SE","og_type":"article","og_title":"TRUUSK El-quad F\u00f6r Barn - Max 4 Km\/h - Fr\u00e5n 3 \u00e5r - LED-str\u00e5lkastare - Musikanslutning - Svart+gr\u00f6n - 88 X 45 X 50 Cm - TRUUSK - Hem, Tr\u00e4dg\u00e5rd &amp; Fritid","og_description":"L\u00e5t dina sm\u00e5 uppleva riktig terr\u00e4ngaction med v\u00e5r elektriska fyrhjuling f\u00f6r barn! Med en maxhastighet p\u00e5 4 km\/h och ljusstarka...","og_url":"https:\/\/truusk.store\/sv\/produkt\/truusk-el-quad-for-barn-max-4-km-h-fran-3-ar-led-stralkastare-musikanslutning-svartgron-88-x-45-x-50-cm\/","og_site_name":"TRUUSK - Hem, Tr\u00e4dg\u00e5rd &amp; Fritid","article_modified_time":"2026-03-12T08:19:18+00:00","og_image":[{"width":800,"height":800,"url":"https:\/\/i0.wp.com\/truusk.se\/wp-content\/uploads\/2024\/02\/el-quad-for-barn-max-4-km-h-fran-3-ar-led-stralkastare-musikanslutning-svartgron-88-x-45-x-50-cm.webp?fit=800%2C800&ssl=1","type":"image\/webp"}],"twitter_card":"summary_large_image","twitter_misc":{"Ber\u00e4knad l\u00e4stid":"1 minut"},"schema":{"@context":"https:\/\/schema.org","@graph":[{"@type":"WebPage","@id":"https:\/\/truusk.store\/sv\/produkt\/truusk-el-quad-for-barn-max-4-km-h-fran-3-ar-led-stralkastare-musikanslutning-svartgron-88-x-45-x-50-cm\/","url":"https:\/\/truusk.store\/sv\/produkt\/truusk-el-quad-for-barn-max-4-km-h-fran-3-ar-led-stralkastare-musikanslutning-svartgron-88-x-45-x-50-cm\/","name":"TRUUSK El-quad F\u00f6r Barn - Max 4 Km\/h - Fr\u00e5n 3 \u00e5r - LED-str\u00e5lkastare - Musikanslutning - Svart+gr\u00f6n - 88 X 45 X 50 Cm - TRUUSK - Hem, Tr\u00e4dg\u00e5rd &amp; Fritid","isPartOf":{"@id":"https:\/\/truusk.store\/sv\/#website"},"primaryImageOfPage":{"@id":"https:\/\/truusk.store\/sv\/produkt\/truusk-el-quad-for-barn-max-4-km-h-fran-3-ar-led-stralkastare-musikanslutning-svartgron-88-x-45-x-50-cm\/#primaryimage"},"image":{"@id":"https:\/\/truusk.store\/sv\/produkt\/truusk-el-quad-for-barn-max-4-km-h-fran-3-ar-led-stralkastare-musikanslutning-svartgron-88-x-45-x-50-cm\/#primaryimage"},"thumbnailUrl":"https:\/\/i0.wp.com\/truusk.store\/wp-content\/uploads\/2024\/02\/el-quad-for-barn-max-4-km-h-fran-3-ar-led-stralkastare-musikanslutning-svartgron-88-x-45-x-50-cm.webp?fit=800%2C800&ssl=1","datePublished":"2024-02-14T03:35:03+00:00","dateModified":"2026-03-12T08:19:18+00:00","breadcrumb":{"@id":"https:\/\/truusk.store\/sv\/produkt\/truusk-el-quad-for-barn-max-4-km-h-fran-3-ar-led-stralkastare-musikanslutning-svartgron-88-x-45-x-50-cm\/#breadcrumb"},"inLanguage":"sv-SE","potentialAction":[{"@type":"ReadAction","target":["https:\/\/truusk.store\/sv\/produkt\/truusk-el-quad-for-barn-max-4-km-h-fran-3-ar-led-stralkastare-musikanslutning-svartgron-88-x-45-x-50-cm\/"]}]},{"@type":"ImageObject","inLanguage":"sv-SE","@id":"https:\/\/truusk.store\/sv\/produkt\/truusk-el-quad-for-barn-max-4-km-h-fran-3-ar-led-stralkastare-musikanslutning-svartgron-88-x-45-x-50-cm\/#primaryimage","url":"https:\/\/i0.wp.com\/truusk.store\/wp-content\/uploads\/2024\/02\/el-quad-for-barn-max-4-km-h-fran-3-ar-led-stralkastare-musikanslutning-svartgron-88-x-45-x-50-cm.webp?fit=800%2C800&ssl=1","contentUrl":"https:\/\/i0.wp.com\/truusk.store\/wp-content\/uploads\/2024\/02\/el-quad-for-barn-max-4-km-h-fran-3-ar-led-stralkastare-musikanslutning-svartgron-88-x-45-x-50-cm.webp?fit=800%2C800&ssl=1","width":800,"height":800,"caption":"El-quad F\u00f6r Barn, Max 4 Km\/h, Fr\u00e5n 3 \u00e5r, LED-str\u00e5lkastare, Musikanslutning, Svart+gr\u00f6n 88 X 45 X 50 Cm 1"},{"@type":"BreadcrumbList","@id":"https:\/\/truusk.store\/sv\/produkt\/truusk-el-quad-for-barn-max-4-km-h-fran-3-ar-led-stralkastare-musikanslutning-svartgron-88-x-45-x-50-cm\/#breadcrumb","itemListElement":[{"@type":"ListItem","position":1,"name":"Home","item":"https:\/\/truusk.store\/sv\/"},{"@type":"ListItem","position":2,"name":"Shop","item":"https:\/\/truusk.store\/shop\/"},{"@type":"ListItem","position":3,"name":"TRUUSK El-quad F\u00f6r Barn &#8211; Max 4 Km\/h &#8211; Fr\u00e5n 3 \u00e5r &#8211; LED-str\u00e5lkastare &#8211; Musikanslutning &#8211; Svart+gr\u00f6n &#8211; 88 X 45 X 50 Cm"}]},{"@type":"WebSite","@id":"https:\/\/truusk.store\/sv\/#website","url":"https:\/\/truusk.store\/sv\/","name":"TRUUSK - Hem, Tr\u00e4dg\u00e5rd & Fritid","description":"","publisher":{"@id":"https:\/\/truusk.store\/sv\/#organization"},"potentialAction":[{"@type":"SearchAction","target":{"@type":"EntryPoint","urlTemplate":"https:\/\/truusk.store\/sv\/?s={search_term_string}"},"query-input":{"@type":"PropertyValueSpecification","valueRequired":true,"valueName":"search_term_string"}}],"inLanguage":"sv-SE"},{"@type":"Organization","@id":"https:\/\/truusk.store\/sv\/#organization","name":"TRUUSK - Hem, Tr\u00e4dg\u00e5rd & Fritid","url":"https:\/\/truusk.store\/sv\/","logo":{"@type":"ImageObject","inLanguage":"sv-SE","@id":"https:\/\/truusk.store\/sv\/#\/schema\/logo\/image\/","url":"https:\/\/i0.wp.com\/truusk.store\/wp-content\/uploads\/2026\/03\/cropped-TRUUSK.png?fit=2032%2C917&ssl=1","contentUrl":"https:\/\/i0.wp.com\/truusk.store\/wp-content\/uploads\/2026\/03\/cropped-TRUUSK.png?fit=2032%2C917&ssl=1","width":2032,"height":917,"caption":"TRUUSK - Hem, Tr\u00e4dg\u00e5rd & Fritid"},"image":{"@id":"https:\/\/truusk.store\/sv\/#\/schema\/logo\/image\/"}}]}},"jetpack_sharing_enabled":true,"_links":{"self":[{"href":"https:\/\/truusk.store\/sv\/wp-json\/wp\/v2\/product\/43477","targetHints":{"allow":["GET"]}}],"collection":[{"href":"https:\/\/truusk.store\/sv\/wp-json\/wp\/v2\/product"}],"about":[{"href":"https:\/\/truusk.store\/sv\/wp-json\/wp\/v2\/types\/product"}],"wp:featuredmedia":[{"embeddable":true,"href":"https:\/\/truusk.store\/sv\/wp-json\/wp\/v2\/media\/43478"}],"wp:attachment":[{"href":"https:\/\/truusk.store\/sv\/wp-json\/wp\/v2\/media?parent=43477"}],"wp:term":[{"taxonomy":"product_brand","embeddable":true,"href":"https:\/\/truusk.store\/sv\/wp-json\/wp\/v2\/product_brand?post=43477"},{"taxonomy":"product_cat","embeddable":true,"href":"https:\/\/truusk.store\/sv\/wp-json\/wp\/v2\/product_cat?post=43477"},{"taxonomy":"product_tag","embeddable":true,"href":"https:\/\/truusk.store\/sv\/wp-json\/wp\/v2\/product_tag?post=43477"}],"curies":[{"name":"wp","href":"https:\/\/api.w.org\/{rel}","templated":true}]}}