{"id":43497,"date":"2024-02-14T04:35:52","date_gmt":"2024-02-14T03:35:52","guid":{"rendered":"https:\/\/truusk.store\/product\/sittgrupp-4-delat-matbordsset-1-bord-1-bank-2-stolar-gra-vit\/"},"modified":"2026-03-12T09:19:18","modified_gmt":"2026-03-12T08:19:18","slug":"truusk-matgrupp-4-delar-matbord-bank-stolar-gra-vit","status":"publish","type":"product","link":"https:\/\/truusk.store\/sv\/produkt\/truusk-matgrupp-4-delar-matbord-bank-stolar-gra-vit\/","title":{"rendered":"TRUUSK Matgrupp &#8211; 4 delar &#8211; Matbord &#8211; B\u00e4nk &#8211; Stolar &#8211; Gr\u00e5 &amp; Vit"},"content":{"rendered":"<p>F\u00f6rvandla ett litet rum till en inbjudande matsal. Med matbordet f\u00f6r 4 personer kan du skapa ett mysigt utrymme f\u00f6r att dela dagliga m\u00e5ltider med din familj eller v\u00e4nner. Ramen \u00e4r gjord av massivt furu, som t\u00e5l daglig anv\u00e4ndning under l\u00e5ng tid och kr\u00e4ver lite underh\u00e5ll. Skjut in matstolarna och b\u00e4nken under bordet och f\u00e5 ditt rum att se st\u00f6rre ut. Ta med det 4-delade matbordet hem och njut av en familjem\u00e5ltid.<\/p>\n<h3>Beskrivning:<\/h3>\n<ul>\n<li>4-delat set best\u00e5ende av ett bord, en b\u00e4nk och 2 stolar<\/li>\n<li>Andningsbart tyg i linnelook och en vadderad sits garanterar bekv\u00e4ma sittplatser<\/li>\n<li>2 stolar och 1 b\u00e4nk kan skjutas in under bordet f\u00f6r att spara utrymme<\/li>\n<li>Den m\u00e5lade ytan \u00e4r l\u00e4tt att reng\u00f6ra, samtidigt som tr\u00e4ramen s\u00e4kerst\u00e4ller stabilitet<\/li>\n<li>Halkskyddande golvskydd s\u00e4kerst\u00e4ller ett v\u00e4lsk\u00f6tt golv<\/li>\n<li>Klassisk och enkel look passar bra med en m\u00e4ngd stilfulla inredningsstilar<\/li>\n<li>Perfekt f\u00f6r baromr\u00e5den, matsalar, k\u00f6k och \u00f6verallt d\u00e4r utrymmet \u00e4r begr\u00e4nsat<\/li>\n<li>Montering kr\u00e4vs<\/li>\n<\/ul>\n<h3>Teknisk data:<\/h3>\n<ul>\n<li>F\u00e4rg: Gr\u00e5+Vit<\/li>\n<li>Material: furu, polyester, skum<\/li>\n<li>Bordsm\u00e5tt: 108L x 65W x 75H cm<\/li>\n<li>B\u00e4nkm\u00e5tt: 92L x 36W x 48H cm<\/li>\n<li>Stolens m\u00e5tt: 41L x 46W x 90H cm<\/li>\n<li>Stolsitsstorlek: 41L x 41,5W x 48H cm<\/li>\n<li>Ryggst\u00f6dsstorlek: 35W x 45H cm<\/li>\n<li>Till\u00e4mplig yta: 1,8L x 2W m<\/li>\n<li>Viktkapacitet: 50 kg (bord), 200 kg (b\u00e4nk), 120 kg (stol)<\/li>\n<\/ul>\n<h3>Leveransens omfattning:<\/h3>\n<ul>\n<li>1 x bord<\/li>\n<li>1 x b\u00e4nk<\/li>\n<li>2 x stolar<\/li>\n<li>1 x manuell<\/li>\n<\/ul>\n","protected":false},"excerpt":{"rendered":"<p>F\u00f6rvandla ett litet rum till en inbjudande matsal. Med matbordet f\u00f6r 4 personer kan du skapa ett mysigt utrymme f\u00f6r&#8230;<\/p>\n","protected":false},"featured_media":43498,"template":"","meta":[],"product_brand":[],"product_cat":[485,512,501],"product_tag":[],"class_list":{"0":"post-43497","1":"product","2":"type-product","3":"status-publish","4":"has-post-thumbnail","6":"product_cat-hus-bo","7":"product_cat-matgrupper","8":"product_cat-tabeller","10":"first","11":"instock","12":"sale","13":"taxable","14":"shipping-taxable","15":"purchasable","16":"product-type-simple"},"yoast_head":"<!-- This site is optimized with the Yoast SEO plugin v25.4 - https:\/\/yoast.com\/wordpress\/plugins\/seo\/ -->\n<title>TRUUSK Matgrupp - 4 delar - Matbord - B\u00e4nk - Stolar - Gr\u00e5 &amp; Vit - TRUUSK - Hem, Tr\u00e4dg\u00e5rd &amp; Fritid<\/title>\n<meta name=\"robots\" content=\"index, follow, max-snippet:-1, max-image-preview:large, max-video-preview:-1\" \/>\n<link rel=\"canonical\" href=\"https:\/\/truusk.store\/sv\/produkt\/truusk-matgrupp-4-delar-matbord-bank-stolar-gra-vit\/\" \/>\n<meta property=\"og:locale\" content=\"sv_SE\" \/>\n<meta property=\"og:type\" content=\"article\" \/>\n<meta property=\"og:title\" content=\"TRUUSK Matgrupp - 4 delar - Matbord - B\u00e4nk - Stolar - Gr\u00e5 &amp; Vit - TRUUSK - Hem, Tr\u00e4dg\u00e5rd &amp; Fritid\" \/>\n<meta property=\"og:description\" content=\"F\u00f6rvandla ett litet rum till en inbjudande matsal. Med matbordet f\u00f6r 4 personer kan du skapa ett mysigt utrymme f\u00f6r...\" \/>\n<meta property=\"og:url\" content=\"https:\/\/truusk.store\/sv\/produkt\/truusk-matgrupp-4-delar-matbord-bank-stolar-gra-vit\/\" \/>\n<meta property=\"og:site_name\" content=\"TRUUSK - Hem, Tr\u00e4dg\u00e5rd &amp; Fritid\" \/>\n<meta property=\"article:modified_time\" content=\"2026-03-12T08:19:18+00:00\" \/>\n<meta property=\"og:image\" content=\"https:\/\/i0.wp.com\/truusk.se\/wp-content\/uploads\/2024\/02\/sittgrupp-4-delat-matbordsset-1-bord-1-bank-2-stolar-gra-vit.webp?fit=800%2C800&ssl=1\" \/>\n\t<meta property=\"og:image:width\" content=\"800\" \/>\n\t<meta property=\"og:image:height\" content=\"800\" \/>\n\t<meta property=\"og:image:type\" content=\"image\/webp\" \/>\n<meta name=\"twitter:card\" content=\"summary_large_image\" \/>\n<meta name=\"twitter:label1\" content=\"Ber\u00e4knad l\u00e4stid\" \/>\n\t<meta name=\"twitter:data1\" content=\"1 minut\" \/>\n<!-- \/ Yoast SEO plugin. -->","yoast_head_json":{"title":"TRUUSK Matgrupp - 4 delar - Matbord - B\u00e4nk - Stolar - Gr\u00e5 &amp; Vit - TRUUSK - Hem, Tr\u00e4dg\u00e5rd &amp; Fritid","robots":{"index":"index","follow":"follow","max-snippet":"max-snippet:-1","max-image-preview":"max-image-preview:large","max-video-preview":"max-video-preview:-1"},"canonical":"https:\/\/truusk.store\/sv\/produkt\/truusk-matgrupp-4-delar-matbord-bank-stolar-gra-vit\/","og_locale":"sv_SE","og_type":"article","og_title":"TRUUSK Matgrupp - 4 delar - Matbord - B\u00e4nk - Stolar - Gr\u00e5 &amp; Vit - TRUUSK - Hem, Tr\u00e4dg\u00e5rd &amp; Fritid","og_description":"F\u00f6rvandla ett litet rum till en inbjudande matsal. Med matbordet f\u00f6r 4 personer kan du skapa ett mysigt utrymme f\u00f6r...","og_url":"https:\/\/truusk.store\/sv\/produkt\/truusk-matgrupp-4-delar-matbord-bank-stolar-gra-vit\/","og_site_name":"TRUUSK - Hem, Tr\u00e4dg\u00e5rd &amp; Fritid","article_modified_time":"2026-03-12T08:19:18+00:00","og_image":[{"width":800,"height":800,"url":"https:\/\/i0.wp.com\/truusk.se\/wp-content\/uploads\/2024\/02\/sittgrupp-4-delat-matbordsset-1-bord-1-bank-2-stolar-gra-vit.webp?fit=800%2C800&ssl=1","type":"image\/webp"}],"twitter_card":"summary_large_image","twitter_misc":{"Ber\u00e4knad l\u00e4stid":"1 minut"},"schema":{"@context":"https:\/\/schema.org","@graph":[{"@type":"WebPage","@id":"https:\/\/truusk.store\/sv\/produkt\/truusk-matgrupp-4-delar-matbord-bank-stolar-gra-vit\/","url":"https:\/\/truusk.store\/sv\/produkt\/truusk-matgrupp-4-delar-matbord-bank-stolar-gra-vit\/","name":"TRUUSK Matgrupp - 4 delar - Matbord - B\u00e4nk - Stolar - Gr\u00e5 &amp; Vit - TRUUSK - Hem, Tr\u00e4dg\u00e5rd &amp; Fritid","isPartOf":{"@id":"https:\/\/truusk.store\/sv\/#website"},"primaryImageOfPage":{"@id":"https:\/\/truusk.store\/sv\/produkt\/truusk-matgrupp-4-delar-matbord-bank-stolar-gra-vit\/#primaryimage"},"image":{"@id":"https:\/\/truusk.store\/sv\/produkt\/truusk-matgrupp-4-delar-matbord-bank-stolar-gra-vit\/#primaryimage"},"thumbnailUrl":"https:\/\/i0.wp.com\/truusk.store\/wp-content\/uploads\/2024\/02\/sittgrupp-4-delat-matbordsset-1-bord-1-bank-2-stolar-gra-vit.webp?fit=800%2C800&ssl=1","datePublished":"2024-02-14T03:35:52+00:00","dateModified":"2026-03-12T08:19:18+00:00","breadcrumb":{"@id":"https:\/\/truusk.store\/sv\/produkt\/truusk-matgrupp-4-delar-matbord-bank-stolar-gra-vit\/#breadcrumb"},"inLanguage":"sv-SE","potentialAction":[{"@type":"ReadAction","target":["https:\/\/truusk.store\/sv\/produkt\/truusk-matgrupp-4-delar-matbord-bank-stolar-gra-vit\/"]}]},{"@type":"ImageObject","inLanguage":"sv-SE","@id":"https:\/\/truusk.store\/sv\/produkt\/truusk-matgrupp-4-delar-matbord-bank-stolar-gra-vit\/#primaryimage","url":"https:\/\/i0.wp.com\/truusk.store\/wp-content\/uploads\/2024\/02\/sittgrupp-4-delat-matbordsset-1-bord-1-bank-2-stolar-gra-vit.webp?fit=800%2C800&ssl=1","contentUrl":"https:\/\/i0.wp.com\/truusk.store\/wp-content\/uploads\/2024\/02\/sittgrupp-4-delat-matbordsset-1-bord-1-bank-2-stolar-gra-vit.webp?fit=800%2C800&ssl=1","width":800,"height":800,"caption":"Sittgrupp, 4-delat Matbordsset, 1 Bord, 1 B\u00e4nk, 2 Stolar, Gr\u00e5 + Vit 1"},{"@type":"BreadcrumbList","@id":"https:\/\/truusk.store\/sv\/produkt\/truusk-matgrupp-4-delar-matbord-bank-stolar-gra-vit\/#breadcrumb","itemListElement":[{"@type":"ListItem","position":1,"name":"Home","item":"https:\/\/truusk.store\/sv\/"},{"@type":"ListItem","position":2,"name":"Shop","item":"https:\/\/truusk.store\/shop\/"},{"@type":"ListItem","position":3,"name":"TRUUSK Matgrupp &#8211; 4 delar &#8211; Matbord &#8211; B\u00e4nk &#8211; Stolar &#8211; Gr\u00e5 &amp; Vit"}]},{"@type":"WebSite","@id":"https:\/\/truusk.store\/sv\/#website","url":"https:\/\/truusk.store\/sv\/","name":"TRUUSK - Hem, Tr\u00e4dg\u00e5rd & Fritid","description":"","publisher":{"@id":"https:\/\/truusk.store\/sv\/#organization"},"potentialAction":[{"@type":"SearchAction","target":{"@type":"EntryPoint","urlTemplate":"https:\/\/truusk.store\/sv\/?s={search_term_string}"},"query-input":{"@type":"PropertyValueSpecification","valueRequired":true,"valueName":"search_term_string"}}],"inLanguage":"sv-SE"},{"@type":"Organization","@id":"https:\/\/truusk.store\/sv\/#organization","name":"TRUUSK - Hem, Tr\u00e4dg\u00e5rd & Fritid","url":"https:\/\/truusk.store\/sv\/","logo":{"@type":"ImageObject","inLanguage":"sv-SE","@id":"https:\/\/truusk.store\/sv\/#\/schema\/logo\/image\/","url":"https:\/\/i0.wp.com\/truusk.store\/wp-content\/uploads\/2026\/03\/cropped-TRUUSK.png?fit=2032%2C917&ssl=1","contentUrl":"https:\/\/i0.wp.com\/truusk.store\/wp-content\/uploads\/2026\/03\/cropped-TRUUSK.png?fit=2032%2C917&ssl=1","width":2032,"height":917,"caption":"TRUUSK - Hem, Tr\u00e4dg\u00e5rd & Fritid"},"image":{"@id":"https:\/\/truusk.store\/sv\/#\/schema\/logo\/image\/"}}]}},"jetpack_sharing_enabled":true,"_links":{"self":[{"href":"https:\/\/truusk.store\/sv\/wp-json\/wp\/v2\/product\/43497","targetHints":{"allow":["GET"]}}],"collection":[{"href":"https:\/\/truusk.store\/sv\/wp-json\/wp\/v2\/product"}],"about":[{"href":"https:\/\/truusk.store\/sv\/wp-json\/wp\/v2\/types\/product"}],"wp:featuredmedia":[{"embeddable":true,"href":"https:\/\/truusk.store\/sv\/wp-json\/wp\/v2\/media\/43498"}],"wp:attachment":[{"href":"https:\/\/truusk.store\/sv\/wp-json\/wp\/v2\/media?parent=43497"}],"wp:term":[{"taxonomy":"product_brand","embeddable":true,"href":"https:\/\/truusk.store\/sv\/wp-json\/wp\/v2\/product_brand?post=43497"},{"taxonomy":"product_cat","embeddable":true,"href":"https:\/\/truusk.store\/sv\/wp-json\/wp\/v2\/product_cat?post=43497"},{"taxonomy":"product_tag","embeddable":true,"href":"https:\/\/truusk.store\/sv\/wp-json\/wp\/v2\/product_tag?post=43497"}],"curies":[{"name":"wp","href":"https:\/\/api.w.org\/{rel}","templated":true}]}}