{"id":43585,"date":"2024-02-14T04:38:45","date_gmt":"2024-02-14T03:38:45","guid":{"rendered":"https:\/\/truusk.store\/product\/3-i-1-babygunga-sakerhetsbalte-langdjusterbara-rep-for-inomhus-och-utomhusbruk-gron-48-x-34-x-180-cm\/"},"modified":"2026-03-12T09:19:20","modified_gmt":"2026-03-12T08:19:20","slug":"truusk-3-i-1-babygunga-sakerhetsbalte-langdjusterbara-rep-for-inomhus-och-utomhusbruk-gron-48-x-34-x-180-cm","status":"publish","type":"product","link":"https:\/\/truusk.store\/sv\/produkt\/truusk-3-i-1-babygunga-sakerhetsbalte-langdjusterbara-rep-for-inomhus-och-utomhusbruk-gron-48-x-34-x-180-cm\/","title":{"rendered":"TRUUSK 3-i-1 Babygunga &#8211; S\u00e4kerhetsb\u00e4lte &#8211; L\u00e4ngdjusterbara Rep &#8211; F\u00f6r Inomhus- Och Utomhusbruk &#8211; Gr\u00f6n &#8211; 48 x 34 x 180 cm"},"content":{"rendered":"<p>Med denna barngunga kan du uppleva of\u00f6rgl\u00f6mligt gunga kul med dina sm\u00e5! Denna robusta babygunga st\u00f6der upp till 70 kg och \u00e4r utrustad med ett bekv\u00e4mt ryggst\u00f6d, ett s\u00e4kerhetsb\u00e4lte och en fr\u00e4mre s\u00e4kerhetsbygel f\u00f6r att s\u00e4kerst\u00e4lla att din lilla alltid sitter stadigt i s\u00e4tet. Repen \u00e4r \u00e4ven justerbara i l\u00e4ngd, s\u00e5 att du optimalt kan justera gungans h\u00f6jd, oavsett om gungan h\u00e4ngs i tr\u00e4dg\u00e5rden eller installeras i huset.<\/p>\n<h3>Beskrivning:<\/h3>\n<ul>\n<li>3-i-1-design: avtagbart ryggst\u00f6d och s\u00e4kerhetsbygel<\/li>\n<li>L\u00e4ngdjusterbara rep (75-135 cm)<\/li>\n<li>Kan anv\u00e4ndas inomhus och utomhus<\/li>\n<li>Fr\u00e4mre s\u00e4kerhetsbygel f\u00f6r att skydda mot att falla ut<\/li>\n<li>Robust plastram f\u00f6r stabilitet<\/li>\n<li>Montering kr\u00e4vs<\/li>\n<\/ul>\n<h3>Teknisk data:<\/h3>\n<ul>\n<li>F\u00e4rg: Gr\u00f6n+Gul+Orange<\/li>\n<li>Material: PE<\/li>\n<li>\u00d6vergripande m\u00e5tt: 48L x 34W x 120-180H cm<\/li>\n<li>Sittm\u00e5tt: 48L x 34W x 49H cm<\/li>\n<li>Repl\u00e4ngd: 75-135 cm<\/li>\n<li>Certifierings\u00e5lder: 9+ m\u00e5nader. Rekommenderad \u00e5lder: 9-36 m\u00e5nader<\/li>\n<li>Lastkapacitet: 70 kg<\/li>\n<li>Observera: Se till att gungan h\u00e4nger minst 35 cm \u00f6ver marken<\/li>\n<\/ul>\n<h3>Leveransens omfattning:<\/h3>\n<ul>\n<li>1 x Barngunga<\/li>\n<li>2 x fingerborg<\/li>\n<li>2 x st\u00e4llplatser<\/li>\n<\/ul>\n","protected":false},"excerpt":{"rendered":"<p>Med denna barngunga kan du uppleva of\u00f6rgl\u00f6mligt gunga kul med dina sm\u00e5! Denna robusta babygunga st\u00f6der upp till 70 kg&#8230;<\/p>\n","protected":false},"featured_media":43586,"template":"","meta":[],"product_brand":[],"product_cat":[609,619,616],"product_tag":[],"class_list":{"0":"post-43585","1":"product","2":"type-product","3":"status-publish","4":"has-post-thumbnail","6":"product_cat-baby-barn","7":"product_cat-barngungor","8":"product_cat-utomhusleksaker","10":"first","11":"instock","12":"sale","13":"taxable","14":"shipping-taxable","15":"purchasable","16":"product-type-simple"},"yoast_head":"<!-- This site is optimized with the Yoast SEO plugin v25.4 - https:\/\/yoast.com\/wordpress\/plugins\/seo\/ -->\n<title>TRUUSK 3-i-1 Babygunga - S\u00e4kerhetsb\u00e4lte - L\u00e4ngdjusterbara Rep - F\u00f6r Inomhus- Och Utomhusbruk - Gr\u00f6n - 48 x 34 x 180 cm - TRUUSK - Hem, Tr\u00e4dg\u00e5rd &amp; Fritid<\/title>\n<meta name=\"robots\" content=\"index, follow, max-snippet:-1, max-image-preview:large, max-video-preview:-1\" \/>\n<link rel=\"canonical\" href=\"https:\/\/truusk.store\/sv\/produkt\/truusk-3-i-1-babygunga-sakerhetsbalte-langdjusterbara-rep-for-inomhus-och-utomhusbruk-gron-48-x-34-x-180-cm\/\" \/>\n<meta property=\"og:locale\" content=\"sv_SE\" \/>\n<meta property=\"og:type\" content=\"article\" \/>\n<meta property=\"og:title\" content=\"TRUUSK 3-i-1 Babygunga - S\u00e4kerhetsb\u00e4lte - L\u00e4ngdjusterbara Rep - F\u00f6r Inomhus- Och Utomhusbruk - Gr\u00f6n - 48 x 34 x 180 cm - TRUUSK - Hem, Tr\u00e4dg\u00e5rd &amp; Fritid\" \/>\n<meta property=\"og:description\" content=\"Med denna barngunga kan du uppleva of\u00f6rgl\u00f6mligt gunga kul med dina sm\u00e5! Denna robusta babygunga st\u00f6der upp till 70 kg...\" \/>\n<meta property=\"og:url\" content=\"https:\/\/truusk.store\/sv\/produkt\/truusk-3-i-1-babygunga-sakerhetsbalte-langdjusterbara-rep-for-inomhus-och-utomhusbruk-gron-48-x-34-x-180-cm\/\" \/>\n<meta property=\"og:site_name\" content=\"TRUUSK - Hem, Tr\u00e4dg\u00e5rd &amp; Fritid\" \/>\n<meta property=\"article:modified_time\" content=\"2026-03-12T08:19:20+00:00\" \/>\n<meta property=\"og:image\" content=\"https:\/\/i0.wp.com\/truusk.se\/wp-content\/uploads\/2024\/02\/3-i-1-babygunga-sakerhetsbalte-langdjusterbara-rep-for-inomhus-och-utomhusbruk-gron-48-x-34-x-180-cm.webp?fit=800%2C800&ssl=1\" \/>\n\t<meta property=\"og:image:width\" content=\"800\" \/>\n\t<meta property=\"og:image:height\" content=\"800\" \/>\n\t<meta property=\"og:image:type\" content=\"image\/webp\" \/>\n<meta name=\"twitter:card\" content=\"summary_large_image\" \/>\n<meta name=\"twitter:label1\" content=\"Ber\u00e4knad l\u00e4stid\" \/>\n\t<meta name=\"twitter:data1\" content=\"1 minut\" \/>\n<!-- \/ Yoast SEO plugin. -->","yoast_head_json":{"title":"TRUUSK 3-i-1 Babygunga - S\u00e4kerhetsb\u00e4lte - L\u00e4ngdjusterbara Rep - F\u00f6r Inomhus- Och Utomhusbruk - Gr\u00f6n - 48 x 34 x 180 cm - TRUUSK - Hem, Tr\u00e4dg\u00e5rd &amp; Fritid","robots":{"index":"index","follow":"follow","max-snippet":"max-snippet:-1","max-image-preview":"max-image-preview:large","max-video-preview":"max-video-preview:-1"},"canonical":"https:\/\/truusk.store\/sv\/produkt\/truusk-3-i-1-babygunga-sakerhetsbalte-langdjusterbara-rep-for-inomhus-och-utomhusbruk-gron-48-x-34-x-180-cm\/","og_locale":"sv_SE","og_type":"article","og_title":"TRUUSK 3-i-1 Babygunga - S\u00e4kerhetsb\u00e4lte - L\u00e4ngdjusterbara Rep - F\u00f6r Inomhus- Och Utomhusbruk - Gr\u00f6n - 48 x 34 x 180 cm - TRUUSK - Hem, Tr\u00e4dg\u00e5rd &amp; Fritid","og_description":"Med denna barngunga kan du uppleva of\u00f6rgl\u00f6mligt gunga kul med dina sm\u00e5! Denna robusta babygunga st\u00f6der upp till 70 kg...","og_url":"https:\/\/truusk.store\/sv\/produkt\/truusk-3-i-1-babygunga-sakerhetsbalte-langdjusterbara-rep-for-inomhus-och-utomhusbruk-gron-48-x-34-x-180-cm\/","og_site_name":"TRUUSK - Hem, Tr\u00e4dg\u00e5rd &amp; Fritid","article_modified_time":"2026-03-12T08:19:20+00:00","og_image":[{"width":800,"height":800,"url":"https:\/\/i0.wp.com\/truusk.se\/wp-content\/uploads\/2024\/02\/3-i-1-babygunga-sakerhetsbalte-langdjusterbara-rep-for-inomhus-och-utomhusbruk-gron-48-x-34-x-180-cm.webp?fit=800%2C800&ssl=1","type":"image\/webp"}],"twitter_card":"summary_large_image","twitter_misc":{"Ber\u00e4knad l\u00e4stid":"1 minut"},"schema":{"@context":"https:\/\/schema.org","@graph":[{"@type":"WebPage","@id":"https:\/\/truusk.store\/sv\/produkt\/truusk-3-i-1-babygunga-sakerhetsbalte-langdjusterbara-rep-for-inomhus-och-utomhusbruk-gron-48-x-34-x-180-cm\/","url":"https:\/\/truusk.store\/sv\/produkt\/truusk-3-i-1-babygunga-sakerhetsbalte-langdjusterbara-rep-for-inomhus-och-utomhusbruk-gron-48-x-34-x-180-cm\/","name":"TRUUSK 3-i-1 Babygunga - S\u00e4kerhetsb\u00e4lte - L\u00e4ngdjusterbara Rep - F\u00f6r Inomhus- Och Utomhusbruk - Gr\u00f6n - 48 x 34 x 180 cm - TRUUSK - Hem, Tr\u00e4dg\u00e5rd &amp; Fritid","isPartOf":{"@id":"https:\/\/truusk.store\/sv\/#website"},"primaryImageOfPage":{"@id":"https:\/\/truusk.store\/sv\/produkt\/truusk-3-i-1-babygunga-sakerhetsbalte-langdjusterbara-rep-for-inomhus-och-utomhusbruk-gron-48-x-34-x-180-cm\/#primaryimage"},"image":{"@id":"https:\/\/truusk.store\/sv\/produkt\/truusk-3-i-1-babygunga-sakerhetsbalte-langdjusterbara-rep-for-inomhus-och-utomhusbruk-gron-48-x-34-x-180-cm\/#primaryimage"},"thumbnailUrl":"https:\/\/i0.wp.com\/truusk.store\/wp-content\/uploads\/2024\/02\/3-i-1-babygunga-sakerhetsbalte-langdjusterbara-rep-for-inomhus-och-utomhusbruk-gron-48-x-34-x-180-cm.webp?fit=800%2C800&ssl=1","datePublished":"2024-02-14T03:38:45+00:00","dateModified":"2026-03-12T08:19:20+00:00","breadcrumb":{"@id":"https:\/\/truusk.store\/sv\/produkt\/truusk-3-i-1-babygunga-sakerhetsbalte-langdjusterbara-rep-for-inomhus-och-utomhusbruk-gron-48-x-34-x-180-cm\/#breadcrumb"},"inLanguage":"sv-SE","potentialAction":[{"@type":"ReadAction","target":["https:\/\/truusk.store\/sv\/produkt\/truusk-3-i-1-babygunga-sakerhetsbalte-langdjusterbara-rep-for-inomhus-och-utomhusbruk-gron-48-x-34-x-180-cm\/"]}]},{"@type":"ImageObject","inLanguage":"sv-SE","@id":"https:\/\/truusk.store\/sv\/produkt\/truusk-3-i-1-babygunga-sakerhetsbalte-langdjusterbara-rep-for-inomhus-och-utomhusbruk-gron-48-x-34-x-180-cm\/#primaryimage","url":"https:\/\/i0.wp.com\/truusk.store\/wp-content\/uploads\/2024\/02\/3-i-1-babygunga-sakerhetsbalte-langdjusterbara-rep-for-inomhus-och-utomhusbruk-gron-48-x-34-x-180-cm.webp?fit=800%2C800&ssl=1","contentUrl":"https:\/\/i0.wp.com\/truusk.store\/wp-content\/uploads\/2024\/02\/3-i-1-babygunga-sakerhetsbalte-langdjusterbara-rep-for-inomhus-och-utomhusbruk-gron-48-x-34-x-180-cm.webp?fit=800%2C800&ssl=1","width":800,"height":800,"caption":"3-i-1 Babygunga, S\u00e4kerhetsb\u00e4lte, L\u00e4ngdjusterbara Rep, F\u00f6r Inomhus- Och Utomhusbruk, Gr\u00f6n, 48 X 34 X 180 Cm 1"},{"@type":"BreadcrumbList","@id":"https:\/\/truusk.store\/sv\/produkt\/truusk-3-i-1-babygunga-sakerhetsbalte-langdjusterbara-rep-for-inomhus-och-utomhusbruk-gron-48-x-34-x-180-cm\/#breadcrumb","itemListElement":[{"@type":"ListItem","position":1,"name":"Home","item":"https:\/\/truusk.store\/sv\/"},{"@type":"ListItem","position":2,"name":"Shop","item":"https:\/\/truusk.store\/shop\/"},{"@type":"ListItem","position":3,"name":"TRUUSK 3-i-1 Babygunga &#8211; S\u00e4kerhetsb\u00e4lte &#8211; L\u00e4ngdjusterbara Rep &#8211; F\u00f6r Inomhus- Och Utomhusbruk &#8211; Gr\u00f6n &#8211; 48 x 34 x 180 cm"}]},{"@type":"WebSite","@id":"https:\/\/truusk.store\/sv\/#website","url":"https:\/\/truusk.store\/sv\/","name":"TRUUSK - Hem, Tr\u00e4dg\u00e5rd & Fritid","description":"","publisher":{"@id":"https:\/\/truusk.store\/sv\/#organization"},"potentialAction":[{"@type":"SearchAction","target":{"@type":"EntryPoint","urlTemplate":"https:\/\/truusk.store\/sv\/?s={search_term_string}"},"query-input":{"@type":"PropertyValueSpecification","valueRequired":true,"valueName":"search_term_string"}}],"inLanguage":"sv-SE"},{"@type":"Organization","@id":"https:\/\/truusk.store\/sv\/#organization","name":"TRUUSK - Hem, Tr\u00e4dg\u00e5rd & Fritid","url":"https:\/\/truusk.store\/sv\/","logo":{"@type":"ImageObject","inLanguage":"sv-SE","@id":"https:\/\/truusk.store\/sv\/#\/schema\/logo\/image\/","url":"https:\/\/i0.wp.com\/truusk.store\/wp-content\/uploads\/2026\/03\/cropped-TRUUSK.png?fit=2032%2C917&ssl=1","contentUrl":"https:\/\/i0.wp.com\/truusk.store\/wp-content\/uploads\/2026\/03\/cropped-TRUUSK.png?fit=2032%2C917&ssl=1","width":2032,"height":917,"caption":"TRUUSK - Hem, Tr\u00e4dg\u00e5rd & Fritid"},"image":{"@id":"https:\/\/truusk.store\/sv\/#\/schema\/logo\/image\/"}}]}},"jetpack_sharing_enabled":true,"_links":{"self":[{"href":"https:\/\/truusk.store\/sv\/wp-json\/wp\/v2\/product\/43585","targetHints":{"allow":["GET"]}}],"collection":[{"href":"https:\/\/truusk.store\/sv\/wp-json\/wp\/v2\/product"}],"about":[{"href":"https:\/\/truusk.store\/sv\/wp-json\/wp\/v2\/types\/product"}],"wp:featuredmedia":[{"embeddable":true,"href":"https:\/\/truusk.store\/sv\/wp-json\/wp\/v2\/media\/43586"}],"wp:attachment":[{"href":"https:\/\/truusk.store\/sv\/wp-json\/wp\/v2\/media?parent=43585"}],"wp:term":[{"taxonomy":"product_brand","embeddable":true,"href":"https:\/\/truusk.store\/sv\/wp-json\/wp\/v2\/product_brand?post=43585"},{"taxonomy":"product_cat","embeddable":true,"href":"https:\/\/truusk.store\/sv\/wp-json\/wp\/v2\/product_cat?post=43585"},{"taxonomy":"product_tag","embeddable":true,"href":"https:\/\/truusk.store\/sv\/wp-json\/wp\/v2\/product_tag?post=43585"}],"curies":[{"name":"wp","href":"https:\/\/api.w.org\/{rel}","templated":true}]}}