{"id":43605,"date":"2024-02-14T04:39:26","date_gmt":"2024-02-14T03:39:26","guid":{"rendered":"https:\/\/truusk.store\/product\/barngravare-akbar-manovrerbar-spade-tippskydd-halkfria-hjul-gul-svart-85-x-275-x-475-cm\/"},"modified":"2026-03-12T09:19:20","modified_gmt":"2026-03-12T08:19:20","slug":"truusk-barngravare-akbar-spade-manovrerbar-tippskydd-halkfria-hjul-gul-svart-85-x-275-x-475-cm","status":"publish","type":"product","link":"https:\/\/truusk.store\/sv\/produkt\/truusk-barngravare-akbar-spade-manovrerbar-tippskydd-halkfria-hjul-gul-svart-85-x-275-x-475-cm\/","title":{"rendered":"TRUUSK Barngr\u00e4vare &#8211; \u00c5kbar Spade &#8211; Man\u00f6vrerbar &#8211; Tippskydd &#8211; Halkfria Hjul &#8211; Gul &amp; Svart &#8211; 85 x 27,5 x 47,5 cm"},"content":{"rendered":"<p>Barnsittgr\u00e4varen \u00e4r precis grejen om du letar efter n\u00e5got som \u00e4r roligt och s\u00e4kert f\u00f6r din lilla byggare. Dina barns \u00f6gon kommer att lysa upp n\u00e4r de ser detta byggfordon! Ditt barn kan leka i timmar och f\u00f6rest\u00e4lla sig att vara p\u00e5 en riktig byggarbetsplats utan att beh\u00f6va l\u00e4mna din tr\u00e4dg\u00e5rd. Gr\u00e4vmaskinen h\u00e5ller dina barn sysselsatta i friska luften och fr\u00e4mjar hand- och \u00f6gonkoordination samt motorik.<\/p>\n<h3>Beskrivning:<\/h3>\n<ul>\n<li>Barngr\u00e4vare med ett riktigt entreprenadmaskinm\u00e4rke<\/li>\n<li>Utrustad med ett horn f\u00f6r extra kul<\/li>\n<li>Ryggst\u00f6d och tippskydd f\u00f6r mer s\u00e4kerhet<\/li>\n<li>F\u00f6rvaringsutrymme under sitsen f\u00f6r f\u00f6rvaring av leksaker eller som n\u00f6dtoalett<\/li>\n<li>Spaden kan flyttas upp och ner med spakarna till h\u00f6ger och v\u00e4nster<\/li>\n<li>Halkfria, profilerade d\u00e4ck f\u00f6r b\u00e4ttre grepp<\/li>\n<li>Tryck fram\u00e5t eller bak\u00e5t med f\u00f6tterna<\/li>\n<li>Montering kr\u00e4vs<\/li>\n<\/ul>\n<h3>Teknisk data:<\/h3>\n<ul>\n<li>F\u00e4rg: Gul+svart<\/li>\n<li>Material: PP, metall<\/li>\n<li>\u00d6vergripande m\u00e5tt: 85L x 27,5W x 47,5H cm<\/li>\n<li>Sittm\u00e5tt: 18,5W x 27D x 24,5H cm (fr\u00e5n golvet)<\/li>\n<li>Ryggst\u00f6dsm\u00e5tt: 16W x 7,5H cm<\/li>\n<li>Radma: 13 cm<\/li>\n<li>Lastkapacitet: 25 kg<\/li>\n<li>Certifierad\/rekommenderad \u00e5lder: 1-3 \u00e5r<\/li>\n<li>Obs: 2 x 1,5V AAA-batterier kr\u00e4vs (ing\u00e5r ej)<\/li>\n<\/ul>\n<h3>Leveransens omfattning:<\/h3>\n<ul>\n<li>1 x s\u00e4tesgr\u00e4vmaskin<\/li>\n<li>1 x manuell<\/li>\n<\/ul>\n","protected":false},"excerpt":{"rendered":"<p>Barnsittgr\u00e4varen \u00e4r precis grejen om du letar efter n\u00e5got som \u00e4r roligt och s\u00e4kert f\u00f6r din lilla byggare. Dina barns&#8230;<\/p>\n","protected":false},"featured_media":43606,"template":"","meta":[],"product_brand":[],"product_cat":[609,613,610],"product_tag":[],"class_list":{"0":"post-43605","1":"product","2":"type-product","3":"status-publish","4":"has-post-thumbnail","6":"product_cat-baby-barn","7":"product_cat-balansera-cyklar-och-akande","8":"product_cat-barnfordon","10":"first","11":"instock","12":"sale","13":"taxable","14":"shipping-taxable","15":"purchasable","16":"product-type-simple"},"yoast_head":"<!-- This site is optimized with the Yoast SEO plugin v25.4 - https:\/\/yoast.com\/wordpress\/plugins\/seo\/ -->\n<title>TRUUSK Barngr\u00e4vare - \u00c5kbar Spade - Man\u00f6vrerbar - Tippskydd - Halkfria Hjul - Gul &amp; Svart - 85 x 27,5 x 47,5 cm - TRUUSK - Hem, Tr\u00e4dg\u00e5rd &amp; Fritid<\/title>\n<meta name=\"robots\" content=\"index, follow, max-snippet:-1, max-image-preview:large, max-video-preview:-1\" \/>\n<link rel=\"canonical\" href=\"https:\/\/truusk.store\/sv\/produkt\/truusk-barngravare-akbar-spade-manovrerbar-tippskydd-halkfria-hjul-gul-svart-85-x-275-x-475-cm\/\" \/>\n<meta property=\"og:locale\" content=\"sv_SE\" \/>\n<meta property=\"og:type\" content=\"article\" \/>\n<meta property=\"og:title\" content=\"TRUUSK Barngr\u00e4vare - \u00c5kbar Spade - Man\u00f6vrerbar - Tippskydd - Halkfria Hjul - Gul &amp; Svart - 85 x 27,5 x 47,5 cm - TRUUSK - Hem, Tr\u00e4dg\u00e5rd &amp; Fritid\" \/>\n<meta property=\"og:description\" content=\"Barnsittgr\u00e4varen \u00e4r precis grejen om du letar efter n\u00e5got som \u00e4r roligt och s\u00e4kert f\u00f6r din lilla byggare. Dina barns...\" \/>\n<meta property=\"og:url\" content=\"https:\/\/truusk.store\/sv\/produkt\/truusk-barngravare-akbar-spade-manovrerbar-tippskydd-halkfria-hjul-gul-svart-85-x-275-x-475-cm\/\" \/>\n<meta property=\"og:site_name\" content=\"TRUUSK - Hem, Tr\u00e4dg\u00e5rd &amp; Fritid\" \/>\n<meta property=\"article:modified_time\" content=\"2026-03-12T08:19:20+00:00\" \/>\n<meta property=\"og:image\" content=\"https:\/\/i0.wp.com\/truusk.se\/wp-content\/uploads\/2024\/02\/barngravare-akbar-manovrerbar-spade-tippskydd-halkfria-hjul-gul-svart-85-x-275-x-475-cm.webp?fit=800%2C800&ssl=1\" \/>\n\t<meta property=\"og:image:width\" content=\"800\" \/>\n\t<meta property=\"og:image:height\" content=\"800\" \/>\n\t<meta property=\"og:image:type\" content=\"image\/webp\" \/>\n<meta name=\"twitter:card\" content=\"summary_large_image\" \/>\n<meta name=\"twitter:label1\" content=\"Ber\u00e4knad l\u00e4stid\" \/>\n\t<meta name=\"twitter:data1\" content=\"1 minut\" \/>\n<!-- \/ Yoast SEO plugin. -->","yoast_head_json":{"title":"TRUUSK Barngr\u00e4vare - \u00c5kbar Spade - Man\u00f6vrerbar - Tippskydd - Halkfria Hjul - Gul &amp; Svart - 85 x 27,5 x 47,5 cm - TRUUSK - Hem, Tr\u00e4dg\u00e5rd &amp; Fritid","robots":{"index":"index","follow":"follow","max-snippet":"max-snippet:-1","max-image-preview":"max-image-preview:large","max-video-preview":"max-video-preview:-1"},"canonical":"https:\/\/truusk.store\/sv\/produkt\/truusk-barngravare-akbar-spade-manovrerbar-tippskydd-halkfria-hjul-gul-svart-85-x-275-x-475-cm\/","og_locale":"sv_SE","og_type":"article","og_title":"TRUUSK Barngr\u00e4vare - \u00c5kbar Spade - Man\u00f6vrerbar - Tippskydd - Halkfria Hjul - Gul &amp; Svart - 85 x 27,5 x 47,5 cm - TRUUSK - Hem, Tr\u00e4dg\u00e5rd &amp; Fritid","og_description":"Barnsittgr\u00e4varen \u00e4r precis grejen om du letar efter n\u00e5got som \u00e4r roligt och s\u00e4kert f\u00f6r din lilla byggare. Dina barns...","og_url":"https:\/\/truusk.store\/sv\/produkt\/truusk-barngravare-akbar-spade-manovrerbar-tippskydd-halkfria-hjul-gul-svart-85-x-275-x-475-cm\/","og_site_name":"TRUUSK - Hem, Tr\u00e4dg\u00e5rd &amp; Fritid","article_modified_time":"2026-03-12T08:19:20+00:00","og_image":[{"width":800,"height":800,"url":"https:\/\/i0.wp.com\/truusk.se\/wp-content\/uploads\/2024\/02\/barngravare-akbar-manovrerbar-spade-tippskydd-halkfria-hjul-gul-svart-85-x-275-x-475-cm.webp?fit=800%2C800&ssl=1","type":"image\/webp"}],"twitter_card":"summary_large_image","twitter_misc":{"Ber\u00e4knad l\u00e4stid":"1 minut"},"schema":{"@context":"https:\/\/schema.org","@graph":[{"@type":"WebPage","@id":"https:\/\/truusk.store\/sv\/produkt\/truusk-barngravare-akbar-spade-manovrerbar-tippskydd-halkfria-hjul-gul-svart-85-x-275-x-475-cm\/","url":"https:\/\/truusk.store\/sv\/produkt\/truusk-barngravare-akbar-spade-manovrerbar-tippskydd-halkfria-hjul-gul-svart-85-x-275-x-475-cm\/","name":"TRUUSK Barngr\u00e4vare - \u00c5kbar Spade - Man\u00f6vrerbar - Tippskydd - Halkfria Hjul - Gul &amp; Svart - 85 x 27,5 x 47,5 cm - TRUUSK - Hem, Tr\u00e4dg\u00e5rd &amp; Fritid","isPartOf":{"@id":"https:\/\/truusk.store\/sv\/#website"},"primaryImageOfPage":{"@id":"https:\/\/truusk.store\/sv\/produkt\/truusk-barngravare-akbar-spade-manovrerbar-tippskydd-halkfria-hjul-gul-svart-85-x-275-x-475-cm\/#primaryimage"},"image":{"@id":"https:\/\/truusk.store\/sv\/produkt\/truusk-barngravare-akbar-spade-manovrerbar-tippskydd-halkfria-hjul-gul-svart-85-x-275-x-475-cm\/#primaryimage"},"thumbnailUrl":"https:\/\/i0.wp.com\/truusk.store\/wp-content\/uploads\/2024\/02\/barngravare-akbar-manovrerbar-spade-tippskydd-halkfria-hjul-gul-svart-85-x-275-x-475-cm.webp?fit=800%2C800&ssl=1","datePublished":"2024-02-14T03:39:26+00:00","dateModified":"2026-03-12T08:19:20+00:00","breadcrumb":{"@id":"https:\/\/truusk.store\/sv\/produkt\/truusk-barngravare-akbar-spade-manovrerbar-tippskydd-halkfria-hjul-gul-svart-85-x-275-x-475-cm\/#breadcrumb"},"inLanguage":"sv-SE","potentialAction":[{"@type":"ReadAction","target":["https:\/\/truusk.store\/sv\/produkt\/truusk-barngravare-akbar-spade-manovrerbar-tippskydd-halkfria-hjul-gul-svart-85-x-275-x-475-cm\/"]}]},{"@type":"ImageObject","inLanguage":"sv-SE","@id":"https:\/\/truusk.store\/sv\/produkt\/truusk-barngravare-akbar-spade-manovrerbar-tippskydd-halkfria-hjul-gul-svart-85-x-275-x-475-cm\/#primaryimage","url":"https:\/\/i0.wp.com\/truusk.store\/wp-content\/uploads\/2024\/02\/barngravare-akbar-manovrerbar-spade-tippskydd-halkfria-hjul-gul-svart-85-x-275-x-475-cm.webp?fit=800%2C800&ssl=1","contentUrl":"https:\/\/i0.wp.com\/truusk.store\/wp-content\/uploads\/2024\/02\/barngravare-akbar-manovrerbar-spade-tippskydd-halkfria-hjul-gul-svart-85-x-275-x-475-cm.webp?fit=800%2C800&ssl=1","width":800,"height":800,"caption":"Barngr\u00e4vare, \u00e5kbar, Man\u00f6vrerbar Spade, Tippskydd, Halkfria Hjul, Gul + Svart, 85 X 27,5 X 47,5 Cm 1"},{"@type":"BreadcrumbList","@id":"https:\/\/truusk.store\/sv\/produkt\/truusk-barngravare-akbar-spade-manovrerbar-tippskydd-halkfria-hjul-gul-svart-85-x-275-x-475-cm\/#breadcrumb","itemListElement":[{"@type":"ListItem","position":1,"name":"Home","item":"https:\/\/truusk.store\/sv\/"},{"@type":"ListItem","position":2,"name":"Shop","item":"https:\/\/truusk.store\/shop\/"},{"@type":"ListItem","position":3,"name":"TRUUSK Barngr\u00e4vare &#8211; \u00c5kbar Spade &#8211; Man\u00f6vrerbar &#8211; Tippskydd &#8211; Halkfria Hjul &#8211; Gul &amp; Svart &#8211; 85 x 27,5 x 47,5 cm"}]},{"@type":"WebSite","@id":"https:\/\/truusk.store\/sv\/#website","url":"https:\/\/truusk.store\/sv\/","name":"TRUUSK - Hem, Tr\u00e4dg\u00e5rd & Fritid","description":"","publisher":{"@id":"https:\/\/truusk.store\/sv\/#organization"},"potentialAction":[{"@type":"SearchAction","target":{"@type":"EntryPoint","urlTemplate":"https:\/\/truusk.store\/sv\/?s={search_term_string}"},"query-input":{"@type":"PropertyValueSpecification","valueRequired":true,"valueName":"search_term_string"}}],"inLanguage":"sv-SE"},{"@type":"Organization","@id":"https:\/\/truusk.store\/sv\/#organization","name":"TRUUSK - Hem, Tr\u00e4dg\u00e5rd & Fritid","url":"https:\/\/truusk.store\/sv\/","logo":{"@type":"ImageObject","inLanguage":"sv-SE","@id":"https:\/\/truusk.store\/sv\/#\/schema\/logo\/image\/","url":"https:\/\/i0.wp.com\/truusk.store\/wp-content\/uploads\/2026\/03\/cropped-TRUUSK.png?fit=2032%2C917&ssl=1","contentUrl":"https:\/\/i0.wp.com\/truusk.store\/wp-content\/uploads\/2026\/03\/cropped-TRUUSK.png?fit=2032%2C917&ssl=1","width":2032,"height":917,"caption":"TRUUSK - Hem, Tr\u00e4dg\u00e5rd & Fritid"},"image":{"@id":"https:\/\/truusk.store\/sv\/#\/schema\/logo\/image\/"}}]}},"jetpack_sharing_enabled":true,"_links":{"self":[{"href":"https:\/\/truusk.store\/sv\/wp-json\/wp\/v2\/product\/43605","targetHints":{"allow":["GET"]}}],"collection":[{"href":"https:\/\/truusk.store\/sv\/wp-json\/wp\/v2\/product"}],"about":[{"href":"https:\/\/truusk.store\/sv\/wp-json\/wp\/v2\/types\/product"}],"wp:featuredmedia":[{"embeddable":true,"href":"https:\/\/truusk.store\/sv\/wp-json\/wp\/v2\/media\/43606"}],"wp:attachment":[{"href":"https:\/\/truusk.store\/sv\/wp-json\/wp\/v2\/media?parent=43605"}],"wp:term":[{"taxonomy":"product_brand","embeddable":true,"href":"https:\/\/truusk.store\/sv\/wp-json\/wp\/v2\/product_brand?post=43605"},{"taxonomy":"product_cat","embeddable":true,"href":"https:\/\/truusk.store\/sv\/wp-json\/wp\/v2\/product_cat?post=43605"},{"taxonomy":"product_tag","embeddable":true,"href":"https:\/\/truusk.store\/sv\/wp-json\/wp\/v2\/product_tag?post=43605"}],"curies":[{"name":"wp","href":"https:\/\/api.w.org\/{rel}","templated":true}]}}