{"id":43636,"date":"2024-02-14T04:40:29","date_gmt":"2024-02-14T03:40:29","guid":{"rendered":"https:\/\/truusk.store\/product\/set-med-2-matsalsstolar-koksstolar-massivt-tra-41-cm-x-465-cm-x-855-cm-vit\/"},"modified":"2026-03-12T09:19:23","modified_gmt":"2026-03-12T08:19:23","slug":"truusk-2-pack-matstolar-massivt-tra-vit-41-cm-x-465-cm-x-855-cm","status":"publish","type":"product","link":"https:\/\/truusk.store\/sv\/produkt\/truusk-2-pack-matstolar-massivt-tra-vit-41-cm-x-465-cm-x-855-cm\/","title":{"rendered":"TRUUSK 2-pack Matstolar &#8211; Massivt tr\u00e4 &#8211; Vit &#8211; 41 cm x 46,5 cm x 85,5 cm"},"content":{"rendered":"<p>stilfull upplevelse. V\u00e5ra matstolar erbjuder en bekv\u00e4m sittplats f\u00f6r dig och dina g\u00e4ster. Men det \u00e4r inte bara det klassiska utseendet som imponerar, den massiva tr\u00e4ramen s\u00e4kerst\u00e4ller ocks\u00e5 stabilitet och tillf\u00f6rlitlighet vid anv\u00e4ndning. Oavsett var du anv\u00e4nder stolarna \u00e4r de en berikning f\u00f6r varje rum. Uppt\u00e4ck den perfekta kombinationen av komfort, stil och kvalitet med v\u00e5ra k\u00f6ksstolar.<\/p>\n<h3>Beskrivning:<\/h3>\n<ul>\n<li>Set med 2 tr\u00e4stolar<\/li>\n<li>\u00d6ppet ryggst\u00f6d f\u00f6r mer komfort, inga armst\u00f6d f\u00f6r mer sittutrymme<\/li>\n<li>Fururam f\u00f6r ett s\u00e4kert stativ<\/li>\n<li>Den m\u00e5lade ytan \u00e4r vattenavvisande och l\u00e4tt att reng\u00f6ra<\/li>\n<li>Halkfria fotskydd f\u00f6rhindrar repor p\u00e5 golvet<\/li>\n<li>Montering kr\u00e4vs<\/li>\n<\/ul>\n<h3>Teknisk data:<\/h3>\n<ul>\n<li>F\u00e4rg vit<\/li>\n<li>Material: furu<\/li>\n<li>\u00d6vergripande m\u00e5tt: 41L x 46,5W x 85,5H cm<\/li>\n<li>Sitsstorlek: 41L x 41,5W x 45H cm<\/li>\n<li>Ryggst\u00f6dsstorlek: 35W x 41H cm<\/li>\n<li>Lastkapacitet: 120 kg<\/li>\n<\/ul>\n<h3>Leveransens omfattning:<\/h3>\n<ul>\n<li>2 x matstolar<\/li>\n<li>1 x manuell<\/li>\n<\/ul>\n","protected":false},"excerpt":{"rendered":"<p>stilfull upplevelse. V\u00e5ra matstolar erbjuder en bekv\u00e4m sittplats f\u00f6r dig och dina g\u00e4ster. Men det \u00e4r inte bara det klassiska&#8230;<\/p>\n","protected":false},"featured_media":43637,"template":"","meta":[],"product_brand":[],"product_cat":[485,518,515],"product_tag":[],"class_list":{"0":"post-43636","1":"product","2":"type-product","3":"status-publish","4":"has-post-thumbnail","6":"product_cat-hus-bo","7":"product_cat-matsalsstolar","8":"product_cat-stolar","10":"first","11":"instock","12":"sale","13":"taxable","14":"shipping-taxable","15":"purchasable","16":"product-type-simple"},"yoast_head":"<!-- This site is optimized with the Yoast SEO plugin v25.4 - https:\/\/yoast.com\/wordpress\/plugins\/seo\/ -->\n<title>TRUUSK 2-pack Matstolar - Massivt tr\u00e4 - Vit - 41 cm x 46,5 cm x 85,5 cm - TRUUSK - Hem, Tr\u00e4dg\u00e5rd &amp; Fritid<\/title>\n<meta name=\"robots\" content=\"index, follow, max-snippet:-1, max-image-preview:large, max-video-preview:-1\" \/>\n<link rel=\"canonical\" href=\"https:\/\/truusk.store\/sv\/produkt\/truusk-2-pack-matstolar-massivt-tra-vit-41-cm-x-465-cm-x-855-cm\/\" \/>\n<meta property=\"og:locale\" content=\"sv_SE\" \/>\n<meta property=\"og:type\" content=\"article\" \/>\n<meta property=\"og:title\" content=\"TRUUSK 2-pack Matstolar - Massivt tr\u00e4 - Vit - 41 cm x 46,5 cm x 85,5 cm - TRUUSK - Hem, Tr\u00e4dg\u00e5rd &amp; Fritid\" \/>\n<meta property=\"og:description\" content=\"stilfull upplevelse. V\u00e5ra matstolar erbjuder en bekv\u00e4m sittplats f\u00f6r dig och dina g\u00e4ster. Men det \u00e4r inte bara det klassiska...\" \/>\n<meta property=\"og:url\" content=\"https:\/\/truusk.store\/sv\/produkt\/truusk-2-pack-matstolar-massivt-tra-vit-41-cm-x-465-cm-x-855-cm\/\" \/>\n<meta property=\"og:site_name\" content=\"TRUUSK - Hem, Tr\u00e4dg\u00e5rd &amp; Fritid\" \/>\n<meta property=\"article:modified_time\" content=\"2026-03-12T08:19:23+00:00\" \/>\n<meta property=\"og:image\" content=\"https:\/\/i0.wp.com\/truusk.se\/wp-content\/uploads\/2024\/02\/set-med-2-matsalsstolar-koksstolar-massivt-tra-41-cm-x-465-cm-x-855-cm-vit.webp?fit=800%2C800&ssl=1\" \/>\n\t<meta property=\"og:image:width\" content=\"800\" \/>\n\t<meta property=\"og:image:height\" content=\"800\" \/>\n\t<meta property=\"og:image:type\" content=\"image\/webp\" \/>\n<meta name=\"twitter:card\" content=\"summary_large_image\" \/>\n<meta name=\"twitter:label1\" content=\"Ber\u00e4knad l\u00e4stid\" \/>\n\t<meta name=\"twitter:data1\" content=\"1 minut\" \/>\n<!-- \/ Yoast SEO plugin. -->","yoast_head_json":{"title":"TRUUSK 2-pack Matstolar - Massivt tr\u00e4 - Vit - 41 cm x 46,5 cm x 85,5 cm - TRUUSK - Hem, Tr\u00e4dg\u00e5rd &amp; Fritid","robots":{"index":"index","follow":"follow","max-snippet":"max-snippet:-1","max-image-preview":"max-image-preview:large","max-video-preview":"max-video-preview:-1"},"canonical":"https:\/\/truusk.store\/sv\/produkt\/truusk-2-pack-matstolar-massivt-tra-vit-41-cm-x-465-cm-x-855-cm\/","og_locale":"sv_SE","og_type":"article","og_title":"TRUUSK 2-pack Matstolar - Massivt tr\u00e4 - Vit - 41 cm x 46,5 cm x 85,5 cm - TRUUSK - Hem, Tr\u00e4dg\u00e5rd &amp; Fritid","og_description":"stilfull upplevelse. V\u00e5ra matstolar erbjuder en bekv\u00e4m sittplats f\u00f6r dig och dina g\u00e4ster. Men det \u00e4r inte bara det klassiska...","og_url":"https:\/\/truusk.store\/sv\/produkt\/truusk-2-pack-matstolar-massivt-tra-vit-41-cm-x-465-cm-x-855-cm\/","og_site_name":"TRUUSK - Hem, Tr\u00e4dg\u00e5rd &amp; Fritid","article_modified_time":"2026-03-12T08:19:23+00:00","og_image":[{"width":800,"height":800,"url":"https:\/\/i0.wp.com\/truusk.se\/wp-content\/uploads\/2024\/02\/set-med-2-matsalsstolar-koksstolar-massivt-tra-41-cm-x-465-cm-x-855-cm-vit.webp?fit=800%2C800&ssl=1","type":"image\/webp"}],"twitter_card":"summary_large_image","twitter_misc":{"Ber\u00e4knad l\u00e4stid":"1 minut"},"schema":{"@context":"https:\/\/schema.org","@graph":[{"@type":"WebPage","@id":"https:\/\/truusk.store\/sv\/produkt\/truusk-2-pack-matstolar-massivt-tra-vit-41-cm-x-465-cm-x-855-cm\/","url":"https:\/\/truusk.store\/sv\/produkt\/truusk-2-pack-matstolar-massivt-tra-vit-41-cm-x-465-cm-x-855-cm\/","name":"TRUUSK 2-pack Matstolar - Massivt tr\u00e4 - Vit - 41 cm x 46,5 cm x 85,5 cm - TRUUSK - Hem, Tr\u00e4dg\u00e5rd &amp; Fritid","isPartOf":{"@id":"https:\/\/truusk.store\/sv\/#website"},"primaryImageOfPage":{"@id":"https:\/\/truusk.store\/sv\/produkt\/truusk-2-pack-matstolar-massivt-tra-vit-41-cm-x-465-cm-x-855-cm\/#primaryimage"},"image":{"@id":"https:\/\/truusk.store\/sv\/produkt\/truusk-2-pack-matstolar-massivt-tra-vit-41-cm-x-465-cm-x-855-cm\/#primaryimage"},"thumbnailUrl":"https:\/\/i0.wp.com\/truusk.store\/wp-content\/uploads\/2024\/02\/set-med-2-matsalsstolar-koksstolar-massivt-tra-41-cm-x-465-cm-x-855-cm-vit.webp?fit=800%2C800&ssl=1","datePublished":"2024-02-14T03:40:29+00:00","dateModified":"2026-03-12T08:19:23+00:00","breadcrumb":{"@id":"https:\/\/truusk.store\/sv\/produkt\/truusk-2-pack-matstolar-massivt-tra-vit-41-cm-x-465-cm-x-855-cm\/#breadcrumb"},"inLanguage":"sv-SE","potentialAction":[{"@type":"ReadAction","target":["https:\/\/truusk.store\/sv\/produkt\/truusk-2-pack-matstolar-massivt-tra-vit-41-cm-x-465-cm-x-855-cm\/"]}]},{"@type":"ImageObject","inLanguage":"sv-SE","@id":"https:\/\/truusk.store\/sv\/produkt\/truusk-2-pack-matstolar-massivt-tra-vit-41-cm-x-465-cm-x-855-cm\/#primaryimage","url":"https:\/\/i0.wp.com\/truusk.store\/wp-content\/uploads\/2024\/02\/set-med-2-matsalsstolar-koksstolar-massivt-tra-41-cm-x-465-cm-x-855-cm-vit.webp?fit=800%2C800&ssl=1","contentUrl":"https:\/\/i0.wp.com\/truusk.store\/wp-content\/uploads\/2024\/02\/set-med-2-matsalsstolar-koksstolar-massivt-tra-41-cm-x-465-cm-x-855-cm-vit.webp?fit=800%2C800&ssl=1","width":800,"height":800,"caption":"Set Med 2 Matsalsstolar, K\u00f6ksstolar, Massivt Tr\u00e4, 41 Cm X 46,5 Cm X 85,5 Cm, Vit 1"},{"@type":"BreadcrumbList","@id":"https:\/\/truusk.store\/sv\/produkt\/truusk-2-pack-matstolar-massivt-tra-vit-41-cm-x-465-cm-x-855-cm\/#breadcrumb","itemListElement":[{"@type":"ListItem","position":1,"name":"Home","item":"https:\/\/truusk.store\/sv\/"},{"@type":"ListItem","position":2,"name":"Shop","item":"https:\/\/truusk.store\/shop\/"},{"@type":"ListItem","position":3,"name":"TRUUSK 2-pack Matstolar &#8211; Massivt tr\u00e4 &#8211; Vit &#8211; 41 cm x 46,5 cm x 85,5 cm"}]},{"@type":"WebSite","@id":"https:\/\/truusk.store\/sv\/#website","url":"https:\/\/truusk.store\/sv\/","name":"TRUUSK - Hem, Tr\u00e4dg\u00e5rd & Fritid","description":"","publisher":{"@id":"https:\/\/truusk.store\/sv\/#organization"},"potentialAction":[{"@type":"SearchAction","target":{"@type":"EntryPoint","urlTemplate":"https:\/\/truusk.store\/sv\/?s={search_term_string}"},"query-input":{"@type":"PropertyValueSpecification","valueRequired":true,"valueName":"search_term_string"}}],"inLanguage":"sv-SE"},{"@type":"Organization","@id":"https:\/\/truusk.store\/sv\/#organization","name":"TRUUSK - Hem, Tr\u00e4dg\u00e5rd & Fritid","url":"https:\/\/truusk.store\/sv\/","logo":{"@type":"ImageObject","inLanguage":"sv-SE","@id":"https:\/\/truusk.store\/sv\/#\/schema\/logo\/image\/","url":"https:\/\/i0.wp.com\/truusk.store\/wp-content\/uploads\/2026\/03\/cropped-TRUUSK.png?fit=2032%2C917&ssl=1","contentUrl":"https:\/\/i0.wp.com\/truusk.store\/wp-content\/uploads\/2026\/03\/cropped-TRUUSK.png?fit=2032%2C917&ssl=1","width":2032,"height":917,"caption":"TRUUSK - Hem, Tr\u00e4dg\u00e5rd & Fritid"},"image":{"@id":"https:\/\/truusk.store\/sv\/#\/schema\/logo\/image\/"}}]}},"jetpack_sharing_enabled":true,"_links":{"self":[{"href":"https:\/\/truusk.store\/sv\/wp-json\/wp\/v2\/product\/43636","targetHints":{"allow":["GET"]}}],"collection":[{"href":"https:\/\/truusk.store\/sv\/wp-json\/wp\/v2\/product"}],"about":[{"href":"https:\/\/truusk.store\/sv\/wp-json\/wp\/v2\/types\/product"}],"wp:featuredmedia":[{"embeddable":true,"href":"https:\/\/truusk.store\/sv\/wp-json\/wp\/v2\/media\/43637"}],"wp:attachment":[{"href":"https:\/\/truusk.store\/sv\/wp-json\/wp\/v2\/media?parent=43636"}],"wp:term":[{"taxonomy":"product_brand","embeddable":true,"href":"https:\/\/truusk.store\/sv\/wp-json\/wp\/v2\/product_brand?post=43636"},{"taxonomy":"product_cat","embeddable":true,"href":"https:\/\/truusk.store\/sv\/wp-json\/wp\/v2\/product_cat?post=43636"},{"taxonomy":"product_tag","embeddable":true,"href":"https:\/\/truusk.store\/sv\/wp-json\/wp\/v2\/product_tag?post=43636"}],"curies":[{"name":"wp","href":"https:\/\/api.w.org\/{rel}","templated":true}]}}