{"id":43707,"date":"2024-02-14T04:42:53","date_gmt":"2024-02-14T03:42:53","guid":{"rendered":"https:\/\/truusk.store\/product\/medicinskap-6-innerfack-lasbart-2-dorrar-robust-stalholje-vit-55-x-18-x-60-cm\/"},"modified":"2026-03-12T09:20:22","modified_gmt":"2026-03-12T08:20:22","slug":"truusk-medicinskap-6-innerfack-lasbart-robust-stalholje-vit-55-x-18-x-60-cm","status":"publish","type":"product","link":"https:\/\/truusk.store\/sv\/produkt\/truusk-medicinskap-6-innerfack-lasbart-robust-stalholje-vit-55-x-18-x-60-cm\/","title":{"rendered":"TRUUSK Medicinsk\u00e5p &#8211; 6 Innerfack &#8211; L\u00e5sbart &#8211; Robust St\u00e5lh\u00f6lje &#8211; Vit &#8211; 55 x 18 x 60 cm"},"content":{"rendered":"<p>F\u00f6r familjer med barn och husdjur \u00e4r det viktigt att alltid ha medicinska recept och mediciner inom r\u00e4ckh\u00e5ll. Det \u00e4r d\u00e4rf\u00f6r detta medicinsk\u00e5p \u00e4r ett m\u00e5ste f\u00f6r varje hush\u00e5ll! Medicinsk\u00e5pet erbjuder f\u00f6rvaringsutrymme p\u00e5 sex niv\u00e5er, vilket g\u00f6r det m\u00f6jligt att organisera och separera mediciner tydligt. F\u00f6rsta hj\u00e4lpen-korset sitter p\u00e5 framsidan, vilket g\u00f6r det l\u00e4tt att uppt\u00e4cka i en n\u00f6dsituation.<\/p>\n<h3>Beskrivning:<\/h3>\n<ul>\n<li>6 hyllplan i inredningen f\u00f6r effektiv organisation<\/li>\n<li>S\u00e4kert l\u00e5ssystem med tv\u00e5 nycklar, idealiskt f\u00f6r hush\u00e5ll med barn och husdjur<\/li>\n<li>Det finns 3 mindre fack p\u00e5 baksidan av d\u00f6rren f\u00f6r f\u00f6rvaring av mindre medicinf\u00f6rpackningar<\/li>\n<li>Klisterm\u00e4rke med f\u00f6rsta hj\u00e4lpen-kors kan f\u00e4stas p\u00e5 d\u00f6rren<\/li>\n<li>Utrymmesbesparande v\u00e4ggmontering<\/li>\n<li>Ingen montering kr\u00e4vs<\/li>\n<\/ul>\n<h3>Teknisk data:<\/h3>\n<ul>\n<li>F\u00e4rg vit<\/li>\n<li>Material: Kallvalsat st\u00e5l<\/li>\n<li>\u00d6vergripande m\u00e5tt: 55W x 18D x 60H cm<\/li>\n<li>M\u00e5tt: 27,5W x 5,5D x 60H cm<\/li>\n<li>M\u00e5tt per hyllfack: 30W x 5D x 20H cm<\/li>\n<li>Lastkapacitet: 30 kg (totalt), 5 kg (varje fack)<\/li>\n<\/ul>\n<h3>Leveransens omfattning:<\/h3>\n<ul>\n<li>1 x Medicinsk\u00e5p<\/li>\n<li>2 x nycklar<\/li>\n<\/ul>\n","protected":false},"excerpt":{"rendered":"<p>F\u00f6r familjer med barn och husdjur \u00e4r det viktigt att alltid ha medicinska recept och mediciner inom r\u00e4ckh\u00e5ll. Det \u00e4r&#8230;<\/p>\n","protected":false},"featured_media":43708,"template":"","meta":[],"product_brand":[],"product_cat":[485,529,528],"product_tag":[],"class_list":{"0":"post-43707","1":"product","2":"type-product","3":"status-publish","4":"has-post-thumbnail","6":"product_cat-hus-bo","7":"product_cat-medicinskap","8":"product_cat-skap-byraer","10":"first","11":"instock","12":"sale","13":"taxable","14":"shipping-taxable","15":"purchasable","16":"product-type-simple"},"yoast_head":"<!-- This site is optimized with the Yoast SEO plugin v25.4 - https:\/\/yoast.com\/wordpress\/plugins\/seo\/ -->\n<title>TRUUSK Medicinsk\u00e5p - 6 Innerfack - L\u00e5sbart - Robust St\u00e5lh\u00f6lje - Vit - 55 x 18 x 60 cm - TRUUSK - Hem, Tr\u00e4dg\u00e5rd &amp; Fritid<\/title>\n<meta name=\"robots\" content=\"index, follow, max-snippet:-1, max-image-preview:large, max-video-preview:-1\" \/>\n<link rel=\"canonical\" href=\"https:\/\/truusk.store\/sv\/produkt\/truusk-medicinskap-6-innerfack-lasbart-robust-stalholje-vit-55-x-18-x-60-cm\/\" \/>\n<meta property=\"og:locale\" content=\"sv_SE\" \/>\n<meta property=\"og:type\" content=\"article\" \/>\n<meta property=\"og:title\" content=\"TRUUSK Medicinsk\u00e5p - 6 Innerfack - L\u00e5sbart - Robust St\u00e5lh\u00f6lje - Vit - 55 x 18 x 60 cm - TRUUSK - Hem, Tr\u00e4dg\u00e5rd &amp; Fritid\" \/>\n<meta property=\"og:description\" content=\"F\u00f6r familjer med barn och husdjur \u00e4r det viktigt att alltid ha medicinska recept och mediciner inom r\u00e4ckh\u00e5ll. Det \u00e4r...\" \/>\n<meta property=\"og:url\" content=\"https:\/\/truusk.store\/sv\/produkt\/truusk-medicinskap-6-innerfack-lasbart-robust-stalholje-vit-55-x-18-x-60-cm\/\" \/>\n<meta property=\"og:site_name\" content=\"TRUUSK - Hem, Tr\u00e4dg\u00e5rd &amp; Fritid\" \/>\n<meta property=\"article:modified_time\" content=\"2026-03-12T08:20:22+00:00\" \/>\n<meta property=\"og:image\" content=\"https:\/\/i0.wp.com\/truusk.se\/wp-content\/uploads\/2024\/02\/medicinskap-6-innerfack-lasbart-2-dorrar-robust-stalholje-vit-55-x-18-x-60-cm.webp?fit=800%2C800&ssl=1\" \/>\n\t<meta property=\"og:image:width\" content=\"800\" \/>\n\t<meta property=\"og:image:height\" content=\"800\" \/>\n\t<meta property=\"og:image:type\" content=\"image\/webp\" \/>\n<meta name=\"twitter:card\" content=\"summary_large_image\" \/>\n<meta name=\"twitter:label1\" content=\"Ber\u00e4knad l\u00e4stid\" \/>\n\t<meta name=\"twitter:data1\" content=\"1 minut\" \/>\n<!-- \/ Yoast SEO plugin. -->","yoast_head_json":{"title":"TRUUSK Medicinsk\u00e5p - 6 Innerfack - L\u00e5sbart - Robust St\u00e5lh\u00f6lje - Vit - 55 x 18 x 60 cm - TRUUSK - Hem, Tr\u00e4dg\u00e5rd &amp; Fritid","robots":{"index":"index","follow":"follow","max-snippet":"max-snippet:-1","max-image-preview":"max-image-preview:large","max-video-preview":"max-video-preview:-1"},"canonical":"https:\/\/truusk.store\/sv\/produkt\/truusk-medicinskap-6-innerfack-lasbart-robust-stalholje-vit-55-x-18-x-60-cm\/","og_locale":"sv_SE","og_type":"article","og_title":"TRUUSK Medicinsk\u00e5p - 6 Innerfack - L\u00e5sbart - Robust St\u00e5lh\u00f6lje - Vit - 55 x 18 x 60 cm - TRUUSK - Hem, Tr\u00e4dg\u00e5rd &amp; Fritid","og_description":"F\u00f6r familjer med barn och husdjur \u00e4r det viktigt att alltid ha medicinska recept och mediciner inom r\u00e4ckh\u00e5ll. Det \u00e4r...","og_url":"https:\/\/truusk.store\/sv\/produkt\/truusk-medicinskap-6-innerfack-lasbart-robust-stalholje-vit-55-x-18-x-60-cm\/","og_site_name":"TRUUSK - Hem, Tr\u00e4dg\u00e5rd &amp; Fritid","article_modified_time":"2026-03-12T08:20:22+00:00","og_image":[{"width":800,"height":800,"url":"https:\/\/i0.wp.com\/truusk.se\/wp-content\/uploads\/2024\/02\/medicinskap-6-innerfack-lasbart-2-dorrar-robust-stalholje-vit-55-x-18-x-60-cm.webp?fit=800%2C800&ssl=1","type":"image\/webp"}],"twitter_card":"summary_large_image","twitter_misc":{"Ber\u00e4knad l\u00e4stid":"1 minut"},"schema":{"@context":"https:\/\/schema.org","@graph":[{"@type":"WebPage","@id":"https:\/\/truusk.store\/sv\/produkt\/truusk-medicinskap-6-innerfack-lasbart-robust-stalholje-vit-55-x-18-x-60-cm\/","url":"https:\/\/truusk.store\/sv\/produkt\/truusk-medicinskap-6-innerfack-lasbart-robust-stalholje-vit-55-x-18-x-60-cm\/","name":"TRUUSK Medicinsk\u00e5p - 6 Innerfack - L\u00e5sbart - Robust St\u00e5lh\u00f6lje - Vit - 55 x 18 x 60 cm - TRUUSK - Hem, Tr\u00e4dg\u00e5rd &amp; Fritid","isPartOf":{"@id":"https:\/\/truusk.store\/sv\/#website"},"primaryImageOfPage":{"@id":"https:\/\/truusk.store\/sv\/produkt\/truusk-medicinskap-6-innerfack-lasbart-robust-stalholje-vit-55-x-18-x-60-cm\/#primaryimage"},"image":{"@id":"https:\/\/truusk.store\/sv\/produkt\/truusk-medicinskap-6-innerfack-lasbart-robust-stalholje-vit-55-x-18-x-60-cm\/#primaryimage"},"thumbnailUrl":"https:\/\/i0.wp.com\/truusk.store\/wp-content\/uploads\/2024\/02\/medicinskap-6-innerfack-lasbart-2-dorrar-robust-stalholje-vit-55-x-18-x-60-cm.webp?fit=800%2C800&ssl=1","datePublished":"2024-02-14T03:42:53+00:00","dateModified":"2026-03-12T08:20:22+00:00","breadcrumb":{"@id":"https:\/\/truusk.store\/sv\/produkt\/truusk-medicinskap-6-innerfack-lasbart-robust-stalholje-vit-55-x-18-x-60-cm\/#breadcrumb"},"inLanguage":"sv-SE","potentialAction":[{"@type":"ReadAction","target":["https:\/\/truusk.store\/sv\/produkt\/truusk-medicinskap-6-innerfack-lasbart-robust-stalholje-vit-55-x-18-x-60-cm\/"]}]},{"@type":"ImageObject","inLanguage":"sv-SE","@id":"https:\/\/truusk.store\/sv\/produkt\/truusk-medicinskap-6-innerfack-lasbart-robust-stalholje-vit-55-x-18-x-60-cm\/#primaryimage","url":"https:\/\/i0.wp.com\/truusk.store\/wp-content\/uploads\/2024\/02\/medicinskap-6-innerfack-lasbart-2-dorrar-robust-stalholje-vit-55-x-18-x-60-cm.webp?fit=800%2C800&ssl=1","contentUrl":"https:\/\/i0.wp.com\/truusk.store\/wp-content\/uploads\/2024\/02\/medicinskap-6-innerfack-lasbart-2-dorrar-robust-stalholje-vit-55-x-18-x-60-cm.webp?fit=800%2C800&ssl=1","width":800,"height":800,"caption":"Medicinsk\u00e5p, 6 Innerfack, L\u00e5sbart, 2 D\u00f6rrar, Robust St\u00e5lh\u00f6lje, Vit, 55 X 18 X 60 Cm 1"},{"@type":"BreadcrumbList","@id":"https:\/\/truusk.store\/sv\/produkt\/truusk-medicinskap-6-innerfack-lasbart-robust-stalholje-vit-55-x-18-x-60-cm\/#breadcrumb","itemListElement":[{"@type":"ListItem","position":1,"name":"Home","item":"https:\/\/truusk.store\/sv\/"},{"@type":"ListItem","position":2,"name":"Shop","item":"https:\/\/truusk.store\/shop\/"},{"@type":"ListItem","position":3,"name":"TRUUSK Medicinsk\u00e5p &#8211; 6 Innerfack &#8211; L\u00e5sbart &#8211; Robust St\u00e5lh\u00f6lje &#8211; Vit &#8211; 55 x 18 x 60 cm"}]},{"@type":"WebSite","@id":"https:\/\/truusk.store\/sv\/#website","url":"https:\/\/truusk.store\/sv\/","name":"TRUUSK - Hem, Tr\u00e4dg\u00e5rd & Fritid","description":"","publisher":{"@id":"https:\/\/truusk.store\/sv\/#organization"},"potentialAction":[{"@type":"SearchAction","target":{"@type":"EntryPoint","urlTemplate":"https:\/\/truusk.store\/sv\/?s={search_term_string}"},"query-input":{"@type":"PropertyValueSpecification","valueRequired":true,"valueName":"search_term_string"}}],"inLanguage":"sv-SE"},{"@type":"Organization","@id":"https:\/\/truusk.store\/sv\/#organization","name":"TRUUSK - Hem, Tr\u00e4dg\u00e5rd & Fritid","url":"https:\/\/truusk.store\/sv\/","logo":{"@type":"ImageObject","inLanguage":"sv-SE","@id":"https:\/\/truusk.store\/sv\/#\/schema\/logo\/image\/","url":"https:\/\/i0.wp.com\/truusk.store\/wp-content\/uploads\/2026\/03\/cropped-TRUUSK.png?fit=2032%2C917&ssl=1","contentUrl":"https:\/\/i0.wp.com\/truusk.store\/wp-content\/uploads\/2026\/03\/cropped-TRUUSK.png?fit=2032%2C917&ssl=1","width":2032,"height":917,"caption":"TRUUSK - Hem, Tr\u00e4dg\u00e5rd & Fritid"},"image":{"@id":"https:\/\/truusk.store\/sv\/#\/schema\/logo\/image\/"}}]}},"jetpack_sharing_enabled":true,"_links":{"self":[{"href":"https:\/\/truusk.store\/sv\/wp-json\/wp\/v2\/product\/43707","targetHints":{"allow":["GET"]}}],"collection":[{"href":"https:\/\/truusk.store\/sv\/wp-json\/wp\/v2\/product"}],"about":[{"href":"https:\/\/truusk.store\/sv\/wp-json\/wp\/v2\/types\/product"}],"wp:featuredmedia":[{"embeddable":true,"href":"https:\/\/truusk.store\/sv\/wp-json\/wp\/v2\/media\/43708"}],"wp:attachment":[{"href":"https:\/\/truusk.store\/sv\/wp-json\/wp\/v2\/media?parent=43707"}],"wp:term":[{"taxonomy":"product_brand","embeddable":true,"href":"https:\/\/truusk.store\/sv\/wp-json\/wp\/v2\/product_brand?post=43707"},{"taxonomy":"product_cat","embeddable":true,"href":"https:\/\/truusk.store\/sv\/wp-json\/wp\/v2\/product_cat?post=43707"},{"taxonomy":"product_tag","embeddable":true,"href":"https:\/\/truusk.store\/sv\/wp-json\/wp\/v2\/product_tag?post=43707"}],"curies":[{"name":"wp","href":"https:\/\/api.w.org\/{rel}","templated":true}]}}