{"id":43797,"date":"2024-02-14T04:46:09","date_gmt":"2024-02-14T03:46:09","guid":{"rendered":"https:\/\/truusk.store\/product\/tradgardsfigur-little-boy-with-straw-hat-tradgardsdekoration-vaderbestandig-235-cm-x-25-cm-x-43-cm\/"},"modified":"2026-03-12T09:20:26","modified_gmt":"2026-03-12T08:20:26","slug":"truusk-tradgardsfigur-little-boy-with-straw-hat-vaderbestandig-tradgardsdekoration-235x25x43-cm","status":"publish","type":"product","link":"https:\/\/truusk.store\/sv\/produkt\/truusk-tradgardsfigur-little-boy-with-straw-hat-vaderbestandig-tradgardsdekoration-235x25x43-cm\/","title":{"rendered":"TRUUSK Tr\u00e4dg\u00e5rdsfigur &#8221;Little Boy With Straw Hat&#8221; &#8211; V\u00e4derbest\u00e4ndig Tr\u00e4dg\u00e5rdsdekoration &#8211; 23,5x25x43 cm"},"content":{"rendered":"<p>Denna tr\u00e4dg\u00e5rdsdekoration f\u00f6rsk\u00f6nar varje tr\u00e4dg\u00e5rd. Denna tr\u00e4dg\u00e5rdsfigur har en s\u00f6t pojke med ett s\u00f6tt leende och rosa kinder som h\u00e5ller en anka och sitter p\u00e5 en sten. Tr\u00e4dg\u00e5rdsdekorationen kommer att f\u00e5 ditt hj\u00e4rta att hoppa av gl\u00e4dje tack vare sin realistiska och s\u00f6ta design. Mycket l\u00e4mplig f\u00f6r att dekorera din tr\u00e4dg\u00e5rd, veranda, uteplats och gr\u00e4smatta.<\/p>\n<h3>Beskrivning:<\/h3>\n<ul>\n<li>Pojkekarakt\u00e4r med s\u00f6ta ansiktsuttryck och gester<\/li>\n<li>Tillverkad av v\u00e4derbest\u00e4ndig magnesiumoxid med en m\u00e5lad yta,<\/li>\n<li>Robust och f\u00e4rg\u00e4kta<\/li>\n<li>L\u00e4mplig f\u00f6r tr\u00e4dg\u00e5rdar, verandor, uteplatser, gr\u00e4smattor etc<\/li>\n<li>Ingen montering kr\u00e4vs<\/li>\n<\/ul>\n<h3>Teknisk data:<\/h3>\n<ul>\n<li>F\u00e4rg: Flerf\u00e4rgad<\/li>\n<li>Material: magnesiumoxid<\/li>\n<li>\u00d6vergripande m\u00e5tt: 23,5L x 25W x 43H cm<\/li>\n<li>Nettovikt: 2,5 kg<\/li>\n<\/ul>\n<h3>Leveransens omfattning:<\/h3>\n<ul>\n<li>1 x tr\u00e4dg\u00e5rdsstaty;<\/li>\n<\/ul>\n","protected":false},"excerpt":{"rendered":"<p>Denna tr\u00e4dg\u00e5rdsdekoration f\u00f6rsk\u00f6nar varje tr\u00e4dg\u00e5rd. Denna tr\u00e4dg\u00e5rdsfigur har en s\u00f6t pojke med ett s\u00f6tt leende och rosa kinder som h\u00e5ller&#8230;<\/p>\n","protected":false},"featured_media":43798,"template":"","meta":[],"product_brand":[],"product_cat":[435,464],"product_tag":[],"class_list":{"0":"post-43797","1":"product","2":"type-product","3":"status-publish","4":"has-post-thumbnail","6":"product_cat-tradgard-och-terrass","7":"product_cat-tradgardsdekoration","9":"first","10":"instock","11":"sale","12":"taxable","13":"shipping-taxable","14":"purchasable","15":"product-type-simple"},"yoast_head":"<!-- This site is optimized with the Yoast SEO plugin v25.4 - https:\/\/yoast.com\/wordpress\/plugins\/seo\/ -->\n<title>TRUUSK Tr\u00e4dg\u00e5rdsfigur &quot;Little Boy With Straw Hat&quot; - V\u00e4derbest\u00e4ndig Tr\u00e4dg\u00e5rdsdekoration - 23,5x25x43 cm - TRUUSK - Hem, Tr\u00e4dg\u00e5rd &amp; Fritid<\/title>\n<meta name=\"robots\" content=\"index, follow, max-snippet:-1, max-image-preview:large, max-video-preview:-1\" \/>\n<link rel=\"canonical\" href=\"https:\/\/truusk.store\/sv\/produkt\/truusk-tradgardsfigur-little-boy-with-straw-hat-vaderbestandig-tradgardsdekoration-235x25x43-cm\/\" \/>\n<meta property=\"og:locale\" content=\"sv_SE\" \/>\n<meta property=\"og:type\" content=\"article\" \/>\n<meta property=\"og:title\" content=\"TRUUSK Tr\u00e4dg\u00e5rdsfigur &quot;Little Boy With Straw Hat&quot; - V\u00e4derbest\u00e4ndig Tr\u00e4dg\u00e5rdsdekoration - 23,5x25x43 cm - TRUUSK - Hem, Tr\u00e4dg\u00e5rd &amp; Fritid\" \/>\n<meta property=\"og:description\" content=\"Denna tr\u00e4dg\u00e5rdsdekoration f\u00f6rsk\u00f6nar varje tr\u00e4dg\u00e5rd. Denna tr\u00e4dg\u00e5rdsfigur har en s\u00f6t pojke med ett s\u00f6tt leende och rosa kinder som h\u00e5ller...\" \/>\n<meta property=\"og:url\" content=\"https:\/\/truusk.store\/sv\/produkt\/truusk-tradgardsfigur-little-boy-with-straw-hat-vaderbestandig-tradgardsdekoration-235x25x43-cm\/\" \/>\n<meta property=\"og:site_name\" content=\"TRUUSK - Hem, Tr\u00e4dg\u00e5rd &amp; Fritid\" \/>\n<meta property=\"article:modified_time\" content=\"2026-03-12T08:20:26+00:00\" \/>\n<meta property=\"og:image\" content=\"https:\/\/i0.wp.com\/truusk.se\/wp-content\/uploads\/2024\/02\/tradgardsfigur-little-boy-with-straw-hat-tradgardsdekoration-vaderbestandig-235-cm-x-25-cm-x-43-cm.webp?fit=800%2C800&ssl=1\" \/>\n\t<meta property=\"og:image:width\" content=\"800\" \/>\n\t<meta property=\"og:image:height\" content=\"800\" \/>\n\t<meta property=\"og:image:type\" content=\"image\/webp\" \/>\n<meta name=\"twitter:card\" content=\"summary_large_image\" \/>\n<meta name=\"twitter:label1\" content=\"Ber\u00e4knad l\u00e4stid\" \/>\n\t<meta name=\"twitter:data1\" content=\"1 minut\" \/>\n<!-- \/ Yoast SEO plugin. -->","yoast_head_json":{"title":"TRUUSK Tr\u00e4dg\u00e5rdsfigur \"Little Boy With Straw Hat\" - V\u00e4derbest\u00e4ndig Tr\u00e4dg\u00e5rdsdekoration - 23,5x25x43 cm - TRUUSK - Hem, Tr\u00e4dg\u00e5rd &amp; Fritid","robots":{"index":"index","follow":"follow","max-snippet":"max-snippet:-1","max-image-preview":"max-image-preview:large","max-video-preview":"max-video-preview:-1"},"canonical":"https:\/\/truusk.store\/sv\/produkt\/truusk-tradgardsfigur-little-boy-with-straw-hat-vaderbestandig-tradgardsdekoration-235x25x43-cm\/","og_locale":"sv_SE","og_type":"article","og_title":"TRUUSK Tr\u00e4dg\u00e5rdsfigur \"Little Boy With Straw Hat\" - V\u00e4derbest\u00e4ndig Tr\u00e4dg\u00e5rdsdekoration - 23,5x25x43 cm - TRUUSK - Hem, Tr\u00e4dg\u00e5rd &amp; Fritid","og_description":"Denna tr\u00e4dg\u00e5rdsdekoration f\u00f6rsk\u00f6nar varje tr\u00e4dg\u00e5rd. Denna tr\u00e4dg\u00e5rdsfigur har en s\u00f6t pojke med ett s\u00f6tt leende och rosa kinder som h\u00e5ller...","og_url":"https:\/\/truusk.store\/sv\/produkt\/truusk-tradgardsfigur-little-boy-with-straw-hat-vaderbestandig-tradgardsdekoration-235x25x43-cm\/","og_site_name":"TRUUSK - Hem, Tr\u00e4dg\u00e5rd &amp; Fritid","article_modified_time":"2026-03-12T08:20:26+00:00","og_image":[{"width":800,"height":800,"url":"https:\/\/i0.wp.com\/truusk.se\/wp-content\/uploads\/2024\/02\/tradgardsfigur-little-boy-with-straw-hat-tradgardsdekoration-vaderbestandig-235-cm-x-25-cm-x-43-cm.webp?fit=800%2C800&ssl=1","type":"image\/webp"}],"twitter_card":"summary_large_image","twitter_misc":{"Ber\u00e4knad l\u00e4stid":"1 minut"},"schema":{"@context":"https:\/\/schema.org","@graph":[{"@type":"WebPage","@id":"https:\/\/truusk.store\/sv\/produkt\/truusk-tradgardsfigur-little-boy-with-straw-hat-vaderbestandig-tradgardsdekoration-235x25x43-cm\/","url":"https:\/\/truusk.store\/sv\/produkt\/truusk-tradgardsfigur-little-boy-with-straw-hat-vaderbestandig-tradgardsdekoration-235x25x43-cm\/","name":"TRUUSK Tr\u00e4dg\u00e5rdsfigur \"Little Boy With Straw Hat\" - V\u00e4derbest\u00e4ndig Tr\u00e4dg\u00e5rdsdekoration - 23,5x25x43 cm - TRUUSK - Hem, Tr\u00e4dg\u00e5rd &amp; Fritid","isPartOf":{"@id":"https:\/\/truusk.store\/sv\/#website"},"primaryImageOfPage":{"@id":"https:\/\/truusk.store\/sv\/produkt\/truusk-tradgardsfigur-little-boy-with-straw-hat-vaderbestandig-tradgardsdekoration-235x25x43-cm\/#primaryimage"},"image":{"@id":"https:\/\/truusk.store\/sv\/produkt\/truusk-tradgardsfigur-little-boy-with-straw-hat-vaderbestandig-tradgardsdekoration-235x25x43-cm\/#primaryimage"},"thumbnailUrl":"https:\/\/i0.wp.com\/truusk.store\/wp-content\/uploads\/2024\/02\/tradgardsfigur-little-boy-with-straw-hat-tradgardsdekoration-vaderbestandig-235-cm-x-25-cm-x-43-cm.webp?fit=800%2C800&ssl=1","datePublished":"2024-02-14T03:46:09+00:00","dateModified":"2026-03-12T08:20:26+00:00","breadcrumb":{"@id":"https:\/\/truusk.store\/sv\/produkt\/truusk-tradgardsfigur-little-boy-with-straw-hat-vaderbestandig-tradgardsdekoration-235x25x43-cm\/#breadcrumb"},"inLanguage":"sv-SE","potentialAction":[{"@type":"ReadAction","target":["https:\/\/truusk.store\/sv\/produkt\/truusk-tradgardsfigur-little-boy-with-straw-hat-vaderbestandig-tradgardsdekoration-235x25x43-cm\/"]}]},{"@type":"ImageObject","inLanguage":"sv-SE","@id":"https:\/\/truusk.store\/sv\/produkt\/truusk-tradgardsfigur-little-boy-with-straw-hat-vaderbestandig-tradgardsdekoration-235x25x43-cm\/#primaryimage","url":"https:\/\/i0.wp.com\/truusk.store\/wp-content\/uploads\/2024\/02\/tradgardsfigur-little-boy-with-straw-hat-tradgardsdekoration-vaderbestandig-235-cm-x-25-cm-x-43-cm.webp?fit=800%2C800&ssl=1","contentUrl":"https:\/\/i0.wp.com\/truusk.store\/wp-content\/uploads\/2024\/02\/tradgardsfigur-little-boy-with-straw-hat-tradgardsdekoration-vaderbestandig-235-cm-x-25-cm-x-43-cm.webp?fit=800%2C800&ssl=1","width":800,"height":800,"caption":"Tr\u00e4dg\u00e5rdsfigur \"Little Boy With Straw Hat\", Tr\u00e4dg\u00e5rdsdekoration, V\u00e4derbest\u00e4ndig, 23,5 Cm X 25 Cm X 43 Cm 1"},{"@type":"BreadcrumbList","@id":"https:\/\/truusk.store\/sv\/produkt\/truusk-tradgardsfigur-little-boy-with-straw-hat-vaderbestandig-tradgardsdekoration-235x25x43-cm\/#breadcrumb","itemListElement":[{"@type":"ListItem","position":1,"name":"Home","item":"https:\/\/truusk.store\/sv\/"},{"@type":"ListItem","position":2,"name":"Shop","item":"https:\/\/truusk.store\/shop\/"},{"@type":"ListItem","position":3,"name":"TRUUSK Tr\u00e4dg\u00e5rdsfigur &#8220;Little Boy With Straw Hat&#8221; &#8211; V\u00e4derbest\u00e4ndig Tr\u00e4dg\u00e5rdsdekoration &#8211; 23,5x25x43 cm"}]},{"@type":"WebSite","@id":"https:\/\/truusk.store\/sv\/#website","url":"https:\/\/truusk.store\/sv\/","name":"TRUUSK - Hem, Tr\u00e4dg\u00e5rd & Fritid","description":"","publisher":{"@id":"https:\/\/truusk.store\/sv\/#organization"},"potentialAction":[{"@type":"SearchAction","target":{"@type":"EntryPoint","urlTemplate":"https:\/\/truusk.store\/sv\/?s={search_term_string}"},"query-input":{"@type":"PropertyValueSpecification","valueRequired":true,"valueName":"search_term_string"}}],"inLanguage":"sv-SE"},{"@type":"Organization","@id":"https:\/\/truusk.store\/sv\/#organization","name":"TRUUSK - Hem, Tr\u00e4dg\u00e5rd & Fritid","url":"https:\/\/truusk.store\/sv\/","logo":{"@type":"ImageObject","inLanguage":"sv-SE","@id":"https:\/\/truusk.store\/sv\/#\/schema\/logo\/image\/","url":"https:\/\/i0.wp.com\/truusk.store\/wp-content\/uploads\/2026\/03\/cropped-TRUUSK.png?fit=2032%2C917&ssl=1","contentUrl":"https:\/\/i0.wp.com\/truusk.store\/wp-content\/uploads\/2026\/03\/cropped-TRUUSK.png?fit=2032%2C917&ssl=1","width":2032,"height":917,"caption":"TRUUSK - Hem, Tr\u00e4dg\u00e5rd & Fritid"},"image":{"@id":"https:\/\/truusk.store\/sv\/#\/schema\/logo\/image\/"}}]}},"jetpack_sharing_enabled":true,"_links":{"self":[{"href":"https:\/\/truusk.store\/sv\/wp-json\/wp\/v2\/product\/43797","targetHints":{"allow":["GET"]}}],"collection":[{"href":"https:\/\/truusk.store\/sv\/wp-json\/wp\/v2\/product"}],"about":[{"href":"https:\/\/truusk.store\/sv\/wp-json\/wp\/v2\/types\/product"}],"wp:featuredmedia":[{"embeddable":true,"href":"https:\/\/truusk.store\/sv\/wp-json\/wp\/v2\/media\/43798"}],"wp:attachment":[{"href":"https:\/\/truusk.store\/sv\/wp-json\/wp\/v2\/media?parent=43797"}],"wp:term":[{"taxonomy":"product_brand","embeddable":true,"href":"https:\/\/truusk.store\/sv\/wp-json\/wp\/v2\/product_brand?post=43797"},{"taxonomy":"product_cat","embeddable":true,"href":"https:\/\/truusk.store\/sv\/wp-json\/wp\/v2\/product_cat?post=43797"},{"taxonomy":"product_tag","embeddable":true,"href":"https:\/\/truusk.store\/sv\/wp-json\/wp\/v2\/product_tag?post=43797"}],"curies":[{"name":"wp","href":"https:\/\/api.w.org\/{rel}","templated":true}]}}