{"id":43847,"date":"2024-02-14T04:48:06","date_gmt":"2024-02-14T03:48:06","guid":{"rendered":"https:\/\/truusk.store\/product\/tradgardsbank-for-2-personer-rustik-design-gran-114x63x86-cm\/"},"modified":"2026-03-12T09:20:27","modified_gmt":"2026-03-12T08:20:27","slug":"truusk-tradgardsbank-for-2-personer-rustik-design-tillverkad-av-gran-matt-114x63x86-cm","status":"publish","type":"product","link":"https:\/\/truusk.store\/sv\/produkt\/truusk-tradgardsbank-for-2-personer-rustik-design-tillverkad-av-gran-matt-114x63x86-cm\/","title":{"rendered":"TRUUSK Tr\u00e4dg\u00e5rdsb\u00e4nk f\u00f6r 2 personer &#8211; Rustik design &#8211; Tillverkad av gran &#8211; M\u00e5tt: 114x63x86 cm"},"content":{"rendered":"<p>Komplettera din uteplats eller tr\u00e4dg\u00e5rd med denna tr\u00e4dg\u00e5rdsb\u00e4nk. Tillverkad av massivt gran, denna b\u00e4nk \u00e4r robust och har en f\u00f6rkolnad finish f\u00f6r extra h\u00e5llbarhet utomhus. Den tv\u00e5sitsiga b\u00e4nken erbjuder gott om plats f\u00f6r tv\u00e5 personer att koppla av. Ryggst\u00f6det och sitsen \u00e4r f\u00f6rsedda med lameller f\u00f6r att f\u00f6rhindra vattenansamling. L\u00e4gg till en vacker, rustik touch till ditt utomhusutrymme som kommer att bli ih\u00e5gkommen!<\/p>\n<h3>Beskrivning:<\/h3>\n<ul>\n<li>Den rustika designen passar perfekt in i tr\u00e4dg\u00e5rdsmilj\u00f6n och ger den ett charmigt utseende<\/li>\n<li>Ramen av massiv gran \u00e4r stabil och s\u00e4rskilt h\u00e5llbar tack vare skyddande f\u00f6rkolning<\/li>\n<li>Platsen f\u00f6r tv\u00e5 personer erbjuder bekv\u00e4ma sittplatser f\u00f6r s\u00e4llskapliga timmar utomhus<\/li>\n<li>Lamelldesignen f\u00f6rhindrar att vatten samlas p\u00e5 sittytan och s\u00e4kerst\u00e4ller en l\u00e5ng livsl\u00e4ngd<\/li>\n<li>Montering kr\u00e4vs men l\u00e4tt att g\u00f6ra med de medf\u00f6ljande instruktionerna<\/li>\n<\/ul>\n<h3>Teknisk data:<\/h3>\n<ul>\n<li>F\u00e4rg: M\u00f6rkbrun<\/li>\n<li>Material: gran<\/li>\n<li>\u00d6vergripande m\u00e5tt: 114L x 63W x 86H cm<\/li>\n<li>Sitsstorlek: 100W x 45D cm<\/li>\n<li>Sitth\u00f6jd: 40 cm<\/li>\n<li>Ryggst\u00f6dsstorlek: 100W x 50D cm<\/li>\n<li>Lastkapacitet: 240 kg<\/li>\n<\/ul>\n<h3>Leveransens omfattning:<\/h3>\n<ul>\n<li>1 x Tr\u00e4dg\u00e5rdsb\u00e4nk<\/li>\n<li>1 x manuell<\/li>\n<\/ul>\n","protected":false},"excerpt":{"rendered":"<p>Komplettera din uteplats eller tr\u00e4dg\u00e5rd med denna tr\u00e4dg\u00e5rdsb\u00e4nk. Tillverkad av massivt gran, denna b\u00e4nk \u00e4r robust och har en f\u00f6rkolnad&#8230;<\/p>\n","protected":false},"featured_media":43848,"template":"","meta":[],"product_brand":[],"product_cat":[435,454,450],"product_tag":[],"class_list":{"0":"post-43847","1":"product","2":"type-product","3":"status-publish","4":"has-post-thumbnail","6":"product_cat-tradgard-och-terrass","7":"product_cat-tradgardsbankar","8":"product_cat-tradgardsmobler","10":"first","11":"instock","12":"sale","13":"taxable","14":"shipping-taxable","15":"purchasable","16":"product-type-simple"},"yoast_head":"<!-- This site is optimized with the Yoast SEO plugin v25.4 - https:\/\/yoast.com\/wordpress\/plugins\/seo\/ -->\n<title>TRUUSK Tr\u00e4dg\u00e5rdsb\u00e4nk f\u00f6r 2 personer - Rustik design - Tillverkad av gran - M\u00e5tt: 114x63x86 cm - TRUUSK - Hem, Tr\u00e4dg\u00e5rd &amp; Fritid<\/title>\n<meta name=\"robots\" content=\"index, follow, max-snippet:-1, max-image-preview:large, max-video-preview:-1\" \/>\n<link rel=\"canonical\" href=\"https:\/\/truusk.store\/sv\/produkt\/truusk-tradgardsbank-for-2-personer-rustik-design-tillverkad-av-gran-matt-114x63x86-cm\/\" \/>\n<meta property=\"og:locale\" content=\"sv_SE\" \/>\n<meta property=\"og:type\" content=\"article\" \/>\n<meta property=\"og:title\" content=\"TRUUSK Tr\u00e4dg\u00e5rdsb\u00e4nk f\u00f6r 2 personer - Rustik design - Tillverkad av gran - M\u00e5tt: 114x63x86 cm - TRUUSK - Hem, Tr\u00e4dg\u00e5rd &amp; Fritid\" \/>\n<meta property=\"og:description\" content=\"Komplettera din uteplats eller tr\u00e4dg\u00e5rd med denna tr\u00e4dg\u00e5rdsb\u00e4nk. Tillverkad av massivt gran, denna b\u00e4nk \u00e4r robust och har en f\u00f6rkolnad...\" \/>\n<meta property=\"og:url\" content=\"https:\/\/truusk.store\/sv\/produkt\/truusk-tradgardsbank-for-2-personer-rustik-design-tillverkad-av-gran-matt-114x63x86-cm\/\" \/>\n<meta property=\"og:site_name\" content=\"TRUUSK - Hem, Tr\u00e4dg\u00e5rd &amp; Fritid\" \/>\n<meta property=\"article:modified_time\" content=\"2026-03-12T08:20:27+00:00\" \/>\n<meta property=\"og:image\" content=\"https:\/\/i0.wp.com\/truusk.se\/wp-content\/uploads\/2024\/02\/tradgardsbank-for-2-personer-rustik-design-gran-114x63x86-cm.webp?fit=800%2C800&ssl=1\" \/>\n\t<meta property=\"og:image:width\" content=\"800\" \/>\n\t<meta property=\"og:image:height\" content=\"800\" \/>\n\t<meta property=\"og:image:type\" content=\"image\/webp\" \/>\n<meta name=\"twitter:card\" content=\"summary_large_image\" \/>\n<meta name=\"twitter:label1\" content=\"Ber\u00e4knad l\u00e4stid\" \/>\n\t<meta name=\"twitter:data1\" content=\"1 minut\" \/>\n<!-- \/ Yoast SEO plugin. -->","yoast_head_json":{"title":"TRUUSK Tr\u00e4dg\u00e5rdsb\u00e4nk f\u00f6r 2 personer - Rustik design - Tillverkad av gran - M\u00e5tt: 114x63x86 cm - TRUUSK - Hem, Tr\u00e4dg\u00e5rd &amp; Fritid","robots":{"index":"index","follow":"follow","max-snippet":"max-snippet:-1","max-image-preview":"max-image-preview:large","max-video-preview":"max-video-preview:-1"},"canonical":"https:\/\/truusk.store\/sv\/produkt\/truusk-tradgardsbank-for-2-personer-rustik-design-tillverkad-av-gran-matt-114x63x86-cm\/","og_locale":"sv_SE","og_type":"article","og_title":"TRUUSK Tr\u00e4dg\u00e5rdsb\u00e4nk f\u00f6r 2 personer - Rustik design - Tillverkad av gran - M\u00e5tt: 114x63x86 cm - TRUUSK - Hem, Tr\u00e4dg\u00e5rd &amp; Fritid","og_description":"Komplettera din uteplats eller tr\u00e4dg\u00e5rd med denna tr\u00e4dg\u00e5rdsb\u00e4nk. Tillverkad av massivt gran, denna b\u00e4nk \u00e4r robust och har en f\u00f6rkolnad...","og_url":"https:\/\/truusk.store\/sv\/produkt\/truusk-tradgardsbank-for-2-personer-rustik-design-tillverkad-av-gran-matt-114x63x86-cm\/","og_site_name":"TRUUSK - Hem, Tr\u00e4dg\u00e5rd &amp; Fritid","article_modified_time":"2026-03-12T08:20:27+00:00","og_image":[{"width":800,"height":800,"url":"https:\/\/i0.wp.com\/truusk.se\/wp-content\/uploads\/2024\/02\/tradgardsbank-for-2-personer-rustik-design-gran-114x63x86-cm.webp?fit=800%2C800&ssl=1","type":"image\/webp"}],"twitter_card":"summary_large_image","twitter_misc":{"Ber\u00e4knad l\u00e4stid":"1 minut"},"schema":{"@context":"https:\/\/schema.org","@graph":[{"@type":"WebPage","@id":"https:\/\/truusk.store\/sv\/produkt\/truusk-tradgardsbank-for-2-personer-rustik-design-tillverkad-av-gran-matt-114x63x86-cm\/","url":"https:\/\/truusk.store\/sv\/produkt\/truusk-tradgardsbank-for-2-personer-rustik-design-tillverkad-av-gran-matt-114x63x86-cm\/","name":"TRUUSK Tr\u00e4dg\u00e5rdsb\u00e4nk f\u00f6r 2 personer - Rustik design - Tillverkad av gran - M\u00e5tt: 114x63x86 cm - TRUUSK - Hem, Tr\u00e4dg\u00e5rd &amp; Fritid","isPartOf":{"@id":"https:\/\/truusk.store\/sv\/#website"},"primaryImageOfPage":{"@id":"https:\/\/truusk.store\/sv\/produkt\/truusk-tradgardsbank-for-2-personer-rustik-design-tillverkad-av-gran-matt-114x63x86-cm\/#primaryimage"},"image":{"@id":"https:\/\/truusk.store\/sv\/produkt\/truusk-tradgardsbank-for-2-personer-rustik-design-tillverkad-av-gran-matt-114x63x86-cm\/#primaryimage"},"thumbnailUrl":"https:\/\/i0.wp.com\/truusk.store\/wp-content\/uploads\/2024\/02\/tradgardsbank-for-2-personer-rustik-design-gran-114x63x86-cm.webp?fit=800%2C800&ssl=1","datePublished":"2024-02-14T03:48:06+00:00","dateModified":"2026-03-12T08:20:27+00:00","breadcrumb":{"@id":"https:\/\/truusk.store\/sv\/produkt\/truusk-tradgardsbank-for-2-personer-rustik-design-tillverkad-av-gran-matt-114x63x86-cm\/#breadcrumb"},"inLanguage":"sv-SE","potentialAction":[{"@type":"ReadAction","target":["https:\/\/truusk.store\/sv\/produkt\/truusk-tradgardsbank-for-2-personer-rustik-design-tillverkad-av-gran-matt-114x63x86-cm\/"]}]},{"@type":"ImageObject","inLanguage":"sv-SE","@id":"https:\/\/truusk.store\/sv\/produkt\/truusk-tradgardsbank-for-2-personer-rustik-design-tillverkad-av-gran-matt-114x63x86-cm\/#primaryimage","url":"https:\/\/i0.wp.com\/truusk.store\/wp-content\/uploads\/2024\/02\/tradgardsbank-for-2-personer-rustik-design-gran-114x63x86-cm.webp?fit=800%2C800&ssl=1","contentUrl":"https:\/\/i0.wp.com\/truusk.store\/wp-content\/uploads\/2024\/02\/tradgardsbank-for-2-personer-rustik-design-gran-114x63x86-cm.webp?fit=800%2C800&ssl=1","width":800,"height":800,"caption":"Tr\u00e4dg\u00e5rdsb\u00e4nk F\u00f6r 2 Personer, Rustik Design, Gran, 114x63x86 Cm 1"},{"@type":"BreadcrumbList","@id":"https:\/\/truusk.store\/sv\/produkt\/truusk-tradgardsbank-for-2-personer-rustik-design-tillverkad-av-gran-matt-114x63x86-cm\/#breadcrumb","itemListElement":[{"@type":"ListItem","position":1,"name":"Home","item":"https:\/\/truusk.store\/sv\/"},{"@type":"ListItem","position":2,"name":"Shop","item":"https:\/\/truusk.store\/shop\/"},{"@type":"ListItem","position":3,"name":"TRUUSK Tr\u00e4dg\u00e5rdsb\u00e4nk f\u00f6r 2 personer &#8211; Rustik design &#8211; Tillverkad av gran &#8211; M\u00e5tt: 114x63x86 cm"}]},{"@type":"WebSite","@id":"https:\/\/truusk.store\/sv\/#website","url":"https:\/\/truusk.store\/sv\/","name":"TRUUSK - Hem, Tr\u00e4dg\u00e5rd & Fritid","description":"","publisher":{"@id":"https:\/\/truusk.store\/sv\/#organization"},"potentialAction":[{"@type":"SearchAction","target":{"@type":"EntryPoint","urlTemplate":"https:\/\/truusk.store\/sv\/?s={search_term_string}"},"query-input":{"@type":"PropertyValueSpecification","valueRequired":true,"valueName":"search_term_string"}}],"inLanguage":"sv-SE"},{"@type":"Organization","@id":"https:\/\/truusk.store\/sv\/#organization","name":"TRUUSK - Hem, Tr\u00e4dg\u00e5rd & Fritid","url":"https:\/\/truusk.store\/sv\/","logo":{"@type":"ImageObject","inLanguage":"sv-SE","@id":"https:\/\/truusk.store\/sv\/#\/schema\/logo\/image\/","url":"https:\/\/i0.wp.com\/truusk.store\/wp-content\/uploads\/2026\/03\/cropped-TRUUSK.png?fit=2032%2C917&ssl=1","contentUrl":"https:\/\/i0.wp.com\/truusk.store\/wp-content\/uploads\/2026\/03\/cropped-TRUUSK.png?fit=2032%2C917&ssl=1","width":2032,"height":917,"caption":"TRUUSK - Hem, Tr\u00e4dg\u00e5rd & Fritid"},"image":{"@id":"https:\/\/truusk.store\/sv\/#\/schema\/logo\/image\/"}}]}},"jetpack_sharing_enabled":true,"_links":{"self":[{"href":"https:\/\/truusk.store\/sv\/wp-json\/wp\/v2\/product\/43847","targetHints":{"allow":["GET"]}}],"collection":[{"href":"https:\/\/truusk.store\/sv\/wp-json\/wp\/v2\/product"}],"about":[{"href":"https:\/\/truusk.store\/sv\/wp-json\/wp\/v2\/types\/product"}],"wp:featuredmedia":[{"embeddable":true,"href":"https:\/\/truusk.store\/sv\/wp-json\/wp\/v2\/media\/43848"}],"wp:attachment":[{"href":"https:\/\/truusk.store\/sv\/wp-json\/wp\/v2\/media?parent=43847"}],"wp:term":[{"taxonomy":"product_brand","embeddable":true,"href":"https:\/\/truusk.store\/sv\/wp-json\/wp\/v2\/product_brand?post=43847"},{"taxonomy":"product_cat","embeddable":true,"href":"https:\/\/truusk.store\/sv\/wp-json\/wp\/v2\/product_cat?post=43847"},{"taxonomy":"product_tag","embeddable":true,"href":"https:\/\/truusk.store\/sv\/wp-json\/wp\/v2\/product_tag?post=43847"}],"curies":[{"name":"wp","href":"https:\/\/api.w.org\/{rel}","templated":true}]}}