{"id":43854,"date":"2024-02-14T04:48:21","date_gmt":"2024-02-14T03:48:21","guid":{"rendered":"https:\/\/truusk.store\/product\/balkongbord-i-polyrattan-hopfallbart-stalstomme-latt-att-rengora-40x40x40-cm-natur\/"},"modified":"2026-03-12T09:20:28","modified_gmt":"2026-03-12T08:20:28","slug":"truusk-balkongbord-i-polyrattan-hopfallbart-stalstomme-latt-att-rengora-40x40x40-cm-natur","status":"publish","type":"product","link":"https:\/\/truusk.store\/sv\/produkt\/truusk-balkongbord-i-polyrattan-hopfallbart-stalstomme-latt-att-rengora-40x40x40-cm-natur\/","title":{"rendered":"TRUUSK Balkongbord i Polyrattan &#8211; Hopf\u00e4llbart &#8211; St\u00e5lstomme &#8211; L\u00e4tt att reng\u00f6ra &#8211; 40x40x40 cm &#8211; Natur"},"content":{"rendered":"<p>L\u00e4gg till en elegant touch till ditt utomhusutrymme med detta f\u00e4llbara polyrattanbord och h\u00e5ll din favoritbok och en v\u00e4rmande drink n\u00e4ra till hands medan du kopplar av utomhus. Den robusta st\u00e5lramen och bordsskivan i polyrattan \u00e4r l\u00e4tta att reng\u00f6ra, vilket inneb\u00e4r att sidobordet ocks\u00e5 kan anv\u00e4ndas som ett dekorativt skydd f\u00f6r dina blommor. Tack vare de f\u00e4llbara benen \u00e4r tr\u00e4dg\u00e5rdsbordet l\u00e4tt att transportera och kan f\u00f6rvaras f\u00f6r att spara utrymme.<\/p>\n<h3>Beskrivning:<\/h3>\n<ul>\n<li>Stabil st\u00e5lram med pulverlackering: resistent mot rost och korrosion<\/li>\n<li>Bordsskiva av polyrattan: l\u00e4tt att reng\u00f6ra och h\u00e5llbar<\/li>\n<li>Vikas bekv\u00e4mt f\u00f6r enkel transport och platsbesparande f\u00f6rvaring<\/li>\n<li>Kompakt storlek: perfekt f\u00f6r alla utomhusomr\u00e5den<\/li>\n<li>Ingen montering kr\u00e4vs, redo att anv\u00e4ndas direkt<\/li>\n<\/ul>\n<h3>Teknisk data:<\/h3>\n<ul>\n<li>Material: metall, polyrotting<\/li>\n<li>F\u00e4rg: Naturlig<\/li>\n<li>\u00d6vergripande m\u00e5tt: 40L x 40W x 40H cm (uppsatt), 40L x 6W x 55H cm (vikt)<\/li>\n<li>Max lastkapacitet: 30 kg<\/li>\n<\/ul>\n<h3>Leveransens omfattning:<\/h3>\n<ul>\n<li>1 x tr\u00e4dg\u00e5rdsbord;<\/li>\n<\/ul>\n","protected":false},"excerpt":{"rendered":"<p>L\u00e4gg till en elegant touch till ditt utomhusutrymme med detta f\u00e4llbara polyrattanbord och h\u00e5ll din favoritbok och en v\u00e4rmande drink&#8230;<\/p>\n","protected":false},"featured_media":43855,"template":"","meta":[],"product_brand":[],"product_cat":[435,457,450],"product_tag":[],"class_list":{"0":"post-43854","1":"product","2":"type-product","3":"status-publish","4":"has-post-thumbnail","6":"product_cat-tradgard-och-terrass","7":"product_cat-tradgardsbord","8":"product_cat-tradgardsmobler","10":"first","11":"instock","12":"sale","13":"taxable","14":"shipping-taxable","15":"purchasable","16":"product-type-simple"},"yoast_head":"<!-- This site is optimized with the Yoast SEO plugin v25.4 - https:\/\/yoast.com\/wordpress\/plugins\/seo\/ -->\n<title>TRUUSK Balkongbord i Polyrattan - Hopf\u00e4llbart - St\u00e5lstomme - L\u00e4tt att reng\u00f6ra - 40x40x40 cm - Natur - TRUUSK - Hem, Tr\u00e4dg\u00e5rd &amp; Fritid<\/title>\n<meta name=\"robots\" content=\"index, follow, max-snippet:-1, max-image-preview:large, max-video-preview:-1\" \/>\n<link rel=\"canonical\" href=\"https:\/\/truusk.store\/sv\/produkt\/truusk-balkongbord-i-polyrattan-hopfallbart-stalstomme-latt-att-rengora-40x40x40-cm-natur\/\" \/>\n<meta property=\"og:locale\" content=\"sv_SE\" \/>\n<meta property=\"og:type\" content=\"article\" \/>\n<meta property=\"og:title\" content=\"TRUUSK Balkongbord i Polyrattan - Hopf\u00e4llbart - St\u00e5lstomme - L\u00e4tt att reng\u00f6ra - 40x40x40 cm - Natur - TRUUSK - Hem, Tr\u00e4dg\u00e5rd &amp; Fritid\" \/>\n<meta property=\"og:description\" content=\"L\u00e4gg till en elegant touch till ditt utomhusutrymme med detta f\u00e4llbara polyrattanbord och h\u00e5ll din favoritbok och en v\u00e4rmande drink...\" \/>\n<meta property=\"og:url\" content=\"https:\/\/truusk.store\/sv\/produkt\/truusk-balkongbord-i-polyrattan-hopfallbart-stalstomme-latt-att-rengora-40x40x40-cm-natur\/\" \/>\n<meta property=\"og:site_name\" content=\"TRUUSK - Hem, Tr\u00e4dg\u00e5rd &amp; Fritid\" \/>\n<meta property=\"article:modified_time\" content=\"2026-03-12T08:20:28+00:00\" \/>\n<meta property=\"og:image\" content=\"https:\/\/i0.wp.com\/truusk.se\/wp-content\/uploads\/2024\/02\/balkongbord-i-polyrattan-hopfallbart-stalstomme-latt-att-rengora-40x40x40-cm-natur.webp?fit=800%2C800&ssl=1\" \/>\n\t<meta property=\"og:image:width\" content=\"800\" \/>\n\t<meta property=\"og:image:height\" content=\"800\" \/>\n\t<meta property=\"og:image:type\" content=\"image\/webp\" \/>\n<meta name=\"twitter:card\" content=\"summary_large_image\" \/>\n<meta name=\"twitter:label1\" content=\"Ber\u00e4knad l\u00e4stid\" \/>\n\t<meta name=\"twitter:data1\" content=\"1 minut\" \/>\n<!-- \/ Yoast SEO plugin. -->","yoast_head_json":{"title":"TRUUSK Balkongbord i Polyrattan - Hopf\u00e4llbart - St\u00e5lstomme - L\u00e4tt att reng\u00f6ra - 40x40x40 cm - Natur - TRUUSK - Hem, Tr\u00e4dg\u00e5rd &amp; Fritid","robots":{"index":"index","follow":"follow","max-snippet":"max-snippet:-1","max-image-preview":"max-image-preview:large","max-video-preview":"max-video-preview:-1"},"canonical":"https:\/\/truusk.store\/sv\/produkt\/truusk-balkongbord-i-polyrattan-hopfallbart-stalstomme-latt-att-rengora-40x40x40-cm-natur\/","og_locale":"sv_SE","og_type":"article","og_title":"TRUUSK Balkongbord i Polyrattan - Hopf\u00e4llbart - St\u00e5lstomme - L\u00e4tt att reng\u00f6ra - 40x40x40 cm - Natur - TRUUSK - Hem, Tr\u00e4dg\u00e5rd &amp; Fritid","og_description":"L\u00e4gg till en elegant touch till ditt utomhusutrymme med detta f\u00e4llbara polyrattanbord och h\u00e5ll din favoritbok och en v\u00e4rmande drink...","og_url":"https:\/\/truusk.store\/sv\/produkt\/truusk-balkongbord-i-polyrattan-hopfallbart-stalstomme-latt-att-rengora-40x40x40-cm-natur\/","og_site_name":"TRUUSK - Hem, Tr\u00e4dg\u00e5rd &amp; Fritid","article_modified_time":"2026-03-12T08:20:28+00:00","og_image":[{"width":800,"height":800,"url":"https:\/\/i0.wp.com\/truusk.se\/wp-content\/uploads\/2024\/02\/balkongbord-i-polyrattan-hopfallbart-stalstomme-latt-att-rengora-40x40x40-cm-natur.webp?fit=800%2C800&ssl=1","type":"image\/webp"}],"twitter_card":"summary_large_image","twitter_misc":{"Ber\u00e4knad l\u00e4stid":"1 minut"},"schema":{"@context":"https:\/\/schema.org","@graph":[{"@type":"WebPage","@id":"https:\/\/truusk.store\/sv\/produkt\/truusk-balkongbord-i-polyrattan-hopfallbart-stalstomme-latt-att-rengora-40x40x40-cm-natur\/","url":"https:\/\/truusk.store\/sv\/produkt\/truusk-balkongbord-i-polyrattan-hopfallbart-stalstomme-latt-att-rengora-40x40x40-cm-natur\/","name":"TRUUSK Balkongbord i Polyrattan - Hopf\u00e4llbart - St\u00e5lstomme - L\u00e4tt att reng\u00f6ra - 40x40x40 cm - Natur - TRUUSK - Hem, Tr\u00e4dg\u00e5rd &amp; Fritid","isPartOf":{"@id":"https:\/\/truusk.store\/sv\/#website"},"primaryImageOfPage":{"@id":"https:\/\/truusk.store\/sv\/produkt\/truusk-balkongbord-i-polyrattan-hopfallbart-stalstomme-latt-att-rengora-40x40x40-cm-natur\/#primaryimage"},"image":{"@id":"https:\/\/truusk.store\/sv\/produkt\/truusk-balkongbord-i-polyrattan-hopfallbart-stalstomme-latt-att-rengora-40x40x40-cm-natur\/#primaryimage"},"thumbnailUrl":"https:\/\/i0.wp.com\/truusk.store\/wp-content\/uploads\/2024\/02\/balkongbord-i-polyrattan-hopfallbart-stalstomme-latt-att-rengora-40x40x40-cm-natur.webp?fit=800%2C800&ssl=1","datePublished":"2024-02-14T03:48:21+00:00","dateModified":"2026-03-12T08:20:28+00:00","breadcrumb":{"@id":"https:\/\/truusk.store\/sv\/produkt\/truusk-balkongbord-i-polyrattan-hopfallbart-stalstomme-latt-att-rengora-40x40x40-cm-natur\/#breadcrumb"},"inLanguage":"sv-SE","potentialAction":[{"@type":"ReadAction","target":["https:\/\/truusk.store\/sv\/produkt\/truusk-balkongbord-i-polyrattan-hopfallbart-stalstomme-latt-att-rengora-40x40x40-cm-natur\/"]}]},{"@type":"ImageObject","inLanguage":"sv-SE","@id":"https:\/\/truusk.store\/sv\/produkt\/truusk-balkongbord-i-polyrattan-hopfallbart-stalstomme-latt-att-rengora-40x40x40-cm-natur\/#primaryimage","url":"https:\/\/i0.wp.com\/truusk.store\/wp-content\/uploads\/2024\/02\/balkongbord-i-polyrattan-hopfallbart-stalstomme-latt-att-rengora-40x40x40-cm-natur.webp?fit=800%2C800&ssl=1","contentUrl":"https:\/\/i0.wp.com\/truusk.store\/wp-content\/uploads\/2024\/02\/balkongbord-i-polyrattan-hopfallbart-stalstomme-latt-att-rengora-40x40x40-cm-natur.webp?fit=800%2C800&ssl=1","width":800,"height":800,"caption":"Balkongbord I Polyrattan, Hopf\u00e4llbart, St\u00e5lstomme, L\u00e4tt Att Reng\u00f6ra, 40x40x40 Cm, Natur 1"},{"@type":"BreadcrumbList","@id":"https:\/\/truusk.store\/sv\/produkt\/truusk-balkongbord-i-polyrattan-hopfallbart-stalstomme-latt-att-rengora-40x40x40-cm-natur\/#breadcrumb","itemListElement":[{"@type":"ListItem","position":1,"name":"Home","item":"https:\/\/truusk.store\/sv\/"},{"@type":"ListItem","position":2,"name":"Shop","item":"https:\/\/truusk.store\/shop\/"},{"@type":"ListItem","position":3,"name":"TRUUSK Balkongbord i Polyrattan &#8211; Hopf\u00e4llbart &#8211; St\u00e5lstomme &#8211; L\u00e4tt att reng\u00f6ra &#8211; 40x40x40 cm &#8211; Natur"}]},{"@type":"WebSite","@id":"https:\/\/truusk.store\/sv\/#website","url":"https:\/\/truusk.store\/sv\/","name":"TRUUSK - Hem, Tr\u00e4dg\u00e5rd & Fritid","description":"","publisher":{"@id":"https:\/\/truusk.store\/sv\/#organization"},"potentialAction":[{"@type":"SearchAction","target":{"@type":"EntryPoint","urlTemplate":"https:\/\/truusk.store\/sv\/?s={search_term_string}"},"query-input":{"@type":"PropertyValueSpecification","valueRequired":true,"valueName":"search_term_string"}}],"inLanguage":"sv-SE"},{"@type":"Organization","@id":"https:\/\/truusk.store\/sv\/#organization","name":"TRUUSK - Hem, Tr\u00e4dg\u00e5rd & Fritid","url":"https:\/\/truusk.store\/sv\/","logo":{"@type":"ImageObject","inLanguage":"sv-SE","@id":"https:\/\/truusk.store\/sv\/#\/schema\/logo\/image\/","url":"https:\/\/i0.wp.com\/truusk.store\/wp-content\/uploads\/2026\/03\/cropped-TRUUSK.png?fit=2032%2C917&ssl=1","contentUrl":"https:\/\/i0.wp.com\/truusk.store\/wp-content\/uploads\/2026\/03\/cropped-TRUUSK.png?fit=2032%2C917&ssl=1","width":2032,"height":917,"caption":"TRUUSK - Hem, Tr\u00e4dg\u00e5rd & Fritid"},"image":{"@id":"https:\/\/truusk.store\/sv\/#\/schema\/logo\/image\/"}}]}},"jetpack_sharing_enabled":true,"_links":{"self":[{"href":"https:\/\/truusk.store\/sv\/wp-json\/wp\/v2\/product\/43854","targetHints":{"allow":["GET"]}}],"collection":[{"href":"https:\/\/truusk.store\/sv\/wp-json\/wp\/v2\/product"}],"about":[{"href":"https:\/\/truusk.store\/sv\/wp-json\/wp\/v2\/types\/product"}],"wp:featuredmedia":[{"embeddable":true,"href":"https:\/\/truusk.store\/sv\/wp-json\/wp\/v2\/media\/43855"}],"wp:attachment":[{"href":"https:\/\/truusk.store\/sv\/wp-json\/wp\/v2\/media?parent=43854"}],"wp:term":[{"taxonomy":"product_brand","embeddable":true,"href":"https:\/\/truusk.store\/sv\/wp-json\/wp\/v2\/product_brand?post=43854"},{"taxonomy":"product_cat","embeddable":true,"href":"https:\/\/truusk.store\/sv\/wp-json\/wp\/v2\/product_cat?post=43854"},{"taxonomy":"product_tag","embeddable":true,"href":"https:\/\/truusk.store\/sv\/wp-json\/wp\/v2\/product_tag?post=43854"}],"curies":[{"name":"wp","href":"https:\/\/api.w.org\/{rel}","templated":true}]}}