{"id":43876,"date":"2024-02-14T04:49:03","date_gmt":"2024-02-14T03:49:03","guid":{"rendered":"https:\/\/truusk.store\/product\/upphojd-sang-med-3-vaxtlador-3-vaningsdesign-mer-oppen-botten-108-cm-x-88-cm-x-36-cm-naturlig\/"},"modified":"2026-03-12T09:20:28","modified_gmt":"2026-03-12T08:20:28","slug":"truusk-upphojd-sang-med-3-vaxtlador-3-vaningsdesign-oppen-botten-108-cm-x-88-cm-x-36-cm-naturlig","status":"publish","type":"product","link":"https:\/\/truusk.store\/sv\/produkt\/truusk-upphojd-sang-med-3-vaxtlador-3-vaningsdesign-oppen-botten-108-cm-x-88-cm-x-36-cm-naturlig\/","title":{"rendered":"TRUUSK Upph\u00f6jd S\u00e4ng Med 3 V\u00e4xtl\u00e5dor &#8211; 3-v\u00e5ningsdesign &#8211; \u00d6ppen Botten &#8211; 108 cm x 88 cm x 36 cm &#8211; Naturlig"},"content":{"rendered":"<p>Denna gr\u00f6nsaksb\u00e4dd \u00e4r den idealiska odlingsplatsen f\u00f6r olika v\u00e4xter. Oavsett om det g\u00e4ller \u00f6rter, gr\u00f6nsaker eller blommor &#8211; vi har den perfekta planteringsk\u00e5len f\u00f6r varje v\u00e4xt. Den \u00f6ppna jorden g\u00f6r att dina v\u00e4xter rotar djupt ner i marken. Tack vare de olika niv\u00e5erna kan de h\u00e5lla v\u00e4xter \u00e5tskilda, \u00e5tskilda fr\u00e5n varandra och v\u00e4lorganiserade, samtidigt som de tillgodoser varje v\u00e4xts individuella behov. Den h\u00f6jda s\u00e4ngen av grantr\u00e4 \u00e4r stabil och h\u00e5llbar.<\/p>\n<h3>Beskrivning:<\/h3>\n<ul>\n<li>3 bloml\u00e5dor i olika h\u00f6jd, ger plats f\u00f6r olika v\u00e4xter<\/li>\n<li>Separata omr\u00e5den, v\u00e4l l\u00e4mpade f\u00f6r olika v\u00e4xters behov<\/li>\n<li>Tiered design som tar h\u00e4nsyn till v\u00e4xternas olika rotl\u00e4ngder och storlekar<\/li>\n<li>Granved, stabil, h\u00e5llbar och l\u00e4mplig f\u00f6r p\u00e5litlig utomhusbruk<\/li>\n<li>Ytan \u00e4r obehandlad, helt naturlig, och du kan m\u00e5la den hur du vill<\/li>\n<li>Designen med \u00f6ppen botten \u00e4r v\u00e4l l\u00e4mpad f\u00f6r v\u00e4xter med l\u00e5nga r\u00f6tter<\/li>\n<li>Rustik och enkel design, m\u00e5ngsidig<\/li>\n<li>Montering kr\u00e4vs<\/li>\n<\/ul>\n<h3>Teknisk data:<\/h3>\n<ul>\n<li>F\u00e4rg: Naturlig<\/li>\n<li>Material: gran<\/li>\n<li>\u00d6vergripande m\u00e5tt: 108L x 88W x 36H cm<\/li>\n<li>Produktdata Planteringsyta: 100,5L x 39W x 35H cm, 50,5L x 39W x 30H cm, 48,5L x 39W x 17H cm<\/li>\n<\/ul>\n<h3>Leveransens omfattning:<\/h3>\n<ul>\n<li>1 x tr\u00e4dg\u00e5rdss\u00e4ng<\/li>\n<li>1 x Instruktioner<\/li>\n<\/ul>\n","protected":false},"excerpt":{"rendered":"<p>Denna gr\u00f6nsaksb\u00e4dd \u00e4r den idealiska odlingsplatsen f\u00f6r olika v\u00e4xter. Oavsett om det g\u00e4ller \u00f6rter, gr\u00f6nsaker eller blommor &#8211; vi har&#8230;<\/p>\n","protected":false},"featured_media":43877,"template":"","meta":[],"product_brand":[],"product_cat":[447,435,443],"product_tag":[],"class_list":{"0":"post-43876","1":"product","2":"type-product","3":"status-publish","4":"has-post-thumbnail","6":"product_cat-planteringsmaskiner","7":"product_cat-tradgard-och-terrass","8":"product_cat-vaxthus-tradgardsskotsel","10":"first","11":"instock","12":"sale","13":"taxable","14":"shipping-taxable","15":"purchasable","16":"product-type-simple"},"yoast_head":"<!-- This site is optimized with the Yoast SEO plugin v25.4 - https:\/\/yoast.com\/wordpress\/plugins\/seo\/ -->\n<title>TRUUSK Upph\u00f6jd S\u00e4ng Med 3 V\u00e4xtl\u00e5dor - 3-v\u00e5ningsdesign - \u00d6ppen Botten - 108 cm x 88 cm x 36 cm - Naturlig - TRUUSK - Hem, Tr\u00e4dg\u00e5rd &amp; Fritid<\/title>\n<meta name=\"robots\" content=\"index, follow, max-snippet:-1, max-image-preview:large, max-video-preview:-1\" \/>\n<link rel=\"canonical\" href=\"https:\/\/truusk.store\/sv\/produkt\/truusk-upphojd-sang-med-3-vaxtlador-3-vaningsdesign-oppen-botten-108-cm-x-88-cm-x-36-cm-naturlig\/\" \/>\n<meta property=\"og:locale\" content=\"sv_SE\" \/>\n<meta property=\"og:type\" content=\"article\" \/>\n<meta property=\"og:title\" content=\"TRUUSK Upph\u00f6jd S\u00e4ng Med 3 V\u00e4xtl\u00e5dor - 3-v\u00e5ningsdesign - \u00d6ppen Botten - 108 cm x 88 cm x 36 cm - Naturlig - TRUUSK - Hem, Tr\u00e4dg\u00e5rd &amp; Fritid\" \/>\n<meta property=\"og:description\" content=\"Denna gr\u00f6nsaksb\u00e4dd \u00e4r den idealiska odlingsplatsen f\u00f6r olika v\u00e4xter. Oavsett om det g\u00e4ller \u00f6rter, gr\u00f6nsaker eller blommor &#8211; vi har...\" \/>\n<meta property=\"og:url\" content=\"https:\/\/truusk.store\/sv\/produkt\/truusk-upphojd-sang-med-3-vaxtlador-3-vaningsdesign-oppen-botten-108-cm-x-88-cm-x-36-cm-naturlig\/\" \/>\n<meta property=\"og:site_name\" content=\"TRUUSK - Hem, Tr\u00e4dg\u00e5rd &amp; Fritid\" \/>\n<meta property=\"article:modified_time\" content=\"2026-03-12T08:20:28+00:00\" \/>\n<meta property=\"og:image\" content=\"https:\/\/i0.wp.com\/truusk.se\/wp-content\/uploads\/2024\/02\/upphojd-sang-med-3-vaxtlador-3-vaningsdesign-mer-oppen-botten-108-cm-x-88-cm-x-36-cm-naturlig.webp?fit=800%2C800&ssl=1\" \/>\n\t<meta property=\"og:image:width\" content=\"800\" \/>\n\t<meta property=\"og:image:height\" content=\"800\" \/>\n\t<meta property=\"og:image:type\" content=\"image\/webp\" \/>\n<meta name=\"twitter:card\" content=\"summary_large_image\" \/>\n<meta name=\"twitter:label1\" content=\"Ber\u00e4knad l\u00e4stid\" \/>\n\t<meta name=\"twitter:data1\" content=\"1 minut\" \/>\n<!-- \/ Yoast SEO plugin. -->","yoast_head_json":{"title":"TRUUSK Upph\u00f6jd S\u00e4ng Med 3 V\u00e4xtl\u00e5dor - 3-v\u00e5ningsdesign - \u00d6ppen Botten - 108 cm x 88 cm x 36 cm - Naturlig - TRUUSK - Hem, Tr\u00e4dg\u00e5rd &amp; Fritid","robots":{"index":"index","follow":"follow","max-snippet":"max-snippet:-1","max-image-preview":"max-image-preview:large","max-video-preview":"max-video-preview:-1"},"canonical":"https:\/\/truusk.store\/sv\/produkt\/truusk-upphojd-sang-med-3-vaxtlador-3-vaningsdesign-oppen-botten-108-cm-x-88-cm-x-36-cm-naturlig\/","og_locale":"sv_SE","og_type":"article","og_title":"TRUUSK Upph\u00f6jd S\u00e4ng Med 3 V\u00e4xtl\u00e5dor - 3-v\u00e5ningsdesign - \u00d6ppen Botten - 108 cm x 88 cm x 36 cm - Naturlig - TRUUSK - Hem, Tr\u00e4dg\u00e5rd &amp; Fritid","og_description":"Denna gr\u00f6nsaksb\u00e4dd \u00e4r den idealiska odlingsplatsen f\u00f6r olika v\u00e4xter. Oavsett om det g\u00e4ller \u00f6rter, gr\u00f6nsaker eller blommor &#8211; vi har...","og_url":"https:\/\/truusk.store\/sv\/produkt\/truusk-upphojd-sang-med-3-vaxtlador-3-vaningsdesign-oppen-botten-108-cm-x-88-cm-x-36-cm-naturlig\/","og_site_name":"TRUUSK - Hem, Tr\u00e4dg\u00e5rd &amp; Fritid","article_modified_time":"2026-03-12T08:20:28+00:00","og_image":[{"width":800,"height":800,"url":"https:\/\/i0.wp.com\/truusk.se\/wp-content\/uploads\/2024\/02\/upphojd-sang-med-3-vaxtlador-3-vaningsdesign-mer-oppen-botten-108-cm-x-88-cm-x-36-cm-naturlig.webp?fit=800%2C800&ssl=1","type":"image\/webp"}],"twitter_card":"summary_large_image","twitter_misc":{"Ber\u00e4knad l\u00e4stid":"1 minut"},"schema":{"@context":"https:\/\/schema.org","@graph":[{"@type":"WebPage","@id":"https:\/\/truusk.store\/sv\/produkt\/truusk-upphojd-sang-med-3-vaxtlador-3-vaningsdesign-oppen-botten-108-cm-x-88-cm-x-36-cm-naturlig\/","url":"https:\/\/truusk.store\/sv\/produkt\/truusk-upphojd-sang-med-3-vaxtlador-3-vaningsdesign-oppen-botten-108-cm-x-88-cm-x-36-cm-naturlig\/","name":"TRUUSK Upph\u00f6jd S\u00e4ng Med 3 V\u00e4xtl\u00e5dor - 3-v\u00e5ningsdesign - \u00d6ppen Botten - 108 cm x 88 cm x 36 cm - Naturlig - TRUUSK - Hem, Tr\u00e4dg\u00e5rd &amp; Fritid","isPartOf":{"@id":"https:\/\/truusk.store\/sv\/#website"},"primaryImageOfPage":{"@id":"https:\/\/truusk.store\/sv\/produkt\/truusk-upphojd-sang-med-3-vaxtlador-3-vaningsdesign-oppen-botten-108-cm-x-88-cm-x-36-cm-naturlig\/#primaryimage"},"image":{"@id":"https:\/\/truusk.store\/sv\/produkt\/truusk-upphojd-sang-med-3-vaxtlador-3-vaningsdesign-oppen-botten-108-cm-x-88-cm-x-36-cm-naturlig\/#primaryimage"},"thumbnailUrl":"https:\/\/i0.wp.com\/truusk.store\/wp-content\/uploads\/2024\/02\/upphojd-sang-med-3-vaxtlador-3-vaningsdesign-mer-oppen-botten-108-cm-x-88-cm-x-36-cm-naturlig.webp?fit=800%2C800&ssl=1","datePublished":"2024-02-14T03:49:03+00:00","dateModified":"2026-03-12T08:20:28+00:00","breadcrumb":{"@id":"https:\/\/truusk.store\/sv\/produkt\/truusk-upphojd-sang-med-3-vaxtlador-3-vaningsdesign-oppen-botten-108-cm-x-88-cm-x-36-cm-naturlig\/#breadcrumb"},"inLanguage":"sv-SE","potentialAction":[{"@type":"ReadAction","target":["https:\/\/truusk.store\/sv\/produkt\/truusk-upphojd-sang-med-3-vaxtlador-3-vaningsdesign-oppen-botten-108-cm-x-88-cm-x-36-cm-naturlig\/"]}]},{"@type":"ImageObject","inLanguage":"sv-SE","@id":"https:\/\/truusk.store\/sv\/produkt\/truusk-upphojd-sang-med-3-vaxtlador-3-vaningsdesign-oppen-botten-108-cm-x-88-cm-x-36-cm-naturlig\/#primaryimage","url":"https:\/\/i0.wp.com\/truusk.store\/wp-content\/uploads\/2024\/02\/upphojd-sang-med-3-vaxtlador-3-vaningsdesign-mer-oppen-botten-108-cm-x-88-cm-x-36-cm-naturlig.webp?fit=800%2C800&ssl=1","contentUrl":"https:\/\/i0.wp.com\/truusk.store\/wp-content\/uploads\/2024\/02\/upphojd-sang-med-3-vaxtlador-3-vaningsdesign-mer-oppen-botten-108-cm-x-88-cm-x-36-cm-naturlig.webp?fit=800%2C800&ssl=1","width":800,"height":800,"caption":"Upph\u00f6jd S\u00e4ng Med 3 V\u00e4xtl\u00e5dor, 3-v\u00e5ningsdesign, Mer \u00f6ppen Botten, 108 Cm X 88 Cm X 36 Cm, Naturlig 1"},{"@type":"BreadcrumbList","@id":"https:\/\/truusk.store\/sv\/produkt\/truusk-upphojd-sang-med-3-vaxtlador-3-vaningsdesign-oppen-botten-108-cm-x-88-cm-x-36-cm-naturlig\/#breadcrumb","itemListElement":[{"@type":"ListItem","position":1,"name":"Home","item":"https:\/\/truusk.store\/sv\/"},{"@type":"ListItem","position":2,"name":"Shop","item":"https:\/\/truusk.store\/shop\/"},{"@type":"ListItem","position":3,"name":"TRUUSK Upph\u00f6jd S\u00e4ng Med 3 V\u00e4xtl\u00e5dor &#8211; 3-v\u00e5ningsdesign &#8211; \u00d6ppen Botten &#8211; 108 cm x 88 cm x 36 cm &#8211; Naturlig"}]},{"@type":"WebSite","@id":"https:\/\/truusk.store\/sv\/#website","url":"https:\/\/truusk.store\/sv\/","name":"TRUUSK - Hem, Tr\u00e4dg\u00e5rd & Fritid","description":"","publisher":{"@id":"https:\/\/truusk.store\/sv\/#organization"},"potentialAction":[{"@type":"SearchAction","target":{"@type":"EntryPoint","urlTemplate":"https:\/\/truusk.store\/sv\/?s={search_term_string}"},"query-input":{"@type":"PropertyValueSpecification","valueRequired":true,"valueName":"search_term_string"}}],"inLanguage":"sv-SE"},{"@type":"Organization","@id":"https:\/\/truusk.store\/sv\/#organization","name":"TRUUSK - Hem, Tr\u00e4dg\u00e5rd & Fritid","url":"https:\/\/truusk.store\/sv\/","logo":{"@type":"ImageObject","inLanguage":"sv-SE","@id":"https:\/\/truusk.store\/sv\/#\/schema\/logo\/image\/","url":"https:\/\/i0.wp.com\/truusk.store\/wp-content\/uploads\/2026\/03\/cropped-TRUUSK.png?fit=2032%2C917&ssl=1","contentUrl":"https:\/\/i0.wp.com\/truusk.store\/wp-content\/uploads\/2026\/03\/cropped-TRUUSK.png?fit=2032%2C917&ssl=1","width":2032,"height":917,"caption":"TRUUSK - Hem, Tr\u00e4dg\u00e5rd & Fritid"},"image":{"@id":"https:\/\/truusk.store\/sv\/#\/schema\/logo\/image\/"}}]}},"jetpack_sharing_enabled":true,"_links":{"self":[{"href":"https:\/\/truusk.store\/sv\/wp-json\/wp\/v2\/product\/43876","targetHints":{"allow":["GET"]}}],"collection":[{"href":"https:\/\/truusk.store\/sv\/wp-json\/wp\/v2\/product"}],"about":[{"href":"https:\/\/truusk.store\/sv\/wp-json\/wp\/v2\/types\/product"}],"wp:featuredmedia":[{"embeddable":true,"href":"https:\/\/truusk.store\/sv\/wp-json\/wp\/v2\/media\/43877"}],"wp:attachment":[{"href":"https:\/\/truusk.store\/sv\/wp-json\/wp\/v2\/media?parent=43876"}],"wp:term":[{"taxonomy":"product_brand","embeddable":true,"href":"https:\/\/truusk.store\/sv\/wp-json\/wp\/v2\/product_brand?post=43876"},{"taxonomy":"product_cat","embeddable":true,"href":"https:\/\/truusk.store\/sv\/wp-json\/wp\/v2\/product_cat?post=43876"},{"taxonomy":"product_tag","embeddable":true,"href":"https:\/\/truusk.store\/sv\/wp-json\/wp\/v2\/product_tag?post=43876"}],"curies":[{"name":"wp","href":"https:\/\/api.w.org\/{rel}","templated":true}]}}