{"id":43892,"date":"2024-02-14T04:49:41","date_gmt":"2024-02-14T03:49:41","guid":{"rendered":"https:\/\/truusk.store\/product\/upphojd-sang-integrerad-spalje-forvaringshylla-hjul-massivt-tra-brun-79-x-29-x-130-cm\/"},"modified":"2026-03-12T09:20:28","modified_gmt":"2026-03-12T08:20:28","slug":"truusk-hundbadd-med-integrerad-spalje-forvaringshylla-hjul-massivt-tra-brun-79-x-29-x-130-cm","status":"publish","type":"product","link":"https:\/\/truusk.store\/sv\/produkt\/truusk-hundbadd-med-integrerad-spalje-forvaringshylla-hjul-massivt-tra-brun-79-x-29-x-130-cm\/","title":{"rendered":"TRUUSK Hundb\u00e4dd med Integrerad Spalj\u00e9 &#8211; F\u00f6rvaringshylla &#8211; Hjul &#8211; Massivt Tr\u00e4 &#8211; Brun &#8211; 79 x 29 x 130 cm"},"content":{"rendered":"<p>L\u00e5t naturlig sk\u00f6nhet r\u00e5da i din tr\u00e4dg\u00e5rd den h\u00e4r s\u00e4songen &#8211; med den mobila h\u00f6gb\u00e4dden. Den praktiska kombinationen av v\u00e4xtl\u00e5da och f\u00f6rvaringshylla ger gott om plats att v\u00e4xa och frodas. Ramen \u00e4r gjord av kraftigt naturligt tr\u00e4 och spalj\u00e9n kan anv\u00e4ndas f\u00f6r att f\u00e4sta kl\u00e4tterv\u00e4xter eller dekorationer. Dr\u00e4neringsspikar i golvet l\u00e5ter \u00f6verfl\u00f6digt vatten rinna bort och innerfodret s\u00e4kerst\u00e4ller god luftgenomsl\u00e4pplighet.<\/p>\n<h3>Beskrivning:<\/h3>\n<ul>\n<li>Upph\u00f6jd konstruktion s\u00e5 att du inte beh\u00f6ver b\u00f6ja dig f\u00f6r l\u00e5gt. Detta skyddar din rygg<\/li>\n<li>Gott om plats f\u00f6r v\u00e4xterna och sund tillv\u00e4xt<\/li>\n<li>Massiv naturtr\u00e4ram med vattenfast lack f\u00f6r h\u00e5llbarhet<\/li>\n<li>Bakre spalj\u00e9 f\u00f6r kl\u00e4tterv\u00e4xter<\/li>\n<li>Tygfoder hindrar smuts fr\u00e5n att tr\u00e4nga in men l\u00e5ter vattnet rinna bort<\/li>\n<li>Nedre hylla f\u00f6r f\u00f6rvaring<\/li>\n<li>Hjul med broms f\u00f6r enkel f\u00f6rflyttning<\/li>\n<li>Perfekt f\u00f6r tr\u00e4dg\u00e5rds\u00e4lskare med begr\u00e4nsat utrymme<\/li>\n<li>L\u00e4mplig f\u00f6r g\u00e5rd, uteplats, balkong eller tr\u00e4dg\u00e5rd<\/li>\n<li>Montering kr\u00e4vs<\/li>\n<\/ul>\n<h3>Teknisk data:<\/h3>\n<ul>\n<li>F\u00e4rg brun<\/li>\n<li>Material: gran<\/li>\n<li>\u00d6vergripande m\u00e5tt: 79L x 29W x 130H cm<\/li>\n<li>Innerm\u00e5tt p\u00e5 planteringsl\u00e5da: 73W x 25D x 14H cm. Markfrig\u00e5ng: 58 cm<\/li>\n<li>Gallerm\u00e5tt: 79W x 62H cm<\/li>\n<li>M\u00e5tt f\u00f6r f\u00f6rvaringsfack: 66L x 25W cm. Markfrig\u00e5ng: 18 cm<\/li>\n<li>Radma: 5 cm<\/li>\n<li>Lastkapacitet: 25 kg (planteringsyta). 15 kg (f\u00f6rvaringsutrymme)<\/li>\n<\/ul>\n<h3>Leveransens omfattning:<\/h3>\n<ul>\n<li>1 x upph\u00f6jd s\u00e4ng<\/li>\n<li>1 x Instruktioner<\/li>\n<\/ul>\n","protected":false},"excerpt":{"rendered":"<p>L\u00e5t naturlig sk\u00f6nhet r\u00e5da i din tr\u00e4dg\u00e5rd den h\u00e4r s\u00e4songen &#8211; med den mobila h\u00f6gb\u00e4dden. Den praktiska kombinationen av v\u00e4xtl\u00e5da&#8230;<\/p>\n","protected":false},"featured_media":43893,"template":"","meta":[],"product_brand":[],"product_cat":[447,435,443],"product_tag":[],"class_list":{"0":"post-43892","1":"product","2":"type-product","3":"status-publish","4":"has-post-thumbnail","6":"product_cat-planteringsmaskiner","7":"product_cat-tradgard-och-terrass","8":"product_cat-vaxthus-tradgardsskotsel","10":"first","11":"instock","12":"sale","13":"taxable","14":"shipping-taxable","15":"purchasable","16":"product-type-simple"},"yoast_head":"<!-- This site is optimized with the Yoast SEO plugin v25.4 - https:\/\/yoast.com\/wordpress\/plugins\/seo\/ -->\n<title>TRUUSK Hundb\u00e4dd med Integrerad Spalj\u00e9 - F\u00f6rvaringshylla - Hjul - Massivt Tr\u00e4 - Brun - 79 x 29 x 130 cm - TRUUSK - Hem, Tr\u00e4dg\u00e5rd &amp; Fritid<\/title>\n<meta name=\"robots\" content=\"index, follow, max-snippet:-1, max-image-preview:large, max-video-preview:-1\" \/>\n<link rel=\"canonical\" href=\"https:\/\/truusk.store\/sv\/produkt\/truusk-hundbadd-med-integrerad-spalje-forvaringshylla-hjul-massivt-tra-brun-79-x-29-x-130-cm\/\" \/>\n<meta property=\"og:locale\" content=\"sv_SE\" \/>\n<meta property=\"og:type\" content=\"article\" \/>\n<meta property=\"og:title\" content=\"TRUUSK Hundb\u00e4dd med Integrerad Spalj\u00e9 - F\u00f6rvaringshylla - Hjul - Massivt Tr\u00e4 - Brun - 79 x 29 x 130 cm - TRUUSK - Hem, Tr\u00e4dg\u00e5rd &amp; Fritid\" \/>\n<meta property=\"og:description\" content=\"L\u00e5t naturlig sk\u00f6nhet r\u00e5da i din tr\u00e4dg\u00e5rd den h\u00e4r s\u00e4songen &#8211; med den mobila h\u00f6gb\u00e4dden. Den praktiska kombinationen av v\u00e4xtl\u00e5da...\" \/>\n<meta property=\"og:url\" content=\"https:\/\/truusk.store\/sv\/produkt\/truusk-hundbadd-med-integrerad-spalje-forvaringshylla-hjul-massivt-tra-brun-79-x-29-x-130-cm\/\" \/>\n<meta property=\"og:site_name\" content=\"TRUUSK - Hem, Tr\u00e4dg\u00e5rd &amp; Fritid\" \/>\n<meta property=\"article:modified_time\" content=\"2026-03-12T08:20:28+00:00\" \/>\n<meta property=\"og:image\" content=\"https:\/\/i0.wp.com\/truusk.se\/wp-content\/uploads\/2024\/02\/upphojd-sang-integrerad-spalje-forvaringshylla-hjul-massivt-tra-brun-79-x-29-x-130-cm.webp?fit=800%2C800&ssl=1\" \/>\n\t<meta property=\"og:image:width\" content=\"800\" \/>\n\t<meta property=\"og:image:height\" content=\"800\" \/>\n\t<meta property=\"og:image:type\" content=\"image\/webp\" \/>\n<meta name=\"twitter:card\" content=\"summary_large_image\" \/>\n<meta name=\"twitter:label1\" content=\"Ber\u00e4knad l\u00e4stid\" \/>\n\t<meta name=\"twitter:data1\" content=\"1 minut\" \/>\n<!-- \/ Yoast SEO plugin. -->","yoast_head_json":{"title":"TRUUSK Hundb\u00e4dd med Integrerad Spalj\u00e9 - F\u00f6rvaringshylla - Hjul - Massivt Tr\u00e4 - Brun - 79 x 29 x 130 cm - TRUUSK - Hem, Tr\u00e4dg\u00e5rd &amp; Fritid","robots":{"index":"index","follow":"follow","max-snippet":"max-snippet:-1","max-image-preview":"max-image-preview:large","max-video-preview":"max-video-preview:-1"},"canonical":"https:\/\/truusk.store\/sv\/produkt\/truusk-hundbadd-med-integrerad-spalje-forvaringshylla-hjul-massivt-tra-brun-79-x-29-x-130-cm\/","og_locale":"sv_SE","og_type":"article","og_title":"TRUUSK Hundb\u00e4dd med Integrerad Spalj\u00e9 - F\u00f6rvaringshylla - Hjul - Massivt Tr\u00e4 - Brun - 79 x 29 x 130 cm - TRUUSK - Hem, Tr\u00e4dg\u00e5rd &amp; Fritid","og_description":"L\u00e5t naturlig sk\u00f6nhet r\u00e5da i din tr\u00e4dg\u00e5rd den h\u00e4r s\u00e4songen &#8211; med den mobila h\u00f6gb\u00e4dden. Den praktiska kombinationen av v\u00e4xtl\u00e5da...","og_url":"https:\/\/truusk.store\/sv\/produkt\/truusk-hundbadd-med-integrerad-spalje-forvaringshylla-hjul-massivt-tra-brun-79-x-29-x-130-cm\/","og_site_name":"TRUUSK - Hem, Tr\u00e4dg\u00e5rd &amp; Fritid","article_modified_time":"2026-03-12T08:20:28+00:00","og_image":[{"width":800,"height":800,"url":"https:\/\/i0.wp.com\/truusk.se\/wp-content\/uploads\/2024\/02\/upphojd-sang-integrerad-spalje-forvaringshylla-hjul-massivt-tra-brun-79-x-29-x-130-cm.webp?fit=800%2C800&ssl=1","type":"image\/webp"}],"twitter_card":"summary_large_image","twitter_misc":{"Ber\u00e4knad l\u00e4stid":"1 minut"},"schema":{"@context":"https:\/\/schema.org","@graph":[{"@type":"WebPage","@id":"https:\/\/truusk.store\/sv\/produkt\/truusk-hundbadd-med-integrerad-spalje-forvaringshylla-hjul-massivt-tra-brun-79-x-29-x-130-cm\/","url":"https:\/\/truusk.store\/sv\/produkt\/truusk-hundbadd-med-integrerad-spalje-forvaringshylla-hjul-massivt-tra-brun-79-x-29-x-130-cm\/","name":"TRUUSK Hundb\u00e4dd med Integrerad Spalj\u00e9 - F\u00f6rvaringshylla - Hjul - Massivt Tr\u00e4 - Brun - 79 x 29 x 130 cm - TRUUSK - Hem, Tr\u00e4dg\u00e5rd &amp; Fritid","isPartOf":{"@id":"https:\/\/truusk.store\/sv\/#website"},"primaryImageOfPage":{"@id":"https:\/\/truusk.store\/sv\/produkt\/truusk-hundbadd-med-integrerad-spalje-forvaringshylla-hjul-massivt-tra-brun-79-x-29-x-130-cm\/#primaryimage"},"image":{"@id":"https:\/\/truusk.store\/sv\/produkt\/truusk-hundbadd-med-integrerad-spalje-forvaringshylla-hjul-massivt-tra-brun-79-x-29-x-130-cm\/#primaryimage"},"thumbnailUrl":"https:\/\/i0.wp.com\/truusk.store\/wp-content\/uploads\/2024\/02\/upphojd-sang-integrerad-spalje-forvaringshylla-hjul-massivt-tra-brun-79-x-29-x-130-cm.webp?fit=800%2C800&ssl=1","datePublished":"2024-02-14T03:49:41+00:00","dateModified":"2026-03-12T08:20:28+00:00","breadcrumb":{"@id":"https:\/\/truusk.store\/sv\/produkt\/truusk-hundbadd-med-integrerad-spalje-forvaringshylla-hjul-massivt-tra-brun-79-x-29-x-130-cm\/#breadcrumb"},"inLanguage":"sv-SE","potentialAction":[{"@type":"ReadAction","target":["https:\/\/truusk.store\/sv\/produkt\/truusk-hundbadd-med-integrerad-spalje-forvaringshylla-hjul-massivt-tra-brun-79-x-29-x-130-cm\/"]}]},{"@type":"ImageObject","inLanguage":"sv-SE","@id":"https:\/\/truusk.store\/sv\/produkt\/truusk-hundbadd-med-integrerad-spalje-forvaringshylla-hjul-massivt-tra-brun-79-x-29-x-130-cm\/#primaryimage","url":"https:\/\/i0.wp.com\/truusk.store\/wp-content\/uploads\/2024\/02\/upphojd-sang-integrerad-spalje-forvaringshylla-hjul-massivt-tra-brun-79-x-29-x-130-cm.webp?fit=800%2C800&ssl=1","contentUrl":"https:\/\/i0.wp.com\/truusk.store\/wp-content\/uploads\/2024\/02\/upphojd-sang-integrerad-spalje-forvaringshylla-hjul-massivt-tra-brun-79-x-29-x-130-cm.webp?fit=800%2C800&ssl=1","width":800,"height":800,"caption":"Upph\u00f6jd S\u00e4ng, Integrerad Spalj\u00e9, F\u00f6rvaringshylla, Hjul, Massivt Tr\u00e4, Brun, 79 X 29 X 130 Cm 1"},{"@type":"BreadcrumbList","@id":"https:\/\/truusk.store\/sv\/produkt\/truusk-hundbadd-med-integrerad-spalje-forvaringshylla-hjul-massivt-tra-brun-79-x-29-x-130-cm\/#breadcrumb","itemListElement":[{"@type":"ListItem","position":1,"name":"Home","item":"https:\/\/truusk.store\/sv\/"},{"@type":"ListItem","position":2,"name":"Shop","item":"https:\/\/truusk.store\/shop\/"},{"@type":"ListItem","position":3,"name":"TRUUSK Hundb\u00e4dd med Integrerad Spalj\u00e9 &#8211; F\u00f6rvaringshylla &#8211; Hjul &#8211; Massivt Tr\u00e4 &#8211; Brun &#8211; 79 x 29 x 130 cm"}]},{"@type":"WebSite","@id":"https:\/\/truusk.store\/sv\/#website","url":"https:\/\/truusk.store\/sv\/","name":"TRUUSK - Hem, Tr\u00e4dg\u00e5rd & Fritid","description":"","publisher":{"@id":"https:\/\/truusk.store\/sv\/#organization"},"potentialAction":[{"@type":"SearchAction","target":{"@type":"EntryPoint","urlTemplate":"https:\/\/truusk.store\/sv\/?s={search_term_string}"},"query-input":{"@type":"PropertyValueSpecification","valueRequired":true,"valueName":"search_term_string"}}],"inLanguage":"sv-SE"},{"@type":"Organization","@id":"https:\/\/truusk.store\/sv\/#organization","name":"TRUUSK - Hem, Tr\u00e4dg\u00e5rd & Fritid","url":"https:\/\/truusk.store\/sv\/","logo":{"@type":"ImageObject","inLanguage":"sv-SE","@id":"https:\/\/truusk.store\/sv\/#\/schema\/logo\/image\/","url":"https:\/\/i0.wp.com\/truusk.store\/wp-content\/uploads\/2026\/03\/cropped-TRUUSK.png?fit=2032%2C917&ssl=1","contentUrl":"https:\/\/i0.wp.com\/truusk.store\/wp-content\/uploads\/2026\/03\/cropped-TRUUSK.png?fit=2032%2C917&ssl=1","width":2032,"height":917,"caption":"TRUUSK - Hem, Tr\u00e4dg\u00e5rd & Fritid"},"image":{"@id":"https:\/\/truusk.store\/sv\/#\/schema\/logo\/image\/"}}]}},"jetpack_sharing_enabled":true,"_links":{"self":[{"href":"https:\/\/truusk.store\/sv\/wp-json\/wp\/v2\/product\/43892","targetHints":{"allow":["GET"]}}],"collection":[{"href":"https:\/\/truusk.store\/sv\/wp-json\/wp\/v2\/product"}],"about":[{"href":"https:\/\/truusk.store\/sv\/wp-json\/wp\/v2\/types\/product"}],"wp:featuredmedia":[{"embeddable":true,"href":"https:\/\/truusk.store\/sv\/wp-json\/wp\/v2\/media\/43893"}],"wp:attachment":[{"href":"https:\/\/truusk.store\/sv\/wp-json\/wp\/v2\/media?parent=43892"}],"wp:term":[{"taxonomy":"product_brand","embeddable":true,"href":"https:\/\/truusk.store\/sv\/wp-json\/wp\/v2\/product_brand?post=43892"},{"taxonomy":"product_cat","embeddable":true,"href":"https:\/\/truusk.store\/sv\/wp-json\/wp\/v2\/product_cat?post=43892"},{"taxonomy":"product_tag","embeddable":true,"href":"https:\/\/truusk.store\/sv\/wp-json\/wp\/v2\/product_tag?post=43892"}],"curies":[{"name":"wp","href":"https:\/\/api.w.org\/{rel}","templated":true}]}}