{"id":43912,"date":"2024-02-14T04:50:28","date_gmt":"2024-02-14T03:50:28","guid":{"rendered":"https:\/\/truusk.store\/product\/vaxtlada-med-spalje-4-hjul-naturligt-tra-vaderbestandig-farg-vit-76-x-30-x-155-cm\/"},"modified":"2026-03-12T09:20:29","modified_gmt":"2026-03-12T08:20:29","slug":"truusk-blomlada-med-spalje-naturligt-tra-vaderbestandig-farg-76-x-30-x-155-cm-vit","status":"publish","type":"product","link":"https:\/\/truusk.store\/sv\/produkt\/truusk-blomlada-med-spalje-naturligt-tra-vaderbestandig-farg-76-x-30-x-155-cm-vit\/","title":{"rendered":"TRUUSK Bloml\u00e5da med Spalj\u00e9 &#8211; Naturligt Tr\u00e4 &#8211; V\u00e4derbest\u00e4ndig F\u00e4rg &#8211; 76 x 30 x 155 cm &#8211; Vit"},"content":{"rendered":"<p>Med denna smarta kombination av \u00f6rtb\u00e4dd och spalj\u00e9 kan du erbjuda dina favoritv\u00e4xter ett dekorativt och originellt hem! Den robusta spalj\u00e9n kan vara ett bra visningsomr\u00e5de f\u00f6r dina vinrankor eller dekorativa blomkorgar. 4 mjukt l\u00f6pande hjul g\u00f6r att du enkelt kan flytta v\u00e4xtl\u00e5dan f\u00f6r att n\u00e4r som helst anpassa atmosf\u00e4ren efter din smak. Berika ditt hem med denna sofistikerade, tidl\u00f6sa blickf\u00e5ng!<\/p>\n<h3>Beskrivning:<\/h3>\n<ul>\n<li>Dekorativ blomsterl\u00e5da i klassisk, tidl\u00f6s design med en elegant vit f\u00e4rg<\/li>\n<li>Stor bloml\u00e5da med gott om plats f\u00f6r krukjord f\u00f6r att odla en m\u00e4ngd olika v\u00e4xtarter<\/li>\n<li>Tygfoder inuti f\u00f6r att f\u00f6rhindra jorderosion<\/li>\n<li>Spalj\u00e9 erbjuder gott om plats f\u00f6r kl\u00e4tterv\u00e4xter eller h\u00e4ngande blomkorgar<\/li>\n<li>Fyra hjul f\u00f6r enkel f\u00f6rflyttning, varav tv\u00e5 har bromsar<\/li>\n<li>Tillverkad av massivt tr\u00e4, stabil och h\u00e5llbar<\/li>\n<li>Ytan \u00e4r belagd med lack och \u00e4r idealisk f\u00f6r utomhusbruk<\/li>\n<li>Montering kr\u00e4vs<\/li>\n<\/ul>\n<h3>Teknisk data:<\/h3>\n<ul>\n<li>F\u00e4rg vit<\/li>\n<li>Material: gran<\/li>\n<li>\u00d6vergripande m\u00e5tt: 76L x 30W x 155H cm<\/li>\n<li>M\u00e5tt p\u00e5 v\u00e4xtl\u00e5da: 76L x 30W x 45H cm<\/li>\n<li>Innerm\u00e5tt p\u00e5 v\u00e4xtl\u00e5da: 74L x 28W x 35H cm<\/li>\n<li>M\u00e5tt spalj\u00e9: 76L x 120H cm<\/li>\n<li>Lastkapacitet: 40 kg (plantl\u00e5da), 5 kg (spalj\u00e9)<\/li>\n<\/ul>\n<h3>Leveransens omfattning:<\/h3>\n<ul>\n<li>1 x upph\u00f6jd s\u00e4ng med spalj\u00e9<\/li>\n<li>1 x Instruktioner<\/li>\n<\/ul>\n","protected":false},"excerpt":{"rendered":"<p>Med denna smarta kombination av \u00f6rtb\u00e4dd och spalj\u00e9 kan du erbjuda dina favoritv\u00e4xter ett dekorativt och originellt hem! Den robusta&#8230;<\/p>\n","protected":false},"featured_media":43913,"template":"","meta":[],"product_brand":[],"product_cat":[447,435,443],"product_tag":[],"class_list":{"0":"post-43912","1":"product","2":"type-product","3":"status-publish","4":"has-post-thumbnail","6":"product_cat-planteringsmaskiner","7":"product_cat-tradgard-och-terrass","8":"product_cat-vaxthus-tradgardsskotsel","10":"first","11":"instock","12":"sale","13":"taxable","14":"shipping-taxable","15":"purchasable","16":"product-type-simple"},"yoast_head":"<!-- This site is optimized with the Yoast SEO plugin v25.4 - https:\/\/yoast.com\/wordpress\/plugins\/seo\/ -->\n<title>TRUUSK Bloml\u00e5da med Spalj\u00e9 - Naturligt Tr\u00e4 - V\u00e4derbest\u00e4ndig F\u00e4rg - 76 x 30 x 155 cm - Vit - TRUUSK - Hem, Tr\u00e4dg\u00e5rd &amp; Fritid<\/title>\n<meta name=\"robots\" content=\"index, follow, max-snippet:-1, max-image-preview:large, max-video-preview:-1\" \/>\n<link rel=\"canonical\" href=\"https:\/\/truusk.store\/sv\/produkt\/truusk-blomlada-med-spalje-naturligt-tra-vaderbestandig-farg-76-x-30-x-155-cm-vit\/\" \/>\n<meta property=\"og:locale\" content=\"sv_SE\" \/>\n<meta property=\"og:type\" content=\"article\" \/>\n<meta property=\"og:title\" content=\"TRUUSK Bloml\u00e5da med Spalj\u00e9 - Naturligt Tr\u00e4 - V\u00e4derbest\u00e4ndig F\u00e4rg - 76 x 30 x 155 cm - Vit - TRUUSK - Hem, Tr\u00e4dg\u00e5rd &amp; Fritid\" \/>\n<meta property=\"og:description\" content=\"Med denna smarta kombination av \u00f6rtb\u00e4dd och spalj\u00e9 kan du erbjuda dina favoritv\u00e4xter ett dekorativt och originellt hem! Den robusta...\" \/>\n<meta property=\"og:url\" content=\"https:\/\/truusk.store\/sv\/produkt\/truusk-blomlada-med-spalje-naturligt-tra-vaderbestandig-farg-76-x-30-x-155-cm-vit\/\" \/>\n<meta property=\"og:site_name\" content=\"TRUUSK - Hem, Tr\u00e4dg\u00e5rd &amp; Fritid\" \/>\n<meta property=\"article:modified_time\" content=\"2026-03-12T08:20:29+00:00\" \/>\n<meta property=\"og:image\" content=\"https:\/\/i0.wp.com\/truusk.se\/wp-content\/uploads\/2024\/02\/vaxtlada-med-spalje-4-hjul-naturligt-tra-vaderbestandig-farg-vit-76-x-30-x-155-cm.webp?fit=800%2C800&ssl=1\" \/>\n\t<meta property=\"og:image:width\" content=\"800\" \/>\n\t<meta property=\"og:image:height\" content=\"800\" \/>\n\t<meta property=\"og:image:type\" content=\"image\/webp\" \/>\n<meta name=\"twitter:card\" content=\"summary_large_image\" \/>\n<meta name=\"twitter:label1\" content=\"Ber\u00e4knad l\u00e4stid\" \/>\n\t<meta name=\"twitter:data1\" content=\"1 minut\" \/>\n<!-- \/ Yoast SEO plugin. -->","yoast_head_json":{"title":"TRUUSK Bloml\u00e5da med Spalj\u00e9 - Naturligt Tr\u00e4 - V\u00e4derbest\u00e4ndig F\u00e4rg - 76 x 30 x 155 cm - Vit - TRUUSK - Hem, Tr\u00e4dg\u00e5rd &amp; Fritid","robots":{"index":"index","follow":"follow","max-snippet":"max-snippet:-1","max-image-preview":"max-image-preview:large","max-video-preview":"max-video-preview:-1"},"canonical":"https:\/\/truusk.store\/sv\/produkt\/truusk-blomlada-med-spalje-naturligt-tra-vaderbestandig-farg-76-x-30-x-155-cm-vit\/","og_locale":"sv_SE","og_type":"article","og_title":"TRUUSK Bloml\u00e5da med Spalj\u00e9 - Naturligt Tr\u00e4 - V\u00e4derbest\u00e4ndig F\u00e4rg - 76 x 30 x 155 cm - Vit - TRUUSK - Hem, Tr\u00e4dg\u00e5rd &amp; Fritid","og_description":"Med denna smarta kombination av \u00f6rtb\u00e4dd och spalj\u00e9 kan du erbjuda dina favoritv\u00e4xter ett dekorativt och originellt hem! Den robusta...","og_url":"https:\/\/truusk.store\/sv\/produkt\/truusk-blomlada-med-spalje-naturligt-tra-vaderbestandig-farg-76-x-30-x-155-cm-vit\/","og_site_name":"TRUUSK - Hem, Tr\u00e4dg\u00e5rd &amp; Fritid","article_modified_time":"2026-03-12T08:20:29+00:00","og_image":[{"width":800,"height":800,"url":"https:\/\/i0.wp.com\/truusk.se\/wp-content\/uploads\/2024\/02\/vaxtlada-med-spalje-4-hjul-naturligt-tra-vaderbestandig-farg-vit-76-x-30-x-155-cm.webp?fit=800%2C800&ssl=1","type":"image\/webp"}],"twitter_card":"summary_large_image","twitter_misc":{"Ber\u00e4knad l\u00e4stid":"1 minut"},"schema":{"@context":"https:\/\/schema.org","@graph":[{"@type":"WebPage","@id":"https:\/\/truusk.store\/sv\/produkt\/truusk-blomlada-med-spalje-naturligt-tra-vaderbestandig-farg-76-x-30-x-155-cm-vit\/","url":"https:\/\/truusk.store\/sv\/produkt\/truusk-blomlada-med-spalje-naturligt-tra-vaderbestandig-farg-76-x-30-x-155-cm-vit\/","name":"TRUUSK Bloml\u00e5da med Spalj\u00e9 - Naturligt Tr\u00e4 - V\u00e4derbest\u00e4ndig F\u00e4rg - 76 x 30 x 155 cm - Vit - TRUUSK - Hem, Tr\u00e4dg\u00e5rd &amp; Fritid","isPartOf":{"@id":"https:\/\/truusk.store\/sv\/#website"},"primaryImageOfPage":{"@id":"https:\/\/truusk.store\/sv\/produkt\/truusk-blomlada-med-spalje-naturligt-tra-vaderbestandig-farg-76-x-30-x-155-cm-vit\/#primaryimage"},"image":{"@id":"https:\/\/truusk.store\/sv\/produkt\/truusk-blomlada-med-spalje-naturligt-tra-vaderbestandig-farg-76-x-30-x-155-cm-vit\/#primaryimage"},"thumbnailUrl":"https:\/\/i0.wp.com\/truusk.store\/wp-content\/uploads\/2024\/02\/vaxtlada-med-spalje-4-hjul-naturligt-tra-vaderbestandig-farg-vit-76-x-30-x-155-cm.webp?fit=800%2C800&ssl=1","datePublished":"2024-02-14T03:50:28+00:00","dateModified":"2026-03-12T08:20:29+00:00","breadcrumb":{"@id":"https:\/\/truusk.store\/sv\/produkt\/truusk-blomlada-med-spalje-naturligt-tra-vaderbestandig-farg-76-x-30-x-155-cm-vit\/#breadcrumb"},"inLanguage":"sv-SE","potentialAction":[{"@type":"ReadAction","target":["https:\/\/truusk.store\/sv\/produkt\/truusk-blomlada-med-spalje-naturligt-tra-vaderbestandig-farg-76-x-30-x-155-cm-vit\/"]}]},{"@type":"ImageObject","inLanguage":"sv-SE","@id":"https:\/\/truusk.store\/sv\/produkt\/truusk-blomlada-med-spalje-naturligt-tra-vaderbestandig-farg-76-x-30-x-155-cm-vit\/#primaryimage","url":"https:\/\/i0.wp.com\/truusk.store\/wp-content\/uploads\/2024\/02\/vaxtlada-med-spalje-4-hjul-naturligt-tra-vaderbestandig-farg-vit-76-x-30-x-155-cm.webp?fit=800%2C800&ssl=1","contentUrl":"https:\/\/i0.wp.com\/truusk.store\/wp-content\/uploads\/2024\/02\/vaxtlada-med-spalje-4-hjul-naturligt-tra-vaderbestandig-farg-vit-76-x-30-x-155-cm.webp?fit=800%2C800&ssl=1","width":800,"height":800,"caption":"V\u00e4xtl\u00e5da Med Spalj\u00e9, 4 Hjul, Naturligt Tr\u00e4, V\u00e4derbest\u00e4ndig F\u00e4rg, Vit, 76 X 30 X 155 Cm 1"},{"@type":"BreadcrumbList","@id":"https:\/\/truusk.store\/sv\/produkt\/truusk-blomlada-med-spalje-naturligt-tra-vaderbestandig-farg-76-x-30-x-155-cm-vit\/#breadcrumb","itemListElement":[{"@type":"ListItem","position":1,"name":"Home","item":"https:\/\/truusk.store\/sv\/"},{"@type":"ListItem","position":2,"name":"Shop","item":"https:\/\/truusk.store\/shop\/"},{"@type":"ListItem","position":3,"name":"TRUUSK Bloml\u00e5da med Spalj\u00e9 &#8211; Naturligt Tr\u00e4 &#8211; V\u00e4derbest\u00e4ndig F\u00e4rg &#8211; 76 x 30 x 155 cm &#8211; Vit"}]},{"@type":"WebSite","@id":"https:\/\/truusk.store\/sv\/#website","url":"https:\/\/truusk.store\/sv\/","name":"TRUUSK - Hem, Tr\u00e4dg\u00e5rd & Fritid","description":"","publisher":{"@id":"https:\/\/truusk.store\/sv\/#organization"},"potentialAction":[{"@type":"SearchAction","target":{"@type":"EntryPoint","urlTemplate":"https:\/\/truusk.store\/sv\/?s={search_term_string}"},"query-input":{"@type":"PropertyValueSpecification","valueRequired":true,"valueName":"search_term_string"}}],"inLanguage":"sv-SE"},{"@type":"Organization","@id":"https:\/\/truusk.store\/sv\/#organization","name":"TRUUSK - Hem, Tr\u00e4dg\u00e5rd & Fritid","url":"https:\/\/truusk.store\/sv\/","logo":{"@type":"ImageObject","inLanguage":"sv-SE","@id":"https:\/\/truusk.store\/sv\/#\/schema\/logo\/image\/","url":"https:\/\/i0.wp.com\/truusk.store\/wp-content\/uploads\/2026\/03\/cropped-TRUUSK.png?fit=2032%2C917&ssl=1","contentUrl":"https:\/\/i0.wp.com\/truusk.store\/wp-content\/uploads\/2026\/03\/cropped-TRUUSK.png?fit=2032%2C917&ssl=1","width":2032,"height":917,"caption":"TRUUSK - Hem, Tr\u00e4dg\u00e5rd & Fritid"},"image":{"@id":"https:\/\/truusk.store\/sv\/#\/schema\/logo\/image\/"}}]}},"jetpack_sharing_enabled":true,"_links":{"self":[{"href":"https:\/\/truusk.store\/sv\/wp-json\/wp\/v2\/product\/43912","targetHints":{"allow":["GET"]}}],"collection":[{"href":"https:\/\/truusk.store\/sv\/wp-json\/wp\/v2\/product"}],"about":[{"href":"https:\/\/truusk.store\/sv\/wp-json\/wp\/v2\/types\/product"}],"wp:featuredmedia":[{"embeddable":true,"href":"https:\/\/truusk.store\/sv\/wp-json\/wp\/v2\/media\/43913"}],"wp:attachment":[{"href":"https:\/\/truusk.store\/sv\/wp-json\/wp\/v2\/media?parent=43912"}],"wp:term":[{"taxonomy":"product_brand","embeddable":true,"href":"https:\/\/truusk.store\/sv\/wp-json\/wp\/v2\/product_brand?post=43912"},{"taxonomy":"product_cat","embeddable":true,"href":"https:\/\/truusk.store\/sv\/wp-json\/wp\/v2\/product_cat?post=43912"},{"taxonomy":"product_tag","embeddable":true,"href":"https:\/\/truusk.store\/sv\/wp-json\/wp\/v2\/product_tag?post=43912"}],"curies":[{"name":"wp","href":"https:\/\/api.w.org\/{rel}","templated":true}]}}