{"id":43922,"date":"2024-02-14T04:50:47","date_gmt":"2024-02-14T03:50:47","guid":{"rendered":"https:\/\/truusk.store\/product\/upphojd-sang-blomsterlada-3-vaningar-draneringsoppning-tygfoder-naturligt-tra-93-x-93-x-35-cm\/"},"modified":"2026-03-12T09:20:29","modified_gmt":"2026-03-12T08:20:29","slug":"truusk-upphojd-blomsterlada-i-naturligt-tra-3-vaningar-draneringsoppning-tygfoder-93-x-93-x-35-cm","status":"publish","type":"product","link":"https:\/\/truusk.store\/sv\/produkt\/truusk-upphojd-blomsterlada-i-naturligt-tra-3-vaningar-draneringsoppning-tygfoder-93-x-93-x-35-cm\/","title":{"rendered":"TRUUSK Upph\u00f6jd Blomsterl\u00e5da i Naturligt Tr\u00e4 &#8211; 3 V\u00e5ningar &#8211; Dr\u00e4nerings\u00f6ppning &#8211; Tygfoder &#8211; 93 x 93 x 35 cm"},"content":{"rendered":"<p>F\u00e5 ut det mesta av din gr\u00f6na tumme! Denna speciella h\u00f6gb\u00e4dd imponerar med fem separata v\u00e4xtfack och tre niv\u00e5er, s\u00e5 att en m\u00e4ngd olika v\u00e4xter kan v\u00e4xa och frodas bredvid varandra. Den upph\u00f6jda ramen skyddar din fastighet fr\u00e5n djur och ger plats f\u00f6r stora r\u00f6tter. Bottenfodret med dr\u00e4nerings\u00f6ppning f\u00f6rhindrar \u00f6vervattning och erosion av krukjord. Tack vare plug-in-designen kan den upph\u00f6jda s\u00e4ngen st\u00e4llas upp snabbt och enkelt.<\/p>\n<h3>Beskrivning:<\/h3>\n<ul>\n<li>Trestegsdesign som ger gott om plats f\u00f6r olika v\u00e4xter<\/li>\n<li>Fem separata planteringsomr\u00e5den f\u00f6r mer ordning<\/li>\n<li>Tre jorddjup f\u00f6r olika rotl\u00e4ngder<\/li>\n<li>V\u00e4derbest\u00e4ndigt naturligt tr\u00e4, perfekt f\u00f6r l\u00e5ngvarig utomhusbruk<\/li>\n<li>Snabb och enkel montering utan verktyg<\/li>\n<li>L\u00e4mplig f\u00f6r att m\u00e5las i valfri f\u00e4rg<\/li>\n<li>Tygfoder i botten f\u00f6r att f\u00f6rhindra jorderosion<\/li>\n<li>Montering kr\u00e4vs<\/li>\n<\/ul>\n<h3>Teknisk data:<\/h3>\n<ul>\n<li>F\u00e4rg: Naturlig<\/li>\n<li>Material: gran<\/li>\n<li>\u00d6vergripande m\u00e5tt: 93L x 93W x 35H cm<\/li>\n<li>Planteringsyta: 82L x 30W x 35H cm (\u00f6verst), 82L x 27W x 22H cm (mitten), 82L x 30W x 35H cm (botten)<\/li>\n<\/ul>\n<h3>Leveransens omfattning:<\/h3>\n<ul>\n<li>1 x tr\u00e4dg\u00e5rdss\u00e4ng<\/li>\n<li>1 x Instruktioner<\/li>\n<\/ul>\n","protected":false},"excerpt":{"rendered":"<p>F\u00e5 ut det mesta av din gr\u00f6na tumme! Denna speciella h\u00f6gb\u00e4dd imponerar med fem separata v\u00e4xtfack och tre niv\u00e5er, s\u00e5&#8230;<\/p>\n","protected":false},"featured_media":43923,"template":"","meta":[],"product_brand":[],"product_cat":[447,435,443],"product_tag":[],"class_list":{"0":"post-43922","1":"product","2":"type-product","3":"status-publish","4":"has-post-thumbnail","6":"product_cat-planteringsmaskiner","7":"product_cat-tradgard-och-terrass","8":"product_cat-vaxthus-tradgardsskotsel","10":"first","11":"instock","12":"sale","13":"taxable","14":"shipping-taxable","15":"purchasable","16":"product-type-simple"},"yoast_head":"<!-- This site is optimized with the Yoast SEO plugin v25.4 - https:\/\/yoast.com\/wordpress\/plugins\/seo\/ -->\n<title>TRUUSK Upph\u00f6jd Blomsterl\u00e5da i Naturligt Tr\u00e4 - 3 V\u00e5ningar - Dr\u00e4nerings\u00f6ppning - Tygfoder - 93 x 93 x 35 cm - TRUUSK - Hem, Tr\u00e4dg\u00e5rd &amp; Fritid<\/title>\n<meta name=\"robots\" content=\"index, follow, max-snippet:-1, max-image-preview:large, max-video-preview:-1\" \/>\n<link rel=\"canonical\" href=\"https:\/\/truusk.store\/sv\/produkt\/truusk-upphojd-blomsterlada-i-naturligt-tra-3-vaningar-draneringsoppning-tygfoder-93-x-93-x-35-cm\/\" \/>\n<meta property=\"og:locale\" content=\"sv_SE\" \/>\n<meta property=\"og:type\" content=\"article\" \/>\n<meta property=\"og:title\" content=\"TRUUSK Upph\u00f6jd Blomsterl\u00e5da i Naturligt Tr\u00e4 - 3 V\u00e5ningar - Dr\u00e4nerings\u00f6ppning - Tygfoder - 93 x 93 x 35 cm - TRUUSK - Hem, Tr\u00e4dg\u00e5rd &amp; Fritid\" \/>\n<meta property=\"og:description\" content=\"F\u00e5 ut det mesta av din gr\u00f6na tumme! Denna speciella h\u00f6gb\u00e4dd imponerar med fem separata v\u00e4xtfack och tre niv\u00e5er, s\u00e5...\" \/>\n<meta property=\"og:url\" content=\"https:\/\/truusk.store\/sv\/produkt\/truusk-upphojd-blomsterlada-i-naturligt-tra-3-vaningar-draneringsoppning-tygfoder-93-x-93-x-35-cm\/\" \/>\n<meta property=\"og:site_name\" content=\"TRUUSK - Hem, Tr\u00e4dg\u00e5rd &amp; Fritid\" \/>\n<meta property=\"article:modified_time\" content=\"2026-03-12T08:20:29+00:00\" \/>\n<meta property=\"og:image\" content=\"https:\/\/i0.wp.com\/truusk.se\/wp-content\/uploads\/2024\/02\/upphojd-sang-blomsterlada-3-vaningar-draneringsoppning-tygfoder-naturligt-tra-93-x-93-x-35-cm.webp?fit=800%2C800&ssl=1\" \/>\n\t<meta property=\"og:image:width\" content=\"800\" \/>\n\t<meta property=\"og:image:height\" content=\"800\" \/>\n\t<meta property=\"og:image:type\" content=\"image\/webp\" \/>\n<meta name=\"twitter:card\" content=\"summary_large_image\" \/>\n<meta name=\"twitter:label1\" content=\"Ber\u00e4knad l\u00e4stid\" \/>\n\t<meta name=\"twitter:data1\" content=\"1 minut\" \/>\n<!-- \/ Yoast SEO plugin. -->","yoast_head_json":{"title":"TRUUSK Upph\u00f6jd Blomsterl\u00e5da i Naturligt Tr\u00e4 - 3 V\u00e5ningar - Dr\u00e4nerings\u00f6ppning - Tygfoder - 93 x 93 x 35 cm - TRUUSK - Hem, Tr\u00e4dg\u00e5rd &amp; Fritid","robots":{"index":"index","follow":"follow","max-snippet":"max-snippet:-1","max-image-preview":"max-image-preview:large","max-video-preview":"max-video-preview:-1"},"canonical":"https:\/\/truusk.store\/sv\/produkt\/truusk-upphojd-blomsterlada-i-naturligt-tra-3-vaningar-draneringsoppning-tygfoder-93-x-93-x-35-cm\/","og_locale":"sv_SE","og_type":"article","og_title":"TRUUSK Upph\u00f6jd Blomsterl\u00e5da i Naturligt Tr\u00e4 - 3 V\u00e5ningar - Dr\u00e4nerings\u00f6ppning - Tygfoder - 93 x 93 x 35 cm - TRUUSK - Hem, Tr\u00e4dg\u00e5rd &amp; Fritid","og_description":"F\u00e5 ut det mesta av din gr\u00f6na tumme! Denna speciella h\u00f6gb\u00e4dd imponerar med fem separata v\u00e4xtfack och tre niv\u00e5er, s\u00e5...","og_url":"https:\/\/truusk.store\/sv\/produkt\/truusk-upphojd-blomsterlada-i-naturligt-tra-3-vaningar-draneringsoppning-tygfoder-93-x-93-x-35-cm\/","og_site_name":"TRUUSK - Hem, Tr\u00e4dg\u00e5rd &amp; Fritid","article_modified_time":"2026-03-12T08:20:29+00:00","og_image":[{"width":800,"height":800,"url":"https:\/\/i0.wp.com\/truusk.se\/wp-content\/uploads\/2024\/02\/upphojd-sang-blomsterlada-3-vaningar-draneringsoppning-tygfoder-naturligt-tra-93-x-93-x-35-cm.webp?fit=800%2C800&ssl=1","type":"image\/webp"}],"twitter_card":"summary_large_image","twitter_misc":{"Ber\u00e4knad l\u00e4stid":"1 minut"},"schema":{"@context":"https:\/\/schema.org","@graph":[{"@type":"WebPage","@id":"https:\/\/truusk.store\/sv\/produkt\/truusk-upphojd-blomsterlada-i-naturligt-tra-3-vaningar-draneringsoppning-tygfoder-93-x-93-x-35-cm\/","url":"https:\/\/truusk.store\/sv\/produkt\/truusk-upphojd-blomsterlada-i-naturligt-tra-3-vaningar-draneringsoppning-tygfoder-93-x-93-x-35-cm\/","name":"TRUUSK Upph\u00f6jd Blomsterl\u00e5da i Naturligt Tr\u00e4 - 3 V\u00e5ningar - Dr\u00e4nerings\u00f6ppning - Tygfoder - 93 x 93 x 35 cm - TRUUSK - Hem, Tr\u00e4dg\u00e5rd &amp; Fritid","isPartOf":{"@id":"https:\/\/truusk.store\/sv\/#website"},"primaryImageOfPage":{"@id":"https:\/\/truusk.store\/sv\/produkt\/truusk-upphojd-blomsterlada-i-naturligt-tra-3-vaningar-draneringsoppning-tygfoder-93-x-93-x-35-cm\/#primaryimage"},"image":{"@id":"https:\/\/truusk.store\/sv\/produkt\/truusk-upphojd-blomsterlada-i-naturligt-tra-3-vaningar-draneringsoppning-tygfoder-93-x-93-x-35-cm\/#primaryimage"},"thumbnailUrl":"https:\/\/i0.wp.com\/truusk.store\/wp-content\/uploads\/2024\/02\/upphojd-sang-blomsterlada-3-vaningar-draneringsoppning-tygfoder-naturligt-tra-93-x-93-x-35-cm.webp?fit=800%2C800&ssl=1","datePublished":"2024-02-14T03:50:47+00:00","dateModified":"2026-03-12T08:20:29+00:00","breadcrumb":{"@id":"https:\/\/truusk.store\/sv\/produkt\/truusk-upphojd-blomsterlada-i-naturligt-tra-3-vaningar-draneringsoppning-tygfoder-93-x-93-x-35-cm\/#breadcrumb"},"inLanguage":"sv-SE","potentialAction":[{"@type":"ReadAction","target":["https:\/\/truusk.store\/sv\/produkt\/truusk-upphojd-blomsterlada-i-naturligt-tra-3-vaningar-draneringsoppning-tygfoder-93-x-93-x-35-cm\/"]}]},{"@type":"ImageObject","inLanguage":"sv-SE","@id":"https:\/\/truusk.store\/sv\/produkt\/truusk-upphojd-blomsterlada-i-naturligt-tra-3-vaningar-draneringsoppning-tygfoder-93-x-93-x-35-cm\/#primaryimage","url":"https:\/\/i0.wp.com\/truusk.store\/wp-content\/uploads\/2024\/02\/upphojd-sang-blomsterlada-3-vaningar-draneringsoppning-tygfoder-naturligt-tra-93-x-93-x-35-cm.webp?fit=800%2C800&ssl=1","contentUrl":"https:\/\/i0.wp.com\/truusk.store\/wp-content\/uploads\/2024\/02\/upphojd-sang-blomsterlada-3-vaningar-draneringsoppning-tygfoder-naturligt-tra-93-x-93-x-35-cm.webp?fit=800%2C800&ssl=1","width":800,"height":800,"caption":"Upph\u00f6jd S\u00e4ng, Blomsterl\u00e5da, 3 V\u00e5ningar, Dr\u00e4nerings\u00f6ppning, Tygfoder, Naturligt Tr\u00e4, 93 X 93 X 35 Cm 1"},{"@type":"BreadcrumbList","@id":"https:\/\/truusk.store\/sv\/produkt\/truusk-upphojd-blomsterlada-i-naturligt-tra-3-vaningar-draneringsoppning-tygfoder-93-x-93-x-35-cm\/#breadcrumb","itemListElement":[{"@type":"ListItem","position":1,"name":"Home","item":"https:\/\/truusk.store\/sv\/"},{"@type":"ListItem","position":2,"name":"Shop","item":"https:\/\/truusk.store\/shop\/"},{"@type":"ListItem","position":3,"name":"TRUUSK Upph\u00f6jd Blomsterl\u00e5da i Naturligt Tr\u00e4 &#8211; 3 V\u00e5ningar &#8211; Dr\u00e4nerings\u00f6ppning &#8211; Tygfoder &#8211; 93 x 93 x 35 cm"}]},{"@type":"WebSite","@id":"https:\/\/truusk.store\/sv\/#website","url":"https:\/\/truusk.store\/sv\/","name":"TRUUSK - Hem, Tr\u00e4dg\u00e5rd & Fritid","description":"","publisher":{"@id":"https:\/\/truusk.store\/sv\/#organization"},"potentialAction":[{"@type":"SearchAction","target":{"@type":"EntryPoint","urlTemplate":"https:\/\/truusk.store\/sv\/?s={search_term_string}"},"query-input":{"@type":"PropertyValueSpecification","valueRequired":true,"valueName":"search_term_string"}}],"inLanguage":"sv-SE"},{"@type":"Organization","@id":"https:\/\/truusk.store\/sv\/#organization","name":"TRUUSK - Hem, Tr\u00e4dg\u00e5rd & Fritid","url":"https:\/\/truusk.store\/sv\/","logo":{"@type":"ImageObject","inLanguage":"sv-SE","@id":"https:\/\/truusk.store\/sv\/#\/schema\/logo\/image\/","url":"https:\/\/i0.wp.com\/truusk.store\/wp-content\/uploads\/2026\/03\/cropped-TRUUSK.png?fit=2032%2C917&ssl=1","contentUrl":"https:\/\/i0.wp.com\/truusk.store\/wp-content\/uploads\/2026\/03\/cropped-TRUUSK.png?fit=2032%2C917&ssl=1","width":2032,"height":917,"caption":"TRUUSK - Hem, Tr\u00e4dg\u00e5rd & Fritid"},"image":{"@id":"https:\/\/truusk.store\/sv\/#\/schema\/logo\/image\/"}}]}},"jetpack_sharing_enabled":true,"_links":{"self":[{"href":"https:\/\/truusk.store\/sv\/wp-json\/wp\/v2\/product\/43922","targetHints":{"allow":["GET"]}}],"collection":[{"href":"https:\/\/truusk.store\/sv\/wp-json\/wp\/v2\/product"}],"about":[{"href":"https:\/\/truusk.store\/sv\/wp-json\/wp\/v2\/types\/product"}],"wp:featuredmedia":[{"embeddable":true,"href":"https:\/\/truusk.store\/sv\/wp-json\/wp\/v2\/media\/43923"}],"wp:attachment":[{"href":"https:\/\/truusk.store\/sv\/wp-json\/wp\/v2\/media?parent=43922"}],"wp:term":[{"taxonomy":"product_brand","embeddable":true,"href":"https:\/\/truusk.store\/sv\/wp-json\/wp\/v2\/product_brand?post=43922"},{"taxonomy":"product_cat","embeddable":true,"href":"https:\/\/truusk.store\/sv\/wp-json\/wp\/v2\/product_cat?post=43922"},{"taxonomy":"product_tag","embeddable":true,"href":"https:\/\/truusk.store\/sv\/wp-json\/wp\/v2\/product_tag?post=43922"}],"curies":[{"name":"wp","href":"https:\/\/api.w.org\/{rel}","templated":true}]}}