{"id":43952,"date":"2024-02-14T04:51:51","date_gmt":"2024-02-14T03:51:51","guid":{"rendered":"https:\/\/truusk.store\/product\/set-med-2-metallspaljeer-med-fagel-och-kloverdekoration-for-tradgard-och-terrass-svart-38-x-98-cm\/"},"modified":"2026-03-12T09:20:30","modified_gmt":"2026-03-12T08:20:30","slug":"truusk-set-med-2-metallspaljeer-fagel-och-kloverdekoration-for-tradgard-och-terrass-svart-38-x-98-cm","status":"publish","type":"product","link":"https:\/\/truusk.store\/sv\/produkt\/truusk-set-med-2-metallspaljeer-fagel-och-kloverdekoration-for-tradgard-och-terrass-svart-38-x-98-cm\/","title":{"rendered":"TRUUSK Set med 2 Metallspalj\u00e9er &#8211; F\u00e5gel- och Kl\u00f6verdekoration &#8211; F\u00f6r Tr\u00e4dg\u00e5rd och Terrass &#8211; Svart &#8211; 38 x 98 cm"},"content":{"rendered":"<p>Dessa tv\u00e5delade metallspalj\u00e9er ger inte bara kl\u00e4tterv\u00e4xter det n\u00f6dv\u00e4ndiga st\u00f6det, utan f\u00f6rst\u00e4rker ocks\u00e5 din tr\u00e4dg\u00e5rd med sitt eleganta utseende. De \u00e4r perfekta f\u00f6r prydnadsblommor och l\u00e5ter dig utnyttja \u00e4ven det minsta utrymmet utm\u00e4rkt. L\u00e5t murgr\u00f6na, rosor eller klematis kl\u00e4ttra p\u00e5 dessa metallspalj\u00e9er och skapa en underbart dekorativ b\u00e5ge i din tr\u00e4dg\u00e5rd eller uteplats.<\/p>\n<h3>Beskrivning:<\/h3>\n<ul>\n<li>Set med 2 dekorativa spalj\u00e9er<\/li>\n<li>Kl\u00f6ver- och f\u00e5gelformer ger en dekorativ touch<\/li>\n<li>Med pulverlack, l\u00e4mplig f\u00f6r utomhusbruk<\/li>\n<li>F\u00f6r att st\u00f6dja kl\u00e4tterv\u00e4xter<\/li>\n<li>Kan stickas i marken eller placeras p\u00e5 v\u00e4ggen<\/li>\n<li>Enkel montering kr\u00e4vs<\/li>\n<\/ul>\n<h3>Teknisk data:<\/h3>\n<ul>\n<li>Svart f\u00e4rg<\/li>\n<li>Material: j\u00e4rn<\/li>\n<li>Totala m\u00e5tt: 38W x 98H cm<\/li>\n<li>Fotl\u00e4ngd: 15 cm<\/li>\n<\/ul>\n<h3>Leveransens omfattning:<\/h3>\n<ul>\n<li>2 x Metal Garden Trellis<\/li>\n<li>1 x Instruktioner<\/li>\n<\/ul>\n","protected":false},"excerpt":{"rendered":"<p>Dessa tv\u00e5delade metallspalj\u00e9er ger inte bara kl\u00e4tterv\u00e4xter det n\u00f6dv\u00e4ndiga st\u00f6det, utan f\u00f6rst\u00e4rker ocks\u00e5 din tr\u00e4dg\u00e5rd med sitt eleganta utseende. De&#8230;<\/p>\n","protected":false},"featured_media":43953,"template":"","meta":[],"product_brand":[],"product_cat":[471,435],"product_tag":[],"class_list":{"0":"post-43952","1":"product","2":"type-product","3":"status-publish","4":"has-post-thumbnail","6":"product_cat-solskydd-integritetsskydd","7":"product_cat-tradgard-och-terrass","9":"first","10":"instock","11":"sale","12":"taxable","13":"shipping-taxable","14":"purchasable","15":"product-type-simple"},"yoast_head":"<!-- This site is optimized with the Yoast SEO plugin v25.4 - https:\/\/yoast.com\/wordpress\/plugins\/seo\/ -->\n<title>TRUUSK Set med 2 Metallspalj\u00e9er - F\u00e5gel- och Kl\u00f6verdekoration - F\u00f6r Tr\u00e4dg\u00e5rd och Terrass - Svart - 38 x 98 cm - TRUUSK - Hem, Tr\u00e4dg\u00e5rd &amp; Fritid<\/title>\n<meta name=\"robots\" content=\"index, follow, max-snippet:-1, max-image-preview:large, max-video-preview:-1\" \/>\n<link rel=\"canonical\" href=\"https:\/\/truusk.store\/sv\/produkt\/truusk-set-med-2-metallspaljeer-fagel-och-kloverdekoration-for-tradgard-och-terrass-svart-38-x-98-cm\/\" \/>\n<meta property=\"og:locale\" content=\"sv_SE\" \/>\n<meta property=\"og:type\" content=\"article\" \/>\n<meta property=\"og:title\" content=\"TRUUSK Set med 2 Metallspalj\u00e9er - F\u00e5gel- och Kl\u00f6verdekoration - F\u00f6r Tr\u00e4dg\u00e5rd och Terrass - Svart - 38 x 98 cm - TRUUSK - Hem, Tr\u00e4dg\u00e5rd &amp; Fritid\" \/>\n<meta property=\"og:description\" content=\"Dessa tv\u00e5delade metallspalj\u00e9er ger inte bara kl\u00e4tterv\u00e4xter det n\u00f6dv\u00e4ndiga st\u00f6det, utan f\u00f6rst\u00e4rker ocks\u00e5 din tr\u00e4dg\u00e5rd med sitt eleganta utseende. De...\" \/>\n<meta property=\"og:url\" content=\"https:\/\/truusk.store\/sv\/produkt\/truusk-set-med-2-metallspaljeer-fagel-och-kloverdekoration-for-tradgard-och-terrass-svart-38-x-98-cm\/\" \/>\n<meta property=\"og:site_name\" content=\"TRUUSK - Hem, Tr\u00e4dg\u00e5rd &amp; Fritid\" \/>\n<meta property=\"article:modified_time\" content=\"2026-03-12T08:20:30+00:00\" \/>\n<meta property=\"og:image\" content=\"https:\/\/i0.wp.com\/truusk.se\/wp-content\/uploads\/2024\/02\/set-med-2-metallspaljeer-med-fagel-och-kloverdekoration-for-tradgard-och-terrass-svart-38-x-98-cm.webp?fit=800%2C800&ssl=1\" \/>\n\t<meta property=\"og:image:width\" content=\"800\" \/>\n\t<meta property=\"og:image:height\" content=\"800\" \/>\n\t<meta property=\"og:image:type\" content=\"image\/webp\" \/>\n<meta name=\"twitter:card\" content=\"summary_large_image\" \/>\n<meta name=\"twitter:label1\" content=\"Ber\u00e4knad l\u00e4stid\" \/>\n\t<meta name=\"twitter:data1\" content=\"1 minut\" \/>\n<!-- \/ Yoast SEO plugin. -->","yoast_head_json":{"title":"TRUUSK Set med 2 Metallspalj\u00e9er - F\u00e5gel- och Kl\u00f6verdekoration - F\u00f6r Tr\u00e4dg\u00e5rd och Terrass - Svart - 38 x 98 cm - TRUUSK - Hem, Tr\u00e4dg\u00e5rd &amp; Fritid","robots":{"index":"index","follow":"follow","max-snippet":"max-snippet:-1","max-image-preview":"max-image-preview:large","max-video-preview":"max-video-preview:-1"},"canonical":"https:\/\/truusk.store\/sv\/produkt\/truusk-set-med-2-metallspaljeer-fagel-och-kloverdekoration-for-tradgard-och-terrass-svart-38-x-98-cm\/","og_locale":"sv_SE","og_type":"article","og_title":"TRUUSK Set med 2 Metallspalj\u00e9er - F\u00e5gel- och Kl\u00f6verdekoration - F\u00f6r Tr\u00e4dg\u00e5rd och Terrass - Svart - 38 x 98 cm - TRUUSK - Hem, Tr\u00e4dg\u00e5rd &amp; Fritid","og_description":"Dessa tv\u00e5delade metallspalj\u00e9er ger inte bara kl\u00e4tterv\u00e4xter det n\u00f6dv\u00e4ndiga st\u00f6det, utan f\u00f6rst\u00e4rker ocks\u00e5 din tr\u00e4dg\u00e5rd med sitt eleganta utseende. De...","og_url":"https:\/\/truusk.store\/sv\/produkt\/truusk-set-med-2-metallspaljeer-fagel-och-kloverdekoration-for-tradgard-och-terrass-svart-38-x-98-cm\/","og_site_name":"TRUUSK - Hem, Tr\u00e4dg\u00e5rd &amp; Fritid","article_modified_time":"2026-03-12T08:20:30+00:00","og_image":[{"width":800,"height":800,"url":"https:\/\/i0.wp.com\/truusk.se\/wp-content\/uploads\/2024\/02\/set-med-2-metallspaljeer-med-fagel-och-kloverdekoration-for-tradgard-och-terrass-svart-38-x-98-cm.webp?fit=800%2C800&ssl=1","type":"image\/webp"}],"twitter_card":"summary_large_image","twitter_misc":{"Ber\u00e4knad l\u00e4stid":"1 minut"},"schema":{"@context":"https:\/\/schema.org","@graph":[{"@type":"WebPage","@id":"https:\/\/truusk.store\/sv\/produkt\/truusk-set-med-2-metallspaljeer-fagel-och-kloverdekoration-for-tradgard-och-terrass-svart-38-x-98-cm\/","url":"https:\/\/truusk.store\/sv\/produkt\/truusk-set-med-2-metallspaljeer-fagel-och-kloverdekoration-for-tradgard-och-terrass-svart-38-x-98-cm\/","name":"TRUUSK Set med 2 Metallspalj\u00e9er - F\u00e5gel- och Kl\u00f6verdekoration - F\u00f6r Tr\u00e4dg\u00e5rd och Terrass - Svart - 38 x 98 cm - TRUUSK - Hem, Tr\u00e4dg\u00e5rd &amp; Fritid","isPartOf":{"@id":"https:\/\/truusk.store\/sv\/#website"},"primaryImageOfPage":{"@id":"https:\/\/truusk.store\/sv\/produkt\/truusk-set-med-2-metallspaljeer-fagel-och-kloverdekoration-for-tradgard-och-terrass-svart-38-x-98-cm\/#primaryimage"},"image":{"@id":"https:\/\/truusk.store\/sv\/produkt\/truusk-set-med-2-metallspaljeer-fagel-och-kloverdekoration-for-tradgard-och-terrass-svart-38-x-98-cm\/#primaryimage"},"thumbnailUrl":"https:\/\/i0.wp.com\/truusk.store\/wp-content\/uploads\/2024\/02\/set-med-2-metallspaljeer-med-fagel-och-kloverdekoration-for-tradgard-och-terrass-svart-38-x-98-cm.webp?fit=800%2C800&ssl=1","datePublished":"2024-02-14T03:51:51+00:00","dateModified":"2026-03-12T08:20:30+00:00","breadcrumb":{"@id":"https:\/\/truusk.store\/sv\/produkt\/truusk-set-med-2-metallspaljeer-fagel-och-kloverdekoration-for-tradgard-och-terrass-svart-38-x-98-cm\/#breadcrumb"},"inLanguage":"sv-SE","potentialAction":[{"@type":"ReadAction","target":["https:\/\/truusk.store\/sv\/produkt\/truusk-set-med-2-metallspaljeer-fagel-och-kloverdekoration-for-tradgard-och-terrass-svart-38-x-98-cm\/"]}]},{"@type":"ImageObject","inLanguage":"sv-SE","@id":"https:\/\/truusk.store\/sv\/produkt\/truusk-set-med-2-metallspaljeer-fagel-och-kloverdekoration-for-tradgard-och-terrass-svart-38-x-98-cm\/#primaryimage","url":"https:\/\/i0.wp.com\/truusk.store\/wp-content\/uploads\/2024\/02\/set-med-2-metallspaljeer-med-fagel-och-kloverdekoration-for-tradgard-och-terrass-svart-38-x-98-cm.webp?fit=800%2C800&ssl=1","contentUrl":"https:\/\/i0.wp.com\/truusk.store\/wp-content\/uploads\/2024\/02\/set-med-2-metallspaljeer-med-fagel-och-kloverdekoration-for-tradgard-och-terrass-svart-38-x-98-cm.webp?fit=800%2C800&ssl=1","width":800,"height":800,"caption":"Set Med 2 Metallspalj\u00e9er, Med F\u00e5gel- Och Kl\u00f6verdekoration, F\u00f6r Tr\u00e4dg\u00e5rd Och Terrass, Svart, 38 X 98 Cm 1"},{"@type":"BreadcrumbList","@id":"https:\/\/truusk.store\/sv\/produkt\/truusk-set-med-2-metallspaljeer-fagel-och-kloverdekoration-for-tradgard-och-terrass-svart-38-x-98-cm\/#breadcrumb","itemListElement":[{"@type":"ListItem","position":1,"name":"Home","item":"https:\/\/truusk.store\/sv\/"},{"@type":"ListItem","position":2,"name":"Shop","item":"https:\/\/truusk.store\/shop\/"},{"@type":"ListItem","position":3,"name":"TRUUSK Set med 2 Metallspalj\u00e9er &#8211; F\u00e5gel- och Kl\u00f6verdekoration &#8211; F\u00f6r Tr\u00e4dg\u00e5rd och Terrass &#8211; Svart &#8211; 38 x 98 cm"}]},{"@type":"WebSite","@id":"https:\/\/truusk.store\/sv\/#website","url":"https:\/\/truusk.store\/sv\/","name":"TRUUSK - Hem, Tr\u00e4dg\u00e5rd & Fritid","description":"","publisher":{"@id":"https:\/\/truusk.store\/sv\/#organization"},"potentialAction":[{"@type":"SearchAction","target":{"@type":"EntryPoint","urlTemplate":"https:\/\/truusk.store\/sv\/?s={search_term_string}"},"query-input":{"@type":"PropertyValueSpecification","valueRequired":true,"valueName":"search_term_string"}}],"inLanguage":"sv-SE"},{"@type":"Organization","@id":"https:\/\/truusk.store\/sv\/#organization","name":"TRUUSK - Hem, Tr\u00e4dg\u00e5rd & Fritid","url":"https:\/\/truusk.store\/sv\/","logo":{"@type":"ImageObject","inLanguage":"sv-SE","@id":"https:\/\/truusk.store\/sv\/#\/schema\/logo\/image\/","url":"https:\/\/i0.wp.com\/truusk.store\/wp-content\/uploads\/2026\/03\/cropped-TRUUSK.png?fit=2032%2C917&ssl=1","contentUrl":"https:\/\/i0.wp.com\/truusk.store\/wp-content\/uploads\/2026\/03\/cropped-TRUUSK.png?fit=2032%2C917&ssl=1","width":2032,"height":917,"caption":"TRUUSK - Hem, Tr\u00e4dg\u00e5rd & Fritid"},"image":{"@id":"https:\/\/truusk.store\/sv\/#\/schema\/logo\/image\/"}}]}},"jetpack_sharing_enabled":true,"_links":{"self":[{"href":"https:\/\/truusk.store\/sv\/wp-json\/wp\/v2\/product\/43952","targetHints":{"allow":["GET"]}}],"collection":[{"href":"https:\/\/truusk.store\/sv\/wp-json\/wp\/v2\/product"}],"about":[{"href":"https:\/\/truusk.store\/sv\/wp-json\/wp\/v2\/types\/product"}],"wp:featuredmedia":[{"embeddable":true,"href":"https:\/\/truusk.store\/sv\/wp-json\/wp\/v2\/media\/43953"}],"wp:attachment":[{"href":"https:\/\/truusk.store\/sv\/wp-json\/wp\/v2\/media?parent=43952"}],"wp:term":[{"taxonomy":"product_brand","embeddable":true,"href":"https:\/\/truusk.store\/sv\/wp-json\/wp\/v2\/product_brand?post=43952"},{"taxonomy":"product_cat","embeddable":true,"href":"https:\/\/truusk.store\/sv\/wp-json\/wp\/v2\/product_cat?post=43952"},{"taxonomy":"product_tag","embeddable":true,"href":"https:\/\/truusk.store\/sv\/wp-json\/wp\/v2\/product_tag?post=43952"}],"curies":[{"name":"wp","href":"https:\/\/api.w.org\/{rel}","templated":true}]}}