{"id":44074,"date":"2024-02-14T04:56:05","date_gmt":"2024-02-14T03:56:05","guid":{"rendered":"https:\/\/truusk.store\/product\/tunnelvaxthus-4-fonster-med-dragkedjor-stalram-robust-presenning-transparent-395-x-100-x-80-cm\/"},"modified":"2026-03-12T09:20:32","modified_gmt":"2026-03-12T08:20:32","slug":"truusk-tunnelvaxthus-4-fonster-med-dragkedjor-stalram-robust-presenning-transparent-395-x-100-x-80-cm","status":"publish","type":"product","link":"https:\/\/truusk.store\/sv\/produkt\/truusk-tunnelvaxthus-4-fonster-med-dragkedjor-stalram-robust-presenning-transparent-395-x-100-x-80-cm\/","title":{"rendered":"TRUUSK Tunnelv\u00e4xthus &#8211; 4 F\u00f6nster Med Dragkedjor &#8211; St\u00e5lram &#8211; Robust Presenning &#8211; Transparent &#8211; 395 x 100 x 80 cm"},"content":{"rendered":"<p>Med detta tunnelv\u00e4xthus kan du skapa ett varmt och tryggt hem f\u00f6r dina favoritv\u00e4xter. Den best\u00e5r av en robust st\u00e5lram med en t\u00e5lig plastpresenning. Den l\u00e4tta designen g\u00f6r att den l\u00e4tt kan flyttas vid behov. Samtidigt erbjuder st\u00e5lramen h\u00f6g stabilitet. Slutligen till\u00e5ter sidod\u00f6rrarna med dragkedja enkel \u00e5tkomst till v\u00e4xterna och g\u00f6r det samtidigt m\u00f6jligt att styra ventilationen efter \u00f6nskem\u00e5l.<\/p>\n<h3>Beskrivning:<\/h3>\n<ul>\n<li>Tunnelv\u00e4xthus med massiv st\u00e5lram och PVC-film<\/li>\n<li>Idealisk f\u00f6r att f\u00f6rl\u00e4nga v\u00e4xts\u00e4songen och skydda mot v\u00e4der och vind<\/li>\n<li>4 hopf\u00e4llbara dragkedjor ger enkel \u00e5tkomst och ventilation<\/li>\n<li>L\u00e4ttviktskonstruktion m\u00f6jligg\u00f6r enkel flytt<\/li>\n<li>Plastfogarna \u00e4r l\u00e4tta att transportera och montera<\/li>\n<li>Vattenavvisande, transparent plastk\u00e5pa f\u00f6r l\u00e5ng livsl\u00e4ngd<\/li>\n<li>Enkel montering, inga verktyg beh\u00f6vs<\/li>\n<\/ul>\n<h3>Teknisk data:<\/h3>\n<ul>\n<li>F\u00e4rg: m\u00f6rkgr\u00f6n, transparent<\/li>\n<li>Material: st\u00e5lram, PVC-k\u00e5pa<\/li>\n<li>Totala m\u00e5tt: 395L x 100W x 80H cm<\/li>\n<li>Tr: 78W x 115H cm<\/li>\n<\/ul>\n<h3>Leveransens omfattning:<\/h3>\n<ul>\n<li>1 x Miniv\u00e4xthus<\/li>\n<li>1 x Instruktioner<\/li>\n<\/ul>\n","protected":false},"excerpt":{"rendered":"<p>Med detta tunnelv\u00e4xthus kan du skapa ett varmt och tryggt hem f\u00f6r dina favoritv\u00e4xter. Den best\u00e5r av en robust st\u00e5lram&#8230;<\/p>\n","protected":false},"featured_media":44075,"template":"","meta":[],"product_brand":[],"product_cat":[444,435,443],"product_tag":[],"class_list":{"0":"post-44074","1":"product","2":"type-product","3":"status-publish","4":"has-post-thumbnail","6":"product_cat-filma-vaxthus","7":"product_cat-tradgard-och-terrass","8":"product_cat-vaxthus-tradgardsskotsel","10":"first","11":"instock","12":"sale","13":"taxable","14":"shipping-taxable","15":"purchasable","16":"product-type-simple"},"yoast_head":"<!-- This site is optimized with the Yoast SEO plugin v25.4 - https:\/\/yoast.com\/wordpress\/plugins\/seo\/ -->\n<title>TRUUSK Tunnelv\u00e4xthus - 4 F\u00f6nster Med Dragkedjor - St\u00e5lram - Robust Presenning - Transparent - 395 x 100 x 80 cm - TRUUSK - Hem, Tr\u00e4dg\u00e5rd &amp; Fritid<\/title>\n<meta name=\"robots\" content=\"index, follow, max-snippet:-1, max-image-preview:large, max-video-preview:-1\" \/>\n<link rel=\"canonical\" href=\"https:\/\/truusk.store\/sv\/produkt\/truusk-tunnelvaxthus-4-fonster-med-dragkedjor-stalram-robust-presenning-transparent-395-x-100-x-80-cm\/\" \/>\n<meta property=\"og:locale\" content=\"sv_SE\" \/>\n<meta property=\"og:type\" content=\"article\" \/>\n<meta property=\"og:title\" content=\"TRUUSK Tunnelv\u00e4xthus - 4 F\u00f6nster Med Dragkedjor - St\u00e5lram - Robust Presenning - Transparent - 395 x 100 x 80 cm - TRUUSK - Hem, Tr\u00e4dg\u00e5rd &amp; Fritid\" \/>\n<meta property=\"og:description\" content=\"Med detta tunnelv\u00e4xthus kan du skapa ett varmt och tryggt hem f\u00f6r dina favoritv\u00e4xter. Den best\u00e5r av en robust st\u00e5lram...\" \/>\n<meta property=\"og:url\" content=\"https:\/\/truusk.store\/sv\/produkt\/truusk-tunnelvaxthus-4-fonster-med-dragkedjor-stalram-robust-presenning-transparent-395-x-100-x-80-cm\/\" \/>\n<meta property=\"og:site_name\" content=\"TRUUSK - Hem, Tr\u00e4dg\u00e5rd &amp; Fritid\" \/>\n<meta property=\"article:modified_time\" content=\"2026-03-12T08:20:32+00:00\" \/>\n<meta property=\"og:image\" content=\"https:\/\/i0.wp.com\/truusk.se\/wp-content\/uploads\/2024\/02\/tunnelvaxthus-4-fonster-med-dragkedjor-stalram-robust-presenning-transparent-395-x-100-x-80-cm.webp?fit=800%2C800&ssl=1\" \/>\n\t<meta property=\"og:image:width\" content=\"800\" \/>\n\t<meta property=\"og:image:height\" content=\"800\" \/>\n\t<meta property=\"og:image:type\" content=\"image\/webp\" \/>\n<meta name=\"twitter:card\" content=\"summary_large_image\" \/>\n<meta name=\"twitter:label1\" content=\"Ber\u00e4knad l\u00e4stid\" \/>\n\t<meta name=\"twitter:data1\" content=\"1 minut\" \/>\n<!-- \/ Yoast SEO plugin. -->","yoast_head_json":{"title":"TRUUSK Tunnelv\u00e4xthus - 4 F\u00f6nster Med Dragkedjor - St\u00e5lram - Robust Presenning - Transparent - 395 x 100 x 80 cm - TRUUSK - Hem, Tr\u00e4dg\u00e5rd &amp; Fritid","robots":{"index":"index","follow":"follow","max-snippet":"max-snippet:-1","max-image-preview":"max-image-preview:large","max-video-preview":"max-video-preview:-1"},"canonical":"https:\/\/truusk.store\/sv\/produkt\/truusk-tunnelvaxthus-4-fonster-med-dragkedjor-stalram-robust-presenning-transparent-395-x-100-x-80-cm\/","og_locale":"sv_SE","og_type":"article","og_title":"TRUUSK Tunnelv\u00e4xthus - 4 F\u00f6nster Med Dragkedjor - St\u00e5lram - Robust Presenning - Transparent - 395 x 100 x 80 cm - TRUUSK - Hem, Tr\u00e4dg\u00e5rd &amp; Fritid","og_description":"Med detta tunnelv\u00e4xthus kan du skapa ett varmt och tryggt hem f\u00f6r dina favoritv\u00e4xter. Den best\u00e5r av en robust st\u00e5lram...","og_url":"https:\/\/truusk.store\/sv\/produkt\/truusk-tunnelvaxthus-4-fonster-med-dragkedjor-stalram-robust-presenning-transparent-395-x-100-x-80-cm\/","og_site_name":"TRUUSK - Hem, Tr\u00e4dg\u00e5rd &amp; Fritid","article_modified_time":"2026-03-12T08:20:32+00:00","og_image":[{"width":800,"height":800,"url":"https:\/\/i0.wp.com\/truusk.se\/wp-content\/uploads\/2024\/02\/tunnelvaxthus-4-fonster-med-dragkedjor-stalram-robust-presenning-transparent-395-x-100-x-80-cm.webp?fit=800%2C800&ssl=1","type":"image\/webp"}],"twitter_card":"summary_large_image","twitter_misc":{"Ber\u00e4knad l\u00e4stid":"1 minut"},"schema":{"@context":"https:\/\/schema.org","@graph":[{"@type":"WebPage","@id":"https:\/\/truusk.store\/sv\/produkt\/truusk-tunnelvaxthus-4-fonster-med-dragkedjor-stalram-robust-presenning-transparent-395-x-100-x-80-cm\/","url":"https:\/\/truusk.store\/sv\/produkt\/truusk-tunnelvaxthus-4-fonster-med-dragkedjor-stalram-robust-presenning-transparent-395-x-100-x-80-cm\/","name":"TRUUSK Tunnelv\u00e4xthus - 4 F\u00f6nster Med Dragkedjor - St\u00e5lram - Robust Presenning - Transparent - 395 x 100 x 80 cm - TRUUSK - Hem, Tr\u00e4dg\u00e5rd &amp; Fritid","isPartOf":{"@id":"https:\/\/truusk.store\/sv\/#website"},"primaryImageOfPage":{"@id":"https:\/\/truusk.store\/sv\/produkt\/truusk-tunnelvaxthus-4-fonster-med-dragkedjor-stalram-robust-presenning-transparent-395-x-100-x-80-cm\/#primaryimage"},"image":{"@id":"https:\/\/truusk.store\/sv\/produkt\/truusk-tunnelvaxthus-4-fonster-med-dragkedjor-stalram-robust-presenning-transparent-395-x-100-x-80-cm\/#primaryimage"},"thumbnailUrl":"https:\/\/i0.wp.com\/truusk.store\/wp-content\/uploads\/2024\/02\/tunnelvaxthus-4-fonster-med-dragkedjor-stalram-robust-presenning-transparent-395-x-100-x-80-cm.webp?fit=800%2C800&ssl=1","datePublished":"2024-02-14T03:56:05+00:00","dateModified":"2026-03-12T08:20:32+00:00","breadcrumb":{"@id":"https:\/\/truusk.store\/sv\/produkt\/truusk-tunnelvaxthus-4-fonster-med-dragkedjor-stalram-robust-presenning-transparent-395-x-100-x-80-cm\/#breadcrumb"},"inLanguage":"sv-SE","potentialAction":[{"@type":"ReadAction","target":["https:\/\/truusk.store\/sv\/produkt\/truusk-tunnelvaxthus-4-fonster-med-dragkedjor-stalram-robust-presenning-transparent-395-x-100-x-80-cm\/"]}]},{"@type":"ImageObject","inLanguage":"sv-SE","@id":"https:\/\/truusk.store\/sv\/produkt\/truusk-tunnelvaxthus-4-fonster-med-dragkedjor-stalram-robust-presenning-transparent-395-x-100-x-80-cm\/#primaryimage","url":"https:\/\/i0.wp.com\/truusk.store\/wp-content\/uploads\/2024\/02\/tunnelvaxthus-4-fonster-med-dragkedjor-stalram-robust-presenning-transparent-395-x-100-x-80-cm.webp?fit=800%2C800&ssl=1","contentUrl":"https:\/\/i0.wp.com\/truusk.store\/wp-content\/uploads\/2024\/02\/tunnelvaxthus-4-fonster-med-dragkedjor-stalram-robust-presenning-transparent-395-x-100-x-80-cm.webp?fit=800%2C800&ssl=1","width":800,"height":800,"caption":"Tunnelv\u00e4xthus, 4 F\u00f6nster Med Dragkedjor, St\u00e5lram, Robust Presenning, Transparent, 395 X 100 X 80 Cm 1"},{"@type":"BreadcrumbList","@id":"https:\/\/truusk.store\/sv\/produkt\/truusk-tunnelvaxthus-4-fonster-med-dragkedjor-stalram-robust-presenning-transparent-395-x-100-x-80-cm\/#breadcrumb","itemListElement":[{"@type":"ListItem","position":1,"name":"Home","item":"https:\/\/truusk.store\/sv\/"},{"@type":"ListItem","position":2,"name":"Shop","item":"https:\/\/truusk.store\/shop\/"},{"@type":"ListItem","position":3,"name":"TRUUSK Tunnelv\u00e4xthus &#8211; 4 F\u00f6nster Med Dragkedjor &#8211; St\u00e5lram &#8211; Robust Presenning &#8211; Transparent &#8211; 395 x 100 x 80 cm"}]},{"@type":"WebSite","@id":"https:\/\/truusk.store\/sv\/#website","url":"https:\/\/truusk.store\/sv\/","name":"TRUUSK - Hem, Tr\u00e4dg\u00e5rd & Fritid","description":"","publisher":{"@id":"https:\/\/truusk.store\/sv\/#organization"},"potentialAction":[{"@type":"SearchAction","target":{"@type":"EntryPoint","urlTemplate":"https:\/\/truusk.store\/sv\/?s={search_term_string}"},"query-input":{"@type":"PropertyValueSpecification","valueRequired":true,"valueName":"search_term_string"}}],"inLanguage":"sv-SE"},{"@type":"Organization","@id":"https:\/\/truusk.store\/sv\/#organization","name":"TRUUSK - Hem, Tr\u00e4dg\u00e5rd & Fritid","url":"https:\/\/truusk.store\/sv\/","logo":{"@type":"ImageObject","inLanguage":"sv-SE","@id":"https:\/\/truusk.store\/sv\/#\/schema\/logo\/image\/","url":"https:\/\/i0.wp.com\/truusk.store\/wp-content\/uploads\/2026\/03\/cropped-TRUUSK.png?fit=2032%2C917&ssl=1","contentUrl":"https:\/\/i0.wp.com\/truusk.store\/wp-content\/uploads\/2026\/03\/cropped-TRUUSK.png?fit=2032%2C917&ssl=1","width":2032,"height":917,"caption":"TRUUSK - Hem, Tr\u00e4dg\u00e5rd & Fritid"},"image":{"@id":"https:\/\/truusk.store\/sv\/#\/schema\/logo\/image\/"}}]}},"jetpack_sharing_enabled":true,"_links":{"self":[{"href":"https:\/\/truusk.store\/sv\/wp-json\/wp\/v2\/product\/44074","targetHints":{"allow":["GET"]}}],"collection":[{"href":"https:\/\/truusk.store\/sv\/wp-json\/wp\/v2\/product"}],"about":[{"href":"https:\/\/truusk.store\/sv\/wp-json\/wp\/v2\/types\/product"}],"wp:featuredmedia":[{"embeddable":true,"href":"https:\/\/truusk.store\/sv\/wp-json\/wp\/v2\/media\/44075"}],"wp:attachment":[{"href":"https:\/\/truusk.store\/sv\/wp-json\/wp\/v2\/media?parent=44074"}],"wp:term":[{"taxonomy":"product_brand","embeddable":true,"href":"https:\/\/truusk.store\/sv\/wp-json\/wp\/v2\/product_brand?post=44074"},{"taxonomy":"product_cat","embeddable":true,"href":"https:\/\/truusk.store\/sv\/wp-json\/wp\/v2\/product_cat?post=44074"},{"taxonomy":"product_tag","embeddable":true,"href":"https:\/\/truusk.store\/sv\/wp-json\/wp\/v2\/product_tag?post=44074"}],"curies":[{"name":"wp","href":"https:\/\/api.w.org\/{rel}","templated":true}]}}