{"id":44114,"date":"2024-02-14T04:57:34","date_gmt":"2024-02-14T03:57:34","guid":{"rendered":"https:\/\/truusk.store\/product\/kombination-av-vaxtlada-modular-design-stativram-naturligt-tra-svart-90-x-45-x-170-cm\/"},"modified":"2026-03-12T09:20:32","modified_gmt":"2026-03-12T08:20:32","slug":"truusk-vaxtlada-med-modular-design-stativram-i-naturligt-tra-svart-90-x-45-x-170-cm","status":"publish","type":"product","link":"https:\/\/truusk.store\/sv\/produkt\/truusk-vaxtlada-med-modular-design-stativram-i-naturligt-tra-svart-90-x-45-x-170-cm\/","title":{"rendered":"TRUUSK V\u00e4xtl\u00e5da med Modul\u00e4r Design &#8211; Stativram i Naturligt Tr\u00e4 &#8211; Svart &#8211; 90 x 45 x 170 cm"},"content":{"rendered":"<p>\u00e4r h\u00e4r f\u00f6r att hj\u00e4lpa din gr\u00f6na tumme att komma ig\u00e5ng! Denna gr\u00f6nsaksb\u00e4ddskombination med stativ l\u00e5ter dig separera v\u00e4xter efter jordtyp eller sort f\u00f6r att ge din tr\u00e4dg\u00e5rd ett elegant utseende och snabbt plantera dina favoritblommor, \u00f6rter, b\u00e4r och gr\u00f6nsaker. Det \u00e4r ocks\u00e5 en utm\u00e4rkt l\u00f6sning f\u00f6r dig som har begr\u00e4nsat med utrymme och vill b\u00f6rja med tr\u00e4dg\u00e5rdsarbete.<\/p>\n<h3>Beskrivning:<\/h3>\n<ul>\n<li>Modul\u00e4r design och olika kombinationsm\u00f6jligheter<\/li>\n<li>Tillverkad av massivt naturligt tr\u00e4 och h\u00e5llbart<\/li>\n<li>Ramen kan dekoreras med kl\u00e4tterv\u00e4xter eller en ljusslinga<\/li>\n<li>Dr\u00e4nerings\u00f6ppningar och innerfoder f\u00f6rhindrar \u00f6vervattning<\/li>\n<li>Gott om plats f\u00f6r en m\u00e4ngd olika v\u00e4xter<\/li>\n<li>Montering kr\u00e4vs<\/li>\n<\/ul>\n<h3>Teknisk data:<\/h3>\n<ul>\n<li>Svart f\u00e4rg<\/li>\n<li>Material: gran<\/li>\n<li>\u00d6vergripande m\u00e5tt: 90L x 45W x 170H cm<\/li>\n<li>Inv\u00e4ndiga m\u00e5tt p\u00e5 v\u00e4xtl\u00e5da: 17,5L x 17,5W x 13,5H cm (liten). 87W x 17D x 17H cm (stor)<\/li>\n<li>Auenmae v\u00e4xtl\u00e5da: 24,5W x 10D x 11H cm (liten), 90W x 20D x 20H cm (stor)<\/li>\n<li>Markfrig\u00e5ng: 53 cm\/ 89 cm\/ 129 cm (sm\u00e5 v\u00e4xtl\u00e5dor)<\/li>\n<li>Lastkapacitet: 10 kg (styck)<\/li>\n<\/ul>\n<h3>Leveransens omfattning:<\/h3>\n<ul>\n<li>1 x Planterl\u00e5da kombination<\/li>\n<li>1 x Instruktioner<\/li>\n<\/ul>\n","protected":false},"excerpt":{"rendered":"<p>\u00e4r h\u00e4r f\u00f6r att hj\u00e4lpa din gr\u00f6na tumme att komma ig\u00e5ng! Denna gr\u00f6nsaksb\u00e4ddskombination med stativ l\u00e5ter dig separera v\u00e4xter efter&#8230;<\/p>\n","protected":false},"featured_media":44115,"template":"","meta":[],"product_brand":[],"product_cat":[447,435,443],"product_tag":[],"class_list":{"0":"post-44114","1":"product","2":"type-product","3":"status-publish","4":"has-post-thumbnail","6":"product_cat-planteringsmaskiner","7":"product_cat-tradgard-och-terrass","8":"product_cat-vaxthus-tradgardsskotsel","10":"first","11":"instock","12":"sale","13":"taxable","14":"shipping-taxable","15":"purchasable","16":"product-type-simple"},"yoast_head":"<!-- This site is optimized with the Yoast SEO plugin v25.4 - https:\/\/yoast.com\/wordpress\/plugins\/seo\/ -->\n<title>TRUUSK V\u00e4xtl\u00e5da med Modul\u00e4r Design - Stativram i Naturligt Tr\u00e4 - Svart - 90 x 45 x 170 cm - TRUUSK - Hem, Tr\u00e4dg\u00e5rd &amp; Fritid<\/title>\n<meta name=\"robots\" content=\"index, follow, max-snippet:-1, max-image-preview:large, max-video-preview:-1\" \/>\n<link rel=\"canonical\" href=\"https:\/\/truusk.store\/sv\/produkt\/truusk-vaxtlada-med-modular-design-stativram-i-naturligt-tra-svart-90-x-45-x-170-cm\/\" \/>\n<meta property=\"og:locale\" content=\"sv_SE\" \/>\n<meta property=\"og:type\" content=\"article\" \/>\n<meta property=\"og:title\" content=\"TRUUSK V\u00e4xtl\u00e5da med Modul\u00e4r Design - Stativram i Naturligt Tr\u00e4 - Svart - 90 x 45 x 170 cm - TRUUSK - Hem, Tr\u00e4dg\u00e5rd &amp; Fritid\" \/>\n<meta property=\"og:description\" content=\"\u00e4r h\u00e4r f\u00f6r att hj\u00e4lpa din gr\u00f6na tumme att komma ig\u00e5ng! Denna gr\u00f6nsaksb\u00e4ddskombination med stativ l\u00e5ter dig separera v\u00e4xter efter...\" \/>\n<meta property=\"og:url\" content=\"https:\/\/truusk.store\/sv\/produkt\/truusk-vaxtlada-med-modular-design-stativram-i-naturligt-tra-svart-90-x-45-x-170-cm\/\" \/>\n<meta property=\"og:site_name\" content=\"TRUUSK - Hem, Tr\u00e4dg\u00e5rd &amp; Fritid\" \/>\n<meta property=\"article:modified_time\" content=\"2026-03-12T08:20:32+00:00\" \/>\n<meta property=\"og:image\" content=\"https:\/\/i0.wp.com\/truusk.se\/wp-content\/uploads\/2024\/02\/kombination-av-vaxtlada-modular-design-stativram-naturligt-tra-svart-90-x-45-x-170-cm.webp?fit=800%2C800&ssl=1\" \/>\n\t<meta property=\"og:image:width\" content=\"800\" \/>\n\t<meta property=\"og:image:height\" content=\"800\" \/>\n\t<meta property=\"og:image:type\" content=\"image\/webp\" \/>\n<meta name=\"twitter:card\" content=\"summary_large_image\" \/>\n<meta name=\"twitter:label1\" content=\"Ber\u00e4knad l\u00e4stid\" \/>\n\t<meta name=\"twitter:data1\" content=\"1 minut\" \/>\n<!-- \/ Yoast SEO plugin. -->","yoast_head_json":{"title":"TRUUSK V\u00e4xtl\u00e5da med Modul\u00e4r Design - Stativram i Naturligt Tr\u00e4 - Svart - 90 x 45 x 170 cm - TRUUSK - Hem, Tr\u00e4dg\u00e5rd &amp; Fritid","robots":{"index":"index","follow":"follow","max-snippet":"max-snippet:-1","max-image-preview":"max-image-preview:large","max-video-preview":"max-video-preview:-1"},"canonical":"https:\/\/truusk.store\/sv\/produkt\/truusk-vaxtlada-med-modular-design-stativram-i-naturligt-tra-svart-90-x-45-x-170-cm\/","og_locale":"sv_SE","og_type":"article","og_title":"TRUUSK V\u00e4xtl\u00e5da med Modul\u00e4r Design - Stativram i Naturligt Tr\u00e4 - Svart - 90 x 45 x 170 cm - TRUUSK - Hem, Tr\u00e4dg\u00e5rd &amp; Fritid","og_description":"\u00e4r h\u00e4r f\u00f6r att hj\u00e4lpa din gr\u00f6na tumme att komma ig\u00e5ng! Denna gr\u00f6nsaksb\u00e4ddskombination med stativ l\u00e5ter dig separera v\u00e4xter efter...","og_url":"https:\/\/truusk.store\/sv\/produkt\/truusk-vaxtlada-med-modular-design-stativram-i-naturligt-tra-svart-90-x-45-x-170-cm\/","og_site_name":"TRUUSK - Hem, Tr\u00e4dg\u00e5rd &amp; Fritid","article_modified_time":"2026-03-12T08:20:32+00:00","og_image":[{"width":800,"height":800,"url":"https:\/\/i0.wp.com\/truusk.se\/wp-content\/uploads\/2024\/02\/kombination-av-vaxtlada-modular-design-stativram-naturligt-tra-svart-90-x-45-x-170-cm.webp?fit=800%2C800&ssl=1","type":"image\/webp"}],"twitter_card":"summary_large_image","twitter_misc":{"Ber\u00e4knad l\u00e4stid":"1 minut"},"schema":{"@context":"https:\/\/schema.org","@graph":[{"@type":"WebPage","@id":"https:\/\/truusk.store\/sv\/produkt\/truusk-vaxtlada-med-modular-design-stativram-i-naturligt-tra-svart-90-x-45-x-170-cm\/","url":"https:\/\/truusk.store\/sv\/produkt\/truusk-vaxtlada-med-modular-design-stativram-i-naturligt-tra-svart-90-x-45-x-170-cm\/","name":"TRUUSK V\u00e4xtl\u00e5da med Modul\u00e4r Design - Stativram i Naturligt Tr\u00e4 - Svart - 90 x 45 x 170 cm - TRUUSK - Hem, Tr\u00e4dg\u00e5rd &amp; Fritid","isPartOf":{"@id":"https:\/\/truusk.store\/sv\/#website"},"primaryImageOfPage":{"@id":"https:\/\/truusk.store\/sv\/produkt\/truusk-vaxtlada-med-modular-design-stativram-i-naturligt-tra-svart-90-x-45-x-170-cm\/#primaryimage"},"image":{"@id":"https:\/\/truusk.store\/sv\/produkt\/truusk-vaxtlada-med-modular-design-stativram-i-naturligt-tra-svart-90-x-45-x-170-cm\/#primaryimage"},"thumbnailUrl":"https:\/\/i0.wp.com\/truusk.store\/wp-content\/uploads\/2024\/02\/kombination-av-vaxtlada-modular-design-stativram-naturligt-tra-svart-90-x-45-x-170-cm.webp?fit=800%2C800&ssl=1","datePublished":"2024-02-14T03:57:34+00:00","dateModified":"2026-03-12T08:20:32+00:00","breadcrumb":{"@id":"https:\/\/truusk.store\/sv\/produkt\/truusk-vaxtlada-med-modular-design-stativram-i-naturligt-tra-svart-90-x-45-x-170-cm\/#breadcrumb"},"inLanguage":"sv-SE","potentialAction":[{"@type":"ReadAction","target":["https:\/\/truusk.store\/sv\/produkt\/truusk-vaxtlada-med-modular-design-stativram-i-naturligt-tra-svart-90-x-45-x-170-cm\/"]}]},{"@type":"ImageObject","inLanguage":"sv-SE","@id":"https:\/\/truusk.store\/sv\/produkt\/truusk-vaxtlada-med-modular-design-stativram-i-naturligt-tra-svart-90-x-45-x-170-cm\/#primaryimage","url":"https:\/\/i0.wp.com\/truusk.store\/wp-content\/uploads\/2024\/02\/kombination-av-vaxtlada-modular-design-stativram-naturligt-tra-svart-90-x-45-x-170-cm.webp?fit=800%2C800&ssl=1","contentUrl":"https:\/\/i0.wp.com\/truusk.store\/wp-content\/uploads\/2024\/02\/kombination-av-vaxtlada-modular-design-stativram-naturligt-tra-svart-90-x-45-x-170-cm.webp?fit=800%2C800&ssl=1","width":800,"height":800,"caption":"Kombination Av V\u00e4xtl\u00e5da, Modul\u00e4r Design, Stativram, Naturligt Tr\u00e4, Svart, 90 X 45 X 170 Cm 1"},{"@type":"BreadcrumbList","@id":"https:\/\/truusk.store\/sv\/produkt\/truusk-vaxtlada-med-modular-design-stativram-i-naturligt-tra-svart-90-x-45-x-170-cm\/#breadcrumb","itemListElement":[{"@type":"ListItem","position":1,"name":"Home","item":"https:\/\/truusk.store\/sv\/"},{"@type":"ListItem","position":2,"name":"Shop","item":"https:\/\/truusk.store\/shop\/"},{"@type":"ListItem","position":3,"name":"TRUUSK V\u00e4xtl\u00e5da med Modul\u00e4r Design &#8211; Stativram i Naturligt Tr\u00e4 &#8211; Svart &#8211; 90 x 45 x 170 cm"}]},{"@type":"WebSite","@id":"https:\/\/truusk.store\/sv\/#website","url":"https:\/\/truusk.store\/sv\/","name":"TRUUSK - Hem, Tr\u00e4dg\u00e5rd & Fritid","description":"","publisher":{"@id":"https:\/\/truusk.store\/sv\/#organization"},"potentialAction":[{"@type":"SearchAction","target":{"@type":"EntryPoint","urlTemplate":"https:\/\/truusk.store\/sv\/?s={search_term_string}"},"query-input":{"@type":"PropertyValueSpecification","valueRequired":true,"valueName":"search_term_string"}}],"inLanguage":"sv-SE"},{"@type":"Organization","@id":"https:\/\/truusk.store\/sv\/#organization","name":"TRUUSK - Hem, Tr\u00e4dg\u00e5rd & Fritid","url":"https:\/\/truusk.store\/sv\/","logo":{"@type":"ImageObject","inLanguage":"sv-SE","@id":"https:\/\/truusk.store\/sv\/#\/schema\/logo\/image\/","url":"https:\/\/i0.wp.com\/truusk.store\/wp-content\/uploads\/2026\/03\/cropped-TRUUSK.png?fit=2032%2C917&ssl=1","contentUrl":"https:\/\/i0.wp.com\/truusk.store\/wp-content\/uploads\/2026\/03\/cropped-TRUUSK.png?fit=2032%2C917&ssl=1","width":2032,"height":917,"caption":"TRUUSK - Hem, Tr\u00e4dg\u00e5rd & Fritid"},"image":{"@id":"https:\/\/truusk.store\/sv\/#\/schema\/logo\/image\/"}}]}},"jetpack_sharing_enabled":true,"_links":{"self":[{"href":"https:\/\/truusk.store\/sv\/wp-json\/wp\/v2\/product\/44114","targetHints":{"allow":["GET"]}}],"collection":[{"href":"https:\/\/truusk.store\/sv\/wp-json\/wp\/v2\/product"}],"about":[{"href":"https:\/\/truusk.store\/sv\/wp-json\/wp\/v2\/types\/product"}],"wp:featuredmedia":[{"embeddable":true,"href":"https:\/\/truusk.store\/sv\/wp-json\/wp\/v2\/media\/44115"}],"wp:attachment":[{"href":"https:\/\/truusk.store\/sv\/wp-json\/wp\/v2\/media?parent=44114"}],"wp:term":[{"taxonomy":"product_brand","embeddable":true,"href":"https:\/\/truusk.store\/sv\/wp-json\/wp\/v2\/product_brand?post=44114"},{"taxonomy":"product_cat","embeddable":true,"href":"https:\/\/truusk.store\/sv\/wp-json\/wp\/v2\/product_cat?post=44114"},{"taxonomy":"product_tag","embeddable":true,"href":"https:\/\/truusk.store\/sv\/wp-json\/wp\/v2\/product_tag?post=44114"}],"curies":[{"name":"wp","href":"https:\/\/api.w.org\/{rel}","templated":true}]}}