{"id":44124,"date":"2024-02-14T04:57:58","date_gmt":"2024-02-14T03:57:58","guid":{"rendered":"https:\/\/truusk.store\/product\/barngunga-for-6-36-manader-sakerhetsbygel-sakerhetsbalte-metallram-122-x-146-x-122cm-gron\/"},"modified":"2026-03-12T09:20:32","modified_gmt":"2026-03-12T08:20:32","slug":"truusk-barnvagn-for-6-36-manader-sakerhetsbygel-sakerhetsbalte-metallram-122-x-146-x-122cm-gron","status":"publish","type":"product","link":"https:\/\/truusk.store\/sv\/produkt\/truusk-barnvagn-for-6-36-manader-sakerhetsbygel-sakerhetsbalte-metallram-122-x-146-x-122cm-gron\/","title":{"rendered":"TRUUSK Barnvagn f\u00f6r 6-36 m\u00e5nader &#8211; S\u00e4kerhetsbygel &#8211; S\u00e4kerhetsb\u00e4lte &#8211; Metallram &#8211; 122 x 146 x 122cm &#8211; Gr\u00f6n"},"content":{"rendered":"<p>Ge sp\u00e4dbarn och sm\u00e5barn en underbar gungupplevelse mitt i deras v\u00e4lbekanta omgivning. Denna klassiska gunga m\u00f6jligg\u00f6r timmar av n\u00f6je och fr\u00e4mjar motoriken hos de sm\u00e5. Den pulverlackerade st\u00e5lramen ger stabilitet, medan den rymliga sitsen med h\u00f6ga sidor, ett ryggst\u00f6d, fr\u00e4mre s\u00e4kerhetsbygel och ett s\u00e4kerhetsb\u00e4lte f\u00f6rhindrar att glida ut. Kul f\u00f6r barn i \u00e5ldrarna 6 till 36 m\u00e5nader.<\/p>\n<h3>Beskrivning:<\/h3>\n<ul>\n<li>Pulverlackerad st\u00e5lram f\u00f6r stabilitet och balans<\/li>\n<li>Levande f\u00e4rger du kommer att \u00e4lska<\/li>\n<li>Bekv\u00e4m och helt skyddad sits f\u00f6r s\u00e4kerhet<\/li>\n<li>Med fyra halkfria fotk\u00e5por<\/li>\n<li>L\u00e4mplig f\u00f6r barn i \u00e5ldrarna 6 till 36 m\u00e5nader<\/li>\n<li>Montering kr\u00e4vs<\/li>\n<\/ul>\n<h3>Teknisk data:<\/h3>\n<ul>\n<li>F\u00e4rg: gr\u00f6n<\/li>\n<li>Material: st\u00e5l, PE<\/li>\n<li>\u00d6vergripande m\u00e5tt: 122L x 146W x 122H cm<\/li>\n<li>Sitsm\u00e5tt: 40L x 36W x 40H cm<\/li>\n<li>Sittyta: 28W x 27D cm. Markfrig\u00e5ng: 40 cm<\/li>\n<li>Ryggst\u00f6dsstorlek: 28W x 37H cm<\/li>\n<li>M\u00e5tt per rep: 1 x 100L cm<\/li>\n<li>Rekommenderad \u00e5lder: 6-36 m\u00e5nader. Certifierad \u00e5lder: 6+ m\u00e5nader<\/li>\n<li>Lastkapacitet: 25 kg<\/li>\n<\/ul>\n<h3>Leveransens omfattning:<\/h3>\n<ul>\n<li>1 x Barngunga<\/li>\n<li>1 x manuell<\/li>\n<\/ul>\n","protected":false},"excerpt":{"rendered":"<p>Ge sp\u00e4dbarn och sm\u00e5barn en underbar gungupplevelse mitt i deras v\u00e4lbekanta omgivning. Denna klassiska gunga m\u00f6jligg\u00f6r timmar av n\u00f6je och&#8230;<\/p>\n","protected":false},"featured_media":44125,"template":"","meta":[],"product_brand":[],"product_cat":[609,619,616],"product_tag":[],"class_list":{"0":"post-44124","1":"product","2":"type-product","3":"status-publish","4":"has-post-thumbnail","6":"product_cat-baby-barn","7":"product_cat-barngungor","8":"product_cat-utomhusleksaker","10":"first","11":"instock","12":"sale","13":"taxable","14":"shipping-taxable","15":"purchasable","16":"product-type-simple"},"yoast_head":"<!-- This site is optimized with the Yoast SEO plugin v25.4 - https:\/\/yoast.com\/wordpress\/plugins\/seo\/ -->\n<title>TRUUSK Barnvagn f\u00f6r 6-36 m\u00e5nader - S\u00e4kerhetsbygel - S\u00e4kerhetsb\u00e4lte - Metallram - 122 x 146 x 122cm - Gr\u00f6n - TRUUSK - Hem, Tr\u00e4dg\u00e5rd &amp; Fritid<\/title>\n<meta name=\"robots\" content=\"index, follow, max-snippet:-1, max-image-preview:large, max-video-preview:-1\" \/>\n<link rel=\"canonical\" href=\"https:\/\/truusk.store\/sv\/produkt\/truusk-barnvagn-for-6-36-manader-sakerhetsbygel-sakerhetsbalte-metallram-122-x-146-x-122cm-gron\/\" \/>\n<meta property=\"og:locale\" content=\"sv_SE\" \/>\n<meta property=\"og:type\" content=\"article\" \/>\n<meta property=\"og:title\" content=\"TRUUSK Barnvagn f\u00f6r 6-36 m\u00e5nader - S\u00e4kerhetsbygel - S\u00e4kerhetsb\u00e4lte - Metallram - 122 x 146 x 122cm - Gr\u00f6n - TRUUSK - Hem, Tr\u00e4dg\u00e5rd &amp; Fritid\" \/>\n<meta property=\"og:description\" content=\"Ge sp\u00e4dbarn och sm\u00e5barn en underbar gungupplevelse mitt i deras v\u00e4lbekanta omgivning. Denna klassiska gunga m\u00f6jligg\u00f6r timmar av n\u00f6je och...\" \/>\n<meta property=\"og:url\" content=\"https:\/\/truusk.store\/sv\/produkt\/truusk-barnvagn-for-6-36-manader-sakerhetsbygel-sakerhetsbalte-metallram-122-x-146-x-122cm-gron\/\" \/>\n<meta property=\"og:site_name\" content=\"TRUUSK - Hem, Tr\u00e4dg\u00e5rd &amp; Fritid\" \/>\n<meta property=\"article:modified_time\" content=\"2026-03-12T08:20:32+00:00\" \/>\n<meta property=\"og:image\" content=\"https:\/\/i0.wp.com\/truusk.se\/wp-content\/uploads\/2024\/02\/barngunga-for-6-36-manader-sakerhetsbygel-sakerhetsbalte-metallram-122-x-146-x-122cm-gron.webp?fit=800%2C800&ssl=1\" \/>\n\t<meta property=\"og:image:width\" content=\"800\" \/>\n\t<meta property=\"og:image:height\" content=\"800\" \/>\n\t<meta property=\"og:image:type\" content=\"image\/webp\" \/>\n<meta name=\"twitter:card\" content=\"summary_large_image\" \/>\n<meta name=\"twitter:label1\" content=\"Ber\u00e4knad l\u00e4stid\" \/>\n\t<meta name=\"twitter:data1\" content=\"1 minut\" \/>\n<!-- \/ Yoast SEO plugin. -->","yoast_head_json":{"title":"TRUUSK Barnvagn f\u00f6r 6-36 m\u00e5nader - S\u00e4kerhetsbygel - S\u00e4kerhetsb\u00e4lte - Metallram - 122 x 146 x 122cm - Gr\u00f6n - TRUUSK - Hem, Tr\u00e4dg\u00e5rd &amp; Fritid","robots":{"index":"index","follow":"follow","max-snippet":"max-snippet:-1","max-image-preview":"max-image-preview:large","max-video-preview":"max-video-preview:-1"},"canonical":"https:\/\/truusk.store\/sv\/produkt\/truusk-barnvagn-for-6-36-manader-sakerhetsbygel-sakerhetsbalte-metallram-122-x-146-x-122cm-gron\/","og_locale":"sv_SE","og_type":"article","og_title":"TRUUSK Barnvagn f\u00f6r 6-36 m\u00e5nader - S\u00e4kerhetsbygel - S\u00e4kerhetsb\u00e4lte - Metallram - 122 x 146 x 122cm - Gr\u00f6n - TRUUSK - Hem, Tr\u00e4dg\u00e5rd &amp; Fritid","og_description":"Ge sp\u00e4dbarn och sm\u00e5barn en underbar gungupplevelse mitt i deras v\u00e4lbekanta omgivning. Denna klassiska gunga m\u00f6jligg\u00f6r timmar av n\u00f6je och...","og_url":"https:\/\/truusk.store\/sv\/produkt\/truusk-barnvagn-for-6-36-manader-sakerhetsbygel-sakerhetsbalte-metallram-122-x-146-x-122cm-gron\/","og_site_name":"TRUUSK - Hem, Tr\u00e4dg\u00e5rd &amp; Fritid","article_modified_time":"2026-03-12T08:20:32+00:00","og_image":[{"width":800,"height":800,"url":"https:\/\/i0.wp.com\/truusk.se\/wp-content\/uploads\/2024\/02\/barngunga-for-6-36-manader-sakerhetsbygel-sakerhetsbalte-metallram-122-x-146-x-122cm-gron.webp?fit=800%2C800&ssl=1","type":"image\/webp"}],"twitter_card":"summary_large_image","twitter_misc":{"Ber\u00e4knad l\u00e4stid":"1 minut"},"schema":{"@context":"https:\/\/schema.org","@graph":[{"@type":"WebPage","@id":"https:\/\/truusk.store\/sv\/produkt\/truusk-barnvagn-for-6-36-manader-sakerhetsbygel-sakerhetsbalte-metallram-122-x-146-x-122cm-gron\/","url":"https:\/\/truusk.store\/sv\/produkt\/truusk-barnvagn-for-6-36-manader-sakerhetsbygel-sakerhetsbalte-metallram-122-x-146-x-122cm-gron\/","name":"TRUUSK Barnvagn f\u00f6r 6-36 m\u00e5nader - S\u00e4kerhetsbygel - S\u00e4kerhetsb\u00e4lte - Metallram - 122 x 146 x 122cm - Gr\u00f6n - TRUUSK - Hem, Tr\u00e4dg\u00e5rd &amp; Fritid","isPartOf":{"@id":"https:\/\/truusk.store\/sv\/#website"},"primaryImageOfPage":{"@id":"https:\/\/truusk.store\/sv\/produkt\/truusk-barnvagn-for-6-36-manader-sakerhetsbygel-sakerhetsbalte-metallram-122-x-146-x-122cm-gron\/#primaryimage"},"image":{"@id":"https:\/\/truusk.store\/sv\/produkt\/truusk-barnvagn-for-6-36-manader-sakerhetsbygel-sakerhetsbalte-metallram-122-x-146-x-122cm-gron\/#primaryimage"},"thumbnailUrl":"https:\/\/i0.wp.com\/truusk.store\/wp-content\/uploads\/2024\/02\/barngunga-for-6-36-manader-sakerhetsbygel-sakerhetsbalte-metallram-122-x-146-x-122cm-gron.webp?fit=800%2C800&ssl=1","datePublished":"2024-02-14T03:57:58+00:00","dateModified":"2026-03-12T08:20:32+00:00","breadcrumb":{"@id":"https:\/\/truusk.store\/sv\/produkt\/truusk-barnvagn-for-6-36-manader-sakerhetsbygel-sakerhetsbalte-metallram-122-x-146-x-122cm-gron\/#breadcrumb"},"inLanguage":"sv-SE","potentialAction":[{"@type":"ReadAction","target":["https:\/\/truusk.store\/sv\/produkt\/truusk-barnvagn-for-6-36-manader-sakerhetsbygel-sakerhetsbalte-metallram-122-x-146-x-122cm-gron\/"]}]},{"@type":"ImageObject","inLanguage":"sv-SE","@id":"https:\/\/truusk.store\/sv\/produkt\/truusk-barnvagn-for-6-36-manader-sakerhetsbygel-sakerhetsbalte-metallram-122-x-146-x-122cm-gron\/#primaryimage","url":"https:\/\/i0.wp.com\/truusk.store\/wp-content\/uploads\/2024\/02\/barngunga-for-6-36-manader-sakerhetsbygel-sakerhetsbalte-metallram-122-x-146-x-122cm-gron.webp?fit=800%2C800&ssl=1","contentUrl":"https:\/\/i0.wp.com\/truusk.store\/wp-content\/uploads\/2024\/02\/barngunga-for-6-36-manader-sakerhetsbygel-sakerhetsbalte-metallram-122-x-146-x-122cm-gron.webp?fit=800%2C800&ssl=1","width":800,"height":800,"caption":"Barngunga, F\u00f6r 6-36 M\u00e5nader, S\u00e4kerhetsbygel, S\u00e4kerhetsb\u00e4lte, Metallram, 122 X 146 X 122cm, Gr\u00f6n 1"},{"@type":"BreadcrumbList","@id":"https:\/\/truusk.store\/sv\/produkt\/truusk-barnvagn-for-6-36-manader-sakerhetsbygel-sakerhetsbalte-metallram-122-x-146-x-122cm-gron\/#breadcrumb","itemListElement":[{"@type":"ListItem","position":1,"name":"Home","item":"https:\/\/truusk.store\/sv\/"},{"@type":"ListItem","position":2,"name":"Shop","item":"https:\/\/truusk.store\/shop\/"},{"@type":"ListItem","position":3,"name":"TRUUSK Barnvagn f\u00f6r 6-36 m\u00e5nader &#8211; S\u00e4kerhetsbygel &#8211; S\u00e4kerhetsb\u00e4lte &#8211; Metallram &#8211; 122 x 146 x 122cm &#8211; Gr\u00f6n"}]},{"@type":"WebSite","@id":"https:\/\/truusk.store\/sv\/#website","url":"https:\/\/truusk.store\/sv\/","name":"TRUUSK - Hem, Tr\u00e4dg\u00e5rd & Fritid","description":"","publisher":{"@id":"https:\/\/truusk.store\/sv\/#organization"},"potentialAction":[{"@type":"SearchAction","target":{"@type":"EntryPoint","urlTemplate":"https:\/\/truusk.store\/sv\/?s={search_term_string}"},"query-input":{"@type":"PropertyValueSpecification","valueRequired":true,"valueName":"search_term_string"}}],"inLanguage":"sv-SE"},{"@type":"Organization","@id":"https:\/\/truusk.store\/sv\/#organization","name":"TRUUSK - Hem, Tr\u00e4dg\u00e5rd & Fritid","url":"https:\/\/truusk.store\/sv\/","logo":{"@type":"ImageObject","inLanguage":"sv-SE","@id":"https:\/\/truusk.store\/sv\/#\/schema\/logo\/image\/","url":"https:\/\/i0.wp.com\/truusk.store\/wp-content\/uploads\/2026\/03\/cropped-TRUUSK.png?fit=2032%2C917&ssl=1","contentUrl":"https:\/\/i0.wp.com\/truusk.store\/wp-content\/uploads\/2026\/03\/cropped-TRUUSK.png?fit=2032%2C917&ssl=1","width":2032,"height":917,"caption":"TRUUSK - Hem, Tr\u00e4dg\u00e5rd & Fritid"},"image":{"@id":"https:\/\/truusk.store\/sv\/#\/schema\/logo\/image\/"}}]}},"jetpack_sharing_enabled":true,"_links":{"self":[{"href":"https:\/\/truusk.store\/sv\/wp-json\/wp\/v2\/product\/44124","targetHints":{"allow":["GET"]}}],"collection":[{"href":"https:\/\/truusk.store\/sv\/wp-json\/wp\/v2\/product"}],"about":[{"href":"https:\/\/truusk.store\/sv\/wp-json\/wp\/v2\/types\/product"}],"wp:featuredmedia":[{"embeddable":true,"href":"https:\/\/truusk.store\/sv\/wp-json\/wp\/v2\/media\/44125"}],"wp:attachment":[{"href":"https:\/\/truusk.store\/sv\/wp-json\/wp\/v2\/media?parent=44124"}],"wp:term":[{"taxonomy":"product_brand","embeddable":true,"href":"https:\/\/truusk.store\/sv\/wp-json\/wp\/v2\/product_brand?post=44124"},{"taxonomy":"product_cat","embeddable":true,"href":"https:\/\/truusk.store\/sv\/wp-json\/wp\/v2\/product_cat?post=44124"},{"taxonomy":"product_tag","embeddable":true,"href":"https:\/\/truusk.store\/sv\/wp-json\/wp\/v2\/product_tag?post=44124"}],"curies":[{"name":"wp","href":"https:\/\/api.w.org\/{rel}","templated":true}]}}