{"id":44135,"date":"2024-02-14T04:58:20","date_gmt":"2024-02-14T03:58:20","guid":{"rendered":"https:\/\/truusk.store\/product\/kontorsstol-med-fotstod-justerbart-ryggstod-hoj-och-sankbart-5-hjul-rosa-vit\/"},"modified":"2026-03-12T09:20:33","modified_gmt":"2026-03-12T08:20:33","slug":"truusk-kontorsstol-med-fotstod-justerbart-ryggstod-hoj-och-sankbart-5-hjul-rosa-vit","status":"publish","type":"product","link":"https:\/\/truusk.store\/sv\/produkt\/truusk-kontorsstol-med-fotstod-justerbart-ryggstod-hoj-och-sankbart-5-hjul-rosa-vit\/","title":{"rendered":"TRUUSK Kontorsstol med Fotst\u00f6d &#8211; Justerbart Ryggst\u00f6d &#8211; H\u00f6j- och s\u00e4nkbart &#8211; 5 Hjul &#8211; Rosa + Vit"},"content":{"rendered":"<p>V\u00e5r ergonomiska kontorsstol \u00e4r en bra f\u00f6ljeslagare f\u00f6r kontoret, studien eller hemmet. Med sina ergonomiska linjer, tjocka stoppning och mjuka tyg ger den extra komfort under l\u00e5nga arbetstider. Du kan justera sitth\u00f6jden f\u00f6r att sitta b\u00e4ttre. N\u00e4r du arbetar kan du anv\u00e4nda de sv\u00e4ngbara hjulen f\u00f6r att r\u00f6ra dig snabbt. Luta dig tillbaka och l\u00e5t den h\u00e4r kontorsstolen ta bort sp\u00e4nningen fr\u00e5n din rygg och ryggrad. Komfort och funktionalitet \u00e4r viktigt f\u00f6r en skrivbordsstol och att veta hur man g\u00f6r det.<\/p>\n<h3>Beskrivning:<\/h3>\n<ul>\n<li>Ta en paus och stretcha med det 135 graders justerbara ryggst\u00f6det<\/li>\n<li>S\u00f6t rosa och vit design<\/li>\n<li>Det b\u00f6jda ryggst\u00f6det och den tjockt vadderade sitsen ger p\u00e5litligt st\u00f6d<\/li>\n<li>Sitth\u00f6jden kan justeras fr\u00e5n 47 cm till 55 cm och anpassar sig d\u00e4rmed efter din arbetsh\u00f6jd<\/li>\n<li>Utdragbara fotst\u00f6d s\u00e5 att du kan s\u00e4tta upp f\u00f6tterna medan du lutar dig bak\u00e5t<\/li>\n<li>Konfektl\u00e4dret \u00e4r l\u00e4tt att reng\u00f6ra<\/li>\n<li>Sv\u00e4ngbara hjul och s\u00e4te s\u00e4kerst\u00e4ller enkel och snabb r\u00f6rlighet<\/li>\n<li>Montering kr\u00e4vs<\/li>\n<\/ul>\n<h3>Teknisk data:<\/h3>\n<ul>\n<li>F\u00e4rg: Rosa<\/li>\n<li>Material: konstl\u00e4der, skum, nylon, st\u00e5l<\/li>\n<li>\u00d6vergripande m\u00e5tt: 65L x 68W x 107-116H cm<\/li>\n<li>Sitsm\u00e5tt: 50W x 47D x 47-55H cm<\/li>\n<li>Armst\u00f6dets h\u00f6jd (till sittplats): 21 cm<\/li>\n<li>Ryggst\u00f6dsstorlek: 52W x 69L cm<\/li>\n<li>Viktkapacitet: 120 kg<\/li>\n<\/ul>\n<h3>Leveransens omfattning:<\/h3>\n<ul>\n<li>1 x Kontorsstol<\/li>\n<li>1 x manuell<\/li>\n<\/ul>\n","protected":false},"excerpt":{"rendered":"<p>V\u00e5r ergonomiska kontorsstol \u00e4r en bra f\u00f6ljeslagare f\u00f6r kontoret, studien eller hemmet. Med sina ergonomiska linjer, tjocka stoppning och mjuka&#8230;<\/p>\n","protected":false},"featured_media":44136,"template":"","meta":[],"product_brand":[],"product_cat":[485,516,515],"product_tag":[],"class_list":{"0":"post-44135","1":"product","2":"type-product","3":"status-publish","4":"has-post-thumbnail","6":"product_cat-hus-bo","7":"product_cat-kontorsstolar","8":"product_cat-stolar","10":"first","11":"instock","12":"sale","13":"taxable","14":"shipping-taxable","15":"purchasable","16":"product-type-simple"},"yoast_head":"<!-- This site is optimized with the Yoast SEO plugin v25.4 - https:\/\/yoast.com\/wordpress\/plugins\/seo\/ -->\n<title>TRUUSK Kontorsstol med Fotst\u00f6d - Justerbart Ryggst\u00f6d - H\u00f6j- och s\u00e4nkbart - 5 Hjul - Rosa + Vit - TRUUSK - Hem, Tr\u00e4dg\u00e5rd &amp; Fritid<\/title>\n<meta name=\"robots\" content=\"index, follow, max-snippet:-1, max-image-preview:large, max-video-preview:-1\" \/>\n<link rel=\"canonical\" href=\"https:\/\/truusk.store\/sv\/produkt\/truusk-kontorsstol-med-fotstod-justerbart-ryggstod-hoj-och-sankbart-5-hjul-rosa-vit\/\" \/>\n<meta property=\"og:locale\" content=\"sv_SE\" \/>\n<meta property=\"og:type\" content=\"article\" \/>\n<meta property=\"og:title\" content=\"TRUUSK Kontorsstol med Fotst\u00f6d - Justerbart Ryggst\u00f6d - H\u00f6j- och s\u00e4nkbart - 5 Hjul - Rosa + Vit - TRUUSK - Hem, Tr\u00e4dg\u00e5rd &amp; Fritid\" \/>\n<meta property=\"og:description\" content=\"V\u00e5r ergonomiska kontorsstol \u00e4r en bra f\u00f6ljeslagare f\u00f6r kontoret, studien eller hemmet. Med sina ergonomiska linjer, tjocka stoppning och mjuka...\" \/>\n<meta property=\"og:url\" content=\"https:\/\/truusk.store\/sv\/produkt\/truusk-kontorsstol-med-fotstod-justerbart-ryggstod-hoj-och-sankbart-5-hjul-rosa-vit\/\" \/>\n<meta property=\"og:site_name\" content=\"TRUUSK - Hem, Tr\u00e4dg\u00e5rd &amp; Fritid\" \/>\n<meta property=\"article:modified_time\" content=\"2026-03-12T08:20:33+00:00\" \/>\n<meta property=\"og:image\" content=\"https:\/\/i0.wp.com\/truusk.se\/wp-content\/uploads\/2024\/02\/kontorsstol-med-fotstod-justerbart-ryggstod-hoj-och-sankbart-5-hjul-rosa-vit.webp?fit=800%2C800&ssl=1\" \/>\n\t<meta property=\"og:image:width\" content=\"800\" \/>\n\t<meta property=\"og:image:height\" content=\"800\" \/>\n\t<meta property=\"og:image:type\" content=\"image\/webp\" \/>\n<meta name=\"twitter:card\" content=\"summary_large_image\" \/>\n<meta name=\"twitter:label1\" content=\"Ber\u00e4knad l\u00e4stid\" \/>\n\t<meta name=\"twitter:data1\" content=\"1 minut\" \/>\n<!-- \/ Yoast SEO plugin. -->","yoast_head_json":{"title":"TRUUSK Kontorsstol med Fotst\u00f6d - Justerbart Ryggst\u00f6d - H\u00f6j- och s\u00e4nkbart - 5 Hjul - Rosa + Vit - TRUUSK - Hem, Tr\u00e4dg\u00e5rd &amp; Fritid","robots":{"index":"index","follow":"follow","max-snippet":"max-snippet:-1","max-image-preview":"max-image-preview:large","max-video-preview":"max-video-preview:-1"},"canonical":"https:\/\/truusk.store\/sv\/produkt\/truusk-kontorsstol-med-fotstod-justerbart-ryggstod-hoj-och-sankbart-5-hjul-rosa-vit\/","og_locale":"sv_SE","og_type":"article","og_title":"TRUUSK Kontorsstol med Fotst\u00f6d - Justerbart Ryggst\u00f6d - H\u00f6j- och s\u00e4nkbart - 5 Hjul - Rosa + Vit - TRUUSK - Hem, Tr\u00e4dg\u00e5rd &amp; Fritid","og_description":"V\u00e5r ergonomiska kontorsstol \u00e4r en bra f\u00f6ljeslagare f\u00f6r kontoret, studien eller hemmet. Med sina ergonomiska linjer, tjocka stoppning och mjuka...","og_url":"https:\/\/truusk.store\/sv\/produkt\/truusk-kontorsstol-med-fotstod-justerbart-ryggstod-hoj-och-sankbart-5-hjul-rosa-vit\/","og_site_name":"TRUUSK - Hem, Tr\u00e4dg\u00e5rd &amp; Fritid","article_modified_time":"2026-03-12T08:20:33+00:00","og_image":[{"width":800,"height":800,"url":"https:\/\/i0.wp.com\/truusk.se\/wp-content\/uploads\/2024\/02\/kontorsstol-med-fotstod-justerbart-ryggstod-hoj-och-sankbart-5-hjul-rosa-vit.webp?fit=800%2C800&ssl=1","type":"image\/webp"}],"twitter_card":"summary_large_image","twitter_misc":{"Ber\u00e4knad l\u00e4stid":"1 minut"},"schema":{"@context":"https:\/\/schema.org","@graph":[{"@type":"WebPage","@id":"https:\/\/truusk.store\/sv\/produkt\/truusk-kontorsstol-med-fotstod-justerbart-ryggstod-hoj-och-sankbart-5-hjul-rosa-vit\/","url":"https:\/\/truusk.store\/sv\/produkt\/truusk-kontorsstol-med-fotstod-justerbart-ryggstod-hoj-och-sankbart-5-hjul-rosa-vit\/","name":"TRUUSK Kontorsstol med Fotst\u00f6d - Justerbart Ryggst\u00f6d - H\u00f6j- och s\u00e4nkbart - 5 Hjul - Rosa + Vit - TRUUSK - Hem, Tr\u00e4dg\u00e5rd &amp; Fritid","isPartOf":{"@id":"https:\/\/truusk.store\/sv\/#website"},"primaryImageOfPage":{"@id":"https:\/\/truusk.store\/sv\/produkt\/truusk-kontorsstol-med-fotstod-justerbart-ryggstod-hoj-och-sankbart-5-hjul-rosa-vit\/#primaryimage"},"image":{"@id":"https:\/\/truusk.store\/sv\/produkt\/truusk-kontorsstol-med-fotstod-justerbart-ryggstod-hoj-och-sankbart-5-hjul-rosa-vit\/#primaryimage"},"thumbnailUrl":"https:\/\/i0.wp.com\/truusk.store\/wp-content\/uploads\/2024\/02\/kontorsstol-med-fotstod-justerbart-ryggstod-hoj-och-sankbart-5-hjul-rosa-vit.webp?fit=800%2C800&ssl=1","datePublished":"2024-02-14T03:58:20+00:00","dateModified":"2026-03-12T08:20:33+00:00","breadcrumb":{"@id":"https:\/\/truusk.store\/sv\/produkt\/truusk-kontorsstol-med-fotstod-justerbart-ryggstod-hoj-och-sankbart-5-hjul-rosa-vit\/#breadcrumb"},"inLanguage":"sv-SE","potentialAction":[{"@type":"ReadAction","target":["https:\/\/truusk.store\/sv\/produkt\/truusk-kontorsstol-med-fotstod-justerbart-ryggstod-hoj-och-sankbart-5-hjul-rosa-vit\/"]}]},{"@type":"ImageObject","inLanguage":"sv-SE","@id":"https:\/\/truusk.store\/sv\/produkt\/truusk-kontorsstol-med-fotstod-justerbart-ryggstod-hoj-och-sankbart-5-hjul-rosa-vit\/#primaryimage","url":"https:\/\/i0.wp.com\/truusk.store\/wp-content\/uploads\/2024\/02\/kontorsstol-med-fotstod-justerbart-ryggstod-hoj-och-sankbart-5-hjul-rosa-vit.webp?fit=800%2C800&ssl=1","contentUrl":"https:\/\/i0.wp.com\/truusk.store\/wp-content\/uploads\/2024\/02\/kontorsstol-med-fotstod-justerbart-ryggstod-hoj-och-sankbart-5-hjul-rosa-vit.webp?fit=800%2C800&ssl=1","width":800,"height":800,"caption":"Kontorsstol Med Fotst\u00f6d, Justerbart Ryggst\u00f6d, H\u00f6j- Och S\u00e4nkbart, 5 Hjul, Rosa + Vit 1"},{"@type":"BreadcrumbList","@id":"https:\/\/truusk.store\/sv\/produkt\/truusk-kontorsstol-med-fotstod-justerbart-ryggstod-hoj-och-sankbart-5-hjul-rosa-vit\/#breadcrumb","itemListElement":[{"@type":"ListItem","position":1,"name":"Home","item":"https:\/\/truusk.store\/sv\/"},{"@type":"ListItem","position":2,"name":"Shop","item":"https:\/\/truusk.store\/shop\/"},{"@type":"ListItem","position":3,"name":"TRUUSK Kontorsstol med Fotst\u00f6d &#8211; Justerbart Ryggst\u00f6d &#8211; H\u00f6j- och s\u00e4nkbart &#8211; 5 Hjul &#8211; Rosa + Vit"}]},{"@type":"WebSite","@id":"https:\/\/truusk.store\/sv\/#website","url":"https:\/\/truusk.store\/sv\/","name":"TRUUSK - Hem, Tr\u00e4dg\u00e5rd & Fritid","description":"","publisher":{"@id":"https:\/\/truusk.store\/sv\/#organization"},"potentialAction":[{"@type":"SearchAction","target":{"@type":"EntryPoint","urlTemplate":"https:\/\/truusk.store\/sv\/?s={search_term_string}"},"query-input":{"@type":"PropertyValueSpecification","valueRequired":true,"valueName":"search_term_string"}}],"inLanguage":"sv-SE"},{"@type":"Organization","@id":"https:\/\/truusk.store\/sv\/#organization","name":"TRUUSK - Hem, Tr\u00e4dg\u00e5rd & Fritid","url":"https:\/\/truusk.store\/sv\/","logo":{"@type":"ImageObject","inLanguage":"sv-SE","@id":"https:\/\/truusk.store\/sv\/#\/schema\/logo\/image\/","url":"https:\/\/i0.wp.com\/truusk.store\/wp-content\/uploads\/2026\/03\/cropped-TRUUSK.png?fit=2032%2C917&ssl=1","contentUrl":"https:\/\/i0.wp.com\/truusk.store\/wp-content\/uploads\/2026\/03\/cropped-TRUUSK.png?fit=2032%2C917&ssl=1","width":2032,"height":917,"caption":"TRUUSK - Hem, Tr\u00e4dg\u00e5rd & Fritid"},"image":{"@id":"https:\/\/truusk.store\/sv\/#\/schema\/logo\/image\/"}}]}},"jetpack_sharing_enabled":true,"_links":{"self":[{"href":"https:\/\/truusk.store\/sv\/wp-json\/wp\/v2\/product\/44135","targetHints":{"allow":["GET"]}}],"collection":[{"href":"https:\/\/truusk.store\/sv\/wp-json\/wp\/v2\/product"}],"about":[{"href":"https:\/\/truusk.store\/sv\/wp-json\/wp\/v2\/types\/product"}],"wp:featuredmedia":[{"embeddable":true,"href":"https:\/\/truusk.store\/sv\/wp-json\/wp\/v2\/media\/44136"}],"wp:attachment":[{"href":"https:\/\/truusk.store\/sv\/wp-json\/wp\/v2\/media?parent=44135"}],"wp:term":[{"taxonomy":"product_brand","embeddable":true,"href":"https:\/\/truusk.store\/sv\/wp-json\/wp\/v2\/product_brand?post=44135"},{"taxonomy":"product_cat","embeddable":true,"href":"https:\/\/truusk.store\/sv\/wp-json\/wp\/v2\/product_cat?post=44135"},{"taxonomy":"product_tag","embeddable":true,"href":"https:\/\/truusk.store\/sv\/wp-json\/wp\/v2\/product_tag?post=44135"}],"curies":[{"name":"wp","href":"https:\/\/api.w.org\/{rel}","templated":true}]}}