{"id":44155,"date":"2024-02-14T04:59:02","date_gmt":"2024-02-14T03:59:02","guid":{"rendered":"https:\/\/truusk.store\/product\/fallbar-solstol-5-stegs-ryggstod-dyna-dyna-upp-till-120-kg-stal-ljusgra-58-x-189-x-325-cm\/"},"modified":"2026-03-12T09:21:05","modified_gmt":"2026-03-12T08:21:05","slug":"truusk-fallbar-solstol-5-stegs-ryggstod-dyna-upp-till-120-kg-stal-ljusgra-58-x-189-x-325-cm","status":"publish","type":"product","link":"https:\/\/truusk.store\/sv\/produkt\/truusk-fallbar-solstol-5-stegs-ryggstod-dyna-upp-till-120-kg-stal-ljusgra-58-x-189-x-325-cm\/","title":{"rendered":"TRUUSK F\u00e4llbar Solstol &#8211; 5-stegs Ryggst\u00f6d &#8211; Dyna &#8211; Upp Till 120 Kg &#8211; St\u00e5l &#8211; Ljusgr\u00e5 &#8211; 58 X 189 X 32,5 Cm"},"content":{"rendered":"<p>Med denna solstol kan du kombinera din tid utomhus med absolut avkoppling. Tack vare den robusta metallramen och den andningsbara mesh\u00f6verdragen av sits och ryggst\u00f6d, samt den mjuka stoppningen av sittdynan och nackst\u00f6det, kommer du att vara otroligt bekv\u00e4m p\u00e5 denna solstol. Solstolen klarar enkelt en vikt p\u00e5 upp till 120 kg och har ett ryggst\u00f6d som kan justeras i fem steg s\u00e5 att du kan st\u00e4lla in din favoritposition n\u00e4r som helst.<\/p>\n<h3>Beskrivning:<\/h3>\n<ul>\n<li>Ryggst\u00f6det kan justeras i fem l\u00e4gen, s\u00e5 att du kan sitta eller ligga i vilken position du vill<\/li>\n<li>Vikbar f\u00f6r enkel transport och platsbesparande f\u00f6rvaring<\/li>\n<li>Robust metallram och andningsbart tyg f\u00f6r l\u00e5ng livsl\u00e4ngd<\/li>\n<li>Sidofickan ger gott om plats f\u00f6r personliga f\u00f6rem\u00e5l<\/li>\n<li>Mjukt vadderade nackst\u00f6d och kuddar garanterar komfort<\/li>\n<\/ul>\n<h3>Teknisk data:<\/h3>\n<ul>\n<li>F\u00e4rg: Svart+Ljusgr\u00e5<\/li>\n<li>Material: st\u00e5l, polyester<\/li>\n<li>\u00d6vergripande m\u00e5tt: 58L x 189W x 32,5H cm<\/li>\n<li>Vikstorlek: 74L x 58W x 14D cm<\/li>\n<li>Sitsm\u00e5tt: 58W x 130D x 30H cm<\/li>\n<li>Ryggst\u00f6dsm\u00e5tt: 69L x 58W<\/li>\n<li>Ryggst\u00f6dsvinkel: 100, 120, 140, 160, 180<\/li>\n<li>Lastkapacitet: 120 kg<\/li>\n<\/ul>\n<h3>Leveransens omfattning:<\/h3>\n<ul>\n<li>1 x solstol<\/li>\n<li>1 x kudde<\/li>\n<li>1 x kudde<\/li>\n<\/ul>\n","protected":false},"excerpt":{"rendered":"<p>Med denna solstol kan du kombinera din tid utomhus med absolut avkoppling. Tack vare den robusta metallramen och den andningsbara&#8230;<\/p>\n","protected":false},"featured_media":44156,"template":"","meta":[],"product_brand":[],"product_cat":[451,435,450],"product_tag":[],"class_list":{"0":"post-44155","1":"product","2":"type-product","3":"status-publish","4":"has-post-thumbnail","6":"product_cat-solstolar","7":"product_cat-tradgard-och-terrass","8":"product_cat-tradgardsmobler","10":"first","11":"instock","12":"sale","13":"taxable","14":"shipping-taxable","15":"purchasable","16":"product-type-simple"},"yoast_head":"<!-- This site is optimized with the Yoast SEO plugin v25.4 - https:\/\/yoast.com\/wordpress\/plugins\/seo\/ -->\n<title>TRUUSK F\u00e4llbar Solstol - 5-stegs Ryggst\u00f6d - Dyna - Upp Till 120 Kg - St\u00e5l - Ljusgr\u00e5 - 58 X 189 X 32,5 Cm - TRUUSK - Hem, Tr\u00e4dg\u00e5rd &amp; Fritid<\/title>\n<meta name=\"robots\" content=\"index, follow, max-snippet:-1, max-image-preview:large, max-video-preview:-1\" \/>\n<link rel=\"canonical\" href=\"https:\/\/truusk.store\/sv\/produkt\/truusk-fallbar-solstol-5-stegs-ryggstod-dyna-upp-till-120-kg-stal-ljusgra-58-x-189-x-325-cm\/\" \/>\n<meta property=\"og:locale\" content=\"sv_SE\" \/>\n<meta property=\"og:type\" content=\"article\" \/>\n<meta property=\"og:title\" content=\"TRUUSK F\u00e4llbar Solstol - 5-stegs Ryggst\u00f6d - Dyna - Upp Till 120 Kg - St\u00e5l - Ljusgr\u00e5 - 58 X 189 X 32,5 Cm - TRUUSK - Hem, Tr\u00e4dg\u00e5rd &amp; Fritid\" \/>\n<meta property=\"og:description\" content=\"Med denna solstol kan du kombinera din tid utomhus med absolut avkoppling. Tack vare den robusta metallramen och den andningsbara...\" \/>\n<meta property=\"og:url\" content=\"https:\/\/truusk.store\/sv\/produkt\/truusk-fallbar-solstol-5-stegs-ryggstod-dyna-upp-till-120-kg-stal-ljusgra-58-x-189-x-325-cm\/\" \/>\n<meta property=\"og:site_name\" content=\"TRUUSK - Hem, Tr\u00e4dg\u00e5rd &amp; Fritid\" \/>\n<meta property=\"article:modified_time\" content=\"2026-03-12T08:21:05+00:00\" \/>\n<meta property=\"og:image\" content=\"https:\/\/i0.wp.com\/truusk.se\/wp-content\/uploads\/2024\/02\/fallbar-solstol-5-stegs-ryggstod-dyna-dyna-upp-till-120-kg-stal-ljusgra-58-x-189-x-325-cm.webp?fit=800%2C800&ssl=1\" \/>\n\t<meta property=\"og:image:width\" content=\"800\" \/>\n\t<meta property=\"og:image:height\" content=\"800\" \/>\n\t<meta property=\"og:image:type\" content=\"image\/webp\" \/>\n<meta name=\"twitter:card\" content=\"summary_large_image\" \/>\n<meta name=\"twitter:label1\" content=\"Ber\u00e4knad l\u00e4stid\" \/>\n\t<meta name=\"twitter:data1\" content=\"1 minut\" \/>\n<!-- \/ Yoast SEO plugin. -->","yoast_head_json":{"title":"TRUUSK F\u00e4llbar Solstol - 5-stegs Ryggst\u00f6d - Dyna - Upp Till 120 Kg - St\u00e5l - Ljusgr\u00e5 - 58 X 189 X 32,5 Cm - TRUUSK - Hem, Tr\u00e4dg\u00e5rd &amp; Fritid","robots":{"index":"index","follow":"follow","max-snippet":"max-snippet:-1","max-image-preview":"max-image-preview:large","max-video-preview":"max-video-preview:-1"},"canonical":"https:\/\/truusk.store\/sv\/produkt\/truusk-fallbar-solstol-5-stegs-ryggstod-dyna-upp-till-120-kg-stal-ljusgra-58-x-189-x-325-cm\/","og_locale":"sv_SE","og_type":"article","og_title":"TRUUSK F\u00e4llbar Solstol - 5-stegs Ryggst\u00f6d - Dyna - Upp Till 120 Kg - St\u00e5l - Ljusgr\u00e5 - 58 X 189 X 32,5 Cm - TRUUSK - Hem, Tr\u00e4dg\u00e5rd &amp; Fritid","og_description":"Med denna solstol kan du kombinera din tid utomhus med absolut avkoppling. Tack vare den robusta metallramen och den andningsbara...","og_url":"https:\/\/truusk.store\/sv\/produkt\/truusk-fallbar-solstol-5-stegs-ryggstod-dyna-upp-till-120-kg-stal-ljusgra-58-x-189-x-325-cm\/","og_site_name":"TRUUSK - Hem, Tr\u00e4dg\u00e5rd &amp; Fritid","article_modified_time":"2026-03-12T08:21:05+00:00","og_image":[{"width":800,"height":800,"url":"https:\/\/i0.wp.com\/truusk.se\/wp-content\/uploads\/2024\/02\/fallbar-solstol-5-stegs-ryggstod-dyna-dyna-upp-till-120-kg-stal-ljusgra-58-x-189-x-325-cm.webp?fit=800%2C800&ssl=1","type":"image\/webp"}],"twitter_card":"summary_large_image","twitter_misc":{"Ber\u00e4knad l\u00e4stid":"1 minut"},"schema":{"@context":"https:\/\/schema.org","@graph":[{"@type":"WebPage","@id":"https:\/\/truusk.store\/sv\/produkt\/truusk-fallbar-solstol-5-stegs-ryggstod-dyna-upp-till-120-kg-stal-ljusgra-58-x-189-x-325-cm\/","url":"https:\/\/truusk.store\/sv\/produkt\/truusk-fallbar-solstol-5-stegs-ryggstod-dyna-upp-till-120-kg-stal-ljusgra-58-x-189-x-325-cm\/","name":"TRUUSK F\u00e4llbar Solstol - 5-stegs Ryggst\u00f6d - Dyna - Upp Till 120 Kg - St\u00e5l - Ljusgr\u00e5 - 58 X 189 X 32,5 Cm - TRUUSK - Hem, Tr\u00e4dg\u00e5rd &amp; Fritid","isPartOf":{"@id":"https:\/\/truusk.store\/sv\/#website"},"primaryImageOfPage":{"@id":"https:\/\/truusk.store\/sv\/produkt\/truusk-fallbar-solstol-5-stegs-ryggstod-dyna-upp-till-120-kg-stal-ljusgra-58-x-189-x-325-cm\/#primaryimage"},"image":{"@id":"https:\/\/truusk.store\/sv\/produkt\/truusk-fallbar-solstol-5-stegs-ryggstod-dyna-upp-till-120-kg-stal-ljusgra-58-x-189-x-325-cm\/#primaryimage"},"thumbnailUrl":"https:\/\/i0.wp.com\/truusk.store\/wp-content\/uploads\/2024\/02\/fallbar-solstol-5-stegs-ryggstod-dyna-dyna-upp-till-120-kg-stal-ljusgra-58-x-189-x-325-cm.webp?fit=800%2C800&ssl=1","datePublished":"2024-02-14T03:59:02+00:00","dateModified":"2026-03-12T08:21:05+00:00","breadcrumb":{"@id":"https:\/\/truusk.store\/sv\/produkt\/truusk-fallbar-solstol-5-stegs-ryggstod-dyna-upp-till-120-kg-stal-ljusgra-58-x-189-x-325-cm\/#breadcrumb"},"inLanguage":"sv-SE","potentialAction":[{"@type":"ReadAction","target":["https:\/\/truusk.store\/sv\/produkt\/truusk-fallbar-solstol-5-stegs-ryggstod-dyna-upp-till-120-kg-stal-ljusgra-58-x-189-x-325-cm\/"]}]},{"@type":"ImageObject","inLanguage":"sv-SE","@id":"https:\/\/truusk.store\/sv\/produkt\/truusk-fallbar-solstol-5-stegs-ryggstod-dyna-upp-till-120-kg-stal-ljusgra-58-x-189-x-325-cm\/#primaryimage","url":"https:\/\/i0.wp.com\/truusk.store\/wp-content\/uploads\/2024\/02\/fallbar-solstol-5-stegs-ryggstod-dyna-dyna-upp-till-120-kg-stal-ljusgra-58-x-189-x-325-cm.webp?fit=800%2C800&ssl=1","contentUrl":"https:\/\/i0.wp.com\/truusk.store\/wp-content\/uploads\/2024\/02\/fallbar-solstol-5-stegs-ryggstod-dyna-dyna-upp-till-120-kg-stal-ljusgra-58-x-189-x-325-cm.webp?fit=800%2C800&ssl=1","width":800,"height":800,"caption":"F\u00e4llbar Solstol, 5-stegs Ryggst\u00f6d, Dyna, Dyna, Upp Till 120 Kg, St\u00e5l, Ljusgr\u00e5, 58 X 189 X 32,5 Cm 1"},{"@type":"BreadcrumbList","@id":"https:\/\/truusk.store\/sv\/produkt\/truusk-fallbar-solstol-5-stegs-ryggstod-dyna-upp-till-120-kg-stal-ljusgra-58-x-189-x-325-cm\/#breadcrumb","itemListElement":[{"@type":"ListItem","position":1,"name":"Home","item":"https:\/\/truusk.store\/sv\/"},{"@type":"ListItem","position":2,"name":"Shop","item":"https:\/\/truusk.store\/shop\/"},{"@type":"ListItem","position":3,"name":"TRUUSK F\u00e4llbar Solstol &#8211; 5-stegs Ryggst\u00f6d &#8211; Dyna &#8211; Upp Till 120 Kg &#8211; St\u00e5l &#8211; Ljusgr\u00e5 &#8211; 58 X 189 X 32,5 Cm"}]},{"@type":"WebSite","@id":"https:\/\/truusk.store\/sv\/#website","url":"https:\/\/truusk.store\/sv\/","name":"TRUUSK - Hem, Tr\u00e4dg\u00e5rd & Fritid","description":"","publisher":{"@id":"https:\/\/truusk.store\/sv\/#organization"},"potentialAction":[{"@type":"SearchAction","target":{"@type":"EntryPoint","urlTemplate":"https:\/\/truusk.store\/sv\/?s={search_term_string}"},"query-input":{"@type":"PropertyValueSpecification","valueRequired":true,"valueName":"search_term_string"}}],"inLanguage":"sv-SE"},{"@type":"Organization","@id":"https:\/\/truusk.store\/sv\/#organization","name":"TRUUSK - Hem, Tr\u00e4dg\u00e5rd & Fritid","url":"https:\/\/truusk.store\/sv\/","logo":{"@type":"ImageObject","inLanguage":"sv-SE","@id":"https:\/\/truusk.store\/sv\/#\/schema\/logo\/image\/","url":"https:\/\/i0.wp.com\/truusk.store\/wp-content\/uploads\/2026\/03\/cropped-TRUUSK.png?fit=2032%2C917&ssl=1","contentUrl":"https:\/\/i0.wp.com\/truusk.store\/wp-content\/uploads\/2026\/03\/cropped-TRUUSK.png?fit=2032%2C917&ssl=1","width":2032,"height":917,"caption":"TRUUSK - Hem, Tr\u00e4dg\u00e5rd & Fritid"},"image":{"@id":"https:\/\/truusk.store\/sv\/#\/schema\/logo\/image\/"}}]}},"jetpack_sharing_enabled":true,"_links":{"self":[{"href":"https:\/\/truusk.store\/sv\/wp-json\/wp\/v2\/product\/44155","targetHints":{"allow":["GET"]}}],"collection":[{"href":"https:\/\/truusk.store\/sv\/wp-json\/wp\/v2\/product"}],"about":[{"href":"https:\/\/truusk.store\/sv\/wp-json\/wp\/v2\/types\/product"}],"wp:featuredmedia":[{"embeddable":true,"href":"https:\/\/truusk.store\/sv\/wp-json\/wp\/v2\/media\/44156"}],"wp:attachment":[{"href":"https:\/\/truusk.store\/sv\/wp-json\/wp\/v2\/media?parent=44155"}],"wp:term":[{"taxonomy":"product_brand","embeddable":true,"href":"https:\/\/truusk.store\/sv\/wp-json\/wp\/v2\/product_brand?post=44155"},{"taxonomy":"product_cat","embeddable":true,"href":"https:\/\/truusk.store\/sv\/wp-json\/wp\/v2\/product_cat?post=44155"},{"taxonomy":"product_tag","embeddable":true,"href":"https:\/\/truusk.store\/sv\/wp-json\/wp\/v2\/product_tag?post=44155"}],"curies":[{"name":"wp","href":"https:\/\/api.w.org\/{rel}","templated":true}]}}