{"id":44241,"date":"2024-02-14T05:02:11","date_gmt":"2024-02-14T04:02:11","guid":{"rendered":"https:\/\/truusk.store\/product\/stalskjul-100-x-103-x-160cm-gra\/"},"modified":"2026-03-12T09:21:19","modified_gmt":"2026-03-12T08:21:19","slug":"truusk-stalskjul-100-x-103-x-160cm-gra-robust-konstruktion-latt-att-montera-skyddar-mot-vader-och-vind","status":"publish","type":"product","link":"https:\/\/truusk.store\/sv\/produkt\/truusk-stalskjul-100-x-103-x-160cm-gra-robust-konstruktion-latt-att-montera-skyddar-mot-vader-och-vind\/","title":{"rendered":"TRUUSK St\u00e5lskjul 100 x 103 x 160cm &#8211; Gr\u00e5 &#8211; Robust konstruktion &#8211; L\u00e4tt att montera &#8211; Skyddar mot v\u00e4der och vind"},"content":{"rendered":"<p>\u00d6ka enkelt f\u00f6rvaringsutrymmet och v\u00e4rdet p\u00e5 din fastighet med en friggebod. Verktygsboden i metall har klara f\u00f6rdelar j\u00e4mf\u00f6rt med traditionella tr\u00e4modeller. Om du letar efter ett s\u00e4tt att l\u00e4gga till v\u00e4lbeh\u00f6vligt f\u00f6rvaringsutrymme till din fastighet, kan denna tr\u00e4dg\u00e5rdsbod vara det perfekta valet.<\/p>\n<h3>Beskrivning:<\/h3>\n<ul>\n<li>Kompakt bod f\u00f6r tr\u00e4dg\u00e5rdsredskap, gr\u00e4smatta och pooltillbeh\u00f6r<\/li>\n<li>Vattent\u00e4t tack vare den galvaniserade st\u00e5lytan<\/li>\n<li>Lutande tak p\u00e5 boden f\u00f6rhindrar vattenansamling, idealisk som ett skjul<\/li>\n<li>L\u00e5sbar d\u00f6rr till redskapsboden f\u00f6r extra s\u00e4kerhet<\/li>\n<li>Snabb montering f\u00f6r mer tid i tr\u00e4dg\u00e5rden<\/li>\n<\/ul>\n<h3>Teknisk data:<\/h3>\n<ul>\n<li>F\u00e4rg gr\u00e5<\/li>\n<li>Material: st\u00e5l<\/li>\n<li>\u00d6vergripande m\u00e5tt: 100W x 103D x 160H cm<\/li>\n<li>Innerm\u00e5tt: 83L x 86W cm<\/li>\n<li>Golvyta: 94W x 98D cm (0,92 m)<\/li>\n<li>Takfotsh\u00f6jd: 146H cm<\/li>\n<li>D\u00f6rrm\u00e5tt: 63,5W x 142H cm<\/li>\n<\/ul>\n<h3>Leveransens omfattning:<\/h3>\n<ul>\n<li>1 x odlingshus<\/li>\n<li>1 x Instruktioner<\/li>\n<\/ul>\n","protected":false},"excerpt":{"rendered":"<p>\u00d6ka enkelt f\u00f6rvaringsutrymmet och v\u00e4rdet p\u00e5 din fastighet med en friggebod. Verktygsboden i metall har klara f\u00f6rdelar j\u00e4mf\u00f6rt med traditionella&#8230;<\/p>\n","protected":false},"featured_media":44242,"template":"","meta":[],"product_brand":[],"product_cat":[436,438,435],"product_tag":[],"class_list":{"0":"post-44241","1":"product","2":"type-product","3":"status-publish","4":"has-post-thumbnail","6":"product_cat-bestall-i-tradgarden","7":"product_cat-redskapsbod","8":"product_cat-tradgard-och-terrass","10":"first","11":"instock","12":"sale","13":"taxable","14":"shipping-taxable","15":"purchasable","16":"product-type-simple"},"yoast_head":"<!-- This site is optimized with the Yoast SEO plugin v25.4 - https:\/\/yoast.com\/wordpress\/plugins\/seo\/ -->\n<title>TRUUSK St\u00e5lskjul 100 x 103 x 160cm - Gr\u00e5 - Robust konstruktion - L\u00e4tt att montera - Skyddar mot v\u00e4der och vind - TRUUSK - Hem, Tr\u00e4dg\u00e5rd &amp; Fritid<\/title>\n<meta name=\"robots\" content=\"index, follow, max-snippet:-1, max-image-preview:large, max-video-preview:-1\" \/>\n<link rel=\"canonical\" href=\"https:\/\/truusk.store\/sv\/produkt\/truusk-stalskjul-100-x-103-x-160cm-gra-robust-konstruktion-latt-att-montera-skyddar-mot-vader-och-vind\/\" \/>\n<meta property=\"og:locale\" content=\"sv_SE\" \/>\n<meta property=\"og:type\" content=\"article\" \/>\n<meta property=\"og:title\" content=\"TRUUSK St\u00e5lskjul 100 x 103 x 160cm - Gr\u00e5 - Robust konstruktion - L\u00e4tt att montera - Skyddar mot v\u00e4der och vind - TRUUSK - Hem, Tr\u00e4dg\u00e5rd &amp; Fritid\" \/>\n<meta property=\"og:description\" content=\"\u00d6ka enkelt f\u00f6rvaringsutrymmet och v\u00e4rdet p\u00e5 din fastighet med en friggebod. Verktygsboden i metall har klara f\u00f6rdelar j\u00e4mf\u00f6rt med traditionella...\" \/>\n<meta property=\"og:url\" content=\"https:\/\/truusk.store\/sv\/produkt\/truusk-stalskjul-100-x-103-x-160cm-gra-robust-konstruktion-latt-att-montera-skyddar-mot-vader-och-vind\/\" \/>\n<meta property=\"og:site_name\" content=\"TRUUSK - Hem, Tr\u00e4dg\u00e5rd &amp; Fritid\" \/>\n<meta property=\"article:modified_time\" content=\"2026-03-12T08:21:19+00:00\" \/>\n<meta property=\"og:image\" content=\"https:\/\/i0.wp.com\/truusk.se\/wp-content\/uploads\/2024\/02\/stalskjul-100-x-103-x-160cm-gra.webp?fit=800%2C800&ssl=1\" \/>\n\t<meta property=\"og:image:width\" content=\"800\" \/>\n\t<meta property=\"og:image:height\" content=\"800\" \/>\n\t<meta property=\"og:image:type\" content=\"image\/webp\" \/>\n<meta name=\"twitter:card\" content=\"summary_large_image\" \/>\n<meta name=\"twitter:label1\" content=\"Ber\u00e4knad l\u00e4stid\" \/>\n\t<meta name=\"twitter:data1\" content=\"1 minut\" \/>\n<!-- \/ Yoast SEO plugin. -->","yoast_head_json":{"title":"TRUUSK St\u00e5lskjul 100 x 103 x 160cm - Gr\u00e5 - Robust konstruktion - L\u00e4tt att montera - Skyddar mot v\u00e4der och vind - TRUUSK - Hem, Tr\u00e4dg\u00e5rd &amp; Fritid","robots":{"index":"index","follow":"follow","max-snippet":"max-snippet:-1","max-image-preview":"max-image-preview:large","max-video-preview":"max-video-preview:-1"},"canonical":"https:\/\/truusk.store\/sv\/produkt\/truusk-stalskjul-100-x-103-x-160cm-gra-robust-konstruktion-latt-att-montera-skyddar-mot-vader-och-vind\/","og_locale":"sv_SE","og_type":"article","og_title":"TRUUSK St\u00e5lskjul 100 x 103 x 160cm - Gr\u00e5 - Robust konstruktion - L\u00e4tt att montera - Skyddar mot v\u00e4der och vind - TRUUSK - Hem, Tr\u00e4dg\u00e5rd &amp; Fritid","og_description":"\u00d6ka enkelt f\u00f6rvaringsutrymmet och v\u00e4rdet p\u00e5 din fastighet med en friggebod. Verktygsboden i metall har klara f\u00f6rdelar j\u00e4mf\u00f6rt med traditionella...","og_url":"https:\/\/truusk.store\/sv\/produkt\/truusk-stalskjul-100-x-103-x-160cm-gra-robust-konstruktion-latt-att-montera-skyddar-mot-vader-och-vind\/","og_site_name":"TRUUSK - Hem, Tr\u00e4dg\u00e5rd &amp; Fritid","article_modified_time":"2026-03-12T08:21:19+00:00","og_image":[{"width":800,"height":800,"url":"https:\/\/i0.wp.com\/truusk.se\/wp-content\/uploads\/2024\/02\/stalskjul-100-x-103-x-160cm-gra.webp?fit=800%2C800&ssl=1","type":"image\/webp"}],"twitter_card":"summary_large_image","twitter_misc":{"Ber\u00e4knad l\u00e4stid":"1 minut"},"schema":{"@context":"https:\/\/schema.org","@graph":[{"@type":"WebPage","@id":"https:\/\/truusk.store\/sv\/produkt\/truusk-stalskjul-100-x-103-x-160cm-gra-robust-konstruktion-latt-att-montera-skyddar-mot-vader-och-vind\/","url":"https:\/\/truusk.store\/sv\/produkt\/truusk-stalskjul-100-x-103-x-160cm-gra-robust-konstruktion-latt-att-montera-skyddar-mot-vader-och-vind\/","name":"TRUUSK St\u00e5lskjul 100 x 103 x 160cm - Gr\u00e5 - Robust konstruktion - L\u00e4tt att montera - Skyddar mot v\u00e4der och vind - TRUUSK - Hem, Tr\u00e4dg\u00e5rd &amp; Fritid","isPartOf":{"@id":"https:\/\/truusk.store\/sv\/#website"},"primaryImageOfPage":{"@id":"https:\/\/truusk.store\/sv\/produkt\/truusk-stalskjul-100-x-103-x-160cm-gra-robust-konstruktion-latt-att-montera-skyddar-mot-vader-och-vind\/#primaryimage"},"image":{"@id":"https:\/\/truusk.store\/sv\/produkt\/truusk-stalskjul-100-x-103-x-160cm-gra-robust-konstruktion-latt-att-montera-skyddar-mot-vader-och-vind\/#primaryimage"},"thumbnailUrl":"https:\/\/i0.wp.com\/truusk.store\/wp-content\/uploads\/2024\/02\/stalskjul-100-x-103-x-160cm-gra.webp?fit=800%2C800&ssl=1","datePublished":"2024-02-14T04:02:11+00:00","dateModified":"2026-03-12T08:21:19+00:00","breadcrumb":{"@id":"https:\/\/truusk.store\/sv\/produkt\/truusk-stalskjul-100-x-103-x-160cm-gra-robust-konstruktion-latt-att-montera-skyddar-mot-vader-och-vind\/#breadcrumb"},"inLanguage":"sv-SE","potentialAction":[{"@type":"ReadAction","target":["https:\/\/truusk.store\/sv\/produkt\/truusk-stalskjul-100-x-103-x-160cm-gra-robust-konstruktion-latt-att-montera-skyddar-mot-vader-och-vind\/"]}]},{"@type":"ImageObject","inLanguage":"sv-SE","@id":"https:\/\/truusk.store\/sv\/produkt\/truusk-stalskjul-100-x-103-x-160cm-gra-robust-konstruktion-latt-att-montera-skyddar-mot-vader-och-vind\/#primaryimage","url":"https:\/\/i0.wp.com\/truusk.store\/wp-content\/uploads\/2024\/02\/stalskjul-100-x-103-x-160cm-gra.webp?fit=800%2C800&ssl=1","contentUrl":"https:\/\/i0.wp.com\/truusk.store\/wp-content\/uploads\/2024\/02\/stalskjul-100-x-103-x-160cm-gra.webp?fit=800%2C800&ssl=1","width":800,"height":800,"caption":"St\u00e5lskjul 100 X 103 X 160cm Gr\u00e5 1"},{"@type":"BreadcrumbList","@id":"https:\/\/truusk.store\/sv\/produkt\/truusk-stalskjul-100-x-103-x-160cm-gra-robust-konstruktion-latt-att-montera-skyddar-mot-vader-och-vind\/#breadcrumb","itemListElement":[{"@type":"ListItem","position":1,"name":"Home","item":"https:\/\/truusk.store\/sv\/"},{"@type":"ListItem","position":2,"name":"Shop","item":"https:\/\/truusk.store\/shop\/"},{"@type":"ListItem","position":3,"name":"TRUUSK St\u00e5lskjul 100 x 103 x 160cm &#8211; Gr\u00e5 &#8211; Robust konstruktion &#8211; L\u00e4tt att montera &#8211; Skyddar mot v\u00e4der och vind"}]},{"@type":"WebSite","@id":"https:\/\/truusk.store\/sv\/#website","url":"https:\/\/truusk.store\/sv\/","name":"TRUUSK - Hem, Tr\u00e4dg\u00e5rd & Fritid","description":"","publisher":{"@id":"https:\/\/truusk.store\/sv\/#organization"},"potentialAction":[{"@type":"SearchAction","target":{"@type":"EntryPoint","urlTemplate":"https:\/\/truusk.store\/sv\/?s={search_term_string}"},"query-input":{"@type":"PropertyValueSpecification","valueRequired":true,"valueName":"search_term_string"}}],"inLanguage":"sv-SE"},{"@type":"Organization","@id":"https:\/\/truusk.store\/sv\/#organization","name":"TRUUSK - Hem, Tr\u00e4dg\u00e5rd & Fritid","url":"https:\/\/truusk.store\/sv\/","logo":{"@type":"ImageObject","inLanguage":"sv-SE","@id":"https:\/\/truusk.store\/sv\/#\/schema\/logo\/image\/","url":"https:\/\/i0.wp.com\/truusk.store\/wp-content\/uploads\/2026\/03\/cropped-TRUUSK.png?fit=2032%2C917&ssl=1","contentUrl":"https:\/\/i0.wp.com\/truusk.store\/wp-content\/uploads\/2026\/03\/cropped-TRUUSK.png?fit=2032%2C917&ssl=1","width":2032,"height":917,"caption":"TRUUSK - Hem, Tr\u00e4dg\u00e5rd & Fritid"},"image":{"@id":"https:\/\/truusk.store\/sv\/#\/schema\/logo\/image\/"}}]}},"jetpack_sharing_enabled":true,"_links":{"self":[{"href":"https:\/\/truusk.store\/sv\/wp-json\/wp\/v2\/product\/44241","targetHints":{"allow":["GET"]}}],"collection":[{"href":"https:\/\/truusk.store\/sv\/wp-json\/wp\/v2\/product"}],"about":[{"href":"https:\/\/truusk.store\/sv\/wp-json\/wp\/v2\/types\/product"}],"wp:featuredmedia":[{"embeddable":true,"href":"https:\/\/truusk.store\/sv\/wp-json\/wp\/v2\/media\/44242"}],"wp:attachment":[{"href":"https:\/\/truusk.store\/sv\/wp-json\/wp\/v2\/media?parent=44241"}],"wp:term":[{"taxonomy":"product_brand","embeddable":true,"href":"https:\/\/truusk.store\/sv\/wp-json\/wp\/v2\/product_brand?post=44241"},{"taxonomy":"product_cat","embeddable":true,"href":"https:\/\/truusk.store\/sv\/wp-json\/wp\/v2\/product_cat?post=44241"},{"taxonomy":"product_tag","embeddable":true,"href":"https:\/\/truusk.store\/sv\/wp-json\/wp\/v2\/product_tag?post=44241"}],"curies":[{"name":"wp","href":"https:\/\/api.w.org\/{rel}","templated":true}]}}