{"id":44251,"date":"2024-02-14T05:02:31","date_gmt":"2024-02-14T04:02:31","guid":{"rendered":"https:\/\/truusk.store\/product\/ritstol-skrivbordsstol-datorstol-inklusive-fotstod-hojdjusterbar-59-x-59-x-115-cm-svart\/"},"modified":"2026-03-12T09:21:20","modified_gmt":"2026-03-12T08:21:20","slug":"truusk-ritstol-med-fotstod-justerbar-hojd-59-x-59-x-115-cm-svart","status":"publish","type":"product","link":"https:\/\/truusk.store\/sv\/produkt\/truusk-ritstol-med-fotstod-justerbar-hojd-59-x-59-x-115-cm-svart\/","title":{"rendered":"TRUUSK Ritstol med fotst\u00f6d &#8211; Justerbar h\u00f6jd &#8211; 59 x 59 x 115 cm &#8211; Svart"},"content":{"rendered":"<p>En bra stol m\u00e5ste vara bekv\u00e4m \u00e4ven efter att ha suttit l\u00e4nge. Denna arbetsstol har tjock stoppning och andningsbart mesh f\u00f6r att ge dig den komfort du beh\u00f6ver. Datorstolen \u00e4r justerbar i h\u00f6jdled, har bekv\u00e4mt svankst\u00f6d och f\u00e4llbara armst\u00f6d f\u00f6r att spara utrymme n\u00e4r den inte anv\u00e4nds. Det b\u00e4sta med denna PC-stol, som \u00e4r idealisk f\u00f6r att rita, \u00e4r det h\u00f6jdjusterbara runda fotst\u00f6det.<\/p>\n<h3>Beskrivning:<\/h3>\n<ul>\n<li>Ergonomiskt formad ritstol med b\u00f6jt ryggst\u00f6d i mesh och vadderad sits<\/li>\n<li>Justerbar sitth\u00f6jd fr\u00e5n 52 cm till 72 cm f\u00f6r bekv\u00e4mt arbete vid bordet<\/li>\n<li>Mesh\u00f6verdraget andas och \u00e4r bekv\u00e4mt<\/li>\n<li>H\u00f6jdjusterbara fotst\u00f6d f\u00f6r att lindra trycket p\u00e5 f\u00f6tterna och st\u00f6dja korrekt h\u00e5llning<\/li>\n<li>Uppf\u00e4llbara armst\u00f6d ger en bekv\u00e4m position n\u00e4r du ritar och kommer inte i v\u00e4gen n\u00e4r stolen placeras under ritbordet<\/li>\n<li>Sv\u00e4ngbara hjul och s\u00e4te \u00f6kar r\u00f6rligheten och g\u00f6r att du kan n\u00e5 olika omr\u00e5den utan att beh\u00f6va l\u00e4mna stolen<\/li>\n<li>Montering kr\u00e4vs<\/li>\n<\/ul>\n<h3>Teknisk data:<\/h3>\n<ul>\n<li>Svart f\u00e4rg<\/li>\n<li>Material: mesh (100% polyester), skum, flerskiktsskiva, nylon, st\u00e5l<\/li>\n<li>\u00d6vergripande m\u00e5tt: 59L x 59W x 95-115H cm<\/li>\n<li>M\u00e5tt sits: 48L x 45W x 52-72H cm<\/li>\n<li>Ryggst\u00f6dsm\u00e5tt: 45L x 2W x 45H cm<\/li>\n<li>Armst\u00f6dsm\u00e5tt: 29L x 7W x 19H cm (h\u00f6jd till sits)<\/li>\n<li>Fotst\u00f6dsm\u00e5tt: 45 x 20-37H cm<\/li>\n<li>Max belastning: 120 kg<\/li>\n<\/ul>\n<h3>Leveransens omfattning:<\/h3>\n<ul>\n<li>1 x Ritstol<\/li>\n<li>1 x bruksanvisning<\/li>\n<\/ul>\n","protected":false},"excerpt":{"rendered":"<p>En bra stol m\u00e5ste vara bekv\u00e4m \u00e4ven efter att ha suttit l\u00e4nge. Denna arbetsstol har tjock stoppning och andningsbart mesh&#8230;<\/p>\n","protected":false},"featured_media":44252,"template":"","meta":[],"product_brand":[],"product_cat":[485,516,515],"product_tag":[],"class_list":{"0":"post-44251","1":"product","2":"type-product","3":"status-publish","4":"has-post-thumbnail","6":"product_cat-hus-bo","7":"product_cat-kontorsstolar","8":"product_cat-stolar","10":"first","11":"instock","12":"sale","13":"taxable","14":"shipping-taxable","15":"purchasable","16":"product-type-simple"},"yoast_head":"<!-- This site is optimized with the Yoast SEO plugin v25.4 - https:\/\/yoast.com\/wordpress\/plugins\/seo\/ -->\n<title>TRUUSK Ritstol med fotst\u00f6d - Justerbar h\u00f6jd - 59 x 59 x 115 cm - Svart - TRUUSK - Hem, Tr\u00e4dg\u00e5rd &amp; Fritid<\/title>\n<meta name=\"robots\" content=\"index, follow, max-snippet:-1, max-image-preview:large, max-video-preview:-1\" \/>\n<link rel=\"canonical\" href=\"https:\/\/truusk.store\/sv\/produkt\/truusk-ritstol-med-fotstod-justerbar-hojd-59-x-59-x-115-cm-svart\/\" \/>\n<meta property=\"og:locale\" content=\"sv_SE\" \/>\n<meta property=\"og:type\" content=\"article\" \/>\n<meta property=\"og:title\" content=\"TRUUSK Ritstol med fotst\u00f6d - Justerbar h\u00f6jd - 59 x 59 x 115 cm - Svart - TRUUSK - Hem, Tr\u00e4dg\u00e5rd &amp; Fritid\" \/>\n<meta property=\"og:description\" content=\"En bra stol m\u00e5ste vara bekv\u00e4m \u00e4ven efter att ha suttit l\u00e4nge. Denna arbetsstol har tjock stoppning och andningsbart mesh...\" \/>\n<meta property=\"og:url\" content=\"https:\/\/truusk.store\/sv\/produkt\/truusk-ritstol-med-fotstod-justerbar-hojd-59-x-59-x-115-cm-svart\/\" \/>\n<meta property=\"og:site_name\" content=\"TRUUSK - Hem, Tr\u00e4dg\u00e5rd &amp; Fritid\" \/>\n<meta property=\"article:modified_time\" content=\"2026-03-12T08:21:20+00:00\" \/>\n<meta property=\"og:image\" content=\"https:\/\/i0.wp.com\/truusk.se\/wp-content\/uploads\/2024\/02\/ritstol-skrivbordsstol-datorstol-inklusive-fotstod-hojdjusterbar-59-x-59-x-115-cm-svart.webp?fit=800%2C800&ssl=1\" \/>\n\t<meta property=\"og:image:width\" content=\"800\" \/>\n\t<meta property=\"og:image:height\" content=\"800\" \/>\n\t<meta property=\"og:image:type\" content=\"image\/webp\" \/>\n<meta name=\"twitter:card\" content=\"summary_large_image\" \/>\n<meta name=\"twitter:label1\" content=\"Ber\u00e4knad l\u00e4stid\" \/>\n\t<meta name=\"twitter:data1\" content=\"1 minut\" \/>\n<!-- \/ Yoast SEO plugin. -->","yoast_head_json":{"title":"TRUUSK Ritstol med fotst\u00f6d - Justerbar h\u00f6jd - 59 x 59 x 115 cm - Svart - TRUUSK - Hem, Tr\u00e4dg\u00e5rd &amp; Fritid","robots":{"index":"index","follow":"follow","max-snippet":"max-snippet:-1","max-image-preview":"max-image-preview:large","max-video-preview":"max-video-preview:-1"},"canonical":"https:\/\/truusk.store\/sv\/produkt\/truusk-ritstol-med-fotstod-justerbar-hojd-59-x-59-x-115-cm-svart\/","og_locale":"sv_SE","og_type":"article","og_title":"TRUUSK Ritstol med fotst\u00f6d - Justerbar h\u00f6jd - 59 x 59 x 115 cm - Svart - TRUUSK - Hem, Tr\u00e4dg\u00e5rd &amp; Fritid","og_description":"En bra stol m\u00e5ste vara bekv\u00e4m \u00e4ven efter att ha suttit l\u00e4nge. Denna arbetsstol har tjock stoppning och andningsbart mesh...","og_url":"https:\/\/truusk.store\/sv\/produkt\/truusk-ritstol-med-fotstod-justerbar-hojd-59-x-59-x-115-cm-svart\/","og_site_name":"TRUUSK - Hem, Tr\u00e4dg\u00e5rd &amp; Fritid","article_modified_time":"2026-03-12T08:21:20+00:00","og_image":[{"width":800,"height":800,"url":"https:\/\/i0.wp.com\/truusk.se\/wp-content\/uploads\/2024\/02\/ritstol-skrivbordsstol-datorstol-inklusive-fotstod-hojdjusterbar-59-x-59-x-115-cm-svart.webp?fit=800%2C800&ssl=1","type":"image\/webp"}],"twitter_card":"summary_large_image","twitter_misc":{"Ber\u00e4knad l\u00e4stid":"1 minut"},"schema":{"@context":"https:\/\/schema.org","@graph":[{"@type":"WebPage","@id":"https:\/\/truusk.store\/sv\/produkt\/truusk-ritstol-med-fotstod-justerbar-hojd-59-x-59-x-115-cm-svart\/","url":"https:\/\/truusk.store\/sv\/produkt\/truusk-ritstol-med-fotstod-justerbar-hojd-59-x-59-x-115-cm-svart\/","name":"TRUUSK Ritstol med fotst\u00f6d - Justerbar h\u00f6jd - 59 x 59 x 115 cm - Svart - TRUUSK - Hem, Tr\u00e4dg\u00e5rd &amp; Fritid","isPartOf":{"@id":"https:\/\/truusk.store\/sv\/#website"},"primaryImageOfPage":{"@id":"https:\/\/truusk.store\/sv\/produkt\/truusk-ritstol-med-fotstod-justerbar-hojd-59-x-59-x-115-cm-svart\/#primaryimage"},"image":{"@id":"https:\/\/truusk.store\/sv\/produkt\/truusk-ritstol-med-fotstod-justerbar-hojd-59-x-59-x-115-cm-svart\/#primaryimage"},"thumbnailUrl":"https:\/\/i0.wp.com\/truusk.store\/wp-content\/uploads\/2024\/02\/ritstol-skrivbordsstol-datorstol-inklusive-fotstod-hojdjusterbar-59-x-59-x-115-cm-svart.webp?fit=800%2C800&ssl=1","datePublished":"2024-02-14T04:02:31+00:00","dateModified":"2026-03-12T08:21:20+00:00","breadcrumb":{"@id":"https:\/\/truusk.store\/sv\/produkt\/truusk-ritstol-med-fotstod-justerbar-hojd-59-x-59-x-115-cm-svart\/#breadcrumb"},"inLanguage":"sv-SE","potentialAction":[{"@type":"ReadAction","target":["https:\/\/truusk.store\/sv\/produkt\/truusk-ritstol-med-fotstod-justerbar-hojd-59-x-59-x-115-cm-svart\/"]}]},{"@type":"ImageObject","inLanguage":"sv-SE","@id":"https:\/\/truusk.store\/sv\/produkt\/truusk-ritstol-med-fotstod-justerbar-hojd-59-x-59-x-115-cm-svart\/#primaryimage","url":"https:\/\/i0.wp.com\/truusk.store\/wp-content\/uploads\/2024\/02\/ritstol-skrivbordsstol-datorstol-inklusive-fotstod-hojdjusterbar-59-x-59-x-115-cm-svart.webp?fit=800%2C800&ssl=1","contentUrl":"https:\/\/i0.wp.com\/truusk.store\/wp-content\/uploads\/2024\/02\/ritstol-skrivbordsstol-datorstol-inklusive-fotstod-hojdjusterbar-59-x-59-x-115-cm-svart.webp?fit=800%2C800&ssl=1","width":800,"height":800,"caption":"Ritstol, Skrivbordsstol, Datorstol, Inklusive Fotst\u00f6d, H\u00f6jdjusterbar, 59 X 59 X 115 Cm, Svart 1"},{"@type":"BreadcrumbList","@id":"https:\/\/truusk.store\/sv\/produkt\/truusk-ritstol-med-fotstod-justerbar-hojd-59-x-59-x-115-cm-svart\/#breadcrumb","itemListElement":[{"@type":"ListItem","position":1,"name":"Home","item":"https:\/\/truusk.store\/sv\/"},{"@type":"ListItem","position":2,"name":"Shop","item":"https:\/\/truusk.store\/shop\/"},{"@type":"ListItem","position":3,"name":"TRUUSK Ritstol med fotst\u00f6d &#8211; Justerbar h\u00f6jd &#8211; 59 x 59 x 115 cm &#8211; Svart"}]},{"@type":"WebSite","@id":"https:\/\/truusk.store\/sv\/#website","url":"https:\/\/truusk.store\/sv\/","name":"TRUUSK - Hem, Tr\u00e4dg\u00e5rd & Fritid","description":"","publisher":{"@id":"https:\/\/truusk.store\/sv\/#organization"},"potentialAction":[{"@type":"SearchAction","target":{"@type":"EntryPoint","urlTemplate":"https:\/\/truusk.store\/sv\/?s={search_term_string}"},"query-input":{"@type":"PropertyValueSpecification","valueRequired":true,"valueName":"search_term_string"}}],"inLanguage":"sv-SE"},{"@type":"Organization","@id":"https:\/\/truusk.store\/sv\/#organization","name":"TRUUSK - Hem, Tr\u00e4dg\u00e5rd & Fritid","url":"https:\/\/truusk.store\/sv\/","logo":{"@type":"ImageObject","inLanguage":"sv-SE","@id":"https:\/\/truusk.store\/sv\/#\/schema\/logo\/image\/","url":"https:\/\/i0.wp.com\/truusk.store\/wp-content\/uploads\/2026\/03\/cropped-TRUUSK.png?fit=2032%2C917&ssl=1","contentUrl":"https:\/\/i0.wp.com\/truusk.store\/wp-content\/uploads\/2026\/03\/cropped-TRUUSK.png?fit=2032%2C917&ssl=1","width":2032,"height":917,"caption":"TRUUSK - Hem, Tr\u00e4dg\u00e5rd & Fritid"},"image":{"@id":"https:\/\/truusk.store\/sv\/#\/schema\/logo\/image\/"}}]}},"jetpack_sharing_enabled":true,"_links":{"self":[{"href":"https:\/\/truusk.store\/sv\/wp-json\/wp\/v2\/product\/44251","targetHints":{"allow":["GET"]}}],"collection":[{"href":"https:\/\/truusk.store\/sv\/wp-json\/wp\/v2\/product"}],"about":[{"href":"https:\/\/truusk.store\/sv\/wp-json\/wp\/v2\/types\/product"}],"wp:featuredmedia":[{"embeddable":true,"href":"https:\/\/truusk.store\/sv\/wp-json\/wp\/v2\/media\/44252"}],"wp:attachment":[{"href":"https:\/\/truusk.store\/sv\/wp-json\/wp\/v2\/media?parent=44251"}],"wp:term":[{"taxonomy":"product_brand","embeddable":true,"href":"https:\/\/truusk.store\/sv\/wp-json\/wp\/v2\/product_brand?post=44251"},{"taxonomy":"product_cat","embeddable":true,"href":"https:\/\/truusk.store\/sv\/wp-json\/wp\/v2\/product_cat?post=44251"},{"taxonomy":"product_tag","embeddable":true,"href":"https:\/\/truusk.store\/sv\/wp-json\/wp\/v2\/product_tag?post=44251"}],"curies":[{"name":"wp","href":"https:\/\/api.w.org\/{rel}","templated":true}]}}