{"id":44325,"date":"2024-02-14T05:05:32","date_gmt":"2024-02-14T04:05:32","guid":{"rendered":"https:\/\/truusk.store\/product\/tradgardslampa-stigljus-stolpljus-med-led-vaderbestandig-16cm-x-5cm-x-90cm-morkgra\/"},"modified":"2026-03-12T09:21:26","modified_gmt":"2026-03-12T08:21:26","slug":"truusk-tradgardslampa-och-stigljus-med-led-vaderbestandig-morkgra-16cm-x-5cm-x-90cm","status":"publish","type":"product","link":"https:\/\/truusk.store\/sv\/produkt\/truusk-tradgardslampa-och-stigljus-med-led-vaderbestandig-morkgra-16cm-x-5cm-x-90cm\/","title":{"rendered":"TRUUSK Tr\u00e4dg\u00e5rdslampa och Stigljus med LED &#8211; V\u00e4derbest\u00e4ndig &#8211; M\u00f6rkgr\u00e5 &#8211; 16cm x 5cm x 90cm"},"content":{"rendered":"<p>V\u00e4lj denna moderna tr\u00e4dg\u00e5rdslampa f\u00f6r att lysa upp din tr\u00e4dg\u00e5rd. Tack vare den vattent\u00e4ta klassificeringen IP65 t\u00e5l denna tr\u00e4dg\u00e5rdslampa n\u00e4stan alla v\u00e4der. De 28 lysdioderna inuti skyddas av det stora och tydliga h\u00f6ljet, som l\u00e5ter ett varmvitt ljus lysa igenom f\u00f6r maximal ljusstyrka. Ett effektivt s\u00e4tt att spara pengar och vackert lysa upp din entr\u00e9 och tr\u00e4dg\u00e5rd.<\/p>\n<h3>Beskrivning:<\/h3>\n<ul>\n<li>Modernt designad utomhuslampa, ett vackert tillskott till din tr\u00e4dg\u00e5rd eller husfasad<\/li>\n<li>Lampans vinkel kan justeras 45 till v\u00e4nster och h\u00f6ger<\/li>\n<li>LED-lampor avger ett varmvitt ljus. Inget behov av att byta gl\u00f6dlampor<\/li>\n<li>Kan s\u00e4kert anv\u00e4ndas utomhus d\u00e5 lampan \u00e4r v\u00e4derbest\u00e4ndig<\/li>\n<li>Kvalitetslinsen balanserar ljuset och skyddar dina \u00f6gon<\/li>\n<li>Hus av gjuten aluminium med pulverlackering f\u00f6r \u00f6kad s\u00e4kerhet<\/li>\n<li>Energisn\u00e5l, h\u00e5llbar och l\u00e4mplig f\u00f6r utomhusbruk<\/li>\n<li>F\u00f6r att t\u00e4nda lampan m\u00e5ste kontakten s\u00e4ttas in i uttaget<\/li>\n<li>Ingen montering kr\u00e4vs<\/li>\n<\/ul>\n<h3>Teknisk data:<\/h3>\n<ul>\n<li>F\u00e4rg: M\u00f6rkgr\u00e5<\/li>\n<li>Material: aluminium, glas, gummi<\/li>\n<li>\u00d6vergripande m\u00e5tt: 16L x 5W x 90H cm<\/li>\n<li>LED-f\u00e4rg: 3000K varmvit:<\/li>\n<li>Ljusstyrka: 460LM<\/li>\n<li>Sp\u00e4nning: 220-240V<\/li>\n<li>Effekt: 0,5W (enkel LED-lampa), 8W (28 LED-lampor)<\/li>\n<li>Vattent\u00e4t niv\u00e5: IP65<\/li>\n<li>Kabell\u00e4ngd: 27 cm<\/li>\n<li>Arbetsmilj\u00f6temperatur: -10-45<\/li>\n<\/ul>\n<h3>Leveransens omfattning:<\/h3>\n<ul>\n<li>1 x tr\u00e4dg\u00e5rdslampa<\/li>\n<li>2 x Expansionsskruv<\/li>\n<li>1 x Instruktioner<\/li>\n<\/ul>\n","protected":false},"excerpt":{"rendered":"<p>V\u00e4lj denna moderna tr\u00e4dg\u00e5rdslampa f\u00f6r att lysa upp din tr\u00e4dg\u00e5rd. Tack vare den vattent\u00e4ta klassificeringen IP65 t\u00e5l denna tr\u00e4dg\u00e5rdslampa n\u00e4stan&#8230;<\/p>\n","protected":false},"featured_media":44326,"template":"","meta":[],"product_brand":[],"product_cat":[435,465,464],"product_tag":[],"class_list":{"0":"post-44325","1":"product","2":"type-product","3":"status-publish","4":"has-post-thumbnail","6":"product_cat-tradgard-och-terrass","7":"product_cat-tradgardsbelysning","8":"product_cat-tradgardsdekoration","10":"first","11":"instock","12":"sale","13":"taxable","14":"shipping-taxable","15":"purchasable","16":"product-type-simple"},"yoast_head":"<!-- This site is optimized with the Yoast SEO plugin v25.4 - https:\/\/yoast.com\/wordpress\/plugins\/seo\/ -->\n<title>TRUUSK Tr\u00e4dg\u00e5rdslampa och Stigljus med LED - V\u00e4derbest\u00e4ndig - M\u00f6rkgr\u00e5 - 16cm x 5cm x 90cm - TRUUSK - Hem, Tr\u00e4dg\u00e5rd &amp; Fritid<\/title>\n<meta name=\"robots\" content=\"index, follow, max-snippet:-1, max-image-preview:large, max-video-preview:-1\" \/>\n<link rel=\"canonical\" href=\"https:\/\/truusk.store\/sv\/produkt\/truusk-tradgardslampa-och-stigljus-med-led-vaderbestandig-morkgra-16cm-x-5cm-x-90cm\/\" \/>\n<meta property=\"og:locale\" content=\"sv_SE\" \/>\n<meta property=\"og:type\" content=\"article\" \/>\n<meta property=\"og:title\" content=\"TRUUSK Tr\u00e4dg\u00e5rdslampa och Stigljus med LED - V\u00e4derbest\u00e4ndig - M\u00f6rkgr\u00e5 - 16cm x 5cm x 90cm - TRUUSK - Hem, Tr\u00e4dg\u00e5rd &amp; Fritid\" \/>\n<meta property=\"og:description\" content=\"V\u00e4lj denna moderna tr\u00e4dg\u00e5rdslampa f\u00f6r att lysa upp din tr\u00e4dg\u00e5rd. Tack vare den vattent\u00e4ta klassificeringen IP65 t\u00e5l denna tr\u00e4dg\u00e5rdslampa n\u00e4stan...\" \/>\n<meta property=\"og:url\" content=\"https:\/\/truusk.store\/sv\/produkt\/truusk-tradgardslampa-och-stigljus-med-led-vaderbestandig-morkgra-16cm-x-5cm-x-90cm\/\" \/>\n<meta property=\"og:site_name\" content=\"TRUUSK - Hem, Tr\u00e4dg\u00e5rd &amp; Fritid\" \/>\n<meta property=\"article:modified_time\" content=\"2026-03-12T08:21:26+00:00\" \/>\n<meta property=\"og:image\" content=\"https:\/\/i0.wp.com\/truusk.se\/wp-content\/uploads\/2024\/02\/tradgardslampa-stigljus-stolpljus-med-led-vaderbestandig-16cm-x-5cm-x-90cm-morkgra.webp?fit=800%2C800&ssl=1\" \/>\n\t<meta property=\"og:image:width\" content=\"800\" \/>\n\t<meta property=\"og:image:height\" content=\"800\" \/>\n\t<meta property=\"og:image:type\" content=\"image\/webp\" \/>\n<meta name=\"twitter:card\" content=\"summary_large_image\" \/>\n<meta name=\"twitter:label1\" content=\"Ber\u00e4knad l\u00e4stid\" \/>\n\t<meta name=\"twitter:data1\" content=\"1 minut\" \/>\n<!-- \/ Yoast SEO plugin. -->","yoast_head_json":{"title":"TRUUSK Tr\u00e4dg\u00e5rdslampa och Stigljus med LED - V\u00e4derbest\u00e4ndig - M\u00f6rkgr\u00e5 - 16cm x 5cm x 90cm - TRUUSK - Hem, Tr\u00e4dg\u00e5rd &amp; Fritid","robots":{"index":"index","follow":"follow","max-snippet":"max-snippet:-1","max-image-preview":"max-image-preview:large","max-video-preview":"max-video-preview:-1"},"canonical":"https:\/\/truusk.store\/sv\/produkt\/truusk-tradgardslampa-och-stigljus-med-led-vaderbestandig-morkgra-16cm-x-5cm-x-90cm\/","og_locale":"sv_SE","og_type":"article","og_title":"TRUUSK Tr\u00e4dg\u00e5rdslampa och Stigljus med LED - V\u00e4derbest\u00e4ndig - M\u00f6rkgr\u00e5 - 16cm x 5cm x 90cm - TRUUSK - Hem, Tr\u00e4dg\u00e5rd &amp; Fritid","og_description":"V\u00e4lj denna moderna tr\u00e4dg\u00e5rdslampa f\u00f6r att lysa upp din tr\u00e4dg\u00e5rd. Tack vare den vattent\u00e4ta klassificeringen IP65 t\u00e5l denna tr\u00e4dg\u00e5rdslampa n\u00e4stan...","og_url":"https:\/\/truusk.store\/sv\/produkt\/truusk-tradgardslampa-och-stigljus-med-led-vaderbestandig-morkgra-16cm-x-5cm-x-90cm\/","og_site_name":"TRUUSK - Hem, Tr\u00e4dg\u00e5rd &amp; Fritid","article_modified_time":"2026-03-12T08:21:26+00:00","og_image":[{"width":800,"height":800,"url":"https:\/\/i0.wp.com\/truusk.se\/wp-content\/uploads\/2024\/02\/tradgardslampa-stigljus-stolpljus-med-led-vaderbestandig-16cm-x-5cm-x-90cm-morkgra.webp?fit=800%2C800&ssl=1","type":"image\/webp"}],"twitter_card":"summary_large_image","twitter_misc":{"Ber\u00e4knad l\u00e4stid":"1 minut"},"schema":{"@context":"https:\/\/schema.org","@graph":[{"@type":"WebPage","@id":"https:\/\/truusk.store\/sv\/produkt\/truusk-tradgardslampa-och-stigljus-med-led-vaderbestandig-morkgra-16cm-x-5cm-x-90cm\/","url":"https:\/\/truusk.store\/sv\/produkt\/truusk-tradgardslampa-och-stigljus-med-led-vaderbestandig-morkgra-16cm-x-5cm-x-90cm\/","name":"TRUUSK Tr\u00e4dg\u00e5rdslampa och Stigljus med LED - V\u00e4derbest\u00e4ndig - M\u00f6rkgr\u00e5 - 16cm x 5cm x 90cm - TRUUSK - Hem, Tr\u00e4dg\u00e5rd &amp; Fritid","isPartOf":{"@id":"https:\/\/truusk.store\/sv\/#website"},"primaryImageOfPage":{"@id":"https:\/\/truusk.store\/sv\/produkt\/truusk-tradgardslampa-och-stigljus-med-led-vaderbestandig-morkgra-16cm-x-5cm-x-90cm\/#primaryimage"},"image":{"@id":"https:\/\/truusk.store\/sv\/produkt\/truusk-tradgardslampa-och-stigljus-med-led-vaderbestandig-morkgra-16cm-x-5cm-x-90cm\/#primaryimage"},"thumbnailUrl":"https:\/\/i0.wp.com\/truusk.store\/wp-content\/uploads\/2024\/02\/tradgardslampa-stigljus-stolpljus-med-led-vaderbestandig-16cm-x-5cm-x-90cm-morkgra.webp?fit=800%2C800&ssl=1","datePublished":"2024-02-14T04:05:32+00:00","dateModified":"2026-03-12T08:21:26+00:00","breadcrumb":{"@id":"https:\/\/truusk.store\/sv\/produkt\/truusk-tradgardslampa-och-stigljus-med-led-vaderbestandig-morkgra-16cm-x-5cm-x-90cm\/#breadcrumb"},"inLanguage":"sv-SE","potentialAction":[{"@type":"ReadAction","target":["https:\/\/truusk.store\/sv\/produkt\/truusk-tradgardslampa-och-stigljus-med-led-vaderbestandig-morkgra-16cm-x-5cm-x-90cm\/"]}]},{"@type":"ImageObject","inLanguage":"sv-SE","@id":"https:\/\/truusk.store\/sv\/produkt\/truusk-tradgardslampa-och-stigljus-med-led-vaderbestandig-morkgra-16cm-x-5cm-x-90cm\/#primaryimage","url":"https:\/\/i0.wp.com\/truusk.store\/wp-content\/uploads\/2024\/02\/tradgardslampa-stigljus-stolpljus-med-led-vaderbestandig-16cm-x-5cm-x-90cm-morkgra.webp?fit=800%2C800&ssl=1","contentUrl":"https:\/\/i0.wp.com\/truusk.store\/wp-content\/uploads\/2024\/02\/tradgardslampa-stigljus-stolpljus-med-led-vaderbestandig-16cm-x-5cm-x-90cm-morkgra.webp?fit=800%2C800&ssl=1","width":800,"height":800,"caption":"Tr\u00e4dg\u00e5rdslampa, Stigljus, Stolpljus Med LED, V\u00e4derbest\u00e4ndig, 16cm X 5cm X 90cm, M\u00f6rkgr\u00e5 1"},{"@type":"BreadcrumbList","@id":"https:\/\/truusk.store\/sv\/produkt\/truusk-tradgardslampa-och-stigljus-med-led-vaderbestandig-morkgra-16cm-x-5cm-x-90cm\/#breadcrumb","itemListElement":[{"@type":"ListItem","position":1,"name":"Home","item":"https:\/\/truusk.store\/sv\/"},{"@type":"ListItem","position":2,"name":"Shop","item":"https:\/\/truusk.store\/shop\/"},{"@type":"ListItem","position":3,"name":"TRUUSK Tr\u00e4dg\u00e5rdslampa och Stigljus med LED &#8211; V\u00e4derbest\u00e4ndig &#8211; M\u00f6rkgr\u00e5 &#8211; 16cm x 5cm x 90cm"}]},{"@type":"WebSite","@id":"https:\/\/truusk.store\/sv\/#website","url":"https:\/\/truusk.store\/sv\/","name":"TRUUSK - Hem, Tr\u00e4dg\u00e5rd & Fritid","description":"","publisher":{"@id":"https:\/\/truusk.store\/sv\/#organization"},"potentialAction":[{"@type":"SearchAction","target":{"@type":"EntryPoint","urlTemplate":"https:\/\/truusk.store\/sv\/?s={search_term_string}"},"query-input":{"@type":"PropertyValueSpecification","valueRequired":true,"valueName":"search_term_string"}}],"inLanguage":"sv-SE"},{"@type":"Organization","@id":"https:\/\/truusk.store\/sv\/#organization","name":"TRUUSK - Hem, Tr\u00e4dg\u00e5rd & Fritid","url":"https:\/\/truusk.store\/sv\/","logo":{"@type":"ImageObject","inLanguage":"sv-SE","@id":"https:\/\/truusk.store\/sv\/#\/schema\/logo\/image\/","url":"https:\/\/i0.wp.com\/truusk.store\/wp-content\/uploads\/2026\/03\/cropped-TRUUSK.png?fit=2032%2C917&ssl=1","contentUrl":"https:\/\/i0.wp.com\/truusk.store\/wp-content\/uploads\/2026\/03\/cropped-TRUUSK.png?fit=2032%2C917&ssl=1","width":2032,"height":917,"caption":"TRUUSK - Hem, Tr\u00e4dg\u00e5rd & Fritid"},"image":{"@id":"https:\/\/truusk.store\/sv\/#\/schema\/logo\/image\/"}}]}},"jetpack_sharing_enabled":true,"_links":{"self":[{"href":"https:\/\/truusk.store\/sv\/wp-json\/wp\/v2\/product\/44325","targetHints":{"allow":["GET"]}}],"collection":[{"href":"https:\/\/truusk.store\/sv\/wp-json\/wp\/v2\/product"}],"about":[{"href":"https:\/\/truusk.store\/sv\/wp-json\/wp\/v2\/types\/product"}],"wp:featuredmedia":[{"embeddable":true,"href":"https:\/\/truusk.store\/sv\/wp-json\/wp\/v2\/media\/44326"}],"wp:attachment":[{"href":"https:\/\/truusk.store\/sv\/wp-json\/wp\/v2\/media?parent=44325"}],"wp:term":[{"taxonomy":"product_brand","embeddable":true,"href":"https:\/\/truusk.store\/sv\/wp-json\/wp\/v2\/product_brand?post=44325"},{"taxonomy":"product_cat","embeddable":true,"href":"https:\/\/truusk.store\/sv\/wp-json\/wp\/v2\/product_cat?post=44325"},{"taxonomy":"product_tag","embeddable":true,"href":"https:\/\/truusk.store\/sv\/wp-json\/wp\/v2\/product_tag?post=44325"}],"curies":[{"name":"wp","href":"https:\/\/api.w.org\/{rel}","templated":true}]}}