{"id":44355,"date":"2024-02-14T05:06:37","date_gmt":"2024-02-14T04:06:37","guid":{"rendered":"https:\/\/truusk.store\/product\/hundgrind-for-balen-latt-att-montera-robust-och-formstabil-stal-150-x-9-x-124-cm\/"},"modified":"2026-03-12T09:22:10","modified_gmt":"2026-03-12T08:22:10","slug":"truusk-hundgrind-for-balen-latt-att-montera-robust-och-formstabil-stal-150-x-9-x-124-cm","status":"publish","type":"product","link":"https:\/\/truusk.store\/sv\/produkt\/truusk-hundgrind-for-balen-latt-att-montera-robust-och-formstabil-stal-150-x-9-x-124-cm\/","title":{"rendered":"TRUUSK Hundgrind f\u00f6r B\u00e5len &#8211; L\u00e4tt att Montera &#8211; Robust och Formstabil &#8211; St\u00e5l &#8211; 150 x 9 x 124 cm"},"content":{"rendered":"<p>Reser du ofta med husdjur? Med detta hundskydd kan du s\u00e4kert ta emot din hund i bagageutrymmet. B\u00e5lgallret \u00e4r tillverkat av starka st\u00e5lstag som s\u00e4kerst\u00e4ller stabilitet och inte deformeras. B\u00e5de bredd och h\u00f6jd \u00e4r justerbara, vilket g\u00f6r den l\u00e4mplig f\u00f6r olika fordonsstorlekar. Hundskyddet \u00e4r enkelt att montera &#8211; du beh\u00f6ver inga verktyg, du kan enkelt f\u00e4sta det bakom baks\u00e4tena.<\/p>\n<h3>Beskrivning:<\/h3>\n<ul>\n<li>H\u00e5ller hundar s\u00e4kert borta fr\u00e5n f\u00f6raren och passagerarna bak i fordonet<\/li>\n<li>Justerbar bredd fr\u00e5n 89-150cm och h\u00f6jd fr\u00e5n 76-124cm, l\u00e4mplig f\u00f6r olika fordonsstorlekar<\/li>\n<li>Robusta st\u00e5lstag f\u00f6r stabilitet och s\u00e4kerhet<\/li>\n<li>Ingen montering kr\u00e4vs.<\/li>\n<\/ul>\n<h3>Teknisk data:<\/h3>\n<ul>\n<li>Svart f\u00e4rg<\/li>\n<li>Material: st\u00e5l, PP<\/li>\n<li>\u00d6vergripande m\u00e5tt: 89-150L x 9W x 76-124H cm<\/li>\n<li>Justeringsenhet f\u00f6r r\u00f6rstavsavst\u00e5nd: 4,8 cm (11 enheter)<\/li>\n<li>R\u00f6rtjocklek: 1mm<\/li>\n<\/ul>\n<h3>Leveransens omfattning:<\/h3>\n<ul>\n<li>1 x hundskydd f\u00f6r b\u00e5len<\/li>\n<li>1 x manuell<\/li>\n<\/ul>\n","protected":false},"excerpt":{"rendered":"<p>Reser du ofta med husdjur? Med detta hundskydd kan du s\u00e4kert ta emot din hund i bagageutrymmet. B\u00e5lgallret \u00e4r tillverkat&#8230;<\/p>\n","protected":false},"featured_media":44356,"template":"","meta":[],"product_brand":[],"product_cat":[577,574,573],"product_tag":[],"class_list":{"0":"post-44355","1":"product","2":"type-product","3":"status-publish","4":"has-post-thumbnail","6":"product_cat-hundgrindar-avdelare","7":"product_cat-hundtillbehor","8":"product_cat-husdjursmaterial","10":"first","11":"instock","12":"sale","13":"taxable","14":"shipping-taxable","15":"purchasable","16":"product-type-simple"},"yoast_head":"<!-- This site is optimized with the Yoast SEO plugin v25.4 - https:\/\/yoast.com\/wordpress\/plugins\/seo\/ -->\n<title>TRUUSK Hundgrind f\u00f6r B\u00e5len - L\u00e4tt att Montera - Robust och Formstabil - St\u00e5l - 150 x 9 x 124 cm - TRUUSK - Hem, Tr\u00e4dg\u00e5rd &amp; Fritid<\/title>\n<meta name=\"robots\" content=\"index, follow, max-snippet:-1, max-image-preview:large, max-video-preview:-1\" \/>\n<link rel=\"canonical\" href=\"https:\/\/truusk.store\/sv\/produkt\/truusk-hundgrind-for-balen-latt-att-montera-robust-och-formstabil-stal-150-x-9-x-124-cm\/\" \/>\n<meta property=\"og:locale\" content=\"sv_SE\" \/>\n<meta property=\"og:type\" content=\"article\" \/>\n<meta property=\"og:title\" content=\"TRUUSK Hundgrind f\u00f6r B\u00e5len - L\u00e4tt att Montera - Robust och Formstabil - St\u00e5l - 150 x 9 x 124 cm - TRUUSK - Hem, Tr\u00e4dg\u00e5rd &amp; Fritid\" \/>\n<meta property=\"og:description\" content=\"Reser du ofta med husdjur? Med detta hundskydd kan du s\u00e4kert ta emot din hund i bagageutrymmet. B\u00e5lgallret \u00e4r tillverkat...\" \/>\n<meta property=\"og:url\" content=\"https:\/\/truusk.store\/sv\/produkt\/truusk-hundgrind-for-balen-latt-att-montera-robust-och-formstabil-stal-150-x-9-x-124-cm\/\" \/>\n<meta property=\"og:site_name\" content=\"TRUUSK - Hem, Tr\u00e4dg\u00e5rd &amp; Fritid\" \/>\n<meta property=\"article:modified_time\" content=\"2026-03-12T08:22:10+00:00\" \/>\n<meta property=\"og:image\" content=\"https:\/\/i0.wp.com\/truusk.se\/wp-content\/uploads\/2024\/02\/hundgrind-for-balen-latt-att-montera-robust-och-formstabil-stal-150-x-9-x-124-cm.webp?fit=800%2C800&ssl=1\" \/>\n\t<meta property=\"og:image:width\" content=\"800\" \/>\n\t<meta property=\"og:image:height\" content=\"800\" \/>\n\t<meta property=\"og:image:type\" content=\"image\/webp\" \/>\n<meta name=\"twitter:card\" content=\"summary_large_image\" \/>\n<meta name=\"twitter:label1\" content=\"Ber\u00e4knad l\u00e4stid\" \/>\n\t<meta name=\"twitter:data1\" content=\"1 minut\" \/>\n<!-- \/ Yoast SEO plugin. -->","yoast_head_json":{"title":"TRUUSK Hundgrind f\u00f6r B\u00e5len - L\u00e4tt att Montera - Robust och Formstabil - St\u00e5l - 150 x 9 x 124 cm - TRUUSK - Hem, Tr\u00e4dg\u00e5rd &amp; Fritid","robots":{"index":"index","follow":"follow","max-snippet":"max-snippet:-1","max-image-preview":"max-image-preview:large","max-video-preview":"max-video-preview:-1"},"canonical":"https:\/\/truusk.store\/sv\/produkt\/truusk-hundgrind-for-balen-latt-att-montera-robust-och-formstabil-stal-150-x-9-x-124-cm\/","og_locale":"sv_SE","og_type":"article","og_title":"TRUUSK Hundgrind f\u00f6r B\u00e5len - L\u00e4tt att Montera - Robust och Formstabil - St\u00e5l - 150 x 9 x 124 cm - TRUUSK - Hem, Tr\u00e4dg\u00e5rd &amp; Fritid","og_description":"Reser du ofta med husdjur? Med detta hundskydd kan du s\u00e4kert ta emot din hund i bagageutrymmet. B\u00e5lgallret \u00e4r tillverkat...","og_url":"https:\/\/truusk.store\/sv\/produkt\/truusk-hundgrind-for-balen-latt-att-montera-robust-och-formstabil-stal-150-x-9-x-124-cm\/","og_site_name":"TRUUSK - Hem, Tr\u00e4dg\u00e5rd &amp; Fritid","article_modified_time":"2026-03-12T08:22:10+00:00","og_image":[{"width":800,"height":800,"url":"https:\/\/i0.wp.com\/truusk.se\/wp-content\/uploads\/2024\/02\/hundgrind-for-balen-latt-att-montera-robust-och-formstabil-stal-150-x-9-x-124-cm.webp?fit=800%2C800&ssl=1","type":"image\/webp"}],"twitter_card":"summary_large_image","twitter_misc":{"Ber\u00e4knad l\u00e4stid":"1 minut"},"schema":{"@context":"https:\/\/schema.org","@graph":[{"@type":"WebPage","@id":"https:\/\/truusk.store\/sv\/produkt\/truusk-hundgrind-for-balen-latt-att-montera-robust-och-formstabil-stal-150-x-9-x-124-cm\/","url":"https:\/\/truusk.store\/sv\/produkt\/truusk-hundgrind-for-balen-latt-att-montera-robust-och-formstabil-stal-150-x-9-x-124-cm\/","name":"TRUUSK Hundgrind f\u00f6r B\u00e5len - L\u00e4tt att Montera - Robust och Formstabil - St\u00e5l - 150 x 9 x 124 cm - TRUUSK - Hem, Tr\u00e4dg\u00e5rd &amp; Fritid","isPartOf":{"@id":"https:\/\/truusk.store\/sv\/#website"},"primaryImageOfPage":{"@id":"https:\/\/truusk.store\/sv\/produkt\/truusk-hundgrind-for-balen-latt-att-montera-robust-och-formstabil-stal-150-x-9-x-124-cm\/#primaryimage"},"image":{"@id":"https:\/\/truusk.store\/sv\/produkt\/truusk-hundgrind-for-balen-latt-att-montera-robust-och-formstabil-stal-150-x-9-x-124-cm\/#primaryimage"},"thumbnailUrl":"https:\/\/i0.wp.com\/truusk.store\/wp-content\/uploads\/2024\/02\/hundgrind-for-balen-latt-att-montera-robust-och-formstabil-stal-150-x-9-x-124-cm.webp?fit=800%2C800&ssl=1","datePublished":"2024-02-14T04:06:37+00:00","dateModified":"2026-03-12T08:22:10+00:00","breadcrumb":{"@id":"https:\/\/truusk.store\/sv\/produkt\/truusk-hundgrind-for-balen-latt-att-montera-robust-och-formstabil-stal-150-x-9-x-124-cm\/#breadcrumb"},"inLanguage":"sv-SE","potentialAction":[{"@type":"ReadAction","target":["https:\/\/truusk.store\/sv\/produkt\/truusk-hundgrind-for-balen-latt-att-montera-robust-och-formstabil-stal-150-x-9-x-124-cm\/"]}]},{"@type":"ImageObject","inLanguage":"sv-SE","@id":"https:\/\/truusk.store\/sv\/produkt\/truusk-hundgrind-for-balen-latt-att-montera-robust-och-formstabil-stal-150-x-9-x-124-cm\/#primaryimage","url":"https:\/\/i0.wp.com\/truusk.store\/wp-content\/uploads\/2024\/02\/hundgrind-for-balen-latt-att-montera-robust-och-formstabil-stal-150-x-9-x-124-cm.webp?fit=800%2C800&ssl=1","contentUrl":"https:\/\/i0.wp.com\/truusk.store\/wp-content\/uploads\/2024\/02\/hundgrind-for-balen-latt-att-montera-robust-och-formstabil-stal-150-x-9-x-124-cm.webp?fit=800%2C800&ssl=1","width":800,"height":800,"caption":"Hundgrind F\u00f6r B\u00e5len, L\u00e4tt Att Montera, Robust Och Formstabil, St\u00e5l, 150 X 9 X 124 Cm 1"},{"@type":"BreadcrumbList","@id":"https:\/\/truusk.store\/sv\/produkt\/truusk-hundgrind-for-balen-latt-att-montera-robust-och-formstabil-stal-150-x-9-x-124-cm\/#breadcrumb","itemListElement":[{"@type":"ListItem","position":1,"name":"Home","item":"https:\/\/truusk.store\/sv\/"},{"@type":"ListItem","position":2,"name":"Shop","item":"https:\/\/truusk.store\/shop\/"},{"@type":"ListItem","position":3,"name":"TRUUSK Hundgrind f\u00f6r B\u00e5len &#8211; L\u00e4tt att Montera &#8211; Robust och Formstabil &#8211; St\u00e5l &#8211; 150 x 9 x 124 cm"}]},{"@type":"WebSite","@id":"https:\/\/truusk.store\/sv\/#website","url":"https:\/\/truusk.store\/sv\/","name":"TRUUSK - Hem, Tr\u00e4dg\u00e5rd & Fritid","description":"","publisher":{"@id":"https:\/\/truusk.store\/sv\/#organization"},"potentialAction":[{"@type":"SearchAction","target":{"@type":"EntryPoint","urlTemplate":"https:\/\/truusk.store\/sv\/?s={search_term_string}"},"query-input":{"@type":"PropertyValueSpecification","valueRequired":true,"valueName":"search_term_string"}}],"inLanguage":"sv-SE"},{"@type":"Organization","@id":"https:\/\/truusk.store\/sv\/#organization","name":"TRUUSK - Hem, Tr\u00e4dg\u00e5rd & Fritid","url":"https:\/\/truusk.store\/sv\/","logo":{"@type":"ImageObject","inLanguage":"sv-SE","@id":"https:\/\/truusk.store\/sv\/#\/schema\/logo\/image\/","url":"https:\/\/i0.wp.com\/truusk.store\/wp-content\/uploads\/2026\/03\/cropped-TRUUSK.png?fit=2032%2C917&ssl=1","contentUrl":"https:\/\/i0.wp.com\/truusk.store\/wp-content\/uploads\/2026\/03\/cropped-TRUUSK.png?fit=2032%2C917&ssl=1","width":2032,"height":917,"caption":"TRUUSK - Hem, Tr\u00e4dg\u00e5rd & Fritid"},"image":{"@id":"https:\/\/truusk.store\/sv\/#\/schema\/logo\/image\/"}}]}},"jetpack_sharing_enabled":true,"_links":{"self":[{"href":"https:\/\/truusk.store\/sv\/wp-json\/wp\/v2\/product\/44355","targetHints":{"allow":["GET"]}}],"collection":[{"href":"https:\/\/truusk.store\/sv\/wp-json\/wp\/v2\/product"}],"about":[{"href":"https:\/\/truusk.store\/sv\/wp-json\/wp\/v2\/types\/product"}],"wp:featuredmedia":[{"embeddable":true,"href":"https:\/\/truusk.store\/sv\/wp-json\/wp\/v2\/media\/44356"}],"wp:attachment":[{"href":"https:\/\/truusk.store\/sv\/wp-json\/wp\/v2\/media?parent=44355"}],"wp:term":[{"taxonomy":"product_brand","embeddable":true,"href":"https:\/\/truusk.store\/sv\/wp-json\/wp\/v2\/product_brand?post=44355"},{"taxonomy":"product_cat","embeddable":true,"href":"https:\/\/truusk.store\/sv\/wp-json\/wp\/v2\/product_cat?post=44355"},{"taxonomy":"product_tag","embeddable":true,"href":"https:\/\/truusk.store\/sv\/wp-json\/wp\/v2\/product_tag?post=44355"}],"curies":[{"name":"wp","href":"https:\/\/api.w.org\/{rel}","templated":true}]}}