{"id":44396,"date":"2024-02-14T05:08:00","date_gmt":"2024-02-14T04:08:00","guid":{"rendered":"https:\/\/truusk.store\/product\/medicinskap-3-fack-lasbar-dorr-robust-stalholje-vit-40-x-15-x-535-cm\/"},"modified":"2026-03-12T09:22:15","modified_gmt":"2026-03-12T08:22:15","slug":"truusk-medicinskap-3-fack-lasbar-dorr-robust-stalholje-vit-40-x-15-x-535-cm","status":"publish","type":"product","link":"https:\/\/truusk.store\/sv\/produkt\/truusk-medicinskap-3-fack-lasbar-dorr-robust-stalholje-vit-40-x-15-x-535-cm\/","title":{"rendered":"TRUUSK Medicinsk\u00e5p &#8211; 3 Fack &#8211; L\u00e5sbar D\u00f6rr &#8211; Robust St\u00e5lh\u00f6lje &#8211; Vit &#8211; 40 x 15 x 53,5 cm"},"content":{"rendered":"<p>F\u00f6r familjer med barn och husdjur \u00e4r det viktigt att alltid ha medicinska recept och mediciner inom r\u00e4ckh\u00e5ll. Det \u00e4r d\u00e4rf\u00f6r detta medicinsk\u00e5p \u00e4r ett m\u00e5ste f\u00f6r varje hush\u00e5ll! Medicinsk\u00e5pet erbjuder f\u00f6rvaringsutrymme i tre niv\u00e5er, vilket g\u00f6r det m\u00f6jligt att organisera och separera mediciner tydligt. F\u00f6rsta hj\u00e4lpen-korset sitter p\u00e5 framsidan, vilket g\u00f6r det l\u00e4tt att uppt\u00e4cka i en n\u00f6dsituation.<\/p>\n<h3>Beskrivning:<\/h3>\n<ul>\n<li>3-v\u00e5nings hyllor i inredningen f\u00f6r effektiv organisation<\/li>\n<li>S\u00e4kert l\u00e5ssystem med tv\u00e5 nycklar, idealiskt f\u00f6r hush\u00e5ll med barn och husdjur<\/li>\n<li>Klisterm\u00e4rke med f\u00f6rsta hj\u00e4lpen-kors kan f\u00e4stas p\u00e5 d\u00f6rren<\/li>\n<li>Utrymmesbesparande v\u00e4ggmontering<\/li>\n<li>Ingen montering kr\u00e4vs<\/li>\n<\/ul>\n<h3>Teknisk data:<\/h3>\n<ul>\n<li>F\u00e4rg vit<\/li>\n<li>Material: Kallvalsat st\u00e5l<\/li>\n<li>\u00d6vergripande m\u00e5tt: 40L x 15W x 53,5H cm<\/li>\n<li>M\u00e5tt: 35,6W x 49,2Hcm<\/li>\n<li>M\u00e5tt per fack: 40L x 13W x 16Hcm, 40L x 13W x 16Hcm, 40L x 13W x 21,5Hcm (uppifr\u00e5n och ned)<\/li>\n<li>Lastkapacitet: 15 kg (totalt), 5 kg (varje hylla)<\/li>\n<\/ul>\n<h3>Leveransens omfattning:<\/h3>\n<ul>\n<li>1 x Medicinsk\u00e5p<\/li>\n<li>2 x nycklar<\/li>\n<\/ul>\n","protected":false},"excerpt":{"rendered":"<p>F\u00f6r familjer med barn och husdjur \u00e4r det viktigt att alltid ha medicinska recept och mediciner inom r\u00e4ckh\u00e5ll. Det \u00e4r&#8230;<\/p>\n","protected":false},"featured_media":44397,"template":"","meta":[],"product_brand":[],"product_cat":[485,529,528],"product_tag":[],"class_list":{"0":"post-44396","1":"product","2":"type-product","3":"status-publish","4":"has-post-thumbnail","6":"product_cat-hus-bo","7":"product_cat-medicinskap","8":"product_cat-skap-byraer","10":"first","11":"instock","12":"sale","13":"taxable","14":"shipping-taxable","15":"purchasable","16":"product-type-simple"},"yoast_head":"<!-- This site is optimized with the Yoast SEO plugin v25.4 - https:\/\/yoast.com\/wordpress\/plugins\/seo\/ -->\n<title>TRUUSK Medicinsk\u00e5p - 3 Fack - L\u00e5sbar D\u00f6rr - Robust St\u00e5lh\u00f6lje - Vit - 40 x 15 x 53,5 cm - TRUUSK - Hem, Tr\u00e4dg\u00e5rd &amp; Fritid<\/title>\n<meta name=\"robots\" content=\"index, follow, max-snippet:-1, max-image-preview:large, max-video-preview:-1\" \/>\n<link rel=\"canonical\" href=\"https:\/\/truusk.store\/sv\/produkt\/truusk-medicinskap-3-fack-lasbar-dorr-robust-stalholje-vit-40-x-15-x-535-cm\/\" \/>\n<meta property=\"og:locale\" content=\"sv_SE\" \/>\n<meta property=\"og:type\" content=\"article\" \/>\n<meta property=\"og:title\" content=\"TRUUSK Medicinsk\u00e5p - 3 Fack - L\u00e5sbar D\u00f6rr - Robust St\u00e5lh\u00f6lje - Vit - 40 x 15 x 53,5 cm - TRUUSK - Hem, Tr\u00e4dg\u00e5rd &amp; Fritid\" \/>\n<meta property=\"og:description\" content=\"F\u00f6r familjer med barn och husdjur \u00e4r det viktigt att alltid ha medicinska recept och mediciner inom r\u00e4ckh\u00e5ll. Det \u00e4r...\" \/>\n<meta property=\"og:url\" content=\"https:\/\/truusk.store\/sv\/produkt\/truusk-medicinskap-3-fack-lasbar-dorr-robust-stalholje-vit-40-x-15-x-535-cm\/\" \/>\n<meta property=\"og:site_name\" content=\"TRUUSK - Hem, Tr\u00e4dg\u00e5rd &amp; Fritid\" \/>\n<meta property=\"article:modified_time\" content=\"2026-03-12T08:22:15+00:00\" \/>\n<meta property=\"og:image\" content=\"https:\/\/i0.wp.com\/truusk.se\/wp-content\/uploads\/2024\/02\/medicinskap-3-fack-lasbar-dorr-robust-stalholje-vit-40-x-15-x-535-cm.webp?fit=800%2C800&ssl=1\" \/>\n\t<meta property=\"og:image:width\" content=\"800\" \/>\n\t<meta property=\"og:image:height\" content=\"800\" \/>\n\t<meta property=\"og:image:type\" content=\"image\/webp\" \/>\n<meta name=\"twitter:card\" content=\"summary_large_image\" \/>\n<meta name=\"twitter:label1\" content=\"Ber\u00e4knad l\u00e4stid\" \/>\n\t<meta name=\"twitter:data1\" content=\"1 minut\" \/>\n<!-- \/ Yoast SEO plugin. -->","yoast_head_json":{"title":"TRUUSK Medicinsk\u00e5p - 3 Fack - L\u00e5sbar D\u00f6rr - Robust St\u00e5lh\u00f6lje - Vit - 40 x 15 x 53,5 cm - TRUUSK - Hem, Tr\u00e4dg\u00e5rd &amp; Fritid","robots":{"index":"index","follow":"follow","max-snippet":"max-snippet:-1","max-image-preview":"max-image-preview:large","max-video-preview":"max-video-preview:-1"},"canonical":"https:\/\/truusk.store\/sv\/produkt\/truusk-medicinskap-3-fack-lasbar-dorr-robust-stalholje-vit-40-x-15-x-535-cm\/","og_locale":"sv_SE","og_type":"article","og_title":"TRUUSK Medicinsk\u00e5p - 3 Fack - L\u00e5sbar D\u00f6rr - Robust St\u00e5lh\u00f6lje - Vit - 40 x 15 x 53,5 cm - TRUUSK - Hem, Tr\u00e4dg\u00e5rd &amp; Fritid","og_description":"F\u00f6r familjer med barn och husdjur \u00e4r det viktigt att alltid ha medicinska recept och mediciner inom r\u00e4ckh\u00e5ll. Det \u00e4r...","og_url":"https:\/\/truusk.store\/sv\/produkt\/truusk-medicinskap-3-fack-lasbar-dorr-robust-stalholje-vit-40-x-15-x-535-cm\/","og_site_name":"TRUUSK - Hem, Tr\u00e4dg\u00e5rd &amp; Fritid","article_modified_time":"2026-03-12T08:22:15+00:00","og_image":[{"width":800,"height":800,"url":"https:\/\/i0.wp.com\/truusk.se\/wp-content\/uploads\/2024\/02\/medicinskap-3-fack-lasbar-dorr-robust-stalholje-vit-40-x-15-x-535-cm.webp?fit=800%2C800&ssl=1","type":"image\/webp"}],"twitter_card":"summary_large_image","twitter_misc":{"Ber\u00e4knad l\u00e4stid":"1 minut"},"schema":{"@context":"https:\/\/schema.org","@graph":[{"@type":"WebPage","@id":"https:\/\/truusk.store\/sv\/produkt\/truusk-medicinskap-3-fack-lasbar-dorr-robust-stalholje-vit-40-x-15-x-535-cm\/","url":"https:\/\/truusk.store\/sv\/produkt\/truusk-medicinskap-3-fack-lasbar-dorr-robust-stalholje-vit-40-x-15-x-535-cm\/","name":"TRUUSK Medicinsk\u00e5p - 3 Fack - L\u00e5sbar D\u00f6rr - Robust St\u00e5lh\u00f6lje - Vit - 40 x 15 x 53,5 cm - TRUUSK - Hem, Tr\u00e4dg\u00e5rd &amp; Fritid","isPartOf":{"@id":"https:\/\/truusk.store\/sv\/#website"},"primaryImageOfPage":{"@id":"https:\/\/truusk.store\/sv\/produkt\/truusk-medicinskap-3-fack-lasbar-dorr-robust-stalholje-vit-40-x-15-x-535-cm\/#primaryimage"},"image":{"@id":"https:\/\/truusk.store\/sv\/produkt\/truusk-medicinskap-3-fack-lasbar-dorr-robust-stalholje-vit-40-x-15-x-535-cm\/#primaryimage"},"thumbnailUrl":"https:\/\/i0.wp.com\/truusk.store\/wp-content\/uploads\/2024\/02\/medicinskap-3-fack-lasbar-dorr-robust-stalholje-vit-40-x-15-x-535-cm.webp?fit=800%2C800&ssl=1","datePublished":"2024-02-14T04:08:00+00:00","dateModified":"2026-03-12T08:22:15+00:00","breadcrumb":{"@id":"https:\/\/truusk.store\/sv\/produkt\/truusk-medicinskap-3-fack-lasbar-dorr-robust-stalholje-vit-40-x-15-x-535-cm\/#breadcrumb"},"inLanguage":"sv-SE","potentialAction":[{"@type":"ReadAction","target":["https:\/\/truusk.store\/sv\/produkt\/truusk-medicinskap-3-fack-lasbar-dorr-robust-stalholje-vit-40-x-15-x-535-cm\/"]}]},{"@type":"ImageObject","inLanguage":"sv-SE","@id":"https:\/\/truusk.store\/sv\/produkt\/truusk-medicinskap-3-fack-lasbar-dorr-robust-stalholje-vit-40-x-15-x-535-cm\/#primaryimage","url":"https:\/\/i0.wp.com\/truusk.store\/wp-content\/uploads\/2024\/02\/medicinskap-3-fack-lasbar-dorr-robust-stalholje-vit-40-x-15-x-535-cm.webp?fit=800%2C800&ssl=1","contentUrl":"https:\/\/i0.wp.com\/truusk.store\/wp-content\/uploads\/2024\/02\/medicinskap-3-fack-lasbar-dorr-robust-stalholje-vit-40-x-15-x-535-cm.webp?fit=800%2C800&ssl=1","width":800,"height":800,"caption":"Medicinsk\u00e5p, 3 Fack, L\u00e5sbar D\u00f6rr, Robust St\u00e5lh\u00f6lje, Vit, 40 X 15 X 53,5 Cm 1"},{"@type":"BreadcrumbList","@id":"https:\/\/truusk.store\/sv\/produkt\/truusk-medicinskap-3-fack-lasbar-dorr-robust-stalholje-vit-40-x-15-x-535-cm\/#breadcrumb","itemListElement":[{"@type":"ListItem","position":1,"name":"Home","item":"https:\/\/truusk.store\/sv\/"},{"@type":"ListItem","position":2,"name":"Shop","item":"https:\/\/truusk.store\/shop\/"},{"@type":"ListItem","position":3,"name":"TRUUSK Medicinsk\u00e5p &#8211; 3 Fack &#8211; L\u00e5sbar D\u00f6rr &#8211; Robust St\u00e5lh\u00f6lje &#8211; Vit &#8211; 40 x 15 x 53,5 cm"}]},{"@type":"WebSite","@id":"https:\/\/truusk.store\/sv\/#website","url":"https:\/\/truusk.store\/sv\/","name":"TRUUSK - Hem, Tr\u00e4dg\u00e5rd & Fritid","description":"","publisher":{"@id":"https:\/\/truusk.store\/sv\/#organization"},"potentialAction":[{"@type":"SearchAction","target":{"@type":"EntryPoint","urlTemplate":"https:\/\/truusk.store\/sv\/?s={search_term_string}"},"query-input":{"@type":"PropertyValueSpecification","valueRequired":true,"valueName":"search_term_string"}}],"inLanguage":"sv-SE"},{"@type":"Organization","@id":"https:\/\/truusk.store\/sv\/#organization","name":"TRUUSK - Hem, Tr\u00e4dg\u00e5rd & Fritid","url":"https:\/\/truusk.store\/sv\/","logo":{"@type":"ImageObject","inLanguage":"sv-SE","@id":"https:\/\/truusk.store\/sv\/#\/schema\/logo\/image\/","url":"https:\/\/i0.wp.com\/truusk.store\/wp-content\/uploads\/2026\/03\/cropped-TRUUSK.png?fit=2032%2C917&ssl=1","contentUrl":"https:\/\/i0.wp.com\/truusk.store\/wp-content\/uploads\/2026\/03\/cropped-TRUUSK.png?fit=2032%2C917&ssl=1","width":2032,"height":917,"caption":"TRUUSK - Hem, Tr\u00e4dg\u00e5rd & Fritid"},"image":{"@id":"https:\/\/truusk.store\/sv\/#\/schema\/logo\/image\/"}}]}},"jetpack_sharing_enabled":true,"_links":{"self":[{"href":"https:\/\/truusk.store\/sv\/wp-json\/wp\/v2\/product\/44396","targetHints":{"allow":["GET"]}}],"collection":[{"href":"https:\/\/truusk.store\/sv\/wp-json\/wp\/v2\/product"}],"about":[{"href":"https:\/\/truusk.store\/sv\/wp-json\/wp\/v2\/types\/product"}],"wp:featuredmedia":[{"embeddable":true,"href":"https:\/\/truusk.store\/sv\/wp-json\/wp\/v2\/media\/44397"}],"wp:attachment":[{"href":"https:\/\/truusk.store\/sv\/wp-json\/wp\/v2\/media?parent=44396"}],"wp:term":[{"taxonomy":"product_brand","embeddable":true,"href":"https:\/\/truusk.store\/sv\/wp-json\/wp\/v2\/product_brand?post=44396"},{"taxonomy":"product_cat","embeddable":true,"href":"https:\/\/truusk.store\/sv\/wp-json\/wp\/v2\/product_cat?post=44396"},{"taxonomy":"product_tag","embeddable":true,"href":"https:\/\/truusk.store\/sv\/wp-json\/wp\/v2\/product_tag?post=44396"}],"curies":[{"name":"wp","href":"https:\/\/api.w.org\/{rel}","templated":true}]}}