{"id":44412,"date":"2024-02-14T05:08:35","date_gmt":"2024-02-14T04:08:35","guid":{"rendered":"https:\/\/truusk.store\/product\/spegelskap-3-hyllplan-mjuka-gangjarn-stalholje-svart-40-x-15-x-60-cm\/"},"modified":"2026-03-12T09:22:15","modified_gmt":"2026-03-12T08:22:15","slug":"truusk-spegelskap-3-hyllplan-mjuka-gangjarn-stalholje-svart-40x15x60-cm","status":"publish","type":"product","link":"https:\/\/truusk.store\/sv\/produkt\/truusk-spegelskap-3-hyllplan-mjuka-gangjarn-stalholje-svart-40x15x60-cm\/","title":{"rendered":"TRUUSK Spegelsk\u00e5p &#8211; 3 Hyllplan &#8211; Mjuka G\u00e5ngj\u00e4rn &#8211; St\u00e5lh\u00f6lje &#8211; Svart &#8211; 40x15x60 cm"},"content":{"rendered":"<p>Med detta badrumsspegelsk\u00e5p kan du snyggt f\u00f6rvara alla dina sk\u00f6tselsaker och f\u00f6rvara dem \u00f6versk\u00e5dligt. Garderoben \u00e4r idealisk f\u00f6r flermanshush\u00e5ll eftersom den har tre rymliga innerfack. Tack vare spegeln p\u00e5 framsidan kan du enkelt fr\u00e4scha upp dig. Och sist men inte minst: Det kompakta spegelsk\u00e5pet kan monteras p\u00e5 v\u00e4ggen f\u00f6r att spara utrymme. Perfekt n\u00e4r utrymmet \u00e4r begr\u00e4nsat.<\/p>\n<h3>Beskrivning:<\/h3>\n<ul>\n<li>Anv\u00e4nd den som badrum, kosmetika eller medicinsk\u00e5p<\/li>\n<li>Utrymmesbesparande v\u00e4ggmontering<\/li>\n<li>3 hyllor, perfekt f\u00f6r hela familjen<\/li>\n<li>Spegeld\u00f6rr f\u00f6r bra och fri sikt<\/li>\n<li>Ramen i rostfritt st\u00e5l och aluminium \u00e4r robust och h\u00e5llbar<\/li>\n<li>Den m\u00e5lade ytan skyddar mot vatten och \u00e4r l\u00e4tt att reng\u00f6ra<\/li>\n<li>Milda g\u00e5ngj\u00e4rn s\u00e4kerst\u00e4ller att d\u00f6rren \u00f6ppnas och st\u00e4ngs l\u00e5ngsamt<\/li>\n<li>Montering kr\u00e4vs<\/li>\n<\/ul>\n<h3>Teknisk data:<\/h3>\n<ul>\n<li>Svart f\u00e4rg<\/li>\n<li>Material: Rostfritt st\u00e5l, aluminium, glas<\/li>\n<li>\u00d6vergripande m\u00e5tt: 40L x 15W x 60H cm<\/li>\n<li>Spegelm\u00e5tt: 35,5W x 55,5H cm<\/li>\n<li>Innerm\u00e5tt: 39,5W x 11D x 59H cm<\/li>\n<li>Hyllans h\u00f6jd: 19 cm<\/li>\n<li>Lastkapacitet: 15 kg (totalt), 5 kg (varje hylla)<\/li>\n<\/ul>\n<h3>Leveransens omfattning:<\/h3>\n<ul>\n<li>1 x Spegelsk\u00e5p<\/li>\n<li>1 x Instruktioner<\/li>\n<\/ul>\n","protected":false},"excerpt":{"rendered":"<p>Med detta badrumsspegelsk\u00e5p kan du snyggt f\u00f6rvara alla dina sk\u00f6tselsaker och f\u00f6rvara dem \u00f6versk\u00e5dligt. Garderoben \u00e4r idealisk f\u00f6r flermanshush\u00e5ll eftersom&#8230;<\/p>\n","protected":false},"featured_media":44413,"template":"","meta":[],"product_brand":[],"product_cat":[485,528,536],"product_tag":[],"class_list":{"0":"post-44412","1":"product","2":"type-product","3":"status-publish","4":"has-post-thumbnail","6":"product_cat-hus-bo","7":"product_cat-skap-byraer","8":"product_cat-spegelskap","10":"first","11":"instock","12":"sale","13":"taxable","14":"shipping-taxable","15":"purchasable","16":"product-type-simple"},"yoast_head":"<!-- This site is optimized with the Yoast SEO plugin v25.4 - https:\/\/yoast.com\/wordpress\/plugins\/seo\/ -->\n<title>TRUUSK Spegelsk\u00e5p - 3 Hyllplan - Mjuka G\u00e5ngj\u00e4rn - St\u00e5lh\u00f6lje - Svart - 40x15x60 cm - TRUUSK - Hem, Tr\u00e4dg\u00e5rd &amp; Fritid<\/title>\n<meta name=\"robots\" content=\"index, follow, max-snippet:-1, max-image-preview:large, max-video-preview:-1\" \/>\n<link rel=\"canonical\" href=\"https:\/\/truusk.store\/sv\/produkt\/truusk-spegelskap-3-hyllplan-mjuka-gangjarn-stalholje-svart-40x15x60-cm\/\" \/>\n<meta property=\"og:locale\" content=\"sv_SE\" \/>\n<meta property=\"og:type\" content=\"article\" \/>\n<meta property=\"og:title\" content=\"TRUUSK Spegelsk\u00e5p - 3 Hyllplan - Mjuka G\u00e5ngj\u00e4rn - St\u00e5lh\u00f6lje - Svart - 40x15x60 cm - TRUUSK - Hem, Tr\u00e4dg\u00e5rd &amp; Fritid\" \/>\n<meta property=\"og:description\" content=\"Med detta badrumsspegelsk\u00e5p kan du snyggt f\u00f6rvara alla dina sk\u00f6tselsaker och f\u00f6rvara dem \u00f6versk\u00e5dligt. Garderoben \u00e4r idealisk f\u00f6r flermanshush\u00e5ll eftersom...\" \/>\n<meta property=\"og:url\" content=\"https:\/\/truusk.store\/sv\/produkt\/truusk-spegelskap-3-hyllplan-mjuka-gangjarn-stalholje-svart-40x15x60-cm\/\" \/>\n<meta property=\"og:site_name\" content=\"TRUUSK - Hem, Tr\u00e4dg\u00e5rd &amp; Fritid\" \/>\n<meta property=\"article:modified_time\" content=\"2026-03-12T08:22:15+00:00\" \/>\n<meta property=\"og:image\" content=\"https:\/\/i0.wp.com\/truusk.se\/wp-content\/uploads\/2024\/02\/spegelskap-3-hyllplan-mjuka-gangjarn-stalholje-svart-40-x-15-x-60-cm.webp?fit=800%2C800&ssl=1\" \/>\n\t<meta property=\"og:image:width\" content=\"800\" \/>\n\t<meta property=\"og:image:height\" content=\"800\" \/>\n\t<meta property=\"og:image:type\" content=\"image\/webp\" \/>\n<meta name=\"twitter:card\" content=\"summary_large_image\" \/>\n<meta name=\"twitter:label1\" content=\"Ber\u00e4knad l\u00e4stid\" \/>\n\t<meta name=\"twitter:data1\" content=\"1 minut\" \/>\n<!-- \/ Yoast SEO plugin. -->","yoast_head_json":{"title":"TRUUSK Spegelsk\u00e5p - 3 Hyllplan - Mjuka G\u00e5ngj\u00e4rn - St\u00e5lh\u00f6lje - Svart - 40x15x60 cm - TRUUSK - Hem, Tr\u00e4dg\u00e5rd &amp; Fritid","robots":{"index":"index","follow":"follow","max-snippet":"max-snippet:-1","max-image-preview":"max-image-preview:large","max-video-preview":"max-video-preview:-1"},"canonical":"https:\/\/truusk.store\/sv\/produkt\/truusk-spegelskap-3-hyllplan-mjuka-gangjarn-stalholje-svart-40x15x60-cm\/","og_locale":"sv_SE","og_type":"article","og_title":"TRUUSK Spegelsk\u00e5p - 3 Hyllplan - Mjuka G\u00e5ngj\u00e4rn - St\u00e5lh\u00f6lje - Svart - 40x15x60 cm - TRUUSK - Hem, Tr\u00e4dg\u00e5rd &amp; Fritid","og_description":"Med detta badrumsspegelsk\u00e5p kan du snyggt f\u00f6rvara alla dina sk\u00f6tselsaker och f\u00f6rvara dem \u00f6versk\u00e5dligt. Garderoben \u00e4r idealisk f\u00f6r flermanshush\u00e5ll eftersom...","og_url":"https:\/\/truusk.store\/sv\/produkt\/truusk-spegelskap-3-hyllplan-mjuka-gangjarn-stalholje-svart-40x15x60-cm\/","og_site_name":"TRUUSK - Hem, Tr\u00e4dg\u00e5rd &amp; Fritid","article_modified_time":"2026-03-12T08:22:15+00:00","og_image":[{"width":800,"height":800,"url":"https:\/\/i0.wp.com\/truusk.se\/wp-content\/uploads\/2024\/02\/spegelskap-3-hyllplan-mjuka-gangjarn-stalholje-svart-40-x-15-x-60-cm.webp?fit=800%2C800&ssl=1","type":"image\/webp"}],"twitter_card":"summary_large_image","twitter_misc":{"Ber\u00e4knad l\u00e4stid":"1 minut"},"schema":{"@context":"https:\/\/schema.org","@graph":[{"@type":"WebPage","@id":"https:\/\/truusk.store\/sv\/produkt\/truusk-spegelskap-3-hyllplan-mjuka-gangjarn-stalholje-svart-40x15x60-cm\/","url":"https:\/\/truusk.store\/sv\/produkt\/truusk-spegelskap-3-hyllplan-mjuka-gangjarn-stalholje-svart-40x15x60-cm\/","name":"TRUUSK Spegelsk\u00e5p - 3 Hyllplan - Mjuka G\u00e5ngj\u00e4rn - St\u00e5lh\u00f6lje - Svart - 40x15x60 cm - TRUUSK - Hem, Tr\u00e4dg\u00e5rd &amp; Fritid","isPartOf":{"@id":"https:\/\/truusk.store\/sv\/#website"},"primaryImageOfPage":{"@id":"https:\/\/truusk.store\/sv\/produkt\/truusk-spegelskap-3-hyllplan-mjuka-gangjarn-stalholje-svart-40x15x60-cm\/#primaryimage"},"image":{"@id":"https:\/\/truusk.store\/sv\/produkt\/truusk-spegelskap-3-hyllplan-mjuka-gangjarn-stalholje-svart-40x15x60-cm\/#primaryimage"},"thumbnailUrl":"https:\/\/i0.wp.com\/truusk.store\/wp-content\/uploads\/2024\/02\/spegelskap-3-hyllplan-mjuka-gangjarn-stalholje-svart-40-x-15-x-60-cm.webp?fit=800%2C800&ssl=1","datePublished":"2024-02-14T04:08:35+00:00","dateModified":"2026-03-12T08:22:15+00:00","breadcrumb":{"@id":"https:\/\/truusk.store\/sv\/produkt\/truusk-spegelskap-3-hyllplan-mjuka-gangjarn-stalholje-svart-40x15x60-cm\/#breadcrumb"},"inLanguage":"sv-SE","potentialAction":[{"@type":"ReadAction","target":["https:\/\/truusk.store\/sv\/produkt\/truusk-spegelskap-3-hyllplan-mjuka-gangjarn-stalholje-svart-40x15x60-cm\/"]}]},{"@type":"ImageObject","inLanguage":"sv-SE","@id":"https:\/\/truusk.store\/sv\/produkt\/truusk-spegelskap-3-hyllplan-mjuka-gangjarn-stalholje-svart-40x15x60-cm\/#primaryimage","url":"https:\/\/i0.wp.com\/truusk.store\/wp-content\/uploads\/2024\/02\/spegelskap-3-hyllplan-mjuka-gangjarn-stalholje-svart-40-x-15-x-60-cm.webp?fit=800%2C800&ssl=1","contentUrl":"https:\/\/i0.wp.com\/truusk.store\/wp-content\/uploads\/2024\/02\/spegelskap-3-hyllplan-mjuka-gangjarn-stalholje-svart-40-x-15-x-60-cm.webp?fit=800%2C800&ssl=1","width":800,"height":800,"caption":"Spegelsk\u00e5p, 3 Hyllplan, Mjuka G\u00e5ngj\u00e4rn, St\u00e5lh\u00f6lje, Svart, 40 X 15 X 60 Cm 1"},{"@type":"BreadcrumbList","@id":"https:\/\/truusk.store\/sv\/produkt\/truusk-spegelskap-3-hyllplan-mjuka-gangjarn-stalholje-svart-40x15x60-cm\/#breadcrumb","itemListElement":[{"@type":"ListItem","position":1,"name":"Home","item":"https:\/\/truusk.store\/sv\/"},{"@type":"ListItem","position":2,"name":"Shop","item":"https:\/\/truusk.store\/shop\/"},{"@type":"ListItem","position":3,"name":"TRUUSK Spegelsk\u00e5p &#8211; 3 Hyllplan &#8211; Mjuka G\u00e5ngj\u00e4rn &#8211; St\u00e5lh\u00f6lje &#8211; Svart &#8211; 40x15x60 cm"}]},{"@type":"WebSite","@id":"https:\/\/truusk.store\/sv\/#website","url":"https:\/\/truusk.store\/sv\/","name":"TRUUSK - Hem, Tr\u00e4dg\u00e5rd & Fritid","description":"","publisher":{"@id":"https:\/\/truusk.store\/sv\/#organization"},"potentialAction":[{"@type":"SearchAction","target":{"@type":"EntryPoint","urlTemplate":"https:\/\/truusk.store\/sv\/?s={search_term_string}"},"query-input":{"@type":"PropertyValueSpecification","valueRequired":true,"valueName":"search_term_string"}}],"inLanguage":"sv-SE"},{"@type":"Organization","@id":"https:\/\/truusk.store\/sv\/#organization","name":"TRUUSK - Hem, Tr\u00e4dg\u00e5rd & Fritid","url":"https:\/\/truusk.store\/sv\/","logo":{"@type":"ImageObject","inLanguage":"sv-SE","@id":"https:\/\/truusk.store\/sv\/#\/schema\/logo\/image\/","url":"https:\/\/i0.wp.com\/truusk.store\/wp-content\/uploads\/2026\/03\/cropped-TRUUSK.png?fit=2032%2C917&ssl=1","contentUrl":"https:\/\/i0.wp.com\/truusk.store\/wp-content\/uploads\/2026\/03\/cropped-TRUUSK.png?fit=2032%2C917&ssl=1","width":2032,"height":917,"caption":"TRUUSK - Hem, Tr\u00e4dg\u00e5rd & Fritid"},"image":{"@id":"https:\/\/truusk.store\/sv\/#\/schema\/logo\/image\/"}}]}},"jetpack_sharing_enabled":true,"_links":{"self":[{"href":"https:\/\/truusk.store\/sv\/wp-json\/wp\/v2\/product\/44412","targetHints":{"allow":["GET"]}}],"collection":[{"href":"https:\/\/truusk.store\/sv\/wp-json\/wp\/v2\/product"}],"about":[{"href":"https:\/\/truusk.store\/sv\/wp-json\/wp\/v2\/types\/product"}],"wp:featuredmedia":[{"embeddable":true,"href":"https:\/\/truusk.store\/sv\/wp-json\/wp\/v2\/media\/44413"}],"wp:attachment":[{"href":"https:\/\/truusk.store\/sv\/wp-json\/wp\/v2\/media?parent=44412"}],"wp:term":[{"taxonomy":"product_brand","embeddable":true,"href":"https:\/\/truusk.store\/sv\/wp-json\/wp\/v2\/product_brand?post=44412"},{"taxonomy":"product_cat","embeddable":true,"href":"https:\/\/truusk.store\/sv\/wp-json\/wp\/v2\/product_cat?post=44412"},{"taxonomy":"product_tag","embeddable":true,"href":"https:\/\/truusk.store\/sv\/wp-json\/wp\/v2\/product_tag?post=44412"}],"curies":[{"name":"wp","href":"https:\/\/api.w.org\/{rel}","templated":true}]}}