{"id":44432,"date":"2024-02-14T05:09:27","date_gmt":"2024-02-14T04:09:27","guid":{"rendered":"https:\/\/truusk.store\/product\/djursang-rolig-tipidesign-med-mjuk-liggdyna-golvmatta-for-hundar-och-katter-60-x-60-x-76-cm\/"},"modified":"2026-03-12T09:22:16","modified_gmt":"2026-03-12T08:22:16","slug":"truusk-djursang-rolig-tipidesign-med-mjuk-liggdyna-golvmatta-for-hundar-och-katter-60x60x76-cm","status":"publish","type":"product","link":"https:\/\/truusk.store\/sv\/produkt\/truusk-djursang-rolig-tipidesign-med-mjuk-liggdyna-golvmatta-for-hundar-och-katter-60x60x76-cm\/","title":{"rendered":"TRUUSK Djurs\u00e4ng &#8211; Rolig Tipidesign &#8211; Med Mjuk Liggdyna &#8211; Golvmatta &#8211; F\u00f6r Hundar Och Katter &#8211; 60x60x76 cm"},"content":{"rendered":"<p>Husdjur \u00e4r familjemedlemmar och n\u00e4ra v\u00e4nner och beh\u00f6ver d\u00e4rf\u00f6r ett bekv\u00e4mt, privat utrymme. B\u00e5de katter och hundar f\u00e5r plats i denna husdjurss\u00e4ng i en nyckfull tipidesign. Denna katts\u00e4ng ser inte bara chic ut, utan ger ocks\u00e5 ditt djur en bekv\u00e4m, privat plats att vila och dra sig tillbaka p\u00e5. Den mjuka kudden ger trygghet och avkoppling &#8211; perfekt f\u00f6r katter och mindre hundar.<\/p>\n<h3>Beskrivning:<\/h3>\n<ul>\n<li>En mjuk kudde ing\u00e5r. Kudden kan tv\u00e4ttas i sin helhet<\/li>\n<li>Tillverkad av furust\u00f6d och slitstarkt tyg<\/li>\n<li>H\u00e4ngande fj\u00e4derleksak f\u00f6r mer variation<\/li>\n<li>Halkfri golvmatta<\/li>\n<li>Ing\u00e5ng f\u00f6r snabb in- och utg\u00e5ng<\/li>\n<li>L\u00e4mplig f\u00f6r katter upp till 5 kg eller sm\u00e5 hundar upp till 4 kg och 30 cm kroppsl\u00e4ngd<\/li>\n<li>L\u00e4tt att montera och demontera<\/li>\n<\/ul>\n<h3>Teknisk data:<\/h3>\n<ul>\n<li>F\u00e4rg: Gul+Svart+Vit<\/li>\n<li>Material: Oxfordduk (100% polyester), t\u00e4ltduk (100% bomull), PP-bomull, furu<\/li>\n<li>\u00d6vergripande m\u00e5tt: 60L x 60W x 76H cm<\/li>\n<li>Innerm\u00e5tt: 54,5L x 54,5W x 60H cm<\/li>\n<li>M\u00e5tt: 54,5W x 38H cm<\/li>\n<li>M\u00e5tt kudde: 56L x 56W x 6H cm<\/li>\n<\/ul>\n<h3>Leveransens omfattning:<\/h3>\n<ul>\n<li>1 x S\u00e4ng f\u00f6r husdjur<\/li>\n<li>1 x fj\u00e4derleksak<\/li>\n<li>4 x Pinewood stolpar<\/li>\n<li>1 x bruksanvisning<\/li>\n<\/ul>\n","protected":false},"excerpt":{"rendered":"<p>Husdjur \u00e4r familjemedlemmar och n\u00e4ra v\u00e4nner och beh\u00f6ver d\u00e4rf\u00f6r ett bekv\u00e4mt, privat utrymme. B\u00e5de katter och hundar f\u00e5r plats i&#8230;<\/p>\n","protected":false},"featured_media":44433,"template":"","meta":[],"product_brand":[],"product_cat":[573,590,588],"product_tag":[],"class_list":{"0":"post-44432","1":"product","2":"type-product","3":"status-publish","4":"has-post-thumbnail","6":"product_cat-husdjursmaterial","7":"product_cat-kattgrottor-kattsangar","8":"product_cat-katttillbehor","10":"first","11":"instock","12":"sale","13":"taxable","14":"shipping-taxable","15":"purchasable","16":"product-type-simple"},"yoast_head":"<!-- This site is optimized with the Yoast SEO plugin v25.4 - https:\/\/yoast.com\/wordpress\/plugins\/seo\/ -->\n<title>TRUUSK Djurs\u00e4ng - Rolig Tipidesign - Med Mjuk Liggdyna - Golvmatta - F\u00f6r Hundar Och Katter - 60x60x76 cm - TRUUSK - Hem, Tr\u00e4dg\u00e5rd &amp; Fritid<\/title>\n<meta name=\"robots\" content=\"index, follow, max-snippet:-1, max-image-preview:large, max-video-preview:-1\" \/>\n<link rel=\"canonical\" href=\"https:\/\/truusk.store\/sv\/produkt\/truusk-djursang-rolig-tipidesign-med-mjuk-liggdyna-golvmatta-for-hundar-och-katter-60x60x76-cm\/\" \/>\n<meta property=\"og:locale\" content=\"sv_SE\" \/>\n<meta property=\"og:type\" content=\"article\" \/>\n<meta property=\"og:title\" content=\"TRUUSK Djurs\u00e4ng - Rolig Tipidesign - Med Mjuk Liggdyna - Golvmatta - F\u00f6r Hundar Och Katter - 60x60x76 cm - TRUUSK - Hem, Tr\u00e4dg\u00e5rd &amp; Fritid\" \/>\n<meta property=\"og:description\" content=\"Husdjur \u00e4r familjemedlemmar och n\u00e4ra v\u00e4nner och beh\u00f6ver d\u00e4rf\u00f6r ett bekv\u00e4mt, privat utrymme. B\u00e5de katter och hundar f\u00e5r plats i...\" \/>\n<meta property=\"og:url\" content=\"https:\/\/truusk.store\/sv\/produkt\/truusk-djursang-rolig-tipidesign-med-mjuk-liggdyna-golvmatta-for-hundar-och-katter-60x60x76-cm\/\" \/>\n<meta property=\"og:site_name\" content=\"TRUUSK - Hem, Tr\u00e4dg\u00e5rd &amp; Fritid\" \/>\n<meta property=\"article:modified_time\" content=\"2026-03-12T08:22:16+00:00\" \/>\n<meta property=\"og:image\" content=\"https:\/\/i0.wp.com\/truusk.se\/wp-content\/uploads\/2024\/02\/djursang-rolig-tipidesign-med-mjuk-liggdyna-golvmatta-for-hundar-och-katter-60-x-60-x-76-cm.webp?fit=800%2C800&ssl=1\" \/>\n\t<meta property=\"og:image:width\" content=\"800\" \/>\n\t<meta property=\"og:image:height\" content=\"800\" \/>\n\t<meta property=\"og:image:type\" content=\"image\/webp\" \/>\n<meta name=\"twitter:card\" content=\"summary_large_image\" \/>\n<meta name=\"twitter:label1\" content=\"Ber\u00e4knad l\u00e4stid\" \/>\n\t<meta name=\"twitter:data1\" content=\"1 minut\" \/>\n<!-- \/ Yoast SEO plugin. -->","yoast_head_json":{"title":"TRUUSK Djurs\u00e4ng - Rolig Tipidesign - Med Mjuk Liggdyna - Golvmatta - F\u00f6r Hundar Och Katter - 60x60x76 cm - TRUUSK - Hem, Tr\u00e4dg\u00e5rd &amp; Fritid","robots":{"index":"index","follow":"follow","max-snippet":"max-snippet:-1","max-image-preview":"max-image-preview:large","max-video-preview":"max-video-preview:-1"},"canonical":"https:\/\/truusk.store\/sv\/produkt\/truusk-djursang-rolig-tipidesign-med-mjuk-liggdyna-golvmatta-for-hundar-och-katter-60x60x76-cm\/","og_locale":"sv_SE","og_type":"article","og_title":"TRUUSK Djurs\u00e4ng - Rolig Tipidesign - Med Mjuk Liggdyna - Golvmatta - F\u00f6r Hundar Och Katter - 60x60x76 cm - TRUUSK - Hem, Tr\u00e4dg\u00e5rd &amp; Fritid","og_description":"Husdjur \u00e4r familjemedlemmar och n\u00e4ra v\u00e4nner och beh\u00f6ver d\u00e4rf\u00f6r ett bekv\u00e4mt, privat utrymme. B\u00e5de katter och hundar f\u00e5r plats i...","og_url":"https:\/\/truusk.store\/sv\/produkt\/truusk-djursang-rolig-tipidesign-med-mjuk-liggdyna-golvmatta-for-hundar-och-katter-60x60x76-cm\/","og_site_name":"TRUUSK - Hem, Tr\u00e4dg\u00e5rd &amp; Fritid","article_modified_time":"2026-03-12T08:22:16+00:00","og_image":[{"width":800,"height":800,"url":"https:\/\/i0.wp.com\/truusk.se\/wp-content\/uploads\/2024\/02\/djursang-rolig-tipidesign-med-mjuk-liggdyna-golvmatta-for-hundar-och-katter-60-x-60-x-76-cm.webp?fit=800%2C800&ssl=1","type":"image\/webp"}],"twitter_card":"summary_large_image","twitter_misc":{"Ber\u00e4knad l\u00e4stid":"1 minut"},"schema":{"@context":"https:\/\/schema.org","@graph":[{"@type":"WebPage","@id":"https:\/\/truusk.store\/sv\/produkt\/truusk-djursang-rolig-tipidesign-med-mjuk-liggdyna-golvmatta-for-hundar-och-katter-60x60x76-cm\/","url":"https:\/\/truusk.store\/sv\/produkt\/truusk-djursang-rolig-tipidesign-med-mjuk-liggdyna-golvmatta-for-hundar-och-katter-60x60x76-cm\/","name":"TRUUSK Djurs\u00e4ng - Rolig Tipidesign - Med Mjuk Liggdyna - Golvmatta - F\u00f6r Hundar Och Katter - 60x60x76 cm - TRUUSK - Hem, Tr\u00e4dg\u00e5rd &amp; Fritid","isPartOf":{"@id":"https:\/\/truusk.store\/sv\/#website"},"primaryImageOfPage":{"@id":"https:\/\/truusk.store\/sv\/produkt\/truusk-djursang-rolig-tipidesign-med-mjuk-liggdyna-golvmatta-for-hundar-och-katter-60x60x76-cm\/#primaryimage"},"image":{"@id":"https:\/\/truusk.store\/sv\/produkt\/truusk-djursang-rolig-tipidesign-med-mjuk-liggdyna-golvmatta-for-hundar-och-katter-60x60x76-cm\/#primaryimage"},"thumbnailUrl":"https:\/\/i0.wp.com\/truusk.store\/wp-content\/uploads\/2024\/02\/djursang-rolig-tipidesign-med-mjuk-liggdyna-golvmatta-for-hundar-och-katter-60-x-60-x-76-cm.webp?fit=800%2C800&ssl=1","datePublished":"2024-02-14T04:09:27+00:00","dateModified":"2026-03-12T08:22:16+00:00","breadcrumb":{"@id":"https:\/\/truusk.store\/sv\/produkt\/truusk-djursang-rolig-tipidesign-med-mjuk-liggdyna-golvmatta-for-hundar-och-katter-60x60x76-cm\/#breadcrumb"},"inLanguage":"sv-SE","potentialAction":[{"@type":"ReadAction","target":["https:\/\/truusk.store\/sv\/produkt\/truusk-djursang-rolig-tipidesign-med-mjuk-liggdyna-golvmatta-for-hundar-och-katter-60x60x76-cm\/"]}]},{"@type":"ImageObject","inLanguage":"sv-SE","@id":"https:\/\/truusk.store\/sv\/produkt\/truusk-djursang-rolig-tipidesign-med-mjuk-liggdyna-golvmatta-for-hundar-och-katter-60x60x76-cm\/#primaryimage","url":"https:\/\/i0.wp.com\/truusk.store\/wp-content\/uploads\/2024\/02\/djursang-rolig-tipidesign-med-mjuk-liggdyna-golvmatta-for-hundar-och-katter-60-x-60-x-76-cm.webp?fit=800%2C800&ssl=1","contentUrl":"https:\/\/i0.wp.com\/truusk.store\/wp-content\/uploads\/2024\/02\/djursang-rolig-tipidesign-med-mjuk-liggdyna-golvmatta-for-hundar-och-katter-60-x-60-x-76-cm.webp?fit=800%2C800&ssl=1","width":800,"height":800,"caption":"Djurs\u00e4ng, Rolig Tipidesign, Med Mjuk Liggdyna, Golvmatta, F\u00f6r Hundar Och Katter, 60 X 60 X 76 Cm 1"},{"@type":"BreadcrumbList","@id":"https:\/\/truusk.store\/sv\/produkt\/truusk-djursang-rolig-tipidesign-med-mjuk-liggdyna-golvmatta-for-hundar-och-katter-60x60x76-cm\/#breadcrumb","itemListElement":[{"@type":"ListItem","position":1,"name":"Home","item":"https:\/\/truusk.store\/sv\/"},{"@type":"ListItem","position":2,"name":"Shop","item":"https:\/\/truusk.store\/shop\/"},{"@type":"ListItem","position":3,"name":"TRUUSK Djurs\u00e4ng &#8211; Rolig Tipidesign &#8211; Med Mjuk Liggdyna &#8211; Golvmatta &#8211; F\u00f6r Hundar Och Katter &#8211; 60x60x76 cm"}]},{"@type":"WebSite","@id":"https:\/\/truusk.store\/sv\/#website","url":"https:\/\/truusk.store\/sv\/","name":"TRUUSK - Hem, Tr\u00e4dg\u00e5rd & Fritid","description":"","publisher":{"@id":"https:\/\/truusk.store\/sv\/#organization"},"potentialAction":[{"@type":"SearchAction","target":{"@type":"EntryPoint","urlTemplate":"https:\/\/truusk.store\/sv\/?s={search_term_string}"},"query-input":{"@type":"PropertyValueSpecification","valueRequired":true,"valueName":"search_term_string"}}],"inLanguage":"sv-SE"},{"@type":"Organization","@id":"https:\/\/truusk.store\/sv\/#organization","name":"TRUUSK - Hem, Tr\u00e4dg\u00e5rd & Fritid","url":"https:\/\/truusk.store\/sv\/","logo":{"@type":"ImageObject","inLanguage":"sv-SE","@id":"https:\/\/truusk.store\/sv\/#\/schema\/logo\/image\/","url":"https:\/\/i0.wp.com\/truusk.store\/wp-content\/uploads\/2026\/03\/cropped-TRUUSK.png?fit=2032%2C917&ssl=1","contentUrl":"https:\/\/i0.wp.com\/truusk.store\/wp-content\/uploads\/2026\/03\/cropped-TRUUSK.png?fit=2032%2C917&ssl=1","width":2032,"height":917,"caption":"TRUUSK - Hem, Tr\u00e4dg\u00e5rd & Fritid"},"image":{"@id":"https:\/\/truusk.store\/sv\/#\/schema\/logo\/image\/"}}]}},"jetpack_sharing_enabled":true,"_links":{"self":[{"href":"https:\/\/truusk.store\/sv\/wp-json\/wp\/v2\/product\/44432","targetHints":{"allow":["GET"]}}],"collection":[{"href":"https:\/\/truusk.store\/sv\/wp-json\/wp\/v2\/product"}],"about":[{"href":"https:\/\/truusk.store\/sv\/wp-json\/wp\/v2\/types\/product"}],"wp:featuredmedia":[{"embeddable":true,"href":"https:\/\/truusk.store\/sv\/wp-json\/wp\/v2\/media\/44433"}],"wp:attachment":[{"href":"https:\/\/truusk.store\/sv\/wp-json\/wp\/v2\/media?parent=44432"}],"wp:term":[{"taxonomy":"product_brand","embeddable":true,"href":"https:\/\/truusk.store\/sv\/wp-json\/wp\/v2\/product_brand?post=44432"},{"taxonomy":"product_cat","embeddable":true,"href":"https:\/\/truusk.store\/sv\/wp-json\/wp\/v2\/product_cat?post=44432"},{"taxonomy":"product_tag","embeddable":true,"href":"https:\/\/truusk.store\/sv\/wp-json\/wp\/v2\/product_tag?post=44432"}],"curies":[{"name":"wp","href":"https:\/\/api.w.org\/{rel}","templated":true}]}}