{"id":44442,"date":"2024-02-14T05:09:49","date_gmt":"2024-02-14T04:09:49","guid":{"rendered":"https:\/\/truusk.store\/product\/tradstubbe-design-eldskal-gnistgaller-kolgaller-poker-615-x-39-cm\/"},"modified":"2026-03-12T09:22:25","modified_gmt":"2026-03-12T08:22:25","slug":"truusk-tradstubbe-design-eldskal-gnistgaller-kolgaller-poker-615-x-39-cm","status":"publish","type":"product","link":"https:\/\/truusk.store\/sv\/produkt\/truusk-tradstubbe-design-eldskal-gnistgaller-kolgaller-poker-615-x-39-cm\/","title":{"rendered":"TRUUSK Tr\u00e4dstubbe Design Eldsk\u00e5l &#8211; Gnistgaller &#8211; Kolgaller &#8211; Poker &#8211; 61,5 x 39 cm"},"content":{"rendered":"<p>Oavsett om det g\u00e4ller grillning p\u00e5 \u00f6ppen eld eller f\u00f6r att sitta tillsammans i v\u00e4rmen, tar v\u00e5r eldstad fritidsnjutningen till en ny niv\u00e5. Tack vare den stora metallsk\u00e5len som rymmer mycket ved beh\u00f6ver du inte fylla p\u00e5 ved lika ofta. Den medf\u00f6ljande pokern ser till att stockarna brinner j\u00e4mnt. Eldgropen \u00e4r utformad efter en tr\u00e4dstubbe, som kommer att se bra ut i din tr\u00e4dg\u00e5rd. H\u00e5ll din eld brinnande!<\/p>\n<h3>Beskrivning:<\/h3>\n<ul>\n<li>Rustik eldsk\u00e5l f\u00f6r en mysig och s\u00e4ker brasa<\/li>\n<li>Snygg design med en stubbelook<\/li>\n<li>Med sidohandtag f\u00f6r enkel f\u00f6rflyttning<\/li>\n<li>Locket f\u00f6rhindrar flygande gnistor<\/li>\n<li>Med poker f\u00f6r att v\u00e4nda stockarna<\/li>\n<li>V\u00e4rmebest\u00e4ndigt metallskal<\/li>\n<li>Kolgaller f\u00f6r att h\u00e5lla veden h\u00f6g f\u00f6r tillr\u00e4cklig syretillf\u00f6rsel och f\u00f6rl\u00e4nga eldsk\u00e5lens livsl\u00e4ngd<\/li>\n<li>Ingen montering kr\u00e4vs<\/li>\n<\/ul>\n<h3>Teknisk data:<\/h3>\n<ul>\n<li>F\u00e4rg brun<\/li>\n<li>Material: metall, magnesiumoxid<\/li>\n<li>\u00d6vergripande m\u00e5tt: 61,5 x 39 H cm<\/li>\n<li>Sk\u00e5lens diameter: 45 cm<\/li>\n<li>Lockets m\u00e5tt: 42 x 9,5 H cm<\/li>\n<li>L\u00e4ngd p\u00e5 pokerkroken: 35 cm<\/li>\n<li>Diameter p\u00e5 kolgaller: 27 cm<\/li>\n<\/ul>\n<h3>Leveransens omfattning:<\/h3>\n<ul>\n<li>1 x eldstad<\/li>\n<li>1 x lock<\/li>\n<li>1 x pokerkrok<\/li>\n<li>1 x kolgaller<\/li>\n<\/ul>\n","protected":false},"excerpt":{"rendered":"<p>Oavsett om det g\u00e4ller grillning p\u00e5 \u00f6ppen eld eller f\u00f6r att sitta tillsammans i v\u00e4rmen, tar v\u00e5r eldstad fritidsnjutningen till&#8230;<\/p>\n","protected":false},"featured_media":44443,"template":"","meta":[],"product_brand":[],"product_cat":[441,439,435],"product_tag":[],"class_list":{"0":"post-44442","1":"product","2":"type-product","3":"status-publish","4":"has-post-thumbnail","6":"product_cat-eldskalar","7":"product_cat-grillning-uppvarmning","8":"product_cat-tradgard-och-terrass","10":"first","11":"instock","12":"sale","13":"taxable","14":"shipping-taxable","15":"purchasable","16":"product-type-simple"},"yoast_head":"<!-- This site is optimized with the Yoast SEO plugin v25.4 - https:\/\/yoast.com\/wordpress\/plugins\/seo\/ -->\n<title>TRUUSK Tr\u00e4dstubbe Design Eldsk\u00e5l - Gnistgaller - Kolgaller - Poker - 61,5 x 39 cm - TRUUSK - Hem, Tr\u00e4dg\u00e5rd &amp; Fritid<\/title>\n<meta name=\"robots\" content=\"index, follow, max-snippet:-1, max-image-preview:large, max-video-preview:-1\" \/>\n<link rel=\"canonical\" href=\"https:\/\/truusk.store\/sv\/produkt\/truusk-tradstubbe-design-eldskal-gnistgaller-kolgaller-poker-615-x-39-cm\/\" \/>\n<meta property=\"og:locale\" content=\"sv_SE\" \/>\n<meta property=\"og:type\" content=\"article\" \/>\n<meta property=\"og:title\" content=\"TRUUSK Tr\u00e4dstubbe Design Eldsk\u00e5l - Gnistgaller - Kolgaller - Poker - 61,5 x 39 cm - TRUUSK - Hem, Tr\u00e4dg\u00e5rd &amp; Fritid\" \/>\n<meta property=\"og:description\" content=\"Oavsett om det g\u00e4ller grillning p\u00e5 \u00f6ppen eld eller f\u00f6r att sitta tillsammans i v\u00e4rmen, tar v\u00e5r eldstad fritidsnjutningen till...\" \/>\n<meta property=\"og:url\" content=\"https:\/\/truusk.store\/sv\/produkt\/truusk-tradstubbe-design-eldskal-gnistgaller-kolgaller-poker-615-x-39-cm\/\" \/>\n<meta property=\"og:site_name\" content=\"TRUUSK - Hem, Tr\u00e4dg\u00e5rd &amp; Fritid\" \/>\n<meta property=\"article:modified_time\" content=\"2026-03-12T08:22:25+00:00\" \/>\n<meta property=\"og:image\" content=\"https:\/\/i0.wp.com\/truusk.se\/wp-content\/uploads\/2024\/02\/tradstubbe-design-eldskal-gnistgaller-kolgaller-poker-615-x-39-cm.webp?fit=800%2C800&ssl=1\" \/>\n\t<meta property=\"og:image:width\" content=\"800\" \/>\n\t<meta property=\"og:image:height\" content=\"800\" \/>\n\t<meta property=\"og:image:type\" content=\"image\/webp\" \/>\n<meta name=\"twitter:card\" content=\"summary_large_image\" \/>\n<meta name=\"twitter:label1\" content=\"Ber\u00e4knad l\u00e4stid\" \/>\n\t<meta name=\"twitter:data1\" content=\"1 minut\" \/>\n<!-- \/ Yoast SEO plugin. -->","yoast_head_json":{"title":"TRUUSK Tr\u00e4dstubbe Design Eldsk\u00e5l - Gnistgaller - Kolgaller - Poker - 61,5 x 39 cm - TRUUSK - Hem, Tr\u00e4dg\u00e5rd &amp; Fritid","robots":{"index":"index","follow":"follow","max-snippet":"max-snippet:-1","max-image-preview":"max-image-preview:large","max-video-preview":"max-video-preview:-1"},"canonical":"https:\/\/truusk.store\/sv\/produkt\/truusk-tradstubbe-design-eldskal-gnistgaller-kolgaller-poker-615-x-39-cm\/","og_locale":"sv_SE","og_type":"article","og_title":"TRUUSK Tr\u00e4dstubbe Design Eldsk\u00e5l - Gnistgaller - Kolgaller - Poker - 61,5 x 39 cm - TRUUSK - Hem, Tr\u00e4dg\u00e5rd &amp; Fritid","og_description":"Oavsett om det g\u00e4ller grillning p\u00e5 \u00f6ppen eld eller f\u00f6r att sitta tillsammans i v\u00e4rmen, tar v\u00e5r eldstad fritidsnjutningen till...","og_url":"https:\/\/truusk.store\/sv\/produkt\/truusk-tradstubbe-design-eldskal-gnistgaller-kolgaller-poker-615-x-39-cm\/","og_site_name":"TRUUSK - Hem, Tr\u00e4dg\u00e5rd &amp; Fritid","article_modified_time":"2026-03-12T08:22:25+00:00","og_image":[{"width":800,"height":800,"url":"https:\/\/i0.wp.com\/truusk.se\/wp-content\/uploads\/2024\/02\/tradstubbe-design-eldskal-gnistgaller-kolgaller-poker-615-x-39-cm.webp?fit=800%2C800&ssl=1","type":"image\/webp"}],"twitter_card":"summary_large_image","twitter_misc":{"Ber\u00e4knad l\u00e4stid":"1 minut"},"schema":{"@context":"https:\/\/schema.org","@graph":[{"@type":"WebPage","@id":"https:\/\/truusk.store\/sv\/produkt\/truusk-tradstubbe-design-eldskal-gnistgaller-kolgaller-poker-615-x-39-cm\/","url":"https:\/\/truusk.store\/sv\/produkt\/truusk-tradstubbe-design-eldskal-gnistgaller-kolgaller-poker-615-x-39-cm\/","name":"TRUUSK Tr\u00e4dstubbe Design Eldsk\u00e5l - Gnistgaller - Kolgaller - Poker - 61,5 x 39 cm - TRUUSK - Hem, Tr\u00e4dg\u00e5rd &amp; Fritid","isPartOf":{"@id":"https:\/\/truusk.store\/sv\/#website"},"primaryImageOfPage":{"@id":"https:\/\/truusk.store\/sv\/produkt\/truusk-tradstubbe-design-eldskal-gnistgaller-kolgaller-poker-615-x-39-cm\/#primaryimage"},"image":{"@id":"https:\/\/truusk.store\/sv\/produkt\/truusk-tradstubbe-design-eldskal-gnistgaller-kolgaller-poker-615-x-39-cm\/#primaryimage"},"thumbnailUrl":"https:\/\/i0.wp.com\/truusk.store\/wp-content\/uploads\/2024\/02\/tradstubbe-design-eldskal-gnistgaller-kolgaller-poker-615-x-39-cm.webp?fit=800%2C800&ssl=1","datePublished":"2024-02-14T04:09:49+00:00","dateModified":"2026-03-12T08:22:25+00:00","breadcrumb":{"@id":"https:\/\/truusk.store\/sv\/produkt\/truusk-tradstubbe-design-eldskal-gnistgaller-kolgaller-poker-615-x-39-cm\/#breadcrumb"},"inLanguage":"sv-SE","potentialAction":[{"@type":"ReadAction","target":["https:\/\/truusk.store\/sv\/produkt\/truusk-tradstubbe-design-eldskal-gnistgaller-kolgaller-poker-615-x-39-cm\/"]}]},{"@type":"ImageObject","inLanguage":"sv-SE","@id":"https:\/\/truusk.store\/sv\/produkt\/truusk-tradstubbe-design-eldskal-gnistgaller-kolgaller-poker-615-x-39-cm\/#primaryimage","url":"https:\/\/i0.wp.com\/truusk.store\/wp-content\/uploads\/2024\/02\/tradstubbe-design-eldskal-gnistgaller-kolgaller-poker-615-x-39-cm.webp?fit=800%2C800&ssl=1","contentUrl":"https:\/\/i0.wp.com\/truusk.store\/wp-content\/uploads\/2024\/02\/tradstubbe-design-eldskal-gnistgaller-kolgaller-poker-615-x-39-cm.webp?fit=800%2C800&ssl=1","width":800,"height":800,"caption":"Tr\u00e4dstubbe Design Eldsk\u00e5l, Gnistgaller, Kolgaller, Poker, 61,5 X 39 Cm 1"},{"@type":"BreadcrumbList","@id":"https:\/\/truusk.store\/sv\/produkt\/truusk-tradstubbe-design-eldskal-gnistgaller-kolgaller-poker-615-x-39-cm\/#breadcrumb","itemListElement":[{"@type":"ListItem","position":1,"name":"Home","item":"https:\/\/truusk.store\/sv\/"},{"@type":"ListItem","position":2,"name":"Shop","item":"https:\/\/truusk.store\/shop\/"},{"@type":"ListItem","position":3,"name":"TRUUSK Tr\u00e4dstubbe Design Eldsk\u00e5l &#8211; Gnistgaller &#8211; Kolgaller &#8211; Poker &#8211; 61,5 x 39 cm"}]},{"@type":"WebSite","@id":"https:\/\/truusk.store\/sv\/#website","url":"https:\/\/truusk.store\/sv\/","name":"TRUUSK - Hem, Tr\u00e4dg\u00e5rd & Fritid","description":"","publisher":{"@id":"https:\/\/truusk.store\/sv\/#organization"},"potentialAction":[{"@type":"SearchAction","target":{"@type":"EntryPoint","urlTemplate":"https:\/\/truusk.store\/sv\/?s={search_term_string}"},"query-input":{"@type":"PropertyValueSpecification","valueRequired":true,"valueName":"search_term_string"}}],"inLanguage":"sv-SE"},{"@type":"Organization","@id":"https:\/\/truusk.store\/sv\/#organization","name":"TRUUSK - Hem, Tr\u00e4dg\u00e5rd & Fritid","url":"https:\/\/truusk.store\/sv\/","logo":{"@type":"ImageObject","inLanguage":"sv-SE","@id":"https:\/\/truusk.store\/sv\/#\/schema\/logo\/image\/","url":"https:\/\/i0.wp.com\/truusk.store\/wp-content\/uploads\/2026\/03\/cropped-TRUUSK.png?fit=2032%2C917&ssl=1","contentUrl":"https:\/\/i0.wp.com\/truusk.store\/wp-content\/uploads\/2026\/03\/cropped-TRUUSK.png?fit=2032%2C917&ssl=1","width":2032,"height":917,"caption":"TRUUSK - Hem, Tr\u00e4dg\u00e5rd & Fritid"},"image":{"@id":"https:\/\/truusk.store\/sv\/#\/schema\/logo\/image\/"}}]}},"jetpack_sharing_enabled":true,"_links":{"self":[{"href":"https:\/\/truusk.store\/sv\/wp-json\/wp\/v2\/product\/44442","targetHints":{"allow":["GET"]}}],"collection":[{"href":"https:\/\/truusk.store\/sv\/wp-json\/wp\/v2\/product"}],"about":[{"href":"https:\/\/truusk.store\/sv\/wp-json\/wp\/v2\/types\/product"}],"wp:featuredmedia":[{"embeddable":true,"href":"https:\/\/truusk.store\/sv\/wp-json\/wp\/v2\/media\/44443"}],"wp:attachment":[{"href":"https:\/\/truusk.store\/sv\/wp-json\/wp\/v2\/media?parent=44442"}],"wp:term":[{"taxonomy":"product_brand","embeddable":true,"href":"https:\/\/truusk.store\/sv\/wp-json\/wp\/v2\/product_brand?post=44442"},{"taxonomy":"product_cat","embeddable":true,"href":"https:\/\/truusk.store\/sv\/wp-json\/wp\/v2\/product_cat?post=44442"},{"taxonomy":"product_tag","embeddable":true,"href":"https:\/\/truusk.store\/sv\/wp-json\/wp\/v2\/product_tag?post=44442"}],"curies":[{"name":"wp","href":"https:\/\/api.w.org\/{rel}","templated":true}]}}