{"id":44472,"date":"2024-02-14T05:10:51","date_gmt":"2024-02-14T04:10:51","guid":{"rendered":"https:\/\/truusk.store\/product\/djursang-for-katter-och-hundar-sjogras-tvattbar-kudde-48cm-x-48cm-x-245cm-beige-khaki-naturlig\/"},"modified":"2026-03-12T09:22:27","modified_gmt":"2026-03-12T08:22:27","slug":"truusk-djursang-for-katter-och-hundar-sjogras-tvattbar-kudde-48cm-x-48cm-x-245cm-beige-khaki-naturlig","status":"publish","type":"product","link":"https:\/\/truusk.store\/sv\/produkt\/truusk-djursang-for-katter-och-hundar-sjogras-tvattbar-kudde-48cm-x-48cm-x-245cm-beige-khaki-naturlig\/","title":{"rendered":"TRUUSK Djurs\u00e4ng f\u00f6r Katter och Hundar &#8211; Sj\u00f6gr\u00e4s &#8211; Tv\u00e4ttbar Kudde &#8211; 48cm x 48cm x 24,5cm &#8211; Beige + Khaki &#8211; Naturlig"},"content":{"rendered":"<p>Unna ditt husdjur den ultimata avkopplingen med denna husdjurss\u00e4ng. Den \u00e4r gjord av sj\u00f6gr\u00e4srep, passar m\u00e5nga inredningsstilar och kan anv\u00e4ndas i vardagsrummet, sovrummet med mera. Den \u00e4r utrustad med halkfria golvmattor f\u00f6r att f\u00f6rhindra halka n\u00e4r din hund hoppar i eller ur s\u00e4ngen. Denna husdjurssoffa \u00e4r l\u00e4mplig f\u00f6r katter eller sm\u00e5 hundar och \u00e4r en idealisk sovplats f\u00f6r din fyrbenta v\u00e4n.<\/p>\n<h3>Beskrivning:<\/h3>\n<ul>\n<li>L\u00e4mplig f\u00f6r katter upp till 5 kg eller minihundar upp till 4 kg och 30 cm axelh\u00f6jd<\/li>\n<li>Tr\u00e4materialet s\u00e4kerst\u00e4ller p\u00e5litlig stabilitet<\/li>\n<li>Sj\u00f6gr\u00e4srep f\u00f6r slipning av klor<\/li>\n<li>Halkfria tr\u00e4f\u00f6tter skyddar golvet<\/li>\n<li>Inkluderar en kudde f\u00f6r komfort. Kudden kan tv\u00e4ttas f\u00f6r enkel reng\u00f6ring<\/li>\n<li>F\u00f6rh\u00f6jt golv f\u00f6r ventilation<\/li>\n<li>Snabb och enkel att montera<\/li>\n<\/ul>\n<h3>Teknisk data:<\/h3>\n<ul>\n<li>F\u00e4rg: Beige+Khaki<\/li>\n<li>Material: sp\u00e5nskiva, plysch (100% polyester), PP-bomull, furu, sj\u00f6gr\u00e4srep<\/li>\n<li>Totala m\u00e5tt: 48 x 24,5H cm<\/li>\n<li>S\u00e4ngstorlek: 44 cm<\/li>\n<li>Kuddens storlek: 45 x 5H cm<\/li>\n<li>Benh\u00f6jd (\u00f6ver marken): 10 cm<\/li>\n<\/ul>\n<h3>Leveransens omfattning:<\/h3>\n<ul>\n<li>1 x S\u00e4ng f\u00f6r husdjur<\/li>\n<li>1 x manuell<\/li>\n<\/ul>\n","protected":false},"excerpt":{"rendered":"<p>Unna ditt husdjur den ultimata avkopplingen med denna husdjurss\u00e4ng. Den \u00e4r gjord av sj\u00f6gr\u00e4srep, passar m\u00e5nga inredningsstilar och kan anv\u00e4ndas&#8230;<\/p>\n","protected":false},"featured_media":44473,"template":"","meta":[],"product_brand":[],"product_cat":[576,574,573],"product_tag":[],"class_list":{"0":"post-44472","1":"product","2":"type-product","3":"status-publish","4":"has-post-thumbnail","6":"product_cat-hundsangar-hundsoffor","7":"product_cat-hundtillbehor","8":"product_cat-husdjursmaterial","10":"first","11":"instock","12":"sale","13":"taxable","14":"shipping-taxable","15":"purchasable","16":"product-type-simple"},"yoast_head":"<!-- This site is optimized with the Yoast SEO plugin v25.4 - https:\/\/yoast.com\/wordpress\/plugins\/seo\/ -->\n<title>TRUUSK Djurs\u00e4ng f\u00f6r Katter och Hundar - Sj\u00f6gr\u00e4s - Tv\u00e4ttbar Kudde - 48cm x 48cm x 24,5cm - Beige + Khaki - Naturlig - TRUUSK - Hem, Tr\u00e4dg\u00e5rd &amp; Fritid<\/title>\n<meta name=\"robots\" content=\"index, follow, max-snippet:-1, max-image-preview:large, max-video-preview:-1\" \/>\n<link rel=\"canonical\" href=\"https:\/\/truusk.store\/sv\/produkt\/truusk-djursang-for-katter-och-hundar-sjogras-tvattbar-kudde-48cm-x-48cm-x-245cm-beige-khaki-naturlig\/\" \/>\n<meta property=\"og:locale\" content=\"sv_SE\" \/>\n<meta property=\"og:type\" content=\"article\" \/>\n<meta property=\"og:title\" content=\"TRUUSK Djurs\u00e4ng f\u00f6r Katter och Hundar - Sj\u00f6gr\u00e4s - Tv\u00e4ttbar Kudde - 48cm x 48cm x 24,5cm - Beige + Khaki - Naturlig - TRUUSK - Hem, Tr\u00e4dg\u00e5rd &amp; Fritid\" \/>\n<meta property=\"og:description\" content=\"Unna ditt husdjur den ultimata avkopplingen med denna husdjurss\u00e4ng. Den \u00e4r gjord av sj\u00f6gr\u00e4srep, passar m\u00e5nga inredningsstilar och kan anv\u00e4ndas...\" \/>\n<meta property=\"og:url\" content=\"https:\/\/truusk.store\/sv\/produkt\/truusk-djursang-for-katter-och-hundar-sjogras-tvattbar-kudde-48cm-x-48cm-x-245cm-beige-khaki-naturlig\/\" \/>\n<meta property=\"og:site_name\" content=\"TRUUSK - Hem, Tr\u00e4dg\u00e5rd &amp; Fritid\" \/>\n<meta property=\"article:modified_time\" content=\"2026-03-12T08:22:27+00:00\" \/>\n<meta property=\"og:image\" content=\"https:\/\/i0.wp.com\/truusk.se\/wp-content\/uploads\/2024\/02\/djursang-for-katter-och-hundar-sjogras-tvattbar-kudde-48cm-x-48cm-x-245cm-beige-khaki-naturlig.webp?fit=800%2C800&ssl=1\" \/>\n\t<meta property=\"og:image:width\" content=\"800\" \/>\n\t<meta property=\"og:image:height\" content=\"800\" \/>\n\t<meta property=\"og:image:type\" content=\"image\/webp\" \/>\n<meta name=\"twitter:card\" content=\"summary_large_image\" \/>\n<meta name=\"twitter:label1\" content=\"Ber\u00e4knad l\u00e4stid\" \/>\n\t<meta name=\"twitter:data1\" content=\"1 minut\" \/>\n<!-- \/ Yoast SEO plugin. -->","yoast_head_json":{"title":"TRUUSK Djurs\u00e4ng f\u00f6r Katter och Hundar - Sj\u00f6gr\u00e4s - Tv\u00e4ttbar Kudde - 48cm x 48cm x 24,5cm - Beige + Khaki - Naturlig - TRUUSK - Hem, Tr\u00e4dg\u00e5rd &amp; Fritid","robots":{"index":"index","follow":"follow","max-snippet":"max-snippet:-1","max-image-preview":"max-image-preview:large","max-video-preview":"max-video-preview:-1"},"canonical":"https:\/\/truusk.store\/sv\/produkt\/truusk-djursang-for-katter-och-hundar-sjogras-tvattbar-kudde-48cm-x-48cm-x-245cm-beige-khaki-naturlig\/","og_locale":"sv_SE","og_type":"article","og_title":"TRUUSK Djurs\u00e4ng f\u00f6r Katter och Hundar - Sj\u00f6gr\u00e4s - Tv\u00e4ttbar Kudde - 48cm x 48cm x 24,5cm - Beige + Khaki - Naturlig - TRUUSK - Hem, Tr\u00e4dg\u00e5rd &amp; Fritid","og_description":"Unna ditt husdjur den ultimata avkopplingen med denna husdjurss\u00e4ng. Den \u00e4r gjord av sj\u00f6gr\u00e4srep, passar m\u00e5nga inredningsstilar och kan anv\u00e4ndas...","og_url":"https:\/\/truusk.store\/sv\/produkt\/truusk-djursang-for-katter-och-hundar-sjogras-tvattbar-kudde-48cm-x-48cm-x-245cm-beige-khaki-naturlig\/","og_site_name":"TRUUSK - Hem, Tr\u00e4dg\u00e5rd &amp; Fritid","article_modified_time":"2026-03-12T08:22:27+00:00","og_image":[{"width":800,"height":800,"url":"https:\/\/i0.wp.com\/truusk.se\/wp-content\/uploads\/2024\/02\/djursang-for-katter-och-hundar-sjogras-tvattbar-kudde-48cm-x-48cm-x-245cm-beige-khaki-naturlig.webp?fit=800%2C800&ssl=1","type":"image\/webp"}],"twitter_card":"summary_large_image","twitter_misc":{"Ber\u00e4knad l\u00e4stid":"1 minut"},"schema":{"@context":"https:\/\/schema.org","@graph":[{"@type":"WebPage","@id":"https:\/\/truusk.store\/sv\/produkt\/truusk-djursang-for-katter-och-hundar-sjogras-tvattbar-kudde-48cm-x-48cm-x-245cm-beige-khaki-naturlig\/","url":"https:\/\/truusk.store\/sv\/produkt\/truusk-djursang-for-katter-och-hundar-sjogras-tvattbar-kudde-48cm-x-48cm-x-245cm-beige-khaki-naturlig\/","name":"TRUUSK Djurs\u00e4ng f\u00f6r Katter och Hundar - Sj\u00f6gr\u00e4s - Tv\u00e4ttbar Kudde - 48cm x 48cm x 24,5cm - Beige + Khaki - Naturlig - TRUUSK - Hem, Tr\u00e4dg\u00e5rd &amp; Fritid","isPartOf":{"@id":"https:\/\/truusk.store\/sv\/#website"},"primaryImageOfPage":{"@id":"https:\/\/truusk.store\/sv\/produkt\/truusk-djursang-for-katter-och-hundar-sjogras-tvattbar-kudde-48cm-x-48cm-x-245cm-beige-khaki-naturlig\/#primaryimage"},"image":{"@id":"https:\/\/truusk.store\/sv\/produkt\/truusk-djursang-for-katter-och-hundar-sjogras-tvattbar-kudde-48cm-x-48cm-x-245cm-beige-khaki-naturlig\/#primaryimage"},"thumbnailUrl":"https:\/\/i0.wp.com\/truusk.store\/wp-content\/uploads\/2024\/02\/djursang-for-katter-och-hundar-sjogras-tvattbar-kudde-48cm-x-48cm-x-245cm-beige-khaki-naturlig.webp?fit=800%2C800&ssl=1","datePublished":"2024-02-14T04:10:51+00:00","dateModified":"2026-03-12T08:22:27+00:00","breadcrumb":{"@id":"https:\/\/truusk.store\/sv\/produkt\/truusk-djursang-for-katter-och-hundar-sjogras-tvattbar-kudde-48cm-x-48cm-x-245cm-beige-khaki-naturlig\/#breadcrumb"},"inLanguage":"sv-SE","potentialAction":[{"@type":"ReadAction","target":["https:\/\/truusk.store\/sv\/produkt\/truusk-djursang-for-katter-och-hundar-sjogras-tvattbar-kudde-48cm-x-48cm-x-245cm-beige-khaki-naturlig\/"]}]},{"@type":"ImageObject","inLanguage":"sv-SE","@id":"https:\/\/truusk.store\/sv\/produkt\/truusk-djursang-for-katter-och-hundar-sjogras-tvattbar-kudde-48cm-x-48cm-x-245cm-beige-khaki-naturlig\/#primaryimage","url":"https:\/\/i0.wp.com\/truusk.store\/wp-content\/uploads\/2024\/02\/djursang-for-katter-och-hundar-sjogras-tvattbar-kudde-48cm-x-48cm-x-245cm-beige-khaki-naturlig.webp?fit=800%2C800&ssl=1","contentUrl":"https:\/\/i0.wp.com\/truusk.store\/wp-content\/uploads\/2024\/02\/djursang-for-katter-och-hundar-sjogras-tvattbar-kudde-48cm-x-48cm-x-245cm-beige-khaki-naturlig.webp?fit=800%2C800&ssl=1","width":800,"height":800,"caption":"Djurs\u00e4ng F\u00f6r Katter Och Hundar, Sj\u00f6gr\u00e4s, Tv\u00e4ttbar Kudde, 48cm X 48cm X 24,5cm, Beige + Khaki - Naturlig 1"},{"@type":"BreadcrumbList","@id":"https:\/\/truusk.store\/sv\/produkt\/truusk-djursang-for-katter-och-hundar-sjogras-tvattbar-kudde-48cm-x-48cm-x-245cm-beige-khaki-naturlig\/#breadcrumb","itemListElement":[{"@type":"ListItem","position":1,"name":"Home","item":"https:\/\/truusk.store\/sv\/"},{"@type":"ListItem","position":2,"name":"Shop","item":"https:\/\/truusk.store\/shop\/"},{"@type":"ListItem","position":3,"name":"TRUUSK Djurs\u00e4ng f\u00f6r Katter och Hundar &#8211; Sj\u00f6gr\u00e4s &#8211; Tv\u00e4ttbar Kudde &#8211; 48cm x 48cm x 24,5cm &#8211; Beige + Khaki &#8211; Naturlig"}]},{"@type":"WebSite","@id":"https:\/\/truusk.store\/sv\/#website","url":"https:\/\/truusk.store\/sv\/","name":"TRUUSK - Hem, Tr\u00e4dg\u00e5rd & Fritid","description":"","publisher":{"@id":"https:\/\/truusk.store\/sv\/#organization"},"potentialAction":[{"@type":"SearchAction","target":{"@type":"EntryPoint","urlTemplate":"https:\/\/truusk.store\/sv\/?s={search_term_string}"},"query-input":{"@type":"PropertyValueSpecification","valueRequired":true,"valueName":"search_term_string"}}],"inLanguage":"sv-SE"},{"@type":"Organization","@id":"https:\/\/truusk.store\/sv\/#organization","name":"TRUUSK - Hem, Tr\u00e4dg\u00e5rd & Fritid","url":"https:\/\/truusk.store\/sv\/","logo":{"@type":"ImageObject","inLanguage":"sv-SE","@id":"https:\/\/truusk.store\/sv\/#\/schema\/logo\/image\/","url":"https:\/\/i0.wp.com\/truusk.store\/wp-content\/uploads\/2026\/03\/cropped-TRUUSK.png?fit=2032%2C917&ssl=1","contentUrl":"https:\/\/i0.wp.com\/truusk.store\/wp-content\/uploads\/2026\/03\/cropped-TRUUSK.png?fit=2032%2C917&ssl=1","width":2032,"height":917,"caption":"TRUUSK - Hem, Tr\u00e4dg\u00e5rd & Fritid"},"image":{"@id":"https:\/\/truusk.store\/sv\/#\/schema\/logo\/image\/"}}]}},"jetpack_sharing_enabled":true,"_links":{"self":[{"href":"https:\/\/truusk.store\/sv\/wp-json\/wp\/v2\/product\/44472","targetHints":{"allow":["GET"]}}],"collection":[{"href":"https:\/\/truusk.store\/sv\/wp-json\/wp\/v2\/product"}],"about":[{"href":"https:\/\/truusk.store\/sv\/wp-json\/wp\/v2\/types\/product"}],"wp:featuredmedia":[{"embeddable":true,"href":"https:\/\/truusk.store\/sv\/wp-json\/wp\/v2\/media\/44473"}],"wp:attachment":[{"href":"https:\/\/truusk.store\/sv\/wp-json\/wp\/v2\/media?parent=44472"}],"wp:term":[{"taxonomy":"product_brand","embeddable":true,"href":"https:\/\/truusk.store\/sv\/wp-json\/wp\/v2\/product_brand?post=44472"},{"taxonomy":"product_cat","embeddable":true,"href":"https:\/\/truusk.store\/sv\/wp-json\/wp\/v2\/product_cat?post=44472"},{"taxonomy":"product_tag","embeddable":true,"href":"https:\/\/truusk.store\/sv\/wp-json\/wp\/v2\/product_tag?post=44472"}],"curies":[{"name":"wp","href":"https:\/\/api.w.org\/{rel}","templated":true}]}}