{"id":44508,"date":"2024-02-14T05:12:22","date_gmt":"2024-02-14T04:12:22","guid":{"rendered":"https:\/\/truusk.store\/product\/kontorsstol-med-massagefunktion-fallbart-ryggstod-utdragbara-fotstod-linnelook-gra-65-x-61-x-113-cm\/"},"modified":"2026-03-12T09:22:29","modified_gmt":"2026-03-12T08:22:29","slug":"truusk-massagekontorsstol-fallbart-ryggstod-utdragbara-fotstod-linnelook-gra-65-x-61-x-113-cm","status":"publish","type":"product","link":"https:\/\/truusk.store\/sv\/produkt\/truusk-massagekontorsstol-fallbart-ryggstod-utdragbara-fotstod-linnelook-gra-65-x-61-x-113-cm\/","title":{"rendered":"TRUUSK Massagekontorsstol &#8211; F\u00e4llbart ryggst\u00f6d &#8211; Utdragbara fotst\u00f6d &#8211; Linnelook &#8211; Gr\u00e5 &#8211; 65 x 61 x 113 cm"},"content":{"rendered":"<p>Om du arbetar hemifr\u00e5n eller spenderar mycket tid vid datorn beh\u00f6ver du en stol som ger dig det st\u00f6d du beh\u00f6ver samtidigt som du \u00e4r bekv\u00e4m. Denna kontorsstol g\u00e5r ett steg l\u00e4ngre och f\u00f6rf\u00f6r dig med en otroligt lugnande massagefunktion, gener\u00f6s, mjuk stoppning, ett h\u00f6gt lutande ryggst\u00f6d och ett utdragbart fotst\u00f6d, s\u00e5 att \u00e4ven de l\u00e4ngsta arbetsdagarna k\u00e4nns vilsamma och l\u00e4tta.<\/p>\n<h3>Beskrivning:<\/h3>\n<ul>\n<li>6-punkts vibrationsmassage som styrs av fj\u00e4rrkontrollen f\u00f6r att slappna av i din kropp<\/li>\n<li>Du kan st\u00e4lla in 2 intensiteter och 5 massagel\u00e4gen<\/li>\n<li>Massagel\u00e4ngd p\u00e5 15, 30 och 45 minuter, s\u00e5 att massagefunktionen st\u00e4ngs av automatiskt, \u00e4ven om du slumrar till<\/li>\n<li>Nackst\u00f6det kan justeras upp eller ner med 5 cm efter behov<\/li>\n<li>Vilo- och stretchfunktion med en lutningsvinkel p\u00e5 135<\/li>\n<li>Utdragbara fotst\u00f6d s\u00e5 att du kan s\u00e4tta upp f\u00f6tterna n\u00e4r du lutar dig bak\u00e5t<\/li>\n<li>Sitth\u00f6jden \u00e4r justerbar fr\u00e5n 41 cm till 49 cm och anpassar sig efter din sittst\u00e4llning<\/li>\n<li>\u00d6verdrag i linnelook \u00e4r bekv\u00e4mt och hudv\u00e4nligt<\/li>\n<li>Vridbar sits och fem hjul f\u00f6r r\u00f6relsefrihet<\/li>\n<li>Montering kr\u00e4vs<\/li>\n<\/ul>\n<h3>Teknisk data:<\/h3>\n<ul>\n<li>F\u00e4rg gr\u00e5<\/li>\n<li>Material: Linneimitation (100 % polyester), skum, flerskiktsskiva, st\u00e5l<\/li>\n<li>\u00d6vergripande m\u00e5tt: 65L x 61W x 105-113H cm<\/li>\n<li>M\u00e5tt i liggl\u00e4ge: 65W x 105D x 95H cm<\/li>\n<li>Maximal lutningsvinkel: 135<\/li>\n<li>Sitsm\u00e5tt: 53W x 50D x 41-49H cm<\/li>\n<li>Armst\u00f6dsh\u00f6jd (till sittplats): 20H cm<\/li>\n<li>Ryggst\u00f6dsm\u00e5tt: 67L x 50W x 10D cm<\/li>\n<li>M\u00e5tt: 37L x 22W x 6D cm<\/li>\n<li>Str\u00f6mkabelns l\u00e4ngd: 1,5 m<\/li>\n<li>Ing\u00e5ng: 100-240V, 50\/60Hz<\/li>\n<li>Utg\u00e5ng: 12V, 0,6A<\/li>\n<li>Lastkapacitet: 120 kg<\/li>\n<li>Vikt: 17 kg<\/li>\n<\/ul>\n<h3>Leveransens omfattning:<\/h3>\n<ul>\n<li>1 x Massage Bro stol<\/li>\n<li>1 x Fj\u00e4rrkontroll<\/li>\n<li>1 x Instruktioner<\/li>\n<\/ul>\n","protected":false},"excerpt":{"rendered":"<p>Om du arbetar hemifr\u00e5n eller spenderar mycket tid vid datorn beh\u00f6ver du en stol som ger dig det st\u00f6d du&#8230;<\/p>\n","protected":false},"featured_media":44509,"template":"","meta":[],"product_brand":[],"product_cat":[485,516,515],"product_tag":[],"class_list":{"0":"post-44508","1":"product","2":"type-product","3":"status-publish","4":"has-post-thumbnail","6":"product_cat-hus-bo","7":"product_cat-kontorsstolar","8":"product_cat-stolar","10":"first","11":"instock","12":"sale","13":"taxable","14":"shipping-taxable","15":"purchasable","16":"product-type-simple"},"yoast_head":"<!-- This site is optimized with the Yoast SEO plugin v25.4 - https:\/\/yoast.com\/wordpress\/plugins\/seo\/ -->\n<title>TRUUSK Massagekontorsstol - F\u00e4llbart ryggst\u00f6d - Utdragbara fotst\u00f6d - Linnelook - Gr\u00e5 - 65 x 61 x 113 cm - TRUUSK - Hem, Tr\u00e4dg\u00e5rd &amp; Fritid<\/title>\n<meta name=\"robots\" content=\"index, follow, max-snippet:-1, max-image-preview:large, max-video-preview:-1\" \/>\n<link rel=\"canonical\" href=\"https:\/\/truusk.store\/sv\/produkt\/truusk-massagekontorsstol-fallbart-ryggstod-utdragbara-fotstod-linnelook-gra-65-x-61-x-113-cm\/\" \/>\n<meta property=\"og:locale\" content=\"sv_SE\" \/>\n<meta property=\"og:type\" content=\"article\" \/>\n<meta property=\"og:title\" content=\"TRUUSK Massagekontorsstol - F\u00e4llbart ryggst\u00f6d - Utdragbara fotst\u00f6d - Linnelook - Gr\u00e5 - 65 x 61 x 113 cm - TRUUSK - Hem, Tr\u00e4dg\u00e5rd &amp; Fritid\" \/>\n<meta property=\"og:description\" content=\"Om du arbetar hemifr\u00e5n eller spenderar mycket tid vid datorn beh\u00f6ver du en stol som ger dig det st\u00f6d du...\" \/>\n<meta property=\"og:url\" content=\"https:\/\/truusk.store\/sv\/produkt\/truusk-massagekontorsstol-fallbart-ryggstod-utdragbara-fotstod-linnelook-gra-65-x-61-x-113-cm\/\" \/>\n<meta property=\"og:site_name\" content=\"TRUUSK - Hem, Tr\u00e4dg\u00e5rd &amp; Fritid\" \/>\n<meta property=\"article:modified_time\" content=\"2026-03-12T08:22:29+00:00\" \/>\n<meta property=\"og:image\" content=\"https:\/\/i0.wp.com\/truusk.se\/wp-content\/uploads\/2024\/02\/kontorsstol-med-massagefunktion-fallbart-ryggstod-utdragbara-fotstod-linnelook-gra-65-x-61-x-113-cm.webp?fit=800%2C800&ssl=1\" \/>\n\t<meta property=\"og:image:width\" content=\"800\" \/>\n\t<meta property=\"og:image:height\" content=\"800\" \/>\n\t<meta property=\"og:image:type\" content=\"image\/webp\" \/>\n<meta name=\"twitter:card\" content=\"summary_large_image\" \/>\n<meta name=\"twitter:label1\" content=\"Ber\u00e4knad l\u00e4stid\" \/>\n\t<meta name=\"twitter:data1\" content=\"1 minut\" \/>\n<!-- \/ Yoast SEO plugin. -->","yoast_head_json":{"title":"TRUUSK Massagekontorsstol - F\u00e4llbart ryggst\u00f6d - Utdragbara fotst\u00f6d - Linnelook - Gr\u00e5 - 65 x 61 x 113 cm - TRUUSK - Hem, Tr\u00e4dg\u00e5rd &amp; Fritid","robots":{"index":"index","follow":"follow","max-snippet":"max-snippet:-1","max-image-preview":"max-image-preview:large","max-video-preview":"max-video-preview:-1"},"canonical":"https:\/\/truusk.store\/sv\/produkt\/truusk-massagekontorsstol-fallbart-ryggstod-utdragbara-fotstod-linnelook-gra-65-x-61-x-113-cm\/","og_locale":"sv_SE","og_type":"article","og_title":"TRUUSK Massagekontorsstol - F\u00e4llbart ryggst\u00f6d - Utdragbara fotst\u00f6d - Linnelook - Gr\u00e5 - 65 x 61 x 113 cm - TRUUSK - Hem, Tr\u00e4dg\u00e5rd &amp; Fritid","og_description":"Om du arbetar hemifr\u00e5n eller spenderar mycket tid vid datorn beh\u00f6ver du en stol som ger dig det st\u00f6d du...","og_url":"https:\/\/truusk.store\/sv\/produkt\/truusk-massagekontorsstol-fallbart-ryggstod-utdragbara-fotstod-linnelook-gra-65-x-61-x-113-cm\/","og_site_name":"TRUUSK - Hem, Tr\u00e4dg\u00e5rd &amp; Fritid","article_modified_time":"2026-03-12T08:22:29+00:00","og_image":[{"width":800,"height":800,"url":"https:\/\/i0.wp.com\/truusk.se\/wp-content\/uploads\/2024\/02\/kontorsstol-med-massagefunktion-fallbart-ryggstod-utdragbara-fotstod-linnelook-gra-65-x-61-x-113-cm.webp?fit=800%2C800&ssl=1","type":"image\/webp"}],"twitter_card":"summary_large_image","twitter_misc":{"Ber\u00e4knad l\u00e4stid":"1 minut"},"schema":{"@context":"https:\/\/schema.org","@graph":[{"@type":"WebPage","@id":"https:\/\/truusk.store\/sv\/produkt\/truusk-massagekontorsstol-fallbart-ryggstod-utdragbara-fotstod-linnelook-gra-65-x-61-x-113-cm\/","url":"https:\/\/truusk.store\/sv\/produkt\/truusk-massagekontorsstol-fallbart-ryggstod-utdragbara-fotstod-linnelook-gra-65-x-61-x-113-cm\/","name":"TRUUSK Massagekontorsstol - F\u00e4llbart ryggst\u00f6d - Utdragbara fotst\u00f6d - Linnelook - Gr\u00e5 - 65 x 61 x 113 cm - TRUUSK - Hem, Tr\u00e4dg\u00e5rd &amp; Fritid","isPartOf":{"@id":"https:\/\/truusk.store\/sv\/#website"},"primaryImageOfPage":{"@id":"https:\/\/truusk.store\/sv\/produkt\/truusk-massagekontorsstol-fallbart-ryggstod-utdragbara-fotstod-linnelook-gra-65-x-61-x-113-cm\/#primaryimage"},"image":{"@id":"https:\/\/truusk.store\/sv\/produkt\/truusk-massagekontorsstol-fallbart-ryggstod-utdragbara-fotstod-linnelook-gra-65-x-61-x-113-cm\/#primaryimage"},"thumbnailUrl":"https:\/\/i0.wp.com\/truusk.store\/wp-content\/uploads\/2024\/02\/kontorsstol-med-massagefunktion-fallbart-ryggstod-utdragbara-fotstod-linnelook-gra-65-x-61-x-113-cm.webp?fit=800%2C800&ssl=1","datePublished":"2024-02-14T04:12:22+00:00","dateModified":"2026-03-12T08:22:29+00:00","breadcrumb":{"@id":"https:\/\/truusk.store\/sv\/produkt\/truusk-massagekontorsstol-fallbart-ryggstod-utdragbara-fotstod-linnelook-gra-65-x-61-x-113-cm\/#breadcrumb"},"inLanguage":"sv-SE","potentialAction":[{"@type":"ReadAction","target":["https:\/\/truusk.store\/sv\/produkt\/truusk-massagekontorsstol-fallbart-ryggstod-utdragbara-fotstod-linnelook-gra-65-x-61-x-113-cm\/"]}]},{"@type":"ImageObject","inLanguage":"sv-SE","@id":"https:\/\/truusk.store\/sv\/produkt\/truusk-massagekontorsstol-fallbart-ryggstod-utdragbara-fotstod-linnelook-gra-65-x-61-x-113-cm\/#primaryimage","url":"https:\/\/i0.wp.com\/truusk.store\/wp-content\/uploads\/2024\/02\/kontorsstol-med-massagefunktion-fallbart-ryggstod-utdragbara-fotstod-linnelook-gra-65-x-61-x-113-cm.webp?fit=800%2C800&ssl=1","contentUrl":"https:\/\/i0.wp.com\/truusk.store\/wp-content\/uploads\/2024\/02\/kontorsstol-med-massagefunktion-fallbart-ryggstod-utdragbara-fotstod-linnelook-gra-65-x-61-x-113-cm.webp?fit=800%2C800&ssl=1","width":800,"height":800,"caption":"Kontorsstol Med Massagefunktion, F\u00e4llbart Ryggst\u00f6d, Utdragbara Fotst\u00f6d, Linnelook, Gr\u00e5, 65 X 61 X 113 Cm 1"},{"@type":"BreadcrumbList","@id":"https:\/\/truusk.store\/sv\/produkt\/truusk-massagekontorsstol-fallbart-ryggstod-utdragbara-fotstod-linnelook-gra-65-x-61-x-113-cm\/#breadcrumb","itemListElement":[{"@type":"ListItem","position":1,"name":"Home","item":"https:\/\/truusk.store\/sv\/"},{"@type":"ListItem","position":2,"name":"Shop","item":"https:\/\/truusk.store\/shop\/"},{"@type":"ListItem","position":3,"name":"TRUUSK Massagekontorsstol &#8211; F\u00e4llbart ryggst\u00f6d &#8211; Utdragbara fotst\u00f6d &#8211; Linnelook &#8211; Gr\u00e5 &#8211; 65 x 61 x 113 cm"}]},{"@type":"WebSite","@id":"https:\/\/truusk.store\/sv\/#website","url":"https:\/\/truusk.store\/sv\/","name":"TRUUSK - Hem, Tr\u00e4dg\u00e5rd & Fritid","description":"","publisher":{"@id":"https:\/\/truusk.store\/sv\/#organization"},"potentialAction":[{"@type":"SearchAction","target":{"@type":"EntryPoint","urlTemplate":"https:\/\/truusk.store\/sv\/?s={search_term_string}"},"query-input":{"@type":"PropertyValueSpecification","valueRequired":true,"valueName":"search_term_string"}}],"inLanguage":"sv-SE"},{"@type":"Organization","@id":"https:\/\/truusk.store\/sv\/#organization","name":"TRUUSK - Hem, Tr\u00e4dg\u00e5rd & Fritid","url":"https:\/\/truusk.store\/sv\/","logo":{"@type":"ImageObject","inLanguage":"sv-SE","@id":"https:\/\/truusk.store\/sv\/#\/schema\/logo\/image\/","url":"https:\/\/i0.wp.com\/truusk.store\/wp-content\/uploads\/2026\/03\/cropped-TRUUSK.png?fit=2032%2C917&ssl=1","contentUrl":"https:\/\/i0.wp.com\/truusk.store\/wp-content\/uploads\/2026\/03\/cropped-TRUUSK.png?fit=2032%2C917&ssl=1","width":2032,"height":917,"caption":"TRUUSK - Hem, Tr\u00e4dg\u00e5rd & Fritid"},"image":{"@id":"https:\/\/truusk.store\/sv\/#\/schema\/logo\/image\/"}}]}},"jetpack_sharing_enabled":true,"_links":{"self":[{"href":"https:\/\/truusk.store\/sv\/wp-json\/wp\/v2\/product\/44508","targetHints":{"allow":["GET"]}}],"collection":[{"href":"https:\/\/truusk.store\/sv\/wp-json\/wp\/v2\/product"}],"about":[{"href":"https:\/\/truusk.store\/sv\/wp-json\/wp\/v2\/types\/product"}],"wp:featuredmedia":[{"embeddable":true,"href":"https:\/\/truusk.store\/sv\/wp-json\/wp\/v2\/media\/44509"}],"wp:attachment":[{"href":"https:\/\/truusk.store\/sv\/wp-json\/wp\/v2\/media?parent=44508"}],"wp:term":[{"taxonomy":"product_brand","embeddable":true,"href":"https:\/\/truusk.store\/sv\/wp-json\/wp\/v2\/product_brand?post=44508"},{"taxonomy":"product_cat","embeddable":true,"href":"https:\/\/truusk.store\/sv\/wp-json\/wp\/v2\/product_cat?post=44508"},{"taxonomy":"product_tag","embeddable":true,"href":"https:\/\/truusk.store\/sv\/wp-json\/wp\/v2\/product_tag?post=44508"}],"curies":[{"name":"wp","href":"https:\/\/api.w.org\/{rel}","templated":true}]}}