{"id":44529,"date":"2024-02-14T05:13:04","date_gmt":"2024-02-14T04:13:04","guid":{"rendered":"https:\/\/truusk.store\/product\/ritstol-inklusive-fotstod-hoj-och-sankbar-kontorsstol-59-cm-x-61-cm-x-113-cm-svart\/"},"modified":"2026-03-12T09:22:36","modified_gmt":"2026-03-12T08:22:36","slug":"truusk-ritstol-inklusive-fotstod-hoj-och-sankbar-kontorsstol-svart-59-cm-x-61-cm-x-113-cm","status":"publish","type":"product","link":"https:\/\/truusk.store\/sv\/produkt\/truusk-ritstol-inklusive-fotstod-hoj-och-sankbar-kontorsstol-svart-59-cm-x-61-cm-x-113-cm\/","title":{"rendered":"TRUUSK Ritstol inklusive fotst\u00f6d &#8211; H\u00f6j- och s\u00e4nkbar kontorsstol &#8211; Svart &#8211; 59 cm x 61 cm x 113 cm"},"content":{"rendered":"<p>En bra kontorsstol ska ge optimalt st\u00f6d \u00e4ven under l\u00e5nga perioder av sittande. Kontorsstolen \u00e4r tjockt vadderad och \u00e4r utrustad med ventilerande meshtyg f\u00f6r att ge dig god komfort. Denna kontorsstol har ett ryggst\u00f6d i mesh, h\u00f6j- och s\u00e4nkbar sits och fotst\u00f6d som anpassar sig efter din sittst\u00e4llning s\u00e5 att du kan arbeta effektivt. Utan armst\u00f6d kan du r\u00f6ra dig fritt och placera denna stol under bordet f\u00f6r att spara utrymme.<\/p>\n<h3>Beskrivning:<\/h3>\n<ul>\n<li>Den ergonomiska designen inkluderar ett b\u00f6jt ryggst\u00f6d och en tjockt vadderad sits f\u00f6r komfort<\/li>\n<li>Sitth\u00f6jden \u00e4r justerbar fr\u00e5n 50 cm till 70 cm och anpassar sig efter din arbetsh\u00f6jd<\/li>\n<li>Meshtyget andas och \u00e4r bekv\u00e4mt<\/li>\n<li>Placera f\u00f6tterna p\u00e5 den h\u00f6j- och s\u00e4nkbara pelaren och njut av den ultimata komforten<\/li>\n<li>Arml\u00f6s design ger st\u00f6rre r\u00f6relsefrihet<\/li>\n<li>Vridbart och roterande s\u00e4te s\u00e4kerst\u00e4ller enkel och snabb r\u00f6rlighet<\/li>\n<li>Montering kr\u00e4vs<\/li>\n<\/ul>\n<h3>Teknisk data:<\/h3>\n<ul>\n<li>Svart f\u00e4rg<\/li>\n<li>Material: Meshtyg (100% polyester), skum, flerskiktsskiva, nylon, st\u00e5l<\/li>\n<li>\u00d6vergripande m\u00e5tt: 59W x 61D x 93-113H cm<\/li>\n<li>Sitsstorlek: 46W x 44D x 50-70H cm<\/li>\n<li>M\u00e5tt bak: 41W x 39H cm<\/li>\n<li>Fotst\u00f6dsstorlek: 64 x 12,5-34,5H cm<\/li>\n<li>Total viktkapacitet: 120 kg<\/li>\n<\/ul>\n<h3>Leveransens omfattning:<\/h3>\n<ul>\n<li>1 x Kontorsstol<\/li>\n<li>1 x manuell<\/li>\n<\/ul>\n","protected":false},"excerpt":{"rendered":"<p>En bra kontorsstol ska ge optimalt st\u00f6d \u00e4ven under l\u00e5nga perioder av sittande. Kontorsstolen \u00e4r tjockt vadderad och \u00e4r utrustad&#8230;<\/p>\n","protected":false},"featured_media":44530,"template":"","meta":[],"product_brand":[],"product_cat":[485,516,515],"product_tag":[],"class_list":{"0":"post-44529","1":"product","2":"type-product","3":"status-publish","4":"has-post-thumbnail","6":"product_cat-hus-bo","7":"product_cat-kontorsstolar","8":"product_cat-stolar","10":"first","11":"instock","12":"sale","13":"taxable","14":"shipping-taxable","15":"purchasable","16":"product-type-simple"},"yoast_head":"<!-- This site is optimized with the Yoast SEO plugin v25.4 - https:\/\/yoast.com\/wordpress\/plugins\/seo\/ -->\n<title>TRUUSK Ritstol inklusive fotst\u00f6d - H\u00f6j- och s\u00e4nkbar kontorsstol - Svart - 59 cm x 61 cm x 113 cm - TRUUSK - Hem, Tr\u00e4dg\u00e5rd &amp; Fritid<\/title>\n<meta name=\"robots\" content=\"index, follow, max-snippet:-1, max-image-preview:large, max-video-preview:-1\" \/>\n<link rel=\"canonical\" href=\"https:\/\/truusk.store\/sv\/produkt\/truusk-ritstol-inklusive-fotstod-hoj-och-sankbar-kontorsstol-svart-59-cm-x-61-cm-x-113-cm\/\" \/>\n<meta property=\"og:locale\" content=\"sv_SE\" \/>\n<meta property=\"og:type\" content=\"article\" \/>\n<meta property=\"og:title\" content=\"TRUUSK Ritstol inklusive fotst\u00f6d - H\u00f6j- och s\u00e4nkbar kontorsstol - Svart - 59 cm x 61 cm x 113 cm - TRUUSK - Hem, Tr\u00e4dg\u00e5rd &amp; Fritid\" \/>\n<meta property=\"og:description\" content=\"En bra kontorsstol ska ge optimalt st\u00f6d \u00e4ven under l\u00e5nga perioder av sittande. Kontorsstolen \u00e4r tjockt vadderad och \u00e4r utrustad...\" \/>\n<meta property=\"og:url\" content=\"https:\/\/truusk.store\/sv\/produkt\/truusk-ritstol-inklusive-fotstod-hoj-och-sankbar-kontorsstol-svart-59-cm-x-61-cm-x-113-cm\/\" \/>\n<meta property=\"og:site_name\" content=\"TRUUSK - Hem, Tr\u00e4dg\u00e5rd &amp; Fritid\" \/>\n<meta property=\"article:modified_time\" content=\"2026-03-12T08:22:36+00:00\" \/>\n<meta property=\"og:image\" content=\"https:\/\/i0.wp.com\/truusk.se\/wp-content\/uploads\/2024\/02\/ritstol-inklusive-fotstod-hoj-och-sankbar-kontorsstol-59-cm-x-61-cm-x-113-cm-svart.webp?fit=800%2C800&ssl=1\" \/>\n\t<meta property=\"og:image:width\" content=\"800\" \/>\n\t<meta property=\"og:image:height\" content=\"800\" \/>\n\t<meta property=\"og:image:type\" content=\"image\/webp\" \/>\n<meta name=\"twitter:card\" content=\"summary_large_image\" \/>\n<meta name=\"twitter:label1\" content=\"Ber\u00e4knad l\u00e4stid\" \/>\n\t<meta name=\"twitter:data1\" content=\"1 minut\" \/>\n<!-- \/ Yoast SEO plugin. -->","yoast_head_json":{"title":"TRUUSK Ritstol inklusive fotst\u00f6d - H\u00f6j- och s\u00e4nkbar kontorsstol - Svart - 59 cm x 61 cm x 113 cm - TRUUSK - Hem, Tr\u00e4dg\u00e5rd &amp; Fritid","robots":{"index":"index","follow":"follow","max-snippet":"max-snippet:-1","max-image-preview":"max-image-preview:large","max-video-preview":"max-video-preview:-1"},"canonical":"https:\/\/truusk.store\/sv\/produkt\/truusk-ritstol-inklusive-fotstod-hoj-och-sankbar-kontorsstol-svart-59-cm-x-61-cm-x-113-cm\/","og_locale":"sv_SE","og_type":"article","og_title":"TRUUSK Ritstol inklusive fotst\u00f6d - H\u00f6j- och s\u00e4nkbar kontorsstol - Svart - 59 cm x 61 cm x 113 cm - TRUUSK - Hem, Tr\u00e4dg\u00e5rd &amp; Fritid","og_description":"En bra kontorsstol ska ge optimalt st\u00f6d \u00e4ven under l\u00e5nga perioder av sittande. Kontorsstolen \u00e4r tjockt vadderad och \u00e4r utrustad...","og_url":"https:\/\/truusk.store\/sv\/produkt\/truusk-ritstol-inklusive-fotstod-hoj-och-sankbar-kontorsstol-svart-59-cm-x-61-cm-x-113-cm\/","og_site_name":"TRUUSK - Hem, Tr\u00e4dg\u00e5rd &amp; Fritid","article_modified_time":"2026-03-12T08:22:36+00:00","og_image":[{"width":800,"height":800,"url":"https:\/\/i0.wp.com\/truusk.se\/wp-content\/uploads\/2024\/02\/ritstol-inklusive-fotstod-hoj-och-sankbar-kontorsstol-59-cm-x-61-cm-x-113-cm-svart.webp?fit=800%2C800&ssl=1","type":"image\/webp"}],"twitter_card":"summary_large_image","twitter_misc":{"Ber\u00e4knad l\u00e4stid":"1 minut"},"schema":{"@context":"https:\/\/schema.org","@graph":[{"@type":"WebPage","@id":"https:\/\/truusk.store\/sv\/produkt\/truusk-ritstol-inklusive-fotstod-hoj-och-sankbar-kontorsstol-svart-59-cm-x-61-cm-x-113-cm\/","url":"https:\/\/truusk.store\/sv\/produkt\/truusk-ritstol-inklusive-fotstod-hoj-och-sankbar-kontorsstol-svart-59-cm-x-61-cm-x-113-cm\/","name":"TRUUSK Ritstol inklusive fotst\u00f6d - H\u00f6j- och s\u00e4nkbar kontorsstol - Svart - 59 cm x 61 cm x 113 cm - TRUUSK - Hem, Tr\u00e4dg\u00e5rd &amp; Fritid","isPartOf":{"@id":"https:\/\/truusk.store\/sv\/#website"},"primaryImageOfPage":{"@id":"https:\/\/truusk.store\/sv\/produkt\/truusk-ritstol-inklusive-fotstod-hoj-och-sankbar-kontorsstol-svart-59-cm-x-61-cm-x-113-cm\/#primaryimage"},"image":{"@id":"https:\/\/truusk.store\/sv\/produkt\/truusk-ritstol-inklusive-fotstod-hoj-och-sankbar-kontorsstol-svart-59-cm-x-61-cm-x-113-cm\/#primaryimage"},"thumbnailUrl":"https:\/\/i0.wp.com\/truusk.store\/wp-content\/uploads\/2024\/02\/ritstol-inklusive-fotstod-hoj-och-sankbar-kontorsstol-59-cm-x-61-cm-x-113-cm-svart.webp?fit=800%2C800&ssl=1","datePublished":"2024-02-14T04:13:04+00:00","dateModified":"2026-03-12T08:22:36+00:00","breadcrumb":{"@id":"https:\/\/truusk.store\/sv\/produkt\/truusk-ritstol-inklusive-fotstod-hoj-och-sankbar-kontorsstol-svart-59-cm-x-61-cm-x-113-cm\/#breadcrumb"},"inLanguage":"sv-SE","potentialAction":[{"@type":"ReadAction","target":["https:\/\/truusk.store\/sv\/produkt\/truusk-ritstol-inklusive-fotstod-hoj-och-sankbar-kontorsstol-svart-59-cm-x-61-cm-x-113-cm\/"]}]},{"@type":"ImageObject","inLanguage":"sv-SE","@id":"https:\/\/truusk.store\/sv\/produkt\/truusk-ritstol-inklusive-fotstod-hoj-och-sankbar-kontorsstol-svart-59-cm-x-61-cm-x-113-cm\/#primaryimage","url":"https:\/\/i0.wp.com\/truusk.store\/wp-content\/uploads\/2024\/02\/ritstol-inklusive-fotstod-hoj-och-sankbar-kontorsstol-59-cm-x-61-cm-x-113-cm-svart.webp?fit=800%2C800&ssl=1","contentUrl":"https:\/\/i0.wp.com\/truusk.store\/wp-content\/uploads\/2024\/02\/ritstol-inklusive-fotstod-hoj-och-sankbar-kontorsstol-59-cm-x-61-cm-x-113-cm-svart.webp?fit=800%2C800&ssl=1","width":800,"height":800,"caption":"Ritstol Inklusive Fotst\u00f6d, H\u00f6j- Och S\u00e4nkbar Kontorsstol, 59 Cm X 61 Cm X 113 Cm, Svart 1"},{"@type":"BreadcrumbList","@id":"https:\/\/truusk.store\/sv\/produkt\/truusk-ritstol-inklusive-fotstod-hoj-och-sankbar-kontorsstol-svart-59-cm-x-61-cm-x-113-cm\/#breadcrumb","itemListElement":[{"@type":"ListItem","position":1,"name":"Home","item":"https:\/\/truusk.store\/sv\/"},{"@type":"ListItem","position":2,"name":"Shop","item":"https:\/\/truusk.store\/shop\/"},{"@type":"ListItem","position":3,"name":"TRUUSK Ritstol inklusive fotst\u00f6d &#8211; H\u00f6j- och s\u00e4nkbar kontorsstol &#8211; Svart &#8211; 59 cm x 61 cm x 113 cm"}]},{"@type":"WebSite","@id":"https:\/\/truusk.store\/sv\/#website","url":"https:\/\/truusk.store\/sv\/","name":"TRUUSK - Hem, Tr\u00e4dg\u00e5rd & Fritid","description":"","publisher":{"@id":"https:\/\/truusk.store\/sv\/#organization"},"potentialAction":[{"@type":"SearchAction","target":{"@type":"EntryPoint","urlTemplate":"https:\/\/truusk.store\/sv\/?s={search_term_string}"},"query-input":{"@type":"PropertyValueSpecification","valueRequired":true,"valueName":"search_term_string"}}],"inLanguage":"sv-SE"},{"@type":"Organization","@id":"https:\/\/truusk.store\/sv\/#organization","name":"TRUUSK - Hem, Tr\u00e4dg\u00e5rd & Fritid","url":"https:\/\/truusk.store\/sv\/","logo":{"@type":"ImageObject","inLanguage":"sv-SE","@id":"https:\/\/truusk.store\/sv\/#\/schema\/logo\/image\/","url":"https:\/\/i0.wp.com\/truusk.store\/wp-content\/uploads\/2026\/03\/cropped-TRUUSK.png?fit=2032%2C917&ssl=1","contentUrl":"https:\/\/i0.wp.com\/truusk.store\/wp-content\/uploads\/2026\/03\/cropped-TRUUSK.png?fit=2032%2C917&ssl=1","width":2032,"height":917,"caption":"TRUUSK - Hem, Tr\u00e4dg\u00e5rd & Fritid"},"image":{"@id":"https:\/\/truusk.store\/sv\/#\/schema\/logo\/image\/"}}]}},"jetpack_sharing_enabled":true,"_links":{"self":[{"href":"https:\/\/truusk.store\/sv\/wp-json\/wp\/v2\/product\/44529","targetHints":{"allow":["GET"]}}],"collection":[{"href":"https:\/\/truusk.store\/sv\/wp-json\/wp\/v2\/product"}],"about":[{"href":"https:\/\/truusk.store\/sv\/wp-json\/wp\/v2\/types\/product"}],"wp:featuredmedia":[{"embeddable":true,"href":"https:\/\/truusk.store\/sv\/wp-json\/wp\/v2\/media\/44530"}],"wp:attachment":[{"href":"https:\/\/truusk.store\/sv\/wp-json\/wp\/v2\/media?parent=44529"}],"wp:term":[{"taxonomy":"product_brand","embeddable":true,"href":"https:\/\/truusk.store\/sv\/wp-json\/wp\/v2\/product_brand?post=44529"},{"taxonomy":"product_cat","embeddable":true,"href":"https:\/\/truusk.store\/sv\/wp-json\/wp\/v2\/product_cat?post=44529"},{"taxonomy":"product_tag","embeddable":true,"href":"https:\/\/truusk.store\/sv\/wp-json\/wp\/v2\/product_tag?post=44529"}],"curies":[{"name":"wp","href":"https:\/\/api.w.org\/{rel}","templated":true}]}}