{"id":44542,"date":"2024-02-14T05:13:36","date_gmt":"2024-02-14T04:13:36","guid":{"rendered":"https:\/\/truusk.store\/product\/massagekontorsstol-med-fotpall-8-vibrationshuvuden-1-fjarrkontroll-1-sidficka-gra\/"},"modified":"2026-03-12T09:22:36","modified_gmt":"2026-03-12T08:22:36","slug":"truusk-massagekontorsstol-med-fotpall-8-vibrationshuvuden-1-fjarrkontroll-gra","status":"publish","type":"product","link":"https:\/\/truusk.store\/sv\/produkt\/truusk-massagekontorsstol-med-fotpall-8-vibrationshuvuden-1-fjarrkontroll-gra\/","title":{"rendered":"TRUUSK Massagekontorsstol Med Fotpall &#8211; 8 Vibrationshuvuden &#8211; 1 Fj\u00e4rrkontroll &#8211; Gr\u00e5"},"content":{"rendered":"<p>Efter en hektisk dag kan du sitta ner, koppla av och f\u00e5 en grundlig massage fr\u00e5n denna massagestol. Massagepunkterna \u00e4r f\u00f6rdelade \u00f6ver rygg, l\u00e4ndrygg, l\u00e5r och ben. Du kan v\u00e4lja den automatiska funktionen f\u00f6r att njuta av f\u00f6rprogrammerad massage, eller s\u00e5 kan du v\u00e4lja den manuella funktionen f\u00f6r att njuta av olika massager sj\u00e4lv. Detta set med f\u00e5t\u00f6ljer och fotpall \u00e4r en fantastisk m\u00f6bel f\u00f6r ditt hem som kommer att f\u00f6rb\u00e4ttra din livskvalitet och ditt allm\u00e4nna v\u00e4lbefinnande.<\/p>\n<h3>Beskrivning:<\/h3>\n<ul>\n<li>Levereras med en tjockt vadderad fotpall f\u00f6r att s\u00e4tta upp f\u00f6tterna<\/li>\n<li>8-punkts vibrationsmassage f\u00f6r rygg- och l\u00e4ndomr\u00e5det, benomr\u00e5det och fotomr\u00e5det<\/li>\n<li>Tv\u00e5 intensitetsniv\u00e5er, fem funktionsl\u00e4gen och tre timerinst\u00e4llningar f\u00f6r olika typer av massage<\/li>\n<li>Den tjocka stoppningen och det vridbara s\u00e4tet s\u00e4kerst\u00e4ller optimal komfort och avkoppling<\/li>\n<li>Ytan av linnetyg \u00e4r hudv\u00e4nlig och andas<\/li>\n<li>Inkluderar fj\u00e4rrkontroll och praktisk sidficka f\u00f6r f\u00f6rvaring<\/li>\n<li>Montering kr\u00e4vs<\/li>\n<\/ul>\n<h3>Teknisk data:<\/h3>\n<ul>\n<li>F\u00e4rger: Gr\u00e5<\/li>\n<li>Material: Linne (100% polyester), skum, sp\u00e5nskiva, st\u00e5l<\/li>\n<li>M\u00e5tt stol: 78L x 93W x 99H cm, 78L x 123W x 93H cm (viltl\u00e4ge)<\/li>\n<li>Fotpall storlek: 47W x 46D x 49H cm<\/li>\n<li>Sitsstorlek: 52W x 50D x 44H cm<\/li>\n<li>Sitstjocklek: 10 cm<\/li>\n<li>Ryggst\u00f6dsstorlek: 67L x 49W x 12H cm<\/li>\n<li>Viktkapacitet: 120 kg<\/li>\n<\/ul>\n<h3>Leveransens omfattning:<\/h3>\n<ul>\n<li>1 x f\u00e5t\u00f6lj<\/li>\n<li>1 x fotpall<\/li>\n<li>1 x Fj\u00e4rrkontroll<\/li>\n<li>1 x bruksanvisning<\/li>\n<\/ul>\n","protected":false},"excerpt":{"rendered":"<p>Efter en hektisk dag kan du sitta ner, koppla av och f\u00e5 en grundlig massage fr\u00e5n denna massagestol. Massagepunkterna \u00e4r&#8230;<\/p>\n","protected":false},"featured_media":44543,"template":"","meta":[],"product_brand":[],"product_cat":[521,485,524],"product_tag":[],"class_list":{"0":"post-44542","1":"product","2":"type-product","3":"status-publish","4":"has-post-thumbnail","6":"product_cat-fatolj","7":"product_cat-hus-bo","8":"product_cat-relaxstol-med-pall","10":"first","11":"instock","12":"sale","13":"taxable","14":"shipping-taxable","15":"purchasable","16":"product-type-simple"},"yoast_head":"<!-- This site is optimized with the Yoast SEO plugin v25.4 - https:\/\/yoast.com\/wordpress\/plugins\/seo\/ -->\n<title>TRUUSK Massagekontorsstol Med Fotpall - 8 Vibrationshuvuden - 1 Fj\u00e4rrkontroll - Gr\u00e5 - TRUUSK - Hem, Tr\u00e4dg\u00e5rd &amp; Fritid<\/title>\n<meta name=\"robots\" content=\"index, follow, max-snippet:-1, max-image-preview:large, max-video-preview:-1\" \/>\n<link rel=\"canonical\" href=\"https:\/\/truusk.store\/sv\/produkt\/truusk-massagekontorsstol-med-fotpall-8-vibrationshuvuden-1-fjarrkontroll-gra\/\" \/>\n<meta property=\"og:locale\" content=\"sv_SE\" \/>\n<meta property=\"og:type\" content=\"article\" \/>\n<meta property=\"og:title\" content=\"TRUUSK Massagekontorsstol Med Fotpall - 8 Vibrationshuvuden - 1 Fj\u00e4rrkontroll - Gr\u00e5 - TRUUSK - Hem, Tr\u00e4dg\u00e5rd &amp; Fritid\" \/>\n<meta property=\"og:description\" content=\"Efter en hektisk dag kan du sitta ner, koppla av och f\u00e5 en grundlig massage fr\u00e5n denna massagestol. Massagepunkterna \u00e4r...\" \/>\n<meta property=\"og:url\" content=\"https:\/\/truusk.store\/sv\/produkt\/truusk-massagekontorsstol-med-fotpall-8-vibrationshuvuden-1-fjarrkontroll-gra\/\" \/>\n<meta property=\"og:site_name\" content=\"TRUUSK - Hem, Tr\u00e4dg\u00e5rd &amp; Fritid\" \/>\n<meta property=\"article:modified_time\" content=\"2026-03-12T08:22:36+00:00\" \/>\n<meta property=\"og:image\" content=\"https:\/\/i0.wp.com\/truusk.se\/wp-content\/uploads\/2024\/02\/massagekontorsstol-med-fotpall-8-vibrationshuvuden-1-fjarrkontroll-1-sidficka-gra.webp?fit=800%2C800&ssl=1\" \/>\n\t<meta property=\"og:image:width\" content=\"800\" \/>\n\t<meta property=\"og:image:height\" content=\"800\" \/>\n\t<meta property=\"og:image:type\" content=\"image\/webp\" \/>\n<meta name=\"twitter:card\" content=\"summary_large_image\" \/>\n<meta name=\"twitter:label1\" content=\"Ber\u00e4knad l\u00e4stid\" \/>\n\t<meta name=\"twitter:data1\" content=\"1 minut\" \/>\n<!-- \/ Yoast SEO plugin. -->","yoast_head_json":{"title":"TRUUSK Massagekontorsstol Med Fotpall - 8 Vibrationshuvuden - 1 Fj\u00e4rrkontroll - Gr\u00e5 - TRUUSK - Hem, Tr\u00e4dg\u00e5rd &amp; Fritid","robots":{"index":"index","follow":"follow","max-snippet":"max-snippet:-1","max-image-preview":"max-image-preview:large","max-video-preview":"max-video-preview:-1"},"canonical":"https:\/\/truusk.store\/sv\/produkt\/truusk-massagekontorsstol-med-fotpall-8-vibrationshuvuden-1-fjarrkontroll-gra\/","og_locale":"sv_SE","og_type":"article","og_title":"TRUUSK Massagekontorsstol Med Fotpall - 8 Vibrationshuvuden - 1 Fj\u00e4rrkontroll - Gr\u00e5 - TRUUSK - Hem, Tr\u00e4dg\u00e5rd &amp; Fritid","og_description":"Efter en hektisk dag kan du sitta ner, koppla av och f\u00e5 en grundlig massage fr\u00e5n denna massagestol. Massagepunkterna \u00e4r...","og_url":"https:\/\/truusk.store\/sv\/produkt\/truusk-massagekontorsstol-med-fotpall-8-vibrationshuvuden-1-fjarrkontroll-gra\/","og_site_name":"TRUUSK - Hem, Tr\u00e4dg\u00e5rd &amp; Fritid","article_modified_time":"2026-03-12T08:22:36+00:00","og_image":[{"width":800,"height":800,"url":"https:\/\/i0.wp.com\/truusk.se\/wp-content\/uploads\/2024\/02\/massagekontorsstol-med-fotpall-8-vibrationshuvuden-1-fjarrkontroll-1-sidficka-gra.webp?fit=800%2C800&ssl=1","type":"image\/webp"}],"twitter_card":"summary_large_image","twitter_misc":{"Ber\u00e4knad l\u00e4stid":"1 minut"},"schema":{"@context":"https:\/\/schema.org","@graph":[{"@type":"WebPage","@id":"https:\/\/truusk.store\/sv\/produkt\/truusk-massagekontorsstol-med-fotpall-8-vibrationshuvuden-1-fjarrkontroll-gra\/","url":"https:\/\/truusk.store\/sv\/produkt\/truusk-massagekontorsstol-med-fotpall-8-vibrationshuvuden-1-fjarrkontroll-gra\/","name":"TRUUSK Massagekontorsstol Med Fotpall - 8 Vibrationshuvuden - 1 Fj\u00e4rrkontroll - Gr\u00e5 - TRUUSK - Hem, Tr\u00e4dg\u00e5rd &amp; Fritid","isPartOf":{"@id":"https:\/\/truusk.store\/sv\/#website"},"primaryImageOfPage":{"@id":"https:\/\/truusk.store\/sv\/produkt\/truusk-massagekontorsstol-med-fotpall-8-vibrationshuvuden-1-fjarrkontroll-gra\/#primaryimage"},"image":{"@id":"https:\/\/truusk.store\/sv\/produkt\/truusk-massagekontorsstol-med-fotpall-8-vibrationshuvuden-1-fjarrkontroll-gra\/#primaryimage"},"thumbnailUrl":"https:\/\/i0.wp.com\/truusk.store\/wp-content\/uploads\/2024\/02\/massagekontorsstol-med-fotpall-8-vibrationshuvuden-1-fjarrkontroll-1-sidficka-gra.webp?fit=800%2C800&ssl=1","datePublished":"2024-02-14T04:13:36+00:00","dateModified":"2026-03-12T08:22:36+00:00","breadcrumb":{"@id":"https:\/\/truusk.store\/sv\/produkt\/truusk-massagekontorsstol-med-fotpall-8-vibrationshuvuden-1-fjarrkontroll-gra\/#breadcrumb"},"inLanguage":"sv-SE","potentialAction":[{"@type":"ReadAction","target":["https:\/\/truusk.store\/sv\/produkt\/truusk-massagekontorsstol-med-fotpall-8-vibrationshuvuden-1-fjarrkontroll-gra\/"]}]},{"@type":"ImageObject","inLanguage":"sv-SE","@id":"https:\/\/truusk.store\/sv\/produkt\/truusk-massagekontorsstol-med-fotpall-8-vibrationshuvuden-1-fjarrkontroll-gra\/#primaryimage","url":"https:\/\/i0.wp.com\/truusk.store\/wp-content\/uploads\/2024\/02\/massagekontorsstol-med-fotpall-8-vibrationshuvuden-1-fjarrkontroll-1-sidficka-gra.webp?fit=800%2C800&ssl=1","contentUrl":"https:\/\/i0.wp.com\/truusk.store\/wp-content\/uploads\/2024\/02\/massagekontorsstol-med-fotpall-8-vibrationshuvuden-1-fjarrkontroll-1-sidficka-gra.webp?fit=800%2C800&ssl=1","width":800,"height":800,"caption":"Massagekontorsstol Med Fotpall, 8 Vibrationshuvuden, 1 Fj\u00e4rrkontroll, 1 Sidficka, Gr\u00e5 1"},{"@type":"BreadcrumbList","@id":"https:\/\/truusk.store\/sv\/produkt\/truusk-massagekontorsstol-med-fotpall-8-vibrationshuvuden-1-fjarrkontroll-gra\/#breadcrumb","itemListElement":[{"@type":"ListItem","position":1,"name":"Home","item":"https:\/\/truusk.store\/sv\/"},{"@type":"ListItem","position":2,"name":"Shop","item":"https:\/\/truusk.store\/shop\/"},{"@type":"ListItem","position":3,"name":"TRUUSK Massagekontorsstol Med Fotpall &#8211; 8 Vibrationshuvuden &#8211; 1 Fj\u00e4rrkontroll &#8211; Gr\u00e5"}]},{"@type":"WebSite","@id":"https:\/\/truusk.store\/sv\/#website","url":"https:\/\/truusk.store\/sv\/","name":"TRUUSK - Hem, Tr\u00e4dg\u00e5rd & Fritid","description":"","publisher":{"@id":"https:\/\/truusk.store\/sv\/#organization"},"potentialAction":[{"@type":"SearchAction","target":{"@type":"EntryPoint","urlTemplate":"https:\/\/truusk.store\/sv\/?s={search_term_string}"},"query-input":{"@type":"PropertyValueSpecification","valueRequired":true,"valueName":"search_term_string"}}],"inLanguage":"sv-SE"},{"@type":"Organization","@id":"https:\/\/truusk.store\/sv\/#organization","name":"TRUUSK - Hem, Tr\u00e4dg\u00e5rd & Fritid","url":"https:\/\/truusk.store\/sv\/","logo":{"@type":"ImageObject","inLanguage":"sv-SE","@id":"https:\/\/truusk.store\/sv\/#\/schema\/logo\/image\/","url":"https:\/\/i0.wp.com\/truusk.store\/wp-content\/uploads\/2026\/03\/cropped-TRUUSK.png?fit=2032%2C917&ssl=1","contentUrl":"https:\/\/i0.wp.com\/truusk.store\/wp-content\/uploads\/2026\/03\/cropped-TRUUSK.png?fit=2032%2C917&ssl=1","width":2032,"height":917,"caption":"TRUUSK - Hem, Tr\u00e4dg\u00e5rd & Fritid"},"image":{"@id":"https:\/\/truusk.store\/sv\/#\/schema\/logo\/image\/"}}]}},"jetpack_sharing_enabled":true,"_links":{"self":[{"href":"https:\/\/truusk.store\/sv\/wp-json\/wp\/v2\/product\/44542","targetHints":{"allow":["GET"]}}],"collection":[{"href":"https:\/\/truusk.store\/sv\/wp-json\/wp\/v2\/product"}],"about":[{"href":"https:\/\/truusk.store\/sv\/wp-json\/wp\/v2\/types\/product"}],"wp:featuredmedia":[{"embeddable":true,"href":"https:\/\/truusk.store\/sv\/wp-json\/wp\/v2\/media\/44543"}],"wp:attachment":[{"href":"https:\/\/truusk.store\/sv\/wp-json\/wp\/v2\/media?parent=44542"}],"wp:term":[{"taxonomy":"product_brand","embeddable":true,"href":"https:\/\/truusk.store\/sv\/wp-json\/wp\/v2\/product_brand?post=44542"},{"taxonomy":"product_cat","embeddable":true,"href":"https:\/\/truusk.store\/sv\/wp-json\/wp\/v2\/product_cat?post=44542"},{"taxonomy":"product_tag","embeddable":true,"href":"https:\/\/truusk.store\/sv\/wp-json\/wp\/v2\/product_tag?post=44542"}],"curies":[{"name":"wp","href":"https:\/\/api.w.org\/{rel}","templated":true}]}}