{"id":44580,"date":"2024-02-14T05:14:57","date_gmt":"2024-02-14T04:14:57","guid":{"rendered":"https:\/\/truusk.store\/product\/interaktiv-kattleksak-skrapyta-oval-bollbana-furu-395-x-325-x-145-cm\/"},"modified":"2026-03-12T09:22:40","modified_gmt":"2026-03-12T08:22:40","slug":"truusk-interaktiv-kattleksak-skrapyta-oval-bollbana-furu-395-x-325-x-145-cm","status":"publish","type":"product","link":"https:\/\/truusk.store\/sv\/produkt\/truusk-interaktiv-kattleksak-skrapyta-oval-bollbana-furu-395-x-325-x-145-cm\/","title":{"rendered":"TRUUSK Interaktiv Kattleksak &#8211; Skrapyta &#8211; Oval Bollbana &#8211; Furu &#8211; 39,5 x 32,5 x 14,5 cm"},"content":{"rendered":"<p>Denna kattleksak stimulerar katternas naturliga nyfikenhet och f\u00e5r dem att titta n\u00e4rmare p\u00e5 tr\u00e4kulorna. Medan din katt &#8221;jagar&#8221; bollarna med framtassarna, st\u00f6djer den sig sj\u00e4lv med bakbenen. Detta h\u00e5ller dem fysiskt aktiva och fr\u00e4mjar deras kondition. Str\u00f6 lite kattmynta p\u00e5 banan f\u00f6r att l\u00e4gga till \u00e4nnu roligare. Unna din katt timmar av skoj med denna leksak.<\/p>\n<h3>Beskrivning:<\/h3>\n<ul>\n<li>2-i-1 leksak: skrapyta och bollbana<\/li>\n<li>Enkel design f\u00f6r enkel hantering<\/li>\n<li>Skrapyta f\u00f6r friska klor<\/li>\n<li>Slitstarkt furumaterial<\/li>\n<li>Stimulerar kattens sinnen och jaktinstinkt<\/li>\n<\/ul>\n<h3>Teknisk data:<\/h3>\n<ul>\n<li>F\u00e4rg: Natural+Kaffe<\/li>\n<li>Material: furu, jute<\/li>\n<li>\u00d6vergripande m\u00e5tt: 39,5L x 32,5W x 14,5H cm<\/li>\n<li>M\u00e5tt p\u00e5 boll: 2,5 cm<\/li>\n<li>M\u00e5tt underplatta: 39,5L x 32,5W cm<\/li>\n<li>Lockets m\u00e5tt: 34L x 27,5W cm<\/li>\n<li>M\u00e5tt p\u00e5 skrapyta: 20,5 x 10H cm<\/li>\n<\/ul>\n<h3>Leveransens omfattning:<\/h3>\n<ul>\n<li>1 x kattleksak<\/li>\n<li>1 x manuell<\/li>\n<\/ul>\n","protected":false},"excerpt":{"rendered":"<p>Denna kattleksak stimulerar katternas naturliga nyfikenhet och f\u00e5r dem att titta n\u00e4rmare p\u00e5 tr\u00e4kulorna. Medan din katt &#8221;jagar&#8221; bollarna med&#8230;<\/p>\n","protected":false},"featured_media":44581,"template":"","meta":[],"product_brand":[],"product_cat":[573,595,588],"product_tag":[],"class_list":{"0":"post-44580","1":"product","2":"type-product","3":"status-publish","4":"has-post-thumbnail","6":"product_cat-husdjursmaterial","7":"product_cat-kattleksaker","8":"product_cat-katttillbehor","10":"first","11":"instock","12":"sale","13":"taxable","14":"shipping-taxable","15":"purchasable","16":"product-type-simple"},"yoast_head":"<!-- This site is optimized with the Yoast SEO plugin v25.4 - https:\/\/yoast.com\/wordpress\/plugins\/seo\/ -->\n<title>TRUUSK Interaktiv Kattleksak - Skrapyta - Oval Bollbana - Furu - 39,5 x 32,5 x 14,5 cm - TRUUSK - Hem, Tr\u00e4dg\u00e5rd &amp; Fritid<\/title>\n<meta name=\"robots\" content=\"index, follow, max-snippet:-1, max-image-preview:large, max-video-preview:-1\" \/>\n<link rel=\"canonical\" href=\"https:\/\/truusk.store\/sv\/produkt\/truusk-interaktiv-kattleksak-skrapyta-oval-bollbana-furu-395-x-325-x-145-cm\/\" \/>\n<meta property=\"og:locale\" content=\"sv_SE\" \/>\n<meta property=\"og:type\" content=\"article\" \/>\n<meta property=\"og:title\" content=\"TRUUSK Interaktiv Kattleksak - Skrapyta - Oval Bollbana - Furu - 39,5 x 32,5 x 14,5 cm - TRUUSK - Hem, Tr\u00e4dg\u00e5rd &amp; Fritid\" \/>\n<meta property=\"og:description\" content=\"Denna kattleksak stimulerar katternas naturliga nyfikenhet och f\u00e5r dem att titta n\u00e4rmare p\u00e5 tr\u00e4kulorna. Medan din katt &#8221;jagar&#8221; bollarna med...\" \/>\n<meta property=\"og:url\" content=\"https:\/\/truusk.store\/sv\/produkt\/truusk-interaktiv-kattleksak-skrapyta-oval-bollbana-furu-395-x-325-x-145-cm\/\" \/>\n<meta property=\"og:site_name\" content=\"TRUUSK - Hem, Tr\u00e4dg\u00e5rd &amp; Fritid\" \/>\n<meta property=\"article:modified_time\" content=\"2026-03-12T08:22:40+00:00\" \/>\n<meta property=\"og:image\" content=\"https:\/\/i0.wp.com\/truusk.se\/wp-content\/uploads\/2024\/02\/interaktiv-kattleksak-skrapyta-oval-bollbana-furu-395-x-325-x-145-cm.webp?fit=800%2C800&ssl=1\" \/>\n\t<meta property=\"og:image:width\" content=\"800\" \/>\n\t<meta property=\"og:image:height\" content=\"800\" \/>\n\t<meta property=\"og:image:type\" content=\"image\/webp\" \/>\n<meta name=\"twitter:card\" content=\"summary_large_image\" \/>\n<meta name=\"twitter:label1\" content=\"Ber\u00e4knad l\u00e4stid\" \/>\n\t<meta name=\"twitter:data1\" content=\"1 minut\" \/>\n<!-- \/ Yoast SEO plugin. -->","yoast_head_json":{"title":"TRUUSK Interaktiv Kattleksak - Skrapyta - Oval Bollbana - Furu - 39,5 x 32,5 x 14,5 cm - TRUUSK - Hem, Tr\u00e4dg\u00e5rd &amp; Fritid","robots":{"index":"index","follow":"follow","max-snippet":"max-snippet:-1","max-image-preview":"max-image-preview:large","max-video-preview":"max-video-preview:-1"},"canonical":"https:\/\/truusk.store\/sv\/produkt\/truusk-interaktiv-kattleksak-skrapyta-oval-bollbana-furu-395-x-325-x-145-cm\/","og_locale":"sv_SE","og_type":"article","og_title":"TRUUSK Interaktiv Kattleksak - Skrapyta - Oval Bollbana - Furu - 39,5 x 32,5 x 14,5 cm - TRUUSK - Hem, Tr\u00e4dg\u00e5rd &amp; Fritid","og_description":"Denna kattleksak stimulerar katternas naturliga nyfikenhet och f\u00e5r dem att titta n\u00e4rmare p\u00e5 tr\u00e4kulorna. Medan din katt &#8221;jagar&#8221; bollarna med...","og_url":"https:\/\/truusk.store\/sv\/produkt\/truusk-interaktiv-kattleksak-skrapyta-oval-bollbana-furu-395-x-325-x-145-cm\/","og_site_name":"TRUUSK - Hem, Tr\u00e4dg\u00e5rd &amp; Fritid","article_modified_time":"2026-03-12T08:22:40+00:00","og_image":[{"width":800,"height":800,"url":"https:\/\/i0.wp.com\/truusk.se\/wp-content\/uploads\/2024\/02\/interaktiv-kattleksak-skrapyta-oval-bollbana-furu-395-x-325-x-145-cm.webp?fit=800%2C800&ssl=1","type":"image\/webp"}],"twitter_card":"summary_large_image","twitter_misc":{"Ber\u00e4knad l\u00e4stid":"1 minut"},"schema":{"@context":"https:\/\/schema.org","@graph":[{"@type":"WebPage","@id":"https:\/\/truusk.store\/sv\/produkt\/truusk-interaktiv-kattleksak-skrapyta-oval-bollbana-furu-395-x-325-x-145-cm\/","url":"https:\/\/truusk.store\/sv\/produkt\/truusk-interaktiv-kattleksak-skrapyta-oval-bollbana-furu-395-x-325-x-145-cm\/","name":"TRUUSK Interaktiv Kattleksak - Skrapyta - Oval Bollbana - Furu - 39,5 x 32,5 x 14,5 cm - TRUUSK - Hem, Tr\u00e4dg\u00e5rd &amp; Fritid","isPartOf":{"@id":"https:\/\/truusk.store\/sv\/#website"},"primaryImageOfPage":{"@id":"https:\/\/truusk.store\/sv\/produkt\/truusk-interaktiv-kattleksak-skrapyta-oval-bollbana-furu-395-x-325-x-145-cm\/#primaryimage"},"image":{"@id":"https:\/\/truusk.store\/sv\/produkt\/truusk-interaktiv-kattleksak-skrapyta-oval-bollbana-furu-395-x-325-x-145-cm\/#primaryimage"},"thumbnailUrl":"https:\/\/i0.wp.com\/truusk.store\/wp-content\/uploads\/2024\/02\/interaktiv-kattleksak-skrapyta-oval-bollbana-furu-395-x-325-x-145-cm.webp?fit=800%2C800&ssl=1","datePublished":"2024-02-14T04:14:57+00:00","dateModified":"2026-03-12T08:22:40+00:00","breadcrumb":{"@id":"https:\/\/truusk.store\/sv\/produkt\/truusk-interaktiv-kattleksak-skrapyta-oval-bollbana-furu-395-x-325-x-145-cm\/#breadcrumb"},"inLanguage":"sv-SE","potentialAction":[{"@type":"ReadAction","target":["https:\/\/truusk.store\/sv\/produkt\/truusk-interaktiv-kattleksak-skrapyta-oval-bollbana-furu-395-x-325-x-145-cm\/"]}]},{"@type":"ImageObject","inLanguage":"sv-SE","@id":"https:\/\/truusk.store\/sv\/produkt\/truusk-interaktiv-kattleksak-skrapyta-oval-bollbana-furu-395-x-325-x-145-cm\/#primaryimage","url":"https:\/\/i0.wp.com\/truusk.store\/wp-content\/uploads\/2024\/02\/interaktiv-kattleksak-skrapyta-oval-bollbana-furu-395-x-325-x-145-cm.webp?fit=800%2C800&ssl=1","contentUrl":"https:\/\/i0.wp.com\/truusk.store\/wp-content\/uploads\/2024\/02\/interaktiv-kattleksak-skrapyta-oval-bollbana-furu-395-x-325-x-145-cm.webp?fit=800%2C800&ssl=1","width":800,"height":800,"caption":"Interaktiv Kattleksak, Skrapyta, Oval Bollbana, Furu, 39,5 X 32,5 X 14,5 Cm 1"},{"@type":"BreadcrumbList","@id":"https:\/\/truusk.store\/sv\/produkt\/truusk-interaktiv-kattleksak-skrapyta-oval-bollbana-furu-395-x-325-x-145-cm\/#breadcrumb","itemListElement":[{"@type":"ListItem","position":1,"name":"Home","item":"https:\/\/truusk.store\/sv\/"},{"@type":"ListItem","position":2,"name":"Shop","item":"https:\/\/truusk.store\/shop\/"},{"@type":"ListItem","position":3,"name":"TRUUSK Interaktiv Kattleksak &#8211; Skrapyta &#8211; Oval Bollbana &#8211; Furu &#8211; 39,5 x 32,5 x 14,5 cm"}]},{"@type":"WebSite","@id":"https:\/\/truusk.store\/sv\/#website","url":"https:\/\/truusk.store\/sv\/","name":"TRUUSK - Hem, Tr\u00e4dg\u00e5rd & Fritid","description":"","publisher":{"@id":"https:\/\/truusk.store\/sv\/#organization"},"potentialAction":[{"@type":"SearchAction","target":{"@type":"EntryPoint","urlTemplate":"https:\/\/truusk.store\/sv\/?s={search_term_string}"},"query-input":{"@type":"PropertyValueSpecification","valueRequired":true,"valueName":"search_term_string"}}],"inLanguage":"sv-SE"},{"@type":"Organization","@id":"https:\/\/truusk.store\/sv\/#organization","name":"TRUUSK - Hem, Tr\u00e4dg\u00e5rd & Fritid","url":"https:\/\/truusk.store\/sv\/","logo":{"@type":"ImageObject","inLanguage":"sv-SE","@id":"https:\/\/truusk.store\/sv\/#\/schema\/logo\/image\/","url":"https:\/\/i0.wp.com\/truusk.store\/wp-content\/uploads\/2026\/03\/cropped-TRUUSK.png?fit=2032%2C917&ssl=1","contentUrl":"https:\/\/i0.wp.com\/truusk.store\/wp-content\/uploads\/2026\/03\/cropped-TRUUSK.png?fit=2032%2C917&ssl=1","width":2032,"height":917,"caption":"TRUUSK - Hem, Tr\u00e4dg\u00e5rd & Fritid"},"image":{"@id":"https:\/\/truusk.store\/sv\/#\/schema\/logo\/image\/"}}]}},"jetpack_sharing_enabled":true,"_links":{"self":[{"href":"https:\/\/truusk.store\/sv\/wp-json\/wp\/v2\/product\/44580","targetHints":{"allow":["GET"]}}],"collection":[{"href":"https:\/\/truusk.store\/sv\/wp-json\/wp\/v2\/product"}],"about":[{"href":"https:\/\/truusk.store\/sv\/wp-json\/wp\/v2\/types\/product"}],"wp:featuredmedia":[{"embeddable":true,"href":"https:\/\/truusk.store\/sv\/wp-json\/wp\/v2\/media\/44581"}],"wp:attachment":[{"href":"https:\/\/truusk.store\/sv\/wp-json\/wp\/v2\/media?parent=44580"}],"wp:term":[{"taxonomy":"product_brand","embeddable":true,"href":"https:\/\/truusk.store\/sv\/wp-json\/wp\/v2\/product_brand?post=44580"},{"taxonomy":"product_cat","embeddable":true,"href":"https:\/\/truusk.store\/sv\/wp-json\/wp\/v2\/product_cat?post=44580"},{"taxonomy":"product_tag","embeddable":true,"href":"https:\/\/truusk.store\/sv\/wp-json\/wp\/v2\/product_tag?post=44580"}],"curies":[{"name":"wp","href":"https:\/\/api.w.org\/{rel}","templated":true}]}}