{"id":44590,"date":"2024-02-14T05:15:21","date_gmt":"2024-02-14T04:15:21","guid":{"rendered":"https:\/\/truusk.store\/product\/set-med-2-konstgjorda-buxbom-2-buxbom-utomhus-17-cm-x-17-cm-x-60-cm-gron-brun-svart\/"},"modified":"2026-03-12T09:23:07","modified_gmt":"2026-03-12T08:23:07","slug":"truusk-2-pack-konstgjorda-buxbom-utomhus-dekoration-17x17x60-cm-gron-brun-svart","status":"publish","type":"product","link":"https:\/\/truusk.store\/sv\/produkt\/truusk-2-pack-konstgjorda-buxbom-utomhus-dekoration-17x17x60-cm-gron-brun-svart\/","title":{"rendered":"TRUUSK 2-pack Konstgjorda Buxbom &#8211; Utomhus Dekoration &#8211; 17x17x60 cm &#8211; Gr\u00f6n, Brun, Svart"},"content":{"rendered":"<p>Dubbla den naturliga sk\u00f6nheten i ditt hem &#8211; utan n\u00e5gon underh\u00e5llsanstr\u00e4ngning. Dessa tv\u00e5 fantastiska konstgjorda buxbom \u00e4r gjorda av h\u00e5llbar plast och har realistiska f\u00e4rger och texturer som f\u00e5r dem att se ut som riktiga v\u00e4xter. De konstgjorda v\u00e4xterna kr\u00e4ver ingen anstr\u00e4ngning att ta hand om &#8211; de beh\u00e5ller sitt felfria utseende, \u00e4ven utan vattning. Tack vare cementfyllningen i krukan \u00e4r de stabila och uppr\u00e4ttst\u00e5ende.<\/p>\n<h3>Beskrivning:<\/h3>\n<ul>\n<li>Set med 2 konstgjorda buxbom: L\u00e4mplig f\u00f6r anv\u00e4ndning inomhus och utomhus<\/li>\n<li>Perfekt f\u00f6r hem, kontor, restauranger, hotell och mer<\/li>\n<li>Ser bra ut \u00e5ret runt oavsett v\u00e4der d\u00e5 de \u00e4r gjorda av plast<\/li>\n<li>Sm\u00e5 stenar, sm\u00e5sten och cementgolv ing\u00e5r, vilket g\u00f6r dem mer stabila och realistiska<\/li>\n<li>S\u00e4rskilt realistiskt utseende och struktur p\u00e5 den konstgjorda v\u00e4xten f\u00f6r ett naturligt utseende<\/li>\n<li>Ingen montering kr\u00e4vs: redo att anv\u00e4ndas direkt<\/li>\n<\/ul>\n<h3>Teknisk data:<\/h3>\n<ul>\n<li>F\u00e4rg: ljusgr\u00f6n<\/li>\n<li>Material: PE, polypropen, cement<\/li>\n<li>Typ: Buxbom<\/li>\n<li>Total h\u00f6jd: 60H cm<\/li>\n<li>Sf\u00e4risk hylsa storlek: 18cm, 23cm<\/li>\n<li>Krukstorlek: 17 x 13,5H cm<\/li>\n<\/ul>\n<h3>Leveransens omfattning:<\/h3>\n<ul>\n<li>2 x konstgjord v\u00e4xt;<\/li>\n<\/ul>\n","protected":false},"excerpt":{"rendered":"<p>Dubbla den naturliga sk\u00f6nheten i ditt hem &#8211; utan n\u00e5gon underh\u00e5llsanstr\u00e4ngning. Dessa tv\u00e5 fantastiska konstgjorda buxbom \u00e4r gjorda av h\u00e5llbar&#8230;<\/p>\n","protected":false},"featured_media":44591,"template":"","meta":[],"product_brand":[],"product_cat":[671,681,672],"product_tag":[],"class_list":{"0":"post-44590","1":"product","2":"type-product","3":"status-publish","4":"has-post-thumbnail","6":"product_cat-jarnaffar","7":"product_cat-konstgjorda-vaxter","8":"product_cat-runt-huset","10":"first","11":"instock","12":"sale","13":"taxable","14":"shipping-taxable","15":"purchasable","16":"product-type-simple"},"yoast_head":"<!-- This site is optimized with the Yoast SEO plugin v25.4 - https:\/\/yoast.com\/wordpress\/plugins\/seo\/ -->\n<title>TRUUSK 2-pack Konstgjorda Buxbom - Utomhus Dekoration - 17x17x60 cm - Gr\u00f6n, Brun, Svart - TRUUSK - Hem, Tr\u00e4dg\u00e5rd &amp; Fritid<\/title>\n<meta name=\"robots\" content=\"index, follow, max-snippet:-1, max-image-preview:large, max-video-preview:-1\" \/>\n<link rel=\"canonical\" href=\"https:\/\/truusk.store\/sv\/produkt\/truusk-2-pack-konstgjorda-buxbom-utomhus-dekoration-17x17x60-cm-gron-brun-svart\/\" \/>\n<meta property=\"og:locale\" content=\"sv_SE\" \/>\n<meta property=\"og:type\" content=\"article\" \/>\n<meta property=\"og:title\" content=\"TRUUSK 2-pack Konstgjorda Buxbom - Utomhus Dekoration - 17x17x60 cm - Gr\u00f6n, Brun, Svart - TRUUSK - Hem, Tr\u00e4dg\u00e5rd &amp; Fritid\" \/>\n<meta property=\"og:description\" content=\"Dubbla den naturliga sk\u00f6nheten i ditt hem &#8211; utan n\u00e5gon underh\u00e5llsanstr\u00e4ngning. Dessa tv\u00e5 fantastiska konstgjorda buxbom \u00e4r gjorda av h\u00e5llbar...\" \/>\n<meta property=\"og:url\" content=\"https:\/\/truusk.store\/sv\/produkt\/truusk-2-pack-konstgjorda-buxbom-utomhus-dekoration-17x17x60-cm-gron-brun-svart\/\" \/>\n<meta property=\"og:site_name\" content=\"TRUUSK - Hem, Tr\u00e4dg\u00e5rd &amp; Fritid\" \/>\n<meta property=\"article:modified_time\" content=\"2026-03-12T08:23:07+00:00\" \/>\n<meta property=\"og:image\" content=\"https:\/\/i0.wp.com\/truusk.se\/wp-content\/uploads\/2024\/02\/set-med-2-konstgjorda-buxbom-2-buxbom-utomhus-17-cm-x-17-cm-x-60-cm-gron-brun-svart.webp?fit=800%2C800&ssl=1\" \/>\n\t<meta property=\"og:image:width\" content=\"800\" \/>\n\t<meta property=\"og:image:height\" content=\"800\" \/>\n\t<meta property=\"og:image:type\" content=\"image\/webp\" \/>\n<meta name=\"twitter:card\" content=\"summary_large_image\" \/>\n<meta name=\"twitter:label1\" content=\"Ber\u00e4knad l\u00e4stid\" \/>\n\t<meta name=\"twitter:data1\" content=\"1 minut\" \/>\n<!-- \/ Yoast SEO plugin. -->","yoast_head_json":{"title":"TRUUSK 2-pack Konstgjorda Buxbom - Utomhus Dekoration - 17x17x60 cm - Gr\u00f6n, Brun, Svart - TRUUSK - Hem, Tr\u00e4dg\u00e5rd &amp; Fritid","robots":{"index":"index","follow":"follow","max-snippet":"max-snippet:-1","max-image-preview":"max-image-preview:large","max-video-preview":"max-video-preview:-1"},"canonical":"https:\/\/truusk.store\/sv\/produkt\/truusk-2-pack-konstgjorda-buxbom-utomhus-dekoration-17x17x60-cm-gron-brun-svart\/","og_locale":"sv_SE","og_type":"article","og_title":"TRUUSK 2-pack Konstgjorda Buxbom - Utomhus Dekoration - 17x17x60 cm - Gr\u00f6n, Brun, Svart - TRUUSK - Hem, Tr\u00e4dg\u00e5rd &amp; Fritid","og_description":"Dubbla den naturliga sk\u00f6nheten i ditt hem &#8211; utan n\u00e5gon underh\u00e5llsanstr\u00e4ngning. Dessa tv\u00e5 fantastiska konstgjorda buxbom \u00e4r gjorda av h\u00e5llbar...","og_url":"https:\/\/truusk.store\/sv\/produkt\/truusk-2-pack-konstgjorda-buxbom-utomhus-dekoration-17x17x60-cm-gron-brun-svart\/","og_site_name":"TRUUSK - Hem, Tr\u00e4dg\u00e5rd &amp; Fritid","article_modified_time":"2026-03-12T08:23:07+00:00","og_image":[{"width":800,"height":800,"url":"https:\/\/i0.wp.com\/truusk.se\/wp-content\/uploads\/2024\/02\/set-med-2-konstgjorda-buxbom-2-buxbom-utomhus-17-cm-x-17-cm-x-60-cm-gron-brun-svart.webp?fit=800%2C800&ssl=1","type":"image\/webp"}],"twitter_card":"summary_large_image","twitter_misc":{"Ber\u00e4knad l\u00e4stid":"1 minut"},"schema":{"@context":"https:\/\/schema.org","@graph":[{"@type":"WebPage","@id":"https:\/\/truusk.store\/sv\/produkt\/truusk-2-pack-konstgjorda-buxbom-utomhus-dekoration-17x17x60-cm-gron-brun-svart\/","url":"https:\/\/truusk.store\/sv\/produkt\/truusk-2-pack-konstgjorda-buxbom-utomhus-dekoration-17x17x60-cm-gron-brun-svart\/","name":"TRUUSK 2-pack Konstgjorda Buxbom - Utomhus Dekoration - 17x17x60 cm - Gr\u00f6n, Brun, Svart - TRUUSK - Hem, Tr\u00e4dg\u00e5rd &amp; Fritid","isPartOf":{"@id":"https:\/\/truusk.store\/sv\/#website"},"primaryImageOfPage":{"@id":"https:\/\/truusk.store\/sv\/produkt\/truusk-2-pack-konstgjorda-buxbom-utomhus-dekoration-17x17x60-cm-gron-brun-svart\/#primaryimage"},"image":{"@id":"https:\/\/truusk.store\/sv\/produkt\/truusk-2-pack-konstgjorda-buxbom-utomhus-dekoration-17x17x60-cm-gron-brun-svart\/#primaryimage"},"thumbnailUrl":"https:\/\/i0.wp.com\/truusk.store\/wp-content\/uploads\/2024\/02\/set-med-2-konstgjorda-buxbom-2-buxbom-utomhus-17-cm-x-17-cm-x-60-cm-gron-brun-svart.webp?fit=800%2C800&ssl=1","datePublished":"2024-02-14T04:15:21+00:00","dateModified":"2026-03-12T08:23:07+00:00","breadcrumb":{"@id":"https:\/\/truusk.store\/sv\/produkt\/truusk-2-pack-konstgjorda-buxbom-utomhus-dekoration-17x17x60-cm-gron-brun-svart\/#breadcrumb"},"inLanguage":"sv-SE","potentialAction":[{"@type":"ReadAction","target":["https:\/\/truusk.store\/sv\/produkt\/truusk-2-pack-konstgjorda-buxbom-utomhus-dekoration-17x17x60-cm-gron-brun-svart\/"]}]},{"@type":"ImageObject","inLanguage":"sv-SE","@id":"https:\/\/truusk.store\/sv\/produkt\/truusk-2-pack-konstgjorda-buxbom-utomhus-dekoration-17x17x60-cm-gron-brun-svart\/#primaryimage","url":"https:\/\/i0.wp.com\/truusk.store\/wp-content\/uploads\/2024\/02\/set-med-2-konstgjorda-buxbom-2-buxbom-utomhus-17-cm-x-17-cm-x-60-cm-gron-brun-svart.webp?fit=800%2C800&ssl=1","contentUrl":"https:\/\/i0.wp.com\/truusk.store\/wp-content\/uploads\/2024\/02\/set-med-2-konstgjorda-buxbom-2-buxbom-utomhus-17-cm-x-17-cm-x-60-cm-gron-brun-svart.webp?fit=800%2C800&ssl=1","width":800,"height":800,"caption":"Set Med 2 Konstgjorda Buxbom, 2 Buxbom, Utomhus, 17 Cm X 17 Cm X 60 Cm, Gr\u00f6n + Brun + Svart 1"},{"@type":"BreadcrumbList","@id":"https:\/\/truusk.store\/sv\/produkt\/truusk-2-pack-konstgjorda-buxbom-utomhus-dekoration-17x17x60-cm-gron-brun-svart\/#breadcrumb","itemListElement":[{"@type":"ListItem","position":1,"name":"Home","item":"https:\/\/truusk.store\/sv\/"},{"@type":"ListItem","position":2,"name":"Shop","item":"https:\/\/truusk.store\/shop\/"},{"@type":"ListItem","position":3,"name":"TRUUSK 2-pack Konstgjorda Buxbom &#8211; Utomhus Dekoration &#8211; 17x17x60 cm &#8211; Gr\u00f6n, Brun, Svart"}]},{"@type":"WebSite","@id":"https:\/\/truusk.store\/sv\/#website","url":"https:\/\/truusk.store\/sv\/","name":"TRUUSK - Hem, Tr\u00e4dg\u00e5rd & Fritid","description":"","publisher":{"@id":"https:\/\/truusk.store\/sv\/#organization"},"potentialAction":[{"@type":"SearchAction","target":{"@type":"EntryPoint","urlTemplate":"https:\/\/truusk.store\/sv\/?s={search_term_string}"},"query-input":{"@type":"PropertyValueSpecification","valueRequired":true,"valueName":"search_term_string"}}],"inLanguage":"sv-SE"},{"@type":"Organization","@id":"https:\/\/truusk.store\/sv\/#organization","name":"TRUUSK - Hem, Tr\u00e4dg\u00e5rd & Fritid","url":"https:\/\/truusk.store\/sv\/","logo":{"@type":"ImageObject","inLanguage":"sv-SE","@id":"https:\/\/truusk.store\/sv\/#\/schema\/logo\/image\/","url":"https:\/\/i0.wp.com\/truusk.store\/wp-content\/uploads\/2026\/03\/cropped-TRUUSK.png?fit=2032%2C917&ssl=1","contentUrl":"https:\/\/i0.wp.com\/truusk.store\/wp-content\/uploads\/2026\/03\/cropped-TRUUSK.png?fit=2032%2C917&ssl=1","width":2032,"height":917,"caption":"TRUUSK - Hem, Tr\u00e4dg\u00e5rd & Fritid"},"image":{"@id":"https:\/\/truusk.store\/sv\/#\/schema\/logo\/image\/"}}]}},"jetpack_sharing_enabled":true,"_links":{"self":[{"href":"https:\/\/truusk.store\/sv\/wp-json\/wp\/v2\/product\/44590","targetHints":{"allow":["GET"]}}],"collection":[{"href":"https:\/\/truusk.store\/sv\/wp-json\/wp\/v2\/product"}],"about":[{"href":"https:\/\/truusk.store\/sv\/wp-json\/wp\/v2\/types\/product"}],"wp:featuredmedia":[{"embeddable":true,"href":"https:\/\/truusk.store\/sv\/wp-json\/wp\/v2\/media\/44591"}],"wp:attachment":[{"href":"https:\/\/truusk.store\/sv\/wp-json\/wp\/v2\/media?parent=44590"}],"wp:term":[{"taxonomy":"product_brand","embeddable":true,"href":"https:\/\/truusk.store\/sv\/wp-json\/wp\/v2\/product_brand?post=44590"},{"taxonomy":"product_cat","embeddable":true,"href":"https:\/\/truusk.store\/sv\/wp-json\/wp\/v2\/product_cat?post=44590"},{"taxonomy":"product_tag","embeddable":true,"href":"https:\/\/truusk.store\/sv\/wp-json\/wp\/v2\/product_tag?post=44590"}],"curies":[{"name":"wp","href":"https:\/\/api.w.org\/{rel}","templated":true}]}}