{"id":44627,"date":"2024-02-14T05:16:46","date_gmt":"2024-02-14T04:16:46","guid":{"rendered":"https:\/\/truusk.store\/product\/hackande-bordsset-med-2-sidobord-industriell-design-svart-stalstomme-bordsskiva-i-tralook\/"},"modified":"2026-03-12T09:23:11","modified_gmt":"2026-03-12T08:23:11","slug":"truusk-industriell-bordsset-2-sidobord-svart-stalram-tralook-bordsskiva-modern-design-svart","status":"publish","type":"product","link":"https:\/\/truusk.store\/sv\/produkt\/truusk-industriell-bordsset-2-sidobord-svart-stalram-tralook-bordsskiva-modern-design-svart\/","title":{"rendered":"TRUUSK Industriell Bordsset &#8211; 2 Sidobord &#8211; Svart St\u00e5lram &#8211; Tr\u00e4look Bordsskiva &#8211; Modern Design &#8211; Svart"},"content":{"rendered":"<p>Uppt\u00e4ck det fascinerande sidobordet i den popul\u00e4ra industridesignen. Anv\u00e4nd kapsbordens m\u00e5ngsidighet som tv\u00e5 separata sidobord eller kombinera dem f\u00f6r att skapa ett stilrent soffbord. Den vackra tr\u00e4looken och den robusta st\u00e5lramen ger ditt rum en modern charm. De justerbara f\u00f6tterna s\u00e4kerst\u00e4ller stabilitet p\u00e5 oj\u00e4mna golv. G\u00f6r ditt vardagsrum till en snygg komfortzon med detta unika sidobordsset!<\/p>\n<h3>Beskrivning:<\/h3>\n<ul>\n<li>Sidobord i popul\u00e4r industridesign<\/li>\n<li>H\u00e4ckbord kan anv\u00e4ndas separat som 2 sidobord eller i kombination &#8211; som 1 soffbord<\/li>\n<li>Det mindre bordet kan skjutas in under det h\u00f6gre bordet f\u00f6r att spara utrymme<\/li>\n<li>Den sl\u00e4ta bordsskivan med vacker tr\u00e4look \u00e4r mycket l\u00e4ttsk\u00f6tt<\/li>\n<li>Solid svart st\u00e5lram f\u00f6r extra sk\u00f6nhet och stabilitet<\/li>\n<li>Justerbara f\u00f6tter h\u00e5ller bordet stabilt \u00e4ven p\u00e5 oj\u00e4mna golv<\/li>\n<li>Montering kr\u00e4vs<\/li>\n<\/ul>\n<h3>Teknisk data:<\/h3>\n<ul>\n<li>F\u00e4rg: naturligt tr\u00e4<\/li>\n<li>Material: sp\u00e5nskiva, st\u00e5l<\/li>\n<li>Totala m\u00e5tt: 60L x 60W x 45H cm (stort bord), 54L x 54W x 38H cm (litet bord)<\/li>\n<li>Lastkapacitet: 60 kg (varje bord)<\/li>\n<\/ul>\n<h3>Leveransens omfattning:<\/h3>\n<ul>\n<li>2 x Soffbord<\/li>\n<li>1 x manuell<\/li>\n<\/ul>\n","protected":false},"excerpt":{"rendered":"<p>Uppt\u00e4ck det fascinerande sidobordet i den popul\u00e4ra industridesignen. Anv\u00e4nd kapsbordens m\u00e5ngsidighet som tv\u00e5 separata sidobord eller kombinera dem f\u00f6r att&#8230;<\/p>\n","protected":false},"featured_media":44628,"template":"","meta":[],"product_brand":[],"product_cat":[485,505,501],"product_tag":[],"class_list":{"0":"post-44627","1":"product","2":"type-product","3":"status-publish","4":"has-post-thumbnail","6":"product_cat-hus-bo","7":"product_cat-soffa-och-sidobord","8":"product_cat-tabeller","10":"first","11":"instock","12":"sale","13":"taxable","14":"shipping-taxable","15":"purchasable","16":"product-type-simple"},"yoast_head":"<!-- This site is optimized with the Yoast SEO plugin v25.4 - https:\/\/yoast.com\/wordpress\/plugins\/seo\/ -->\n<title>TRUUSK Industriell Bordsset - 2 Sidobord - Svart St\u00e5lram - Tr\u00e4look Bordsskiva - Modern Design - Svart - TRUUSK - Hem, Tr\u00e4dg\u00e5rd &amp; Fritid<\/title>\n<meta name=\"robots\" content=\"index, follow, max-snippet:-1, max-image-preview:large, max-video-preview:-1\" \/>\n<link rel=\"canonical\" href=\"https:\/\/truusk.store\/sv\/produkt\/truusk-industriell-bordsset-2-sidobord-svart-stalram-tralook-bordsskiva-modern-design-svart\/\" \/>\n<meta property=\"og:locale\" content=\"sv_SE\" \/>\n<meta property=\"og:type\" content=\"article\" \/>\n<meta property=\"og:title\" content=\"TRUUSK Industriell Bordsset - 2 Sidobord - Svart St\u00e5lram - Tr\u00e4look Bordsskiva - Modern Design - Svart - TRUUSK - Hem, Tr\u00e4dg\u00e5rd &amp; Fritid\" \/>\n<meta property=\"og:description\" content=\"Uppt\u00e4ck det fascinerande sidobordet i den popul\u00e4ra industridesignen. Anv\u00e4nd kapsbordens m\u00e5ngsidighet som tv\u00e5 separata sidobord eller kombinera dem f\u00f6r att...\" \/>\n<meta property=\"og:url\" content=\"https:\/\/truusk.store\/sv\/produkt\/truusk-industriell-bordsset-2-sidobord-svart-stalram-tralook-bordsskiva-modern-design-svart\/\" \/>\n<meta property=\"og:site_name\" content=\"TRUUSK - Hem, Tr\u00e4dg\u00e5rd &amp; Fritid\" \/>\n<meta property=\"article:modified_time\" content=\"2026-03-12T08:23:11+00:00\" \/>\n<meta property=\"og:image\" content=\"https:\/\/i0.wp.com\/truusk.se\/wp-content\/uploads\/2024\/02\/hackande-bordsset-med-2-sidobord-industriell-design-svart-stalstomme-bordsskiva-i-tralook.webp?fit=800%2C800&ssl=1\" \/>\n\t<meta property=\"og:image:width\" content=\"800\" \/>\n\t<meta property=\"og:image:height\" content=\"800\" \/>\n\t<meta property=\"og:image:type\" content=\"image\/webp\" \/>\n<meta name=\"twitter:card\" content=\"summary_large_image\" \/>\n<meta name=\"twitter:label1\" content=\"Ber\u00e4knad l\u00e4stid\" \/>\n\t<meta name=\"twitter:data1\" content=\"1 minut\" \/>\n<!-- \/ Yoast SEO plugin. -->","yoast_head_json":{"title":"TRUUSK Industriell Bordsset - 2 Sidobord - Svart St\u00e5lram - Tr\u00e4look Bordsskiva - Modern Design - Svart - TRUUSK - Hem, Tr\u00e4dg\u00e5rd &amp; Fritid","robots":{"index":"index","follow":"follow","max-snippet":"max-snippet:-1","max-image-preview":"max-image-preview:large","max-video-preview":"max-video-preview:-1"},"canonical":"https:\/\/truusk.store\/sv\/produkt\/truusk-industriell-bordsset-2-sidobord-svart-stalram-tralook-bordsskiva-modern-design-svart\/","og_locale":"sv_SE","og_type":"article","og_title":"TRUUSK Industriell Bordsset - 2 Sidobord - Svart St\u00e5lram - Tr\u00e4look Bordsskiva - Modern Design - Svart - TRUUSK - Hem, Tr\u00e4dg\u00e5rd &amp; Fritid","og_description":"Uppt\u00e4ck det fascinerande sidobordet i den popul\u00e4ra industridesignen. Anv\u00e4nd kapsbordens m\u00e5ngsidighet som tv\u00e5 separata sidobord eller kombinera dem f\u00f6r att...","og_url":"https:\/\/truusk.store\/sv\/produkt\/truusk-industriell-bordsset-2-sidobord-svart-stalram-tralook-bordsskiva-modern-design-svart\/","og_site_name":"TRUUSK - Hem, Tr\u00e4dg\u00e5rd &amp; Fritid","article_modified_time":"2026-03-12T08:23:11+00:00","og_image":[{"width":800,"height":800,"url":"https:\/\/i0.wp.com\/truusk.se\/wp-content\/uploads\/2024\/02\/hackande-bordsset-med-2-sidobord-industriell-design-svart-stalstomme-bordsskiva-i-tralook.webp?fit=800%2C800&ssl=1","type":"image\/webp"}],"twitter_card":"summary_large_image","twitter_misc":{"Ber\u00e4knad l\u00e4stid":"1 minut"},"schema":{"@context":"https:\/\/schema.org","@graph":[{"@type":"WebPage","@id":"https:\/\/truusk.store\/sv\/produkt\/truusk-industriell-bordsset-2-sidobord-svart-stalram-tralook-bordsskiva-modern-design-svart\/","url":"https:\/\/truusk.store\/sv\/produkt\/truusk-industriell-bordsset-2-sidobord-svart-stalram-tralook-bordsskiva-modern-design-svart\/","name":"TRUUSK Industriell Bordsset - 2 Sidobord - Svart St\u00e5lram - Tr\u00e4look Bordsskiva - Modern Design - Svart - TRUUSK - Hem, Tr\u00e4dg\u00e5rd &amp; Fritid","isPartOf":{"@id":"https:\/\/truusk.store\/sv\/#website"},"primaryImageOfPage":{"@id":"https:\/\/truusk.store\/sv\/produkt\/truusk-industriell-bordsset-2-sidobord-svart-stalram-tralook-bordsskiva-modern-design-svart\/#primaryimage"},"image":{"@id":"https:\/\/truusk.store\/sv\/produkt\/truusk-industriell-bordsset-2-sidobord-svart-stalram-tralook-bordsskiva-modern-design-svart\/#primaryimage"},"thumbnailUrl":"https:\/\/i0.wp.com\/truusk.store\/wp-content\/uploads\/2024\/02\/hackande-bordsset-med-2-sidobord-industriell-design-svart-stalstomme-bordsskiva-i-tralook.webp?fit=800%2C800&ssl=1","datePublished":"2024-02-14T04:16:46+00:00","dateModified":"2026-03-12T08:23:11+00:00","breadcrumb":{"@id":"https:\/\/truusk.store\/sv\/produkt\/truusk-industriell-bordsset-2-sidobord-svart-stalram-tralook-bordsskiva-modern-design-svart\/#breadcrumb"},"inLanguage":"sv-SE","potentialAction":[{"@type":"ReadAction","target":["https:\/\/truusk.store\/sv\/produkt\/truusk-industriell-bordsset-2-sidobord-svart-stalram-tralook-bordsskiva-modern-design-svart\/"]}]},{"@type":"ImageObject","inLanguage":"sv-SE","@id":"https:\/\/truusk.store\/sv\/produkt\/truusk-industriell-bordsset-2-sidobord-svart-stalram-tralook-bordsskiva-modern-design-svart\/#primaryimage","url":"https:\/\/i0.wp.com\/truusk.store\/wp-content\/uploads\/2024\/02\/hackande-bordsset-med-2-sidobord-industriell-design-svart-stalstomme-bordsskiva-i-tralook.webp?fit=800%2C800&ssl=1","contentUrl":"https:\/\/i0.wp.com\/truusk.store\/wp-content\/uploads\/2024\/02\/hackande-bordsset-med-2-sidobord-industriell-design-svart-stalstomme-bordsskiva-i-tralook.webp?fit=800%2C800&ssl=1","width":800,"height":800,"caption":"H\u00e4ckande Bordsset Med 2 Sidobord, Industriell Design, Svart St\u00e5lstomme, Bordsskiva I Tr\u00e4look 1"},{"@type":"BreadcrumbList","@id":"https:\/\/truusk.store\/sv\/produkt\/truusk-industriell-bordsset-2-sidobord-svart-stalram-tralook-bordsskiva-modern-design-svart\/#breadcrumb","itemListElement":[{"@type":"ListItem","position":1,"name":"Home","item":"https:\/\/truusk.store\/sv\/"},{"@type":"ListItem","position":2,"name":"Shop","item":"https:\/\/truusk.store\/shop\/"},{"@type":"ListItem","position":3,"name":"TRUUSK Industriell Bordsset &#8211; 2 Sidobord &#8211; Svart St\u00e5lram &#8211; Tr\u00e4look Bordsskiva &#8211; Modern Design &#8211; Svart"}]},{"@type":"WebSite","@id":"https:\/\/truusk.store\/sv\/#website","url":"https:\/\/truusk.store\/sv\/","name":"TRUUSK - Hem, Tr\u00e4dg\u00e5rd & Fritid","description":"","publisher":{"@id":"https:\/\/truusk.store\/sv\/#organization"},"potentialAction":[{"@type":"SearchAction","target":{"@type":"EntryPoint","urlTemplate":"https:\/\/truusk.store\/sv\/?s={search_term_string}"},"query-input":{"@type":"PropertyValueSpecification","valueRequired":true,"valueName":"search_term_string"}}],"inLanguage":"sv-SE"},{"@type":"Organization","@id":"https:\/\/truusk.store\/sv\/#organization","name":"TRUUSK - Hem, Tr\u00e4dg\u00e5rd & Fritid","url":"https:\/\/truusk.store\/sv\/","logo":{"@type":"ImageObject","inLanguage":"sv-SE","@id":"https:\/\/truusk.store\/sv\/#\/schema\/logo\/image\/","url":"https:\/\/i0.wp.com\/truusk.store\/wp-content\/uploads\/2026\/03\/cropped-TRUUSK.png?fit=2032%2C917&ssl=1","contentUrl":"https:\/\/i0.wp.com\/truusk.store\/wp-content\/uploads\/2026\/03\/cropped-TRUUSK.png?fit=2032%2C917&ssl=1","width":2032,"height":917,"caption":"TRUUSK - Hem, Tr\u00e4dg\u00e5rd & Fritid"},"image":{"@id":"https:\/\/truusk.store\/sv\/#\/schema\/logo\/image\/"}}]}},"jetpack_sharing_enabled":true,"_links":{"self":[{"href":"https:\/\/truusk.store\/sv\/wp-json\/wp\/v2\/product\/44627","targetHints":{"allow":["GET"]}}],"collection":[{"href":"https:\/\/truusk.store\/sv\/wp-json\/wp\/v2\/product"}],"about":[{"href":"https:\/\/truusk.store\/sv\/wp-json\/wp\/v2\/types\/product"}],"wp:featuredmedia":[{"embeddable":true,"href":"https:\/\/truusk.store\/sv\/wp-json\/wp\/v2\/media\/44628"}],"wp:attachment":[{"href":"https:\/\/truusk.store\/sv\/wp-json\/wp\/v2\/media?parent=44627"}],"wp:term":[{"taxonomy":"product_brand","embeddable":true,"href":"https:\/\/truusk.store\/sv\/wp-json\/wp\/v2\/product_brand?post=44627"},{"taxonomy":"product_cat","embeddable":true,"href":"https:\/\/truusk.store\/sv\/wp-json\/wp\/v2\/product_cat?post=44627"},{"taxonomy":"product_tag","embeddable":true,"href":"https:\/\/truusk.store\/sv\/wp-json\/wp\/v2\/product_tag?post=44627"}],"curies":[{"name":"wp","href":"https:\/\/api.w.org\/{rel}","templated":true}]}}