{"id":44674,"date":"2024-02-14T05:18:37","date_gmt":"2024-02-14T04:18:37","guid":{"rendered":"https:\/\/truusk.store\/product\/matbord-koksbord-stort-bord-industridesign-rustik-design-80-x-76-cm-brun\/"},"modified":"2026-03-12T09:23:16","modified_gmt":"2026-03-12T08:23:16","slug":"truusk-matbord-koksbord-stort-bord-industridesign-rustik-design-80-x-76-cm-brun","status":"publish","type":"product","link":"https:\/\/truusk.store\/sv\/produkt\/truusk-matbord-koksbord-stort-bord-industridesign-rustik-design-80-x-76-cm-brun\/","title":{"rendered":"TRUUSK Matbord K\u00f6ksbord &#8211; Stort Bord Industridesign &#8211; Rustik Design &#8211; 80 X 76 Cm &#8211; Brun"},"content":{"rendered":"<p>Matbord \u00e4r popul\u00e4ra m\u00f6tesplatser, \u00e4ven n\u00e4r det inte finns mat p\u00e5 dem. Det \u00e4r en plats att spela spel, g\u00f6ra l\u00e4xor och dela trevliga stunder med familj och v\u00e4nner. Med sin varma, rustika bruna bordsskiva och st\u00e5lben, utstr\u00e5lar detta bord en industriell charm och kommer att l\u00e4gga till en touch av elegans till varje liten matplats. Den stora bordsytan \u00e4r idealisk f\u00f6r helgfrukost och g\u00f6r den till ett idealiskt val f\u00f6r kompakta utrymmen.<\/p>\n<h3>Beskrivning:<\/h3>\n<ul>\n<li>Detta matbord i industriell stil med rustik brun bordsskiva och svarta ben kommer att ge en varm atmosf\u00e4r till din interi\u00f6r:<\/li>\n<li>Den rundade designen f\u00f6rhindrar kollisioner och \u00e4r s\u00e4krare f\u00f6r barnfamiljer.<\/li>\n<li>Den stora bordsskivan ger tillr\u00e4ckligt med plats f\u00f6r 3-4 personer<\/li>\n<li>Med pulverlackerade st\u00e5lben \u00e4r den robust nog att h\u00e5lla upp till 60 kg<\/li>\n<li>De halkfria fotkuddarna s\u00e4kerst\u00e4ller stabilitet p\u00e5 golvet och skyddar ditt golv<\/li>\n<li>Montering kr\u00e4vs<\/li>\n<\/ul>\n<h3>Teknisk data:<\/h3>\n<ul>\n<li>F\u00e4rg: Rustik brun, svart<\/li>\n<li>Material: sp\u00e5nskiva, st\u00e5l<\/li>\n<li>\u00d6vergripande m\u00e5tt: 80 x 76H cm<\/li>\n<li>Viktkapacitet: 60 kg<\/li>\n<li>Rekommenderat minsta utrymme: 1,2 x 1,2 m<\/li>\n<\/ul>\n<h3>Leveransens omfattning:<\/h3>\n<ul>\n<li>1 x matbord<\/li>\n<li>1 x manuell<\/li>\n<\/ul>\n","protected":false},"excerpt":{"rendered":"<p>Matbord \u00e4r popul\u00e4ra m\u00f6tesplatser, \u00e4ven n\u00e4r det inte finns mat p\u00e5 dem. Det \u00e4r en plats att spela spel, g\u00f6ra&#8230;<\/p>\n","protected":false},"featured_media":44675,"template":"","meta":[],"product_brand":[],"product_cat":[485,509,501],"product_tag":[],"class_list":{"0":"post-44674","1":"product","2":"type-product","3":"status-publish","4":"has-post-thumbnail","6":"product_cat-hus-bo","7":"product_cat-matbord","8":"product_cat-tabeller","10":"first","11":"instock","12":"sale","13":"taxable","14":"shipping-taxable","15":"purchasable","16":"product-type-simple"},"yoast_head":"<!-- This site is optimized with the Yoast SEO plugin v25.4 - https:\/\/yoast.com\/wordpress\/plugins\/seo\/ -->\n<title>TRUUSK Matbord K\u00f6ksbord - Stort Bord Industridesign - Rustik Design - 80 X 76 Cm - Brun - TRUUSK - Hem, Tr\u00e4dg\u00e5rd &amp; Fritid<\/title>\n<meta name=\"robots\" content=\"index, follow, max-snippet:-1, max-image-preview:large, max-video-preview:-1\" \/>\n<link rel=\"canonical\" href=\"https:\/\/truusk.store\/sv\/produkt\/truusk-matbord-koksbord-stort-bord-industridesign-rustik-design-80-x-76-cm-brun\/\" \/>\n<meta property=\"og:locale\" content=\"sv_SE\" \/>\n<meta property=\"og:type\" content=\"article\" \/>\n<meta property=\"og:title\" content=\"TRUUSK Matbord K\u00f6ksbord - Stort Bord Industridesign - Rustik Design - 80 X 76 Cm - Brun - TRUUSK - Hem, Tr\u00e4dg\u00e5rd &amp; Fritid\" \/>\n<meta property=\"og:description\" content=\"Matbord \u00e4r popul\u00e4ra m\u00f6tesplatser, \u00e4ven n\u00e4r det inte finns mat p\u00e5 dem. Det \u00e4r en plats att spela spel, g\u00f6ra...\" \/>\n<meta property=\"og:url\" content=\"https:\/\/truusk.store\/sv\/produkt\/truusk-matbord-koksbord-stort-bord-industridesign-rustik-design-80-x-76-cm-brun\/\" \/>\n<meta property=\"og:site_name\" content=\"TRUUSK - Hem, Tr\u00e4dg\u00e5rd &amp; Fritid\" \/>\n<meta property=\"article:modified_time\" content=\"2026-03-12T08:23:16+00:00\" \/>\n<meta property=\"og:image\" content=\"https:\/\/i0.wp.com\/truusk.se\/wp-content\/uploads\/2024\/02\/matbord-koksbord-stort-bord-industridesign-rustik-design-80-x-76-cm-brun.webp?fit=800%2C800&ssl=1\" \/>\n\t<meta property=\"og:image:width\" content=\"800\" \/>\n\t<meta property=\"og:image:height\" content=\"800\" \/>\n\t<meta property=\"og:image:type\" content=\"image\/webp\" \/>\n<meta name=\"twitter:card\" content=\"summary_large_image\" \/>\n<meta name=\"twitter:label1\" content=\"Ber\u00e4knad l\u00e4stid\" \/>\n\t<meta name=\"twitter:data1\" content=\"1 minut\" \/>\n<!-- \/ Yoast SEO plugin. -->","yoast_head_json":{"title":"TRUUSK Matbord K\u00f6ksbord - Stort Bord Industridesign - Rustik Design - 80 X 76 Cm - Brun - TRUUSK - Hem, Tr\u00e4dg\u00e5rd &amp; Fritid","robots":{"index":"index","follow":"follow","max-snippet":"max-snippet:-1","max-image-preview":"max-image-preview:large","max-video-preview":"max-video-preview:-1"},"canonical":"https:\/\/truusk.store\/sv\/produkt\/truusk-matbord-koksbord-stort-bord-industridesign-rustik-design-80-x-76-cm-brun\/","og_locale":"sv_SE","og_type":"article","og_title":"TRUUSK Matbord K\u00f6ksbord - Stort Bord Industridesign - Rustik Design - 80 X 76 Cm - Brun - TRUUSK - Hem, Tr\u00e4dg\u00e5rd &amp; Fritid","og_description":"Matbord \u00e4r popul\u00e4ra m\u00f6tesplatser, \u00e4ven n\u00e4r det inte finns mat p\u00e5 dem. Det \u00e4r en plats att spela spel, g\u00f6ra...","og_url":"https:\/\/truusk.store\/sv\/produkt\/truusk-matbord-koksbord-stort-bord-industridesign-rustik-design-80-x-76-cm-brun\/","og_site_name":"TRUUSK - Hem, Tr\u00e4dg\u00e5rd &amp; Fritid","article_modified_time":"2026-03-12T08:23:16+00:00","og_image":[{"width":800,"height":800,"url":"https:\/\/i0.wp.com\/truusk.se\/wp-content\/uploads\/2024\/02\/matbord-koksbord-stort-bord-industridesign-rustik-design-80-x-76-cm-brun.webp?fit=800%2C800&ssl=1","type":"image\/webp"}],"twitter_card":"summary_large_image","twitter_misc":{"Ber\u00e4knad l\u00e4stid":"1 minut"},"schema":{"@context":"https:\/\/schema.org","@graph":[{"@type":"WebPage","@id":"https:\/\/truusk.store\/sv\/produkt\/truusk-matbord-koksbord-stort-bord-industridesign-rustik-design-80-x-76-cm-brun\/","url":"https:\/\/truusk.store\/sv\/produkt\/truusk-matbord-koksbord-stort-bord-industridesign-rustik-design-80-x-76-cm-brun\/","name":"TRUUSK Matbord K\u00f6ksbord - Stort Bord Industridesign - Rustik Design - 80 X 76 Cm - Brun - TRUUSK - Hem, Tr\u00e4dg\u00e5rd &amp; Fritid","isPartOf":{"@id":"https:\/\/truusk.store\/sv\/#website"},"primaryImageOfPage":{"@id":"https:\/\/truusk.store\/sv\/produkt\/truusk-matbord-koksbord-stort-bord-industridesign-rustik-design-80-x-76-cm-brun\/#primaryimage"},"image":{"@id":"https:\/\/truusk.store\/sv\/produkt\/truusk-matbord-koksbord-stort-bord-industridesign-rustik-design-80-x-76-cm-brun\/#primaryimage"},"thumbnailUrl":"https:\/\/i0.wp.com\/truusk.store\/wp-content\/uploads\/2024\/02\/matbord-koksbord-stort-bord-industridesign-rustik-design-80-x-76-cm-brun.webp?fit=800%2C800&ssl=1","datePublished":"2024-02-14T04:18:37+00:00","dateModified":"2026-03-12T08:23:16+00:00","breadcrumb":{"@id":"https:\/\/truusk.store\/sv\/produkt\/truusk-matbord-koksbord-stort-bord-industridesign-rustik-design-80-x-76-cm-brun\/#breadcrumb"},"inLanguage":"sv-SE","potentialAction":[{"@type":"ReadAction","target":["https:\/\/truusk.store\/sv\/produkt\/truusk-matbord-koksbord-stort-bord-industridesign-rustik-design-80-x-76-cm-brun\/"]}]},{"@type":"ImageObject","inLanguage":"sv-SE","@id":"https:\/\/truusk.store\/sv\/produkt\/truusk-matbord-koksbord-stort-bord-industridesign-rustik-design-80-x-76-cm-brun\/#primaryimage","url":"https:\/\/i0.wp.com\/truusk.store\/wp-content\/uploads\/2024\/02\/matbord-koksbord-stort-bord-industridesign-rustik-design-80-x-76-cm-brun.webp?fit=800%2C800&ssl=1","contentUrl":"https:\/\/i0.wp.com\/truusk.store\/wp-content\/uploads\/2024\/02\/matbord-koksbord-stort-bord-industridesign-rustik-design-80-x-76-cm-brun.webp?fit=800%2C800&ssl=1","width":800,"height":800,"caption":"Matbord K\u00f6ksbord, Stort Bord, Industridesign, Rustik Design, 80 X 76 Cm, Brun 1"},{"@type":"BreadcrumbList","@id":"https:\/\/truusk.store\/sv\/produkt\/truusk-matbord-koksbord-stort-bord-industridesign-rustik-design-80-x-76-cm-brun\/#breadcrumb","itemListElement":[{"@type":"ListItem","position":1,"name":"Home","item":"https:\/\/truusk.store\/sv\/"},{"@type":"ListItem","position":2,"name":"Shop","item":"https:\/\/truusk.store\/shop\/"},{"@type":"ListItem","position":3,"name":"TRUUSK Matbord K\u00f6ksbord &#8211; Stort Bord Industridesign &#8211; Rustik Design &#8211; 80 X 76 Cm &#8211; Brun"}]},{"@type":"WebSite","@id":"https:\/\/truusk.store\/sv\/#website","url":"https:\/\/truusk.store\/sv\/","name":"TRUUSK - Hem, Tr\u00e4dg\u00e5rd & Fritid","description":"","publisher":{"@id":"https:\/\/truusk.store\/sv\/#organization"},"potentialAction":[{"@type":"SearchAction","target":{"@type":"EntryPoint","urlTemplate":"https:\/\/truusk.store\/sv\/?s={search_term_string}"},"query-input":{"@type":"PropertyValueSpecification","valueRequired":true,"valueName":"search_term_string"}}],"inLanguage":"sv-SE"},{"@type":"Organization","@id":"https:\/\/truusk.store\/sv\/#organization","name":"TRUUSK - Hem, Tr\u00e4dg\u00e5rd & Fritid","url":"https:\/\/truusk.store\/sv\/","logo":{"@type":"ImageObject","inLanguage":"sv-SE","@id":"https:\/\/truusk.store\/sv\/#\/schema\/logo\/image\/","url":"https:\/\/i0.wp.com\/truusk.store\/wp-content\/uploads\/2026\/03\/cropped-TRUUSK.png?fit=2032%2C917&ssl=1","contentUrl":"https:\/\/i0.wp.com\/truusk.store\/wp-content\/uploads\/2026\/03\/cropped-TRUUSK.png?fit=2032%2C917&ssl=1","width":2032,"height":917,"caption":"TRUUSK - Hem, Tr\u00e4dg\u00e5rd & Fritid"},"image":{"@id":"https:\/\/truusk.store\/sv\/#\/schema\/logo\/image\/"}}]}},"jetpack_sharing_enabled":true,"_links":{"self":[{"href":"https:\/\/truusk.store\/sv\/wp-json\/wp\/v2\/product\/44674","targetHints":{"allow":["GET"]}}],"collection":[{"href":"https:\/\/truusk.store\/sv\/wp-json\/wp\/v2\/product"}],"about":[{"href":"https:\/\/truusk.store\/sv\/wp-json\/wp\/v2\/types\/product"}],"wp:featuredmedia":[{"embeddable":true,"href":"https:\/\/truusk.store\/sv\/wp-json\/wp\/v2\/media\/44675"}],"wp:attachment":[{"href":"https:\/\/truusk.store\/sv\/wp-json\/wp\/v2\/media?parent=44674"}],"wp:term":[{"taxonomy":"product_brand","embeddable":true,"href":"https:\/\/truusk.store\/sv\/wp-json\/wp\/v2\/product_brand?post=44674"},{"taxonomy":"product_cat","embeddable":true,"href":"https:\/\/truusk.store\/sv\/wp-json\/wp\/v2\/product_cat?post=44674"},{"taxonomy":"product_tag","embeddable":true,"href":"https:\/\/truusk.store\/sv\/wp-json\/wp\/v2\/product_tag?post=44674"}],"curies":[{"name":"wp","href":"https:\/\/api.w.org\/{rel}","templated":true}]}}