{"id":44681,"date":"2024-02-14T05:18:53","date_gmt":"2024-02-14T04:18:53","guid":{"rendered":"https:\/\/truusk.store\/product\/bank-med-forvaringsutrymme-dekorativa-knappsommar-flanelllook-guldfargade-stalben-110-x-47-x-465-cm\/"},"modified":"2026-03-12T09:23:19","modified_gmt":"2026-03-12T08:23:19","slug":"truusk-bank-med-forvaringsutrymme-dekorativa-knappsommar-flanelllook-guldfargade-stalben-110-x-47-x-465-cm","status":"publish","type":"product","link":"https:\/\/truusk.store\/sv\/produkt\/truusk-bank-med-forvaringsutrymme-dekorativa-knappsommar-flanelllook-guldfargade-stalben-110-x-47-x-465-cm\/","title":{"rendered":"TRUUSK B\u00e4nk Med F\u00f6rvaringsutrymme &#8211; Dekorativa Knapps\u00f6mmar &#8211; Flanelllook &#8211; Guldf\u00e4rgade St\u00e5lben &#8211; 110 x 47 x 46,5 cm"},"content":{"rendered":"<p>S\u00e5 smart kombineras sittkomfort med f\u00f6rvaringsutrymme! Denna br\u00f6stb\u00e4nk \u00e4r den perfekta l\u00f6sningen om du letar efter en funktionell och estetisk m\u00f6bel. Den eleganta designen passar harmoniskt in i din interi\u00f6r och erbjuder dig och dina g\u00e4ster en extra sittplats. Utnyttja det gener\u00f6sa f\u00f6rvaringsutrymmet under sitsen &#8211; vare sig det \u00e4r f\u00f6r filtar, handdukar eller annat. Ditt hus kommer att bli ett hem p\u00e5 nolltid!<\/p>\n<h3>Beskrivning:<\/h3>\n<ul>\n<li>Multifunktionell b\u00e4nk f\u00f6r hallen, entr\u00e9n, vardagsrummet eller sovrummet<\/li>\n<li>Filtar, kuddar och annat kan f\u00f6rvaras i f\u00f6rvaringsutrymmet under sitsen<\/li>\n<li>G\u00e5ngj\u00e4rnsf\u00f6rsett lock \u00e4r bekv\u00e4mt f\u00f6r daglig anv\u00e4ndning<\/li>\n<li>Tjock vaddering med tyg\u00f6verdrag i flanelllook s\u00e4kerst\u00e4ller en bekv\u00e4m sittupplevelse<\/li>\n<li>St\u00e5lben med pulverlackering f\u00f6r h\u00f6g stabilitet och h\u00e5llbarhet<\/li>\n<li>Montering kr\u00e4vs<\/li>\n<\/ul>\n<h3>Teknisk data:<\/h3>\n<ul>\n<li>F\u00e4rg beige<\/li>\n<li>Material: sammet (100% polyester), skum, st\u00e5l<\/li>\n<li>Totala m\u00e5tt: 110L x 44W x 49H cm<\/li>\n<li>Dolt f\u00f6rvaringsutrymme: 100L x 38W x 19H cm<\/li>\n<li>Benh\u00f6jd: 19,5 cm<\/li>\n<li>Lastkapacitet: 200 kg<\/li>\n<\/ul>\n<h3>Leveransens omfattning:<\/h3>\n<ul>\n<li>1 x b\u00e4nk<\/li>\n<li>1 x manuell<\/li>\n<\/ul>\n","protected":false},"excerpt":{"rendered":"<p>S\u00e5 smart kombineras sittkomfort med f\u00f6rvaringsutrymme! Denna br\u00f6stb\u00e4nk \u00e4r den perfekta l\u00f6sningen om du letar efter en funktionell och estetisk&#8230;<\/p>\n","protected":false},"featured_media":44682,"template":"","meta":[],"product_brand":[],"product_cat":[485,541,537],"product_tag":[],"class_list":{"0":"post-44681","1":"product","2":"type-product","3":"status-publish","4":"has-post-thumbnail","6":"product_cat-hus-bo","7":"product_cat-sits-kistor","8":"product_cat-sittplatser-bankar","10":"first","11":"instock","12":"sale","13":"taxable","14":"shipping-taxable","15":"purchasable","16":"product-type-simple"},"yoast_head":"<!-- This site is optimized with the Yoast SEO plugin v25.4 - https:\/\/yoast.com\/wordpress\/plugins\/seo\/ -->\n<title>TRUUSK B\u00e4nk Med F\u00f6rvaringsutrymme - Dekorativa Knapps\u00f6mmar - Flanelllook - Guldf\u00e4rgade St\u00e5lben - 110 x 47 x 46,5 cm - TRUUSK - Hem, Tr\u00e4dg\u00e5rd &amp; Fritid<\/title>\n<meta name=\"robots\" content=\"index, follow, max-snippet:-1, max-image-preview:large, max-video-preview:-1\" \/>\n<link rel=\"canonical\" href=\"https:\/\/truusk.store\/sv\/produkt\/truusk-bank-med-forvaringsutrymme-dekorativa-knappsommar-flanelllook-guldfargade-stalben-110-x-47-x-465-cm\/\" \/>\n<meta property=\"og:locale\" content=\"sv_SE\" \/>\n<meta property=\"og:type\" content=\"article\" \/>\n<meta property=\"og:title\" content=\"TRUUSK B\u00e4nk Med F\u00f6rvaringsutrymme - Dekorativa Knapps\u00f6mmar - Flanelllook - Guldf\u00e4rgade St\u00e5lben - 110 x 47 x 46,5 cm - TRUUSK - Hem, Tr\u00e4dg\u00e5rd &amp; Fritid\" \/>\n<meta property=\"og:description\" content=\"S\u00e5 smart kombineras sittkomfort med f\u00f6rvaringsutrymme! Denna br\u00f6stb\u00e4nk \u00e4r den perfekta l\u00f6sningen om du letar efter en funktionell och estetisk...\" \/>\n<meta property=\"og:url\" content=\"https:\/\/truusk.store\/sv\/produkt\/truusk-bank-med-forvaringsutrymme-dekorativa-knappsommar-flanelllook-guldfargade-stalben-110-x-47-x-465-cm\/\" \/>\n<meta property=\"og:site_name\" content=\"TRUUSK - Hem, Tr\u00e4dg\u00e5rd &amp; Fritid\" \/>\n<meta property=\"article:modified_time\" content=\"2026-03-12T08:23:19+00:00\" \/>\n<meta property=\"og:image\" content=\"https:\/\/i0.wp.com\/truusk.se\/wp-content\/uploads\/2024\/02\/bank-med-forvaringsutrymme-dekorativa-knappsommar-flanelllook-guldfargade-stalben-110-x-47-x-465-cm.webp?fit=800%2C800&ssl=1\" \/>\n\t<meta property=\"og:image:width\" content=\"800\" \/>\n\t<meta property=\"og:image:height\" content=\"800\" \/>\n\t<meta property=\"og:image:type\" content=\"image\/webp\" \/>\n<meta name=\"twitter:card\" content=\"summary_large_image\" \/>\n<meta name=\"twitter:label1\" content=\"Ber\u00e4knad l\u00e4stid\" \/>\n\t<meta name=\"twitter:data1\" content=\"1 minut\" \/>\n<!-- \/ Yoast SEO plugin. -->","yoast_head_json":{"title":"TRUUSK B\u00e4nk Med F\u00f6rvaringsutrymme - Dekorativa Knapps\u00f6mmar - Flanelllook - Guldf\u00e4rgade St\u00e5lben - 110 x 47 x 46,5 cm - TRUUSK - Hem, Tr\u00e4dg\u00e5rd &amp; Fritid","robots":{"index":"index","follow":"follow","max-snippet":"max-snippet:-1","max-image-preview":"max-image-preview:large","max-video-preview":"max-video-preview:-1"},"canonical":"https:\/\/truusk.store\/sv\/produkt\/truusk-bank-med-forvaringsutrymme-dekorativa-knappsommar-flanelllook-guldfargade-stalben-110-x-47-x-465-cm\/","og_locale":"sv_SE","og_type":"article","og_title":"TRUUSK B\u00e4nk Med F\u00f6rvaringsutrymme - Dekorativa Knapps\u00f6mmar - Flanelllook - Guldf\u00e4rgade St\u00e5lben - 110 x 47 x 46,5 cm - TRUUSK - Hem, Tr\u00e4dg\u00e5rd &amp; Fritid","og_description":"S\u00e5 smart kombineras sittkomfort med f\u00f6rvaringsutrymme! Denna br\u00f6stb\u00e4nk \u00e4r den perfekta l\u00f6sningen om du letar efter en funktionell och estetisk...","og_url":"https:\/\/truusk.store\/sv\/produkt\/truusk-bank-med-forvaringsutrymme-dekorativa-knappsommar-flanelllook-guldfargade-stalben-110-x-47-x-465-cm\/","og_site_name":"TRUUSK - Hem, Tr\u00e4dg\u00e5rd &amp; Fritid","article_modified_time":"2026-03-12T08:23:19+00:00","og_image":[{"width":800,"height":800,"url":"https:\/\/i0.wp.com\/truusk.se\/wp-content\/uploads\/2024\/02\/bank-med-forvaringsutrymme-dekorativa-knappsommar-flanelllook-guldfargade-stalben-110-x-47-x-465-cm.webp?fit=800%2C800&ssl=1","type":"image\/webp"}],"twitter_card":"summary_large_image","twitter_misc":{"Ber\u00e4knad l\u00e4stid":"1 minut"},"schema":{"@context":"https:\/\/schema.org","@graph":[{"@type":"WebPage","@id":"https:\/\/truusk.store\/sv\/produkt\/truusk-bank-med-forvaringsutrymme-dekorativa-knappsommar-flanelllook-guldfargade-stalben-110-x-47-x-465-cm\/","url":"https:\/\/truusk.store\/sv\/produkt\/truusk-bank-med-forvaringsutrymme-dekorativa-knappsommar-flanelllook-guldfargade-stalben-110-x-47-x-465-cm\/","name":"TRUUSK B\u00e4nk Med F\u00f6rvaringsutrymme - Dekorativa Knapps\u00f6mmar - Flanelllook - Guldf\u00e4rgade St\u00e5lben - 110 x 47 x 46,5 cm - TRUUSK - Hem, Tr\u00e4dg\u00e5rd &amp; Fritid","isPartOf":{"@id":"https:\/\/truusk.store\/sv\/#website"},"primaryImageOfPage":{"@id":"https:\/\/truusk.store\/sv\/produkt\/truusk-bank-med-forvaringsutrymme-dekorativa-knappsommar-flanelllook-guldfargade-stalben-110-x-47-x-465-cm\/#primaryimage"},"image":{"@id":"https:\/\/truusk.store\/sv\/produkt\/truusk-bank-med-forvaringsutrymme-dekorativa-knappsommar-flanelllook-guldfargade-stalben-110-x-47-x-465-cm\/#primaryimage"},"thumbnailUrl":"https:\/\/i0.wp.com\/truusk.store\/wp-content\/uploads\/2024\/02\/bank-med-forvaringsutrymme-dekorativa-knappsommar-flanelllook-guldfargade-stalben-110-x-47-x-465-cm.webp?fit=800%2C800&ssl=1","datePublished":"2024-02-14T04:18:53+00:00","dateModified":"2026-03-12T08:23:19+00:00","breadcrumb":{"@id":"https:\/\/truusk.store\/sv\/produkt\/truusk-bank-med-forvaringsutrymme-dekorativa-knappsommar-flanelllook-guldfargade-stalben-110-x-47-x-465-cm\/#breadcrumb"},"inLanguage":"sv-SE","potentialAction":[{"@type":"ReadAction","target":["https:\/\/truusk.store\/sv\/produkt\/truusk-bank-med-forvaringsutrymme-dekorativa-knappsommar-flanelllook-guldfargade-stalben-110-x-47-x-465-cm\/"]}]},{"@type":"ImageObject","inLanguage":"sv-SE","@id":"https:\/\/truusk.store\/sv\/produkt\/truusk-bank-med-forvaringsutrymme-dekorativa-knappsommar-flanelllook-guldfargade-stalben-110-x-47-x-465-cm\/#primaryimage","url":"https:\/\/i0.wp.com\/truusk.store\/wp-content\/uploads\/2024\/02\/bank-med-forvaringsutrymme-dekorativa-knappsommar-flanelllook-guldfargade-stalben-110-x-47-x-465-cm.webp?fit=800%2C800&ssl=1","contentUrl":"https:\/\/i0.wp.com\/truusk.store\/wp-content\/uploads\/2024\/02\/bank-med-forvaringsutrymme-dekorativa-knappsommar-flanelllook-guldfargade-stalben-110-x-47-x-465-cm.webp?fit=800%2C800&ssl=1","width":800,"height":800,"caption":"B\u00e4nk Med F\u00f6rvaringsutrymme, Dekorativa Knapps\u00f6mmar, Flanelllook, Guldf\u00e4rgade St\u00e5lben, 110 X 47 X 46,5 Cm 1"},{"@type":"BreadcrumbList","@id":"https:\/\/truusk.store\/sv\/produkt\/truusk-bank-med-forvaringsutrymme-dekorativa-knappsommar-flanelllook-guldfargade-stalben-110-x-47-x-465-cm\/#breadcrumb","itemListElement":[{"@type":"ListItem","position":1,"name":"Home","item":"https:\/\/truusk.store\/sv\/"},{"@type":"ListItem","position":2,"name":"Shop","item":"https:\/\/truusk.store\/shop\/"},{"@type":"ListItem","position":3,"name":"TRUUSK B\u00e4nk Med F\u00f6rvaringsutrymme &#8211; Dekorativa Knapps\u00f6mmar &#8211; Flanelllook &#8211; Guldf\u00e4rgade St\u00e5lben &#8211; 110 x 47 x 46,5 cm"}]},{"@type":"WebSite","@id":"https:\/\/truusk.store\/sv\/#website","url":"https:\/\/truusk.store\/sv\/","name":"TRUUSK - Hem, Tr\u00e4dg\u00e5rd & Fritid","description":"","publisher":{"@id":"https:\/\/truusk.store\/sv\/#organization"},"potentialAction":[{"@type":"SearchAction","target":{"@type":"EntryPoint","urlTemplate":"https:\/\/truusk.store\/sv\/?s={search_term_string}"},"query-input":{"@type":"PropertyValueSpecification","valueRequired":true,"valueName":"search_term_string"}}],"inLanguage":"sv-SE"},{"@type":"Organization","@id":"https:\/\/truusk.store\/sv\/#organization","name":"TRUUSK - Hem, Tr\u00e4dg\u00e5rd & Fritid","url":"https:\/\/truusk.store\/sv\/","logo":{"@type":"ImageObject","inLanguage":"sv-SE","@id":"https:\/\/truusk.store\/sv\/#\/schema\/logo\/image\/","url":"https:\/\/i0.wp.com\/truusk.store\/wp-content\/uploads\/2026\/03\/cropped-TRUUSK.png?fit=2032%2C917&ssl=1","contentUrl":"https:\/\/i0.wp.com\/truusk.store\/wp-content\/uploads\/2026\/03\/cropped-TRUUSK.png?fit=2032%2C917&ssl=1","width":2032,"height":917,"caption":"TRUUSK - Hem, Tr\u00e4dg\u00e5rd & Fritid"},"image":{"@id":"https:\/\/truusk.store\/sv\/#\/schema\/logo\/image\/"}}]}},"jetpack_sharing_enabled":true,"_links":{"self":[{"href":"https:\/\/truusk.store\/sv\/wp-json\/wp\/v2\/product\/44681","targetHints":{"allow":["GET"]}}],"collection":[{"href":"https:\/\/truusk.store\/sv\/wp-json\/wp\/v2\/product"}],"about":[{"href":"https:\/\/truusk.store\/sv\/wp-json\/wp\/v2\/types\/product"}],"wp:featuredmedia":[{"embeddable":true,"href":"https:\/\/truusk.store\/sv\/wp-json\/wp\/v2\/media\/44682"}],"wp:attachment":[{"href":"https:\/\/truusk.store\/sv\/wp-json\/wp\/v2\/media?parent=44681"}],"wp:term":[{"taxonomy":"product_brand","embeddable":true,"href":"https:\/\/truusk.store\/sv\/wp-json\/wp\/v2\/product_brand?post=44681"},{"taxonomy":"product_cat","embeddable":true,"href":"https:\/\/truusk.store\/sv\/wp-json\/wp\/v2\/product_cat?post=44681"},{"taxonomy":"product_tag","embeddable":true,"href":"https:\/\/truusk.store\/sv\/wp-json\/wp\/v2\/product_tag?post=44681"}],"curies":[{"name":"wp","href":"https:\/\/api.w.org\/{rel}","templated":true}]}}