{"id":44691,"date":"2024-02-14T05:19:10","date_gmt":"2024-02-14T04:19:10","guid":{"rendered":"https:\/\/truusk.store\/product\/set-med-2-konstgjorda-vaxter-inklusive-planteringskruka-och-konstgjord-mossa-konstgjord-cypress-vit-gron\/"},"modified":"2026-03-12T09:23:19","modified_gmt":"2026-03-12T08:23:19","slug":"truusk-set-med-2-konstgjorda-vaxter-inklusive-planteringskruka-och-konstgjord-mossa-konstgjord-cypress-vit-gron","status":"publish","type":"product","link":"https:\/\/truusk.store\/sv\/produkt\/truusk-set-med-2-konstgjorda-vaxter-inklusive-planteringskruka-och-konstgjord-mossa-konstgjord-cypress-vit-gron\/","title":{"rendered":"TRUUSK Set med 2 Konstgjorda V\u00e4xter &#8211; Inklusive Planteringskruka och Konstgjord Mossa &#8211; Konstgjord Cypress, Vit + Gr\u00f6n"},"content":{"rendered":"<p>Vill du dekorera ditt hem med v\u00e4xter, men du har ingen gr\u00f6n tumme? V\u00e5ra konstgjorda tr\u00e4d \u00e4r precis vad du beh\u00f6ver. De h\u00e5ller sig gr\u00f6na i m\u00e5nga \u00e5r utan att beh\u00f6va besk\u00e4ra eller forma dem. Ingen vattning, ingen g\u00f6dning och ingen omplantering beh\u00f6vs. De realistiska bladen skapar en naturlig atmosf\u00e4r i alla rum. Den konstgjorda v\u00e4xten i krukan levereras redan i kruka och klar att anv\u00e4ndas. Den passar alla typer av inredning och \u00e4r idealisk f\u00f6r inomhus- och utomhusbruk.<\/p>\n<h3>Beskrivning:<\/h3>\n<ul>\n<li>Set med 2 konstgjorda cypresser<\/li>\n<li>L\u00e4mplig f\u00f6r alla typer av inomhus- och utomhusomr\u00e5den. Dessa konstgjorda v\u00e4xter kryddar alla rum med sina naturliga accenter<\/li>\n<li>Varje konstgjord v\u00e4xt best\u00e5r av 980 blad som ser v\u00e4ldigt naturliga ut<\/li>\n<li>Inklusive plantering, PE-mossa och cementfyllning<\/li>\n<li>L\u00e4ttsk\u00f6tt och l\u00e5ngvarig<\/li>\n<li>Ingen montering kr\u00e4vs<\/li>\n<\/ul>\n<h3>Teknisk data:<\/h3>\n<ul>\n<li>F\u00e4rg: Gr\u00f6n+Vit<\/li>\n<li>Material: PE, plast, cement<\/li>\n<li>Typ: Cypress<\/li>\n<li>Total h\u00f6jd: 90 cm<\/li>\n<li>Krukstorlek: 12 x 16 cm<\/li>\n<\/ul>\n<h3>Leveransens omfattning:<\/h3>\n<ul>\n<li>2 x konstgjord v\u00e4xt;<\/li>\n<\/ul>\n","protected":false},"excerpt":{"rendered":"<p>Vill du dekorera ditt hem med v\u00e4xter, men du har ingen gr\u00f6n tumme? V\u00e5ra konstgjorda tr\u00e4d \u00e4r precis vad du&#8230;<\/p>\n","protected":false},"featured_media":44692,"template":"","meta":[],"product_brand":[],"product_cat":[671,681,672],"product_tag":[],"class_list":{"0":"post-44691","1":"product","2":"type-product","3":"status-publish","4":"has-post-thumbnail","6":"product_cat-jarnaffar","7":"product_cat-konstgjorda-vaxter","8":"product_cat-runt-huset","10":"first","11":"instock","12":"sale","13":"taxable","14":"shipping-taxable","15":"purchasable","16":"product-type-simple"},"yoast_head":"<!-- This site is optimized with the Yoast SEO plugin v25.4 - https:\/\/yoast.com\/wordpress\/plugins\/seo\/ -->\n<title>TRUUSK Set med 2 Konstgjorda V\u00e4xter - Inklusive Planteringskruka och Konstgjord Mossa - Konstgjord Cypress, Vit + Gr\u00f6n - TRUUSK - Hem, Tr\u00e4dg\u00e5rd &amp; Fritid<\/title>\n<meta name=\"robots\" content=\"index, follow, max-snippet:-1, max-image-preview:large, max-video-preview:-1\" \/>\n<link rel=\"canonical\" href=\"https:\/\/truusk.store\/sv\/produkt\/truusk-set-med-2-konstgjorda-vaxter-inklusive-planteringskruka-och-konstgjord-mossa-konstgjord-cypress-vit-gron\/\" \/>\n<meta property=\"og:locale\" content=\"sv_SE\" \/>\n<meta property=\"og:type\" content=\"article\" \/>\n<meta property=\"og:title\" content=\"TRUUSK Set med 2 Konstgjorda V\u00e4xter - Inklusive Planteringskruka och Konstgjord Mossa - Konstgjord Cypress, Vit + Gr\u00f6n - TRUUSK - Hem, Tr\u00e4dg\u00e5rd &amp; Fritid\" \/>\n<meta property=\"og:description\" content=\"Vill du dekorera ditt hem med v\u00e4xter, men du har ingen gr\u00f6n tumme? V\u00e5ra konstgjorda tr\u00e4d \u00e4r precis vad du...\" \/>\n<meta property=\"og:url\" content=\"https:\/\/truusk.store\/sv\/produkt\/truusk-set-med-2-konstgjorda-vaxter-inklusive-planteringskruka-och-konstgjord-mossa-konstgjord-cypress-vit-gron\/\" \/>\n<meta property=\"og:site_name\" content=\"TRUUSK - Hem, Tr\u00e4dg\u00e5rd &amp; Fritid\" \/>\n<meta property=\"article:modified_time\" content=\"2026-03-12T08:23:19+00:00\" \/>\n<meta property=\"og:image\" content=\"https:\/\/i0.wp.com\/truusk.se\/wp-content\/uploads\/2024\/02\/set-med-2-konstgjorda-vaxter-inklusive-planteringskruka-och-konstgjord-mossa-konstgjord-cypress-vit-gron.webp?fit=800%2C800&ssl=1\" \/>\n\t<meta property=\"og:image:width\" content=\"800\" \/>\n\t<meta property=\"og:image:height\" content=\"800\" \/>\n\t<meta property=\"og:image:type\" content=\"image\/webp\" \/>\n<meta name=\"twitter:card\" content=\"summary_large_image\" \/>\n<meta name=\"twitter:label1\" content=\"Ber\u00e4knad l\u00e4stid\" \/>\n\t<meta name=\"twitter:data1\" content=\"1 minut\" \/>\n<!-- \/ Yoast SEO plugin. -->","yoast_head_json":{"title":"TRUUSK Set med 2 Konstgjorda V\u00e4xter - Inklusive Planteringskruka och Konstgjord Mossa - Konstgjord Cypress, Vit + Gr\u00f6n - TRUUSK - Hem, Tr\u00e4dg\u00e5rd &amp; Fritid","robots":{"index":"index","follow":"follow","max-snippet":"max-snippet:-1","max-image-preview":"max-image-preview:large","max-video-preview":"max-video-preview:-1"},"canonical":"https:\/\/truusk.store\/sv\/produkt\/truusk-set-med-2-konstgjorda-vaxter-inklusive-planteringskruka-och-konstgjord-mossa-konstgjord-cypress-vit-gron\/","og_locale":"sv_SE","og_type":"article","og_title":"TRUUSK Set med 2 Konstgjorda V\u00e4xter - Inklusive Planteringskruka och Konstgjord Mossa - Konstgjord Cypress, Vit + Gr\u00f6n - TRUUSK - Hem, Tr\u00e4dg\u00e5rd &amp; Fritid","og_description":"Vill du dekorera ditt hem med v\u00e4xter, men du har ingen gr\u00f6n tumme? V\u00e5ra konstgjorda tr\u00e4d \u00e4r precis vad du...","og_url":"https:\/\/truusk.store\/sv\/produkt\/truusk-set-med-2-konstgjorda-vaxter-inklusive-planteringskruka-och-konstgjord-mossa-konstgjord-cypress-vit-gron\/","og_site_name":"TRUUSK - Hem, Tr\u00e4dg\u00e5rd &amp; Fritid","article_modified_time":"2026-03-12T08:23:19+00:00","og_image":[{"width":800,"height":800,"url":"https:\/\/i0.wp.com\/truusk.se\/wp-content\/uploads\/2024\/02\/set-med-2-konstgjorda-vaxter-inklusive-planteringskruka-och-konstgjord-mossa-konstgjord-cypress-vit-gron.webp?fit=800%2C800&ssl=1","type":"image\/webp"}],"twitter_card":"summary_large_image","twitter_misc":{"Ber\u00e4knad l\u00e4stid":"1 minut"},"schema":{"@context":"https:\/\/schema.org","@graph":[{"@type":"WebPage","@id":"https:\/\/truusk.store\/sv\/produkt\/truusk-set-med-2-konstgjorda-vaxter-inklusive-planteringskruka-och-konstgjord-mossa-konstgjord-cypress-vit-gron\/","url":"https:\/\/truusk.store\/sv\/produkt\/truusk-set-med-2-konstgjorda-vaxter-inklusive-planteringskruka-och-konstgjord-mossa-konstgjord-cypress-vit-gron\/","name":"TRUUSK Set med 2 Konstgjorda V\u00e4xter - Inklusive Planteringskruka och Konstgjord Mossa - Konstgjord Cypress, Vit + Gr\u00f6n - TRUUSK - Hem, Tr\u00e4dg\u00e5rd &amp; Fritid","isPartOf":{"@id":"https:\/\/truusk.store\/sv\/#website"},"primaryImageOfPage":{"@id":"https:\/\/truusk.store\/sv\/produkt\/truusk-set-med-2-konstgjorda-vaxter-inklusive-planteringskruka-och-konstgjord-mossa-konstgjord-cypress-vit-gron\/#primaryimage"},"image":{"@id":"https:\/\/truusk.store\/sv\/produkt\/truusk-set-med-2-konstgjorda-vaxter-inklusive-planteringskruka-och-konstgjord-mossa-konstgjord-cypress-vit-gron\/#primaryimage"},"thumbnailUrl":"https:\/\/i0.wp.com\/truusk.store\/wp-content\/uploads\/2024\/02\/set-med-2-konstgjorda-vaxter-inklusive-planteringskruka-och-konstgjord-mossa-konstgjord-cypress-vit-gron.webp?fit=800%2C800&ssl=1","datePublished":"2024-02-14T04:19:10+00:00","dateModified":"2026-03-12T08:23:19+00:00","breadcrumb":{"@id":"https:\/\/truusk.store\/sv\/produkt\/truusk-set-med-2-konstgjorda-vaxter-inklusive-planteringskruka-och-konstgjord-mossa-konstgjord-cypress-vit-gron\/#breadcrumb"},"inLanguage":"sv-SE","potentialAction":[{"@type":"ReadAction","target":["https:\/\/truusk.store\/sv\/produkt\/truusk-set-med-2-konstgjorda-vaxter-inklusive-planteringskruka-och-konstgjord-mossa-konstgjord-cypress-vit-gron\/"]}]},{"@type":"ImageObject","inLanguage":"sv-SE","@id":"https:\/\/truusk.store\/sv\/produkt\/truusk-set-med-2-konstgjorda-vaxter-inklusive-planteringskruka-och-konstgjord-mossa-konstgjord-cypress-vit-gron\/#primaryimage","url":"https:\/\/i0.wp.com\/truusk.store\/wp-content\/uploads\/2024\/02\/set-med-2-konstgjorda-vaxter-inklusive-planteringskruka-och-konstgjord-mossa-konstgjord-cypress-vit-gron.webp?fit=800%2C800&ssl=1","contentUrl":"https:\/\/i0.wp.com\/truusk.store\/wp-content\/uploads\/2024\/02\/set-med-2-konstgjorda-vaxter-inklusive-planteringskruka-och-konstgjord-mossa-konstgjord-cypress-vit-gron.webp?fit=800%2C800&ssl=1","width":800,"height":800,"caption":"Set Med 2 Konstgjorda V\u00e4xter Inklusive Planteringskruka Och Konstgjord Mossa; Konstgjord Cypress, Vit + Gr\u00f6n 1"},{"@type":"BreadcrumbList","@id":"https:\/\/truusk.store\/sv\/produkt\/truusk-set-med-2-konstgjorda-vaxter-inklusive-planteringskruka-och-konstgjord-mossa-konstgjord-cypress-vit-gron\/#breadcrumb","itemListElement":[{"@type":"ListItem","position":1,"name":"Home","item":"https:\/\/truusk.store\/sv\/"},{"@type":"ListItem","position":2,"name":"Shop","item":"https:\/\/truusk.store\/shop\/"},{"@type":"ListItem","position":3,"name":"TRUUSK Set med 2 Konstgjorda V\u00e4xter &#8211; Inklusive Planteringskruka och Konstgjord Mossa &#8211; Konstgjord Cypress, Vit + Gr\u00f6n"}]},{"@type":"WebSite","@id":"https:\/\/truusk.store\/sv\/#website","url":"https:\/\/truusk.store\/sv\/","name":"TRUUSK - Hem, Tr\u00e4dg\u00e5rd & Fritid","description":"","publisher":{"@id":"https:\/\/truusk.store\/sv\/#organization"},"potentialAction":[{"@type":"SearchAction","target":{"@type":"EntryPoint","urlTemplate":"https:\/\/truusk.store\/sv\/?s={search_term_string}"},"query-input":{"@type":"PropertyValueSpecification","valueRequired":true,"valueName":"search_term_string"}}],"inLanguage":"sv-SE"},{"@type":"Organization","@id":"https:\/\/truusk.store\/sv\/#organization","name":"TRUUSK - Hem, Tr\u00e4dg\u00e5rd & Fritid","url":"https:\/\/truusk.store\/sv\/","logo":{"@type":"ImageObject","inLanguage":"sv-SE","@id":"https:\/\/truusk.store\/sv\/#\/schema\/logo\/image\/","url":"https:\/\/i0.wp.com\/truusk.store\/wp-content\/uploads\/2026\/03\/cropped-TRUUSK.png?fit=2032%2C917&ssl=1","contentUrl":"https:\/\/i0.wp.com\/truusk.store\/wp-content\/uploads\/2026\/03\/cropped-TRUUSK.png?fit=2032%2C917&ssl=1","width":2032,"height":917,"caption":"TRUUSK - Hem, Tr\u00e4dg\u00e5rd & Fritid"},"image":{"@id":"https:\/\/truusk.store\/sv\/#\/schema\/logo\/image\/"}}]}},"jetpack_sharing_enabled":true,"_links":{"self":[{"href":"https:\/\/truusk.store\/sv\/wp-json\/wp\/v2\/product\/44691","targetHints":{"allow":["GET"]}}],"collection":[{"href":"https:\/\/truusk.store\/sv\/wp-json\/wp\/v2\/product"}],"about":[{"href":"https:\/\/truusk.store\/sv\/wp-json\/wp\/v2\/types\/product"}],"wp:featuredmedia":[{"embeddable":true,"href":"https:\/\/truusk.store\/sv\/wp-json\/wp\/v2\/media\/44692"}],"wp:attachment":[{"href":"https:\/\/truusk.store\/sv\/wp-json\/wp\/v2\/media?parent=44691"}],"wp:term":[{"taxonomy":"product_brand","embeddable":true,"href":"https:\/\/truusk.store\/sv\/wp-json\/wp\/v2\/product_brand?post=44691"},{"taxonomy":"product_cat","embeddable":true,"href":"https:\/\/truusk.store\/sv\/wp-json\/wp\/v2\/product_cat?post=44691"},{"taxonomy":"product_tag","embeddable":true,"href":"https:\/\/truusk.store\/sv\/wp-json\/wp\/v2\/product_tag?post=44691"}],"curies":[{"name":"wp","href":"https:\/\/api.w.org\/{rel}","templated":true}]}}