{"id":44701,"date":"2024-02-14T05:19:30","date_gmt":"2024-02-14T04:19:30","guid":{"rendered":"https:\/\/truusk.store\/product\/husdjursramp-vikbara-halkfria-hundar-upp-till-40-kg-158-cm-x-435-cm-x-25-cm-svart\/"},"modified":"2026-03-12T09:23:20","modified_gmt":"2026-03-12T08:23:20","slug":"truusk-hundramp-vikbar-halkfri-upp-till-40-kg-158-cm-x-435-cm-x-25-cm-svart","status":"publish","type":"product","link":"https:\/\/truusk.store\/sv\/produkt\/truusk-hundramp-vikbar-halkfri-upp-till-40-kg-158-cm-x-435-cm-x-25-cm-svart\/","title":{"rendered":"TRUUSK Hundramp Vikbar &#8211; Halkfri &#8211; Upp Till 40 kg &#8211; 158 cm x 43,5 cm x 2,5 cm &#8211; Svart"},"content":{"rendered":"<p>Att k\u00f6ra med hundar har aldrig varit enklare \u00e4n med denna husdjursramp &#8211; med denna ramp kan dina husdjur komma in i bilen utan anstr\u00e4ngning. MDF-strukturen kantad med aluminiumlegering h\u00e5ller rampen i form n\u00e4r den anv\u00e4nds. Tack vare den halkfria ytan kan dina husdjur anv\u00e4nda rampen s\u00e4kert utan att halka. Husdjursrampen kan f\u00e4llas ihop f\u00f6r platsbesparande f\u00f6rvaring. Det integrerade b\u00e4rhandtaget g\u00f6r transporten enklare. Denna husdjursramp g\u00f6r vardagen enklare f\u00f6r dig och l\u00e5ter \u00e4ldre hundar uppleva sm\u00e5 \u00e4ventyr.<\/p>\n<h3>Beskrivning:<\/h3>\n<ul>\n<li>Tillverkad av MDF och en aluminiumram g\u00f6r rampen formstabil<\/li>\n<li>Halkfri yta, s\u00e5 att dina husdjur inte kan ramla ner och skadas<\/li>\n<li>L\u00e4mplig f\u00f6r stora hundar med en axelh\u00f6jd p\u00e5 upp till 70 cm och en vikt p\u00e5 upp till 40 kg<\/li>\n<li>Kan f\u00e4llas ihop f\u00f6r enkel f\u00f6rvaring, med handtag f\u00f6r fasts\u00e4ttning<\/li>\n<li>L\u00e4tt att b\u00e4ra med handtaget<\/li>\n<\/ul>\n<h3>Teknisk data:<\/h3>\n<ul>\n<li>Svart f\u00e4rg<\/li>\n<li>Material: aluminiumlegering, polyester, MDF<\/li>\n<li>\u00d6vergripande m\u00e5tt: 158L x 43,5W x 2,5H cm<\/li>\n<li>Produktdata hopf\u00e4llbar: 45L x 43,5W x 13H cm<\/li>\n<li>L\u00e4ngd p\u00e5 rampytan: 152 cm<\/li>\n<li>Till\u00e4mplig maxh\u00f6jd: 80 cm (vinkeln \u00e4r ca 30)<\/li>\n<\/ul>\n<h3>Leveransens omfattning:<\/h3>\n<ul>\n<li>1 x Husdjursramp;<\/li>\n<\/ul>\n","protected":false},"excerpt":{"rendered":"<p>Att k\u00f6ra med hundar har aldrig varit enklare \u00e4n med denna husdjursramp &#8211; med denna ramp kan dina husdjur komma&#8230;<\/p>\n","protected":false},"featured_media":44702,"template":"","meta":[],"product_brand":[],"product_cat":[574,586,573],"product_tag":[],"class_list":{"0":"post-44701","1":"product","2":"type-product","3":"status-publish","4":"has-post-thumbnail","6":"product_cat-hundtillbehor","7":"product_cat-hundtrappa","8":"product_cat-husdjursmaterial","10":"first","11":"instock","12":"sale","13":"taxable","14":"shipping-taxable","15":"purchasable","16":"product-type-simple"},"yoast_head":"<!-- This site is optimized with the Yoast SEO plugin v25.4 - https:\/\/yoast.com\/wordpress\/plugins\/seo\/ -->\n<title>TRUUSK Hundramp Vikbar - Halkfri - Upp Till 40 kg - 158 cm x 43,5 cm x 2,5 cm - Svart - TRUUSK - Hem, Tr\u00e4dg\u00e5rd &amp; Fritid<\/title>\n<meta name=\"robots\" content=\"index, follow, max-snippet:-1, max-image-preview:large, max-video-preview:-1\" \/>\n<link rel=\"canonical\" href=\"https:\/\/truusk.store\/sv\/produkt\/truusk-hundramp-vikbar-halkfri-upp-till-40-kg-158-cm-x-435-cm-x-25-cm-svart\/\" \/>\n<meta property=\"og:locale\" content=\"sv_SE\" \/>\n<meta property=\"og:type\" content=\"article\" \/>\n<meta property=\"og:title\" content=\"TRUUSK Hundramp Vikbar - Halkfri - Upp Till 40 kg - 158 cm x 43,5 cm x 2,5 cm - Svart - TRUUSK - Hem, Tr\u00e4dg\u00e5rd &amp; Fritid\" \/>\n<meta property=\"og:description\" content=\"Att k\u00f6ra med hundar har aldrig varit enklare \u00e4n med denna husdjursramp &#8211; med denna ramp kan dina husdjur komma...\" \/>\n<meta property=\"og:url\" content=\"https:\/\/truusk.store\/sv\/produkt\/truusk-hundramp-vikbar-halkfri-upp-till-40-kg-158-cm-x-435-cm-x-25-cm-svart\/\" \/>\n<meta property=\"og:site_name\" content=\"TRUUSK - Hem, Tr\u00e4dg\u00e5rd &amp; Fritid\" \/>\n<meta property=\"article:modified_time\" content=\"2026-03-12T08:23:20+00:00\" \/>\n<meta property=\"og:image\" content=\"https:\/\/i0.wp.com\/truusk.se\/wp-content\/uploads\/2024\/02\/husdjursramp-vikbara-halkfria-hundar-upp-till-40-kg-158-cm-x-435-cm-x-25-cm-svart.webp?fit=800%2C800&ssl=1\" \/>\n\t<meta property=\"og:image:width\" content=\"800\" \/>\n\t<meta property=\"og:image:height\" content=\"800\" \/>\n\t<meta property=\"og:image:type\" content=\"image\/webp\" \/>\n<meta name=\"twitter:card\" content=\"summary_large_image\" \/>\n<meta name=\"twitter:label1\" content=\"Ber\u00e4knad l\u00e4stid\" \/>\n\t<meta name=\"twitter:data1\" content=\"1 minut\" \/>\n<!-- \/ Yoast SEO plugin. -->","yoast_head_json":{"title":"TRUUSK Hundramp Vikbar - Halkfri - Upp Till 40 kg - 158 cm x 43,5 cm x 2,5 cm - Svart - TRUUSK - Hem, Tr\u00e4dg\u00e5rd &amp; Fritid","robots":{"index":"index","follow":"follow","max-snippet":"max-snippet:-1","max-image-preview":"max-image-preview:large","max-video-preview":"max-video-preview:-1"},"canonical":"https:\/\/truusk.store\/sv\/produkt\/truusk-hundramp-vikbar-halkfri-upp-till-40-kg-158-cm-x-435-cm-x-25-cm-svart\/","og_locale":"sv_SE","og_type":"article","og_title":"TRUUSK Hundramp Vikbar - Halkfri - Upp Till 40 kg - 158 cm x 43,5 cm x 2,5 cm - Svart - TRUUSK - Hem, Tr\u00e4dg\u00e5rd &amp; Fritid","og_description":"Att k\u00f6ra med hundar har aldrig varit enklare \u00e4n med denna husdjursramp &#8211; med denna ramp kan dina husdjur komma...","og_url":"https:\/\/truusk.store\/sv\/produkt\/truusk-hundramp-vikbar-halkfri-upp-till-40-kg-158-cm-x-435-cm-x-25-cm-svart\/","og_site_name":"TRUUSK - Hem, Tr\u00e4dg\u00e5rd &amp; Fritid","article_modified_time":"2026-03-12T08:23:20+00:00","og_image":[{"width":800,"height":800,"url":"https:\/\/i0.wp.com\/truusk.se\/wp-content\/uploads\/2024\/02\/husdjursramp-vikbara-halkfria-hundar-upp-till-40-kg-158-cm-x-435-cm-x-25-cm-svart.webp?fit=800%2C800&ssl=1","type":"image\/webp"}],"twitter_card":"summary_large_image","twitter_misc":{"Ber\u00e4knad l\u00e4stid":"1 minut"},"schema":{"@context":"https:\/\/schema.org","@graph":[{"@type":"WebPage","@id":"https:\/\/truusk.store\/sv\/produkt\/truusk-hundramp-vikbar-halkfri-upp-till-40-kg-158-cm-x-435-cm-x-25-cm-svart\/","url":"https:\/\/truusk.store\/sv\/produkt\/truusk-hundramp-vikbar-halkfri-upp-till-40-kg-158-cm-x-435-cm-x-25-cm-svart\/","name":"TRUUSK Hundramp Vikbar - Halkfri - Upp Till 40 kg - 158 cm x 43,5 cm x 2,5 cm - Svart - TRUUSK - Hem, Tr\u00e4dg\u00e5rd &amp; Fritid","isPartOf":{"@id":"https:\/\/truusk.store\/sv\/#website"},"primaryImageOfPage":{"@id":"https:\/\/truusk.store\/sv\/produkt\/truusk-hundramp-vikbar-halkfri-upp-till-40-kg-158-cm-x-435-cm-x-25-cm-svart\/#primaryimage"},"image":{"@id":"https:\/\/truusk.store\/sv\/produkt\/truusk-hundramp-vikbar-halkfri-upp-till-40-kg-158-cm-x-435-cm-x-25-cm-svart\/#primaryimage"},"thumbnailUrl":"https:\/\/i0.wp.com\/truusk.store\/wp-content\/uploads\/2024\/02\/husdjursramp-vikbara-halkfria-hundar-upp-till-40-kg-158-cm-x-435-cm-x-25-cm-svart.webp?fit=800%2C800&ssl=1","datePublished":"2024-02-14T04:19:30+00:00","dateModified":"2026-03-12T08:23:20+00:00","breadcrumb":{"@id":"https:\/\/truusk.store\/sv\/produkt\/truusk-hundramp-vikbar-halkfri-upp-till-40-kg-158-cm-x-435-cm-x-25-cm-svart\/#breadcrumb"},"inLanguage":"sv-SE","potentialAction":[{"@type":"ReadAction","target":["https:\/\/truusk.store\/sv\/produkt\/truusk-hundramp-vikbar-halkfri-upp-till-40-kg-158-cm-x-435-cm-x-25-cm-svart\/"]}]},{"@type":"ImageObject","inLanguage":"sv-SE","@id":"https:\/\/truusk.store\/sv\/produkt\/truusk-hundramp-vikbar-halkfri-upp-till-40-kg-158-cm-x-435-cm-x-25-cm-svart\/#primaryimage","url":"https:\/\/i0.wp.com\/truusk.store\/wp-content\/uploads\/2024\/02\/husdjursramp-vikbara-halkfria-hundar-upp-till-40-kg-158-cm-x-435-cm-x-25-cm-svart.webp?fit=800%2C800&ssl=1","contentUrl":"https:\/\/i0.wp.com\/truusk.store\/wp-content\/uploads\/2024\/02\/husdjursramp-vikbara-halkfria-hundar-upp-till-40-kg-158-cm-x-435-cm-x-25-cm-svart.webp?fit=800%2C800&ssl=1","width":800,"height":800,"caption":"Husdjursramp Vikbara Halkfria Hundar Upp Till 40 Kg 158 Cm X 43,5 Cm X 2,5 Cm Svart 1"},{"@type":"BreadcrumbList","@id":"https:\/\/truusk.store\/sv\/produkt\/truusk-hundramp-vikbar-halkfri-upp-till-40-kg-158-cm-x-435-cm-x-25-cm-svart\/#breadcrumb","itemListElement":[{"@type":"ListItem","position":1,"name":"Home","item":"https:\/\/truusk.store\/sv\/"},{"@type":"ListItem","position":2,"name":"Shop","item":"https:\/\/truusk.store\/shop\/"},{"@type":"ListItem","position":3,"name":"TRUUSK Hundramp Vikbar &#8211; Halkfri &#8211; Upp Till 40 kg &#8211; 158 cm x 43,5 cm x 2,5 cm &#8211; Svart"}]},{"@type":"WebSite","@id":"https:\/\/truusk.store\/sv\/#website","url":"https:\/\/truusk.store\/sv\/","name":"TRUUSK - Hem, Tr\u00e4dg\u00e5rd & Fritid","description":"","publisher":{"@id":"https:\/\/truusk.store\/sv\/#organization"},"potentialAction":[{"@type":"SearchAction","target":{"@type":"EntryPoint","urlTemplate":"https:\/\/truusk.store\/sv\/?s={search_term_string}"},"query-input":{"@type":"PropertyValueSpecification","valueRequired":true,"valueName":"search_term_string"}}],"inLanguage":"sv-SE"},{"@type":"Organization","@id":"https:\/\/truusk.store\/sv\/#organization","name":"TRUUSK - Hem, Tr\u00e4dg\u00e5rd & Fritid","url":"https:\/\/truusk.store\/sv\/","logo":{"@type":"ImageObject","inLanguage":"sv-SE","@id":"https:\/\/truusk.store\/sv\/#\/schema\/logo\/image\/","url":"https:\/\/i0.wp.com\/truusk.store\/wp-content\/uploads\/2026\/03\/cropped-TRUUSK.png?fit=2032%2C917&ssl=1","contentUrl":"https:\/\/i0.wp.com\/truusk.store\/wp-content\/uploads\/2026\/03\/cropped-TRUUSK.png?fit=2032%2C917&ssl=1","width":2032,"height":917,"caption":"TRUUSK - Hem, Tr\u00e4dg\u00e5rd & Fritid"},"image":{"@id":"https:\/\/truusk.store\/sv\/#\/schema\/logo\/image\/"}}]}},"jetpack_sharing_enabled":true,"_links":{"self":[{"href":"https:\/\/truusk.store\/sv\/wp-json\/wp\/v2\/product\/44701","targetHints":{"allow":["GET"]}}],"collection":[{"href":"https:\/\/truusk.store\/sv\/wp-json\/wp\/v2\/product"}],"about":[{"href":"https:\/\/truusk.store\/sv\/wp-json\/wp\/v2\/types\/product"}],"wp:featuredmedia":[{"embeddable":true,"href":"https:\/\/truusk.store\/sv\/wp-json\/wp\/v2\/media\/44702"}],"wp:attachment":[{"href":"https:\/\/truusk.store\/sv\/wp-json\/wp\/v2\/media?parent=44701"}],"wp:term":[{"taxonomy":"product_brand","embeddable":true,"href":"https:\/\/truusk.store\/sv\/wp-json\/wp\/v2\/product_brand?post=44701"},{"taxonomy":"product_cat","embeddable":true,"href":"https:\/\/truusk.store\/sv\/wp-json\/wp\/v2\/product_cat?post=44701"},{"taxonomy":"product_tag","embeddable":true,"href":"https:\/\/truusk.store\/sv\/wp-json\/wp\/v2\/product_tag?post=44701"}],"curies":[{"name":"wp","href":"https:\/\/api.w.org\/{rel}","templated":true}]}}